{"id":12537,"date":"2023-05-28T16:49:52","date_gmt":"2023-05-28T16:49:52","guid":{"rendered":"https:\/\/bayck.com\/zubehoer"},"modified":"2023-06-13T17:52:28","modified_gmt":"2023-06-13T17:52:28","slug":"zubehoer","status":"publish","type":"page","link":"https:\/\/bayck.com\/de\/zubehoer","title":{"rendered":"Zubeh\u00f6r"},"content":{"rendered":"\t\t<div data-elementor-type=\"wp-page\" data-elementor-id=\"12537\" class=\"elementor elementor-12537 elementor-8885\" data-elementor-post-type=\"page\">\n\t\t\t\t\t\t<section class=\"elementor-section elementor-top-section elementor-element elementor-element-758648d elementor-section-boxed elementor-section-height-default elementor-section-height-default\" data-id=\"758648d\" data-element_type=\"section\" data-e-type=\"section\">\n\t\t\t\t\t\t<div class=\"elementor-container elementor-column-gap-default\">\n\t\t\t\t\t<div class=\"elementor-column elementor-col-100 elementor-top-column elementor-element elementor-element-f02d172\" data-id=\"f02d172\" data-element_type=\"column\" data-e-type=\"column\">\n\t\t\t<div class=\"elementor-widget-wrap elementor-element-populated\">\n\t\t\t\t\t\t<section class=\"elementor-section elementor-inner-section elementor-element elementor-element-ebaf9b8 elementor-section-boxed elementor-section-height-default elementor-section-height-default\" data-id=\"ebaf9b8\" data-element_type=\"section\" data-e-type=\"section\">\n\t\t\t\t\t\t<div class=\"elementor-container elementor-column-gap-default\">\n\t\t\t\t\t<div class=\"elementor-column elementor-col-50 elementor-inner-column elementor-element elementor-element-aaba886\" data-id=\"aaba886\" data-element_type=\"column\" data-e-type=\"column\">\n\t\t\t<div class=\"elementor-widget-wrap elementor-element-populated\">\n\t\t\t\t\t\t<div class=\"elementor-element elementor-element-03b85ca elementor-widget elementor-widget-image\" data-id=\"03b85ca\" data-element_type=\"widget\" data-e-type=\"widget\" data-widget_type=\"image.default\">\n\t\t\t\t<div class=\"elementor-widget-container\">\n\t\t\t\t\t\t\t\t\t\t\t\t\t\t\t<img fetchpriority=\"high\" decoding=\"async\" width=\"800\" height=\"596\" src=\"https:\/\/bayck.com\/wp-content\/uploads\/2023\/05\/1000x1000px-Bayck-Childseat-1024x763.jpg\" class=\"attachment-large size-large wp-image-8888\" alt=\"E-Bike met kinderzitje\" srcset=\"https:\/\/bayck.com\/wp-content\/uploads\/2023\/05\/1000x1000px-Bayck-Childseat-1024x763.jpg 1024w, https:\/\/bayck.com\/wp-content\/uploads\/2023\/05\/1000x1000px-Bayck-Childseat-300x224.jpg 300w, https:\/\/bayck.com\/wp-content\/uploads\/2023\/05\/1000x1000px-Bayck-Childseat-768x572.jpg 768w, https:\/\/bayck.com\/wp-content\/uploads\/2023\/05\/1000x1000px-Bayck-Childseat-1536x1144.jpg 1536w, https:\/\/bayck.com\/wp-content\/uploads\/2023\/05\/1000x1000px-Bayck-Childseat-2048x1526.jpg 2048w, https:\/\/bayck.com\/wp-content\/uploads\/2023\/05\/1000x1000px-Bayck-Childseat-600x447.jpg 600w\" sizes=\"(max-width: 800px) 100vw, 800px\" \/>\t\t\t\t\t\t\t\t\t\t\t\t\t\t\t<\/div>\n\t\t\t\t<\/div>\n\t\t\t\t\t<\/div>\n\t\t<\/div>\n\t\t\t\t<div class=\"elementor-column elementor-col-50 elementor-inner-column elementor-element elementor-element-209ce5e\" data-id=\"209ce5e\" data-element_type=\"column\" data-e-type=\"column\">\n\t\t\t<div class=\"elementor-widget-wrap elementor-element-populated\">\n\t\t\t\t\t\t<div class=\"elementor-element elementor-element-86997de elementor-widget elementor-widget-heading\" data-id=\"86997de\" data-element_type=\"widget\" data-e-type=\"widget\" data-widget_type=\"heading.default\">\n\t\t\t\t<div class=\"elementor-widget-container\">\n\t\t\t\t\t<h1 class=\"elementor-heading-title elementor-size-default\">Bestellen Sie Zubeh\u00f6r f\u00fcr Ihren Bayck<\/h1>\t\t\t\t<\/div>\n\t\t\t\t<\/div>\n\t\t\t\t<div class=\"elementor-element elementor-element-62f44d1 elementor-widget elementor-widget-text-editor\" data-id=\"62f44d1\" data-element_type=\"widget\" data-e-type=\"widget\" data-widget_type=\"text-editor.default\">\n\t\t\t\t<div class=\"elementor-widget-container\">\n\t\t\t\t\t\t\t\t\t<p>Ihre Leidenschaft ist der Radsport, auf jeden Fall! Sie genie\u00dfen es, durch die Natur zu ziehen, von Dorf zu Dorf. Oder sind Sie der abenteuerlustige City-Fahrer? Bayck ist das sportliche und trendige E-Bike mit einer niedrigen Trittmulde, das f\u00fcr jedermann geeignet ist.<\/p>\n\t\t\t\t\t\t\t\t<\/div>\n\t\t\t\t<\/div>\n\t\t\t\t\t<\/div>\n\t\t<\/div>\n\t\t\t\t\t<\/div>\n\t\t<\/section>\n\t\t\t\t\t<\/div>\n\t\t<\/div>\n\t\t\t\t\t<\/div>\n\t\t<\/section>\n\t\t\t\t<section class=\"elementor-section elementor-top-section elementor-element elementor-element-df7a1a8 elementor-section-boxed elementor-section-height-default elementor-section-height-default\" data-id=\"df7a1a8\" data-element_type=\"section\" data-e-type=\"section\">\n\t\t\t\t\t\t<div class=\"elementor-container elementor-column-gap-default\">\n\t\t\t\t\t<div class=\"elementor-column elementor-col-100 elementor-top-column elementor-element elementor-element-554394c\" data-id=\"554394c\" data-element_type=\"column\" data-e-type=\"column\">\n\t\t\t<div class=\"elementor-widget-wrap elementor-element-populated\">\n\t\t\t\t\t\t<section class=\"elementor-section elementor-inner-section elementor-element elementor-element-c4af0c9 elementor-section-boxed elementor-section-height-default elementor-section-height-default\" data-id=\"c4af0c9\" data-element_type=\"section\" data-e-type=\"section\">\n\t\t\t\t\t\t<div class=\"elementor-container elementor-column-gap-default\">\n\t\t\t\t\t<div class=\"elementor-column elementor-col-100 elementor-inner-column elementor-element elementor-element-00755e6\" data-id=\"00755e6\" data-element_type=\"column\" data-e-type=\"column\">\n\t\t\t<div class=\"elementor-widget-wrap elementor-element-populated\">\n\t\t\t\t\t\t\t<\/div>\n\t\t<\/div>\n\t\t\t\t\t<\/div>\n\t\t<\/section>\n\t\t\t\t\t<\/div>\n\t\t<\/div>\n\t\t\t\t\t<\/div>\n\t\t<\/section>\n\t\t\t\t<\/div>\n\t\t","protected":false},"excerpt":{"rendered":"<p>Bestellen Sie Zubeh\u00f6r f\u00fcr Ihren Bayck Ihre Leidenschaft ist der Radsport, auf jeden Fall! Sie genie\u00dfen es, durch die Natur zu ziehen, von Dorf zu Dorf. Oder sind Sie der abenteuerlustige City-Fahrer? Bayck ist das sportliche und trendige E-Bike mit einer niedrigen Trittmulde, das f\u00fcr jedermann geeignet ist.<\/p>\n","protected":false},"author":1,"featured_media":0,"parent":0,"menu_order":0,"comment_status":"closed","ping_status":"closed","template":"elementor_header_footer","meta":{"_acf_changed":false,"footnotes":""},"class_list":["post-12537","page","type-page","status-publish","hentry"],"acf":[],"_links":{"self":[{"href":"https:\/\/bayck.com\/de\/wp-json\/wp\/v2\/pages\/12537","targetHints":{"allow":["GET"]}}],"collection":[{"href":"https:\/\/bayck.com\/de\/wp-json\/wp\/v2\/pages"}],"about":[{"href":"https:\/\/bayck.com\/de\/wp-json\/wp\/v2\/types\/page"}],"author":[{"embeddable":true,"href":"https:\/\/bayck.com\/de\/wp-json\/wp\/v2\/users\/1"}],"replies":[{"embeddable":true,"href":"https:\/\/bayck.com\/de\/wp-json\/wp\/v2\/comments?post=12537"}],"version-history":[{"count":4,"href":"https:\/\/bayck.com\/de\/wp-json\/wp\/v2\/pages\/12537\/revisions"}],"predecessor-version":[{"id":13182,"href":"https:\/\/bayck.com\/de\/wp-json\/wp\/v2\/pages\/12537\/revisions\/13182"}],"wp:attachment":[{"href":"https:\/\/bayck.com\/de\/wp-json\/wp\/v2\/media?parent=12537"}],"curies":[{"name":"wp","href":"https:\/\/api.w.org\/{rel}","templated":true}]}}