{"id":17195,"date":"2023-10-29T13:07:08","date_gmt":"2023-10-29T13:07:08","guid":{"rendered":"https:\/\/bayck.com\/das-bayck\/auspacken-und-zusammenbauen-von-pedalen"},"modified":"2023-10-29T13:07:12","modified_gmt":"2023-10-29T13:07:12","slug":"auspacken-und-zusammenbauen-von-pedalen","status":"publish","type":"page","link":"https:\/\/bayck.com\/de\/das-bayck\/auspacken-und-zusammenbauen-von-pedalen","title":{"rendered":"Auspacken und Zusammenbauen von Pedalen"},"content":{"rendered":"\t\t<div data-elementor-type=\"wp-page\" data-elementor-id=\"17195\" class=\"elementor elementor-17195 elementor-17132\" data-elementor-post-type=\"page\">\n\t\t\t\t\t\t<section class=\"elementor-section elementor-top-section elementor-element elementor-element-1ef1d4c2 elementor-section-boxed elementor-section-height-default elementor-section-height-default\" data-id=\"1ef1d4c2\" data-element_type=\"section\" data-e-type=\"section\">\n\t\t\t\t\t\t<div class=\"elementor-container elementor-column-gap-default\">\n\t\t\t\t\t<div class=\"elementor-column elementor-col-100 elementor-top-column elementor-element elementor-element-9d8febc\" data-id=\"9d8febc\" data-element_type=\"column\" data-e-type=\"column\">\n\t\t\t<div class=\"elementor-widget-wrap elementor-element-populated\">\n\t\t\t\t\t\t<div class=\"elementor-element elementor-element-5228ddd9 elementor-widget elementor-widget-breadcrumbs\" data-id=\"5228ddd9\" data-element_type=\"widget\" data-e-type=\"widget\" data-widget_type=\"breadcrumbs.default\">\n\t\t\t\t<div class=\"elementor-widget-container\">\n\t\t\t\t\t<p id=\"breadcrumbs\"><span><span><a href=\"https:\/\/bayck.com\/de\">Home<\/a><\/span><\/span><\/p>\t\t\t\t<\/div>\n\t\t\t\t<\/div>\n\t\t\t\t\t<\/div>\n\t\t<\/div>\n\t\t\t\t\t<\/div>\n\t\t<\/section>\n\t\t\t\t<section class=\"elementor-section elementor-top-section elementor-element elementor-element-7302e78 elementor-section-boxed elementor-section-height-default elementor-section-height-default\" data-id=\"7302e78\" data-element_type=\"section\" data-e-type=\"section\">\n\t\t\t\t\t\t<div class=\"elementor-container elementor-column-gap-default\">\n\t\t\t\t\t<div class=\"elementor-column elementor-col-100 elementor-top-column elementor-element elementor-element-4ebdb95\" data-id=\"4ebdb95\" data-element_type=\"column\" data-e-type=\"column\">\n\t\t\t<div class=\"elementor-widget-wrap elementor-element-populated\">\n\t\t\t\t\t\t<div class=\"elementor-element elementor-element-ad6d372 elementor-widget elementor-widget-heading\" data-id=\"ad6d372\" data-element_type=\"widget\" data-e-type=\"widget\" data-widget_type=\"heading.default\">\n\t\t\t\t<div class=\"elementor-widget-container\">\n\t\t\t\t\t<h1 class=\"elementor-heading-title elementor-size-default\">Auspacken und Zusammenbauen von Pedalen<\/h1>\t\t\t\t<\/div>\n\t\t\t\t<\/div>\n\t\t\t\t\t<\/div>\n\t\t<\/div>\n\t\t\t\t\t<\/div>\n\t\t<\/section>\n\t\t\t\t<section class=\"elementor-section elementor-top-section elementor-element elementor-element-7e14617 elementor-section-boxed elementor-section-height-default elementor-section-height-default\" data-id=\"7e14617\" data-element_type=\"section\" data-e-type=\"section\">\n\t\t\t\t\t\t<div class=\"elementor-container elementor-column-gap-default\">\n\t\t\t\t\t<div class=\"elementor-column elementor-col-100 elementor-top-column elementor-element elementor-element-5a7cfe7\" data-id=\"5a7cfe7\" data-element_type=\"column\" data-e-type=\"column\">\n\t\t\t<div class=\"elementor-widget-wrap elementor-element-populated\">\n\t\t\t\t\t\t<div class=\"elementor-element elementor-element-6c07309 elementor-widget elementor-widget-text-editor\" data-id=\"6c07309\" data-element_type=\"widget\" data-e-type=\"widget\" data-widget_type=\"text-editor.default\">\n\t\t\t\t<div class=\"elementor-widget-container\">\n\t\t\t\t\t\t\t\t\t<p>Willkommen bei der einfachen Anleitung zum Auspacken und Zusammenbauen der Pedale an Ihrem Bayck E-Bike! Wir verstehen, dass der Erhalt Ihres neuen E-Bikes ein aufregender Moment ist, und wir sind hier, um Sie Schritt f\u00fcr Schritt durch die Vorbereitung Ihres Fahrrads auf ein Abenteuer auf zwei R\u00e4dern zu f\u00fchren. In diesem Video zeigen wir dir, wie du die Pedale auspackst, richtig montierst und dein Bayck E-Bike f\u00fcr genussvolle Fahrten bereitbereitest. Los geht&#8217;s!<\/p>\n\t\t\t\t\t\t\t\t<\/div>\n\t\t\t\t<\/div>\n\t\t\t\t\t<\/div>\n\t\t<\/div>\n\t\t\t\t\t<\/div>\n\t\t<\/section>\n\t\t\t\t<section class=\"elementor-section elementor-top-section elementor-element elementor-element-88f2101 elementor-section-boxed elementor-section-height-default elementor-section-height-default\" data-id=\"88f2101\" data-element_type=\"section\" data-e-type=\"section\">\n\t\t\t\t\t\t<div class=\"elementor-container elementor-column-gap-default\">\n\t\t\t\t\t<div class=\"elementor-column elementor-col-100 elementor-top-column elementor-element elementor-element-bb5963b\" data-id=\"bb5963b\" data-element_type=\"column\" data-e-type=\"column\">\n\t\t\t<div class=\"elementor-widget-wrap elementor-element-populated\">\n\t\t\t\t\t\t<div class=\"elementor-element elementor-element-7e4d5c9 elementor-widget elementor-widget-spacer\" data-id=\"7e4d5c9\" data-element_type=\"widget\" data-e-type=\"widget\" data-widget_type=\"spacer.default\">\n\t\t\t\t<div class=\"elementor-widget-container\">\n\t\t\t\t\t\t\t<div class=\"elementor-spacer\">\n\t\t\t<div class=\"elementor-spacer-inner\"><\/div>\n\t\t<\/div>\n\t\t\t\t\t\t<\/div>\n\t\t\t\t<\/div>\n\t\t\t\t\t<\/div>\n\t\t<\/div>\n\t\t\t\t\t<\/div>\n\t\t<\/section>\n\t\t\t\t<section class=\"elementor-section elementor-top-section elementor-element elementor-element-8970565 elementor-section-boxed elementor-section-height-default elementor-section-height-default\" data-id=\"8970565\" data-element_type=\"section\" data-e-type=\"section\">\n\t\t\t\t\t\t<div class=\"elementor-container elementor-column-gap-default\">\n\t\t\t\t\t<div class=\"elementor-column elementor-col-100 elementor-top-column elementor-element elementor-element-fb6f957\" data-id=\"fb6f957\" data-element_type=\"column\" data-e-type=\"column\">\n\t\t\t<div class=\"elementor-widget-wrap elementor-element-populated\">\n\t\t\t\t\t\t<div class=\"elementor-element elementor-element-e5e08f2 elementor-widget elementor-widget-video\" data-id=\"e5e08f2\" data-element_type=\"widget\" data-e-type=\"widget\" data-settings=\"{&quot;video_type&quot;:&quot;hosted&quot;,&quot;controls&quot;:&quot;yes&quot;}\" data-widget_type=\"video.default\">\n\t\t\t\t<div class=\"elementor-widget-container\">\n\t\t\t\t\t\t\t<div class=\"e-hosted-video elementor-wrapper elementor-open-inline\">\n\t\t\t\t\t<video class=\"elementor-video\" src=\"https:\/\/bayck.com\/wp-content\/uploads\/2023\/10\/Trappers-uitpakken-monteren.mp4\" controls=\"\" preload=\"metadata\" controlsList=\"nodownload\"><\/video>\n\t\t\t\t<\/div>\n\t\t\t\t\t\t<\/div>\n\t\t\t\t<\/div>\n\t\t\t\t\t<\/div>\n\t\t<\/div>\n\t\t\t\t\t<\/div>\n\t\t<\/section>\n\t\t\t\t<\/div>\n\t\t","protected":false},"excerpt":{"rendered":"<p>Auspacken und Zusammenbauen von Pedalen Willkommen bei der einfachen Anleitung zum Auspacken und Zusammenbauen der Pedale an Ihrem Bayck E-Bike! Wir verstehen, dass der Erhalt Ihres neuen E-Bikes ein aufregender Moment ist, und wir sind hier, um Sie Schritt f\u00fcr Schritt durch die Vorbereitung Ihres Fahrrads auf ein Abenteuer auf zwei R\u00e4dern zu f\u00fchren. In [&hellip;]<\/p>\n","protected":false},"author":1,"featured_media":0,"parent":7191,"menu_order":0,"comment_status":"closed","ping_status":"closed","template":"elementor_header_footer","meta":{"_acf_changed":false,"footnotes":""},"class_list":["post-17195","page","type-page","status-publish","hentry"],"acf":[],"_links":{"self":[{"href":"https:\/\/bayck.com\/de\/wp-json\/wp\/v2\/pages\/17195","targetHints":{"allow":["GET"]}}],"collection":[{"href":"https:\/\/bayck.com\/de\/wp-json\/wp\/v2\/pages"}],"about":[{"href":"https:\/\/bayck.com\/de\/wp-json\/wp\/v2\/types\/page"}],"author":[{"embeddable":true,"href":"https:\/\/bayck.com\/de\/wp-json\/wp\/v2\/users\/1"}],"replies":[{"embeddable":true,"href":"https:\/\/bayck.com\/de\/wp-json\/wp\/v2\/comments?post=17195"}],"version-history":[{"count":3,"href":"https:\/\/bayck.com\/de\/wp-json\/wp\/v2\/pages\/17195\/revisions"}],"predecessor-version":[{"id":17209,"href":"https:\/\/bayck.com\/de\/wp-json\/wp\/v2\/pages\/17195\/revisions\/17209"}],"up":[{"embeddable":true,"href":"https:\/\/bayck.com\/de\/wp-json\/wp\/v2\/pages\/7191"}],"wp:attachment":[{"href":"https:\/\/bayck.com\/de\/wp-json\/wp\/v2\/media?parent=17195"}],"curies":[{"name":"wp","href":"https:\/\/api.w.org\/{rel}","templated":true}]}}