{"id":7064,"date":"2023-03-31T22:20:46","date_gmt":"2023-03-31T22:20:46","guid":{"rendered":"https:\/\/bayck.com\/gaenge-und-bremsen"},"modified":"2023-06-07T19:56:42","modified_gmt":"2023-06-07T19:56:42","slug":"gaenge-und-bremsen","status":"publish","type":"page","link":"https:\/\/bayck.com\/de\/das-bayck\/gaenge-und-bremsen","title":{"rendered":"G\u00e4nge und Bremsen"},"content":{"rendered":"\t\t<div data-elementor-type=\"wp-page\" data-elementor-id=\"7064\" class=\"elementor elementor-7064 elementor-148\" data-elementor-post-type=\"page\">\n\t\t\t\t\t\t<section class=\"elementor-section elementor-top-section elementor-element elementor-element-41645230 elementor-section-boxed elementor-section-height-default elementor-section-height-default\" data-id=\"41645230\" data-element_type=\"section\" data-e-type=\"section\">\n\t\t\t\t\t\t<div class=\"elementor-container elementor-column-gap-default\">\n\t\t\t\t\t<div class=\"elementor-column elementor-col-100 elementor-top-column elementor-element elementor-element-129e77a0\" data-id=\"129e77a0\" data-element_type=\"column\" data-e-type=\"column\">\n\t\t\t<div class=\"elementor-widget-wrap elementor-element-populated\">\n\t\t\t\t\t\t<div class=\"elementor-element elementor-element-665fd756 elementor-widget elementor-widget-breadcrumbs\" data-id=\"665fd756\" data-element_type=\"widget\" data-e-type=\"widget\" data-widget_type=\"breadcrumbs.default\">\n\t\t\t\t<div class=\"elementor-widget-container\">\n\t\t\t\t\t<p id=\"breadcrumbs\"><span><span><a href=\"https:\/\/bayck.com\/de\">Home<\/a><\/span><\/span><\/p>\t\t\t\t<\/div>\n\t\t\t\t<\/div>\n\t\t\t\t\t<\/div>\n\t\t<\/div>\n\t\t\t\t\t<\/div>\n\t\t<\/section>\n\t\t\t\t<section class=\"elementor-section elementor-top-section elementor-element elementor-element-2cf86cd elementor-section-boxed elementor-section-height-default elementor-section-height-default\" data-id=\"2cf86cd\" data-element_type=\"section\" data-e-type=\"section\">\n\t\t\t\t\t\t<div class=\"elementor-container elementor-column-gap-default\">\n\t\t\t\t\t<div class=\"elementor-column elementor-col-100 elementor-top-column elementor-element elementor-element-b960f2f\" data-id=\"b960f2f\" data-element_type=\"column\" data-e-type=\"column\">\n\t\t\t<div class=\"elementor-widget-wrap elementor-element-populated\">\n\t\t\t\t\t\t<div class=\"elementor-element elementor-element-53d89d8 elementor-widget elementor-widget-heading\" data-id=\"53d89d8\" data-element_type=\"widget\" data-e-type=\"widget\" data-widget_type=\"heading.default\">\n\t\t\t\t<div class=\"elementor-widget-container\">\n\t\t\t\t\t<h1 class=\"elementor-heading-title elementor-size-default\">G\u00e4nge und Bremsen<\/h1>\t\t\t\t<\/div>\n\t\t\t\t<\/div>\n\t\t\t\t\t<\/div>\n\t\t<\/div>\n\t\t\t\t\t<\/div>\n\t\t<\/section>\n\t\t\t\t<section class=\"elementor-section elementor-top-section elementor-element elementor-element-172bd56 elementor-section-boxed elementor-section-height-default elementor-section-height-default\" data-id=\"172bd56\" data-element_type=\"section\" data-e-type=\"section\">\n\t\t\t\t\t\t<div class=\"elementor-container elementor-column-gap-default\">\n\t\t\t\t\t<div class=\"elementor-column elementor-col-100 elementor-top-column elementor-element elementor-element-6272636\" data-id=\"6272636\" data-element_type=\"column\" data-e-type=\"column\">\n\t\t\t<div class=\"elementor-widget-wrap elementor-element-populated\">\n\t\t\t\t\t\t<div class=\"elementor-element elementor-element-a402c5a elementor-widget elementor-widget-text-editor\" data-id=\"a402c5a\" data-element_type=\"widget\" data-e-type=\"widget\" data-widget_type=\"text-editor.default\">\n\t\t\t\t<div class=\"elementor-widget-container\">\n\t\t\t\t\t\t\t\t\t<p><span style=\"font-weight: 400;\">Bayck-Elektror\u00e4der sind mit Shimano Nexus 7-Nabenschaltungen und leistungsstarken hydraulischen Scheibenbremsen vorne und hinten ausgestattet. Shimano ist ein bekannter und zuverl\u00e4ssiger Partner in der Fahrradindustrie.<\/span><\/p>\n\t\t\t\t\t\t\t\t<\/div>\n\t\t\t\t<\/div>\n\t\t\t\t\t<\/div>\n\t\t<\/div>\n\t\t\t\t\t<\/div>\n\t\t<\/section>\n\t\t\t\t<section class=\"elementor-section elementor-top-section elementor-element elementor-element-5b62512 elementor-section-boxed elementor-section-height-default elementor-section-height-default\" data-id=\"5b62512\" data-element_type=\"section\" data-e-type=\"section\">\n\t\t\t\t\t\t<div class=\"elementor-container elementor-column-gap-default\">\n\t\t\t\t\t<div class=\"elementor-column elementor-col-100 elementor-top-column elementor-element elementor-element-81f3911\" data-id=\"81f3911\" data-element_type=\"column\" data-e-type=\"column\">\n\t\t\t<div class=\"elementor-widget-wrap elementor-element-populated\">\n\t\t\t\t\t\t<div class=\"elementor-element elementor-element-dac9760 elementor-widget elementor-widget-heading\" data-id=\"dac9760\" data-element_type=\"widget\" data-e-type=\"widget\" data-widget_type=\"heading.default\">\n\t\t\t\t<div class=\"elementor-widget-container\">\n\t\t\t\t\t<h2 class=\"elementor-heading-title elementor-size-default\">Wie viele G\u00e4nge hat ein Bayck?<\/h2>\t\t\t\t<\/div>\n\t\t\t\t<\/div>\n\t\t\t\t\t<\/div>\n\t\t<\/div>\n\t\t\t\t\t<\/div>\n\t\t<\/section>\n\t\t\t\t<section class=\"elementor-section elementor-top-section elementor-element elementor-element-8692c08 elementor-section-boxed elementor-section-height-default elementor-section-height-default\" data-id=\"8692c08\" data-element_type=\"section\" data-e-type=\"section\">\n\t\t\t\t\t\t<div class=\"elementor-container elementor-column-gap-default\">\n\t\t\t\t\t<div class=\"elementor-column elementor-col-100 elementor-top-column elementor-element elementor-element-3108536\" data-id=\"3108536\" data-element_type=\"column\" data-e-type=\"column\">\n\t\t\t<div class=\"elementor-widget-wrap elementor-element-populated\">\n\t\t\t\t\t\t<div class=\"elementor-element elementor-element-cddaa2f elementor-widget elementor-widget-text-editor\" data-id=\"cddaa2f\" data-element_type=\"widget\" data-e-type=\"widget\" data-widget_type=\"text-editor.default\">\n\t\t\t\t<div class=\"elementor-widget-container\">\n\t\t\t\t\t\t\t\t\t<p><span style=\"font-weight: 400;\">Bei der Zusammenstellung Ihres E-Bikes im Konfigurator w\u00e4hlen Sie, ob Sie ein Bayck mit Front- oder Mittelmotor w\u00fcnschen. F\u00fcr beide Optionen gilt, dass diese Baycks mit  <\/span><strong style=\"background-color: transparent; color: var( --e-global-color-text ); font-family: var( --e-global-typography-text-font-family ), Sans-serif;\">Shimano 7-Gang-Getriebe  <\/strong><span style=\"background-color: transparent; color: var( --e-global-color-text ); font-family: var( --e-global-typography-text-font-family ), Sans-serif;\">umgesetzt worden sind. Shimano Nexus 7 Nabenschaltungen sind wartungsarm und f\u00fcr lange Strecken und\/oder h\u00fcgelige Landschaften geeignet  <\/span><\/p>\n\t\t\t\t\t\t\t\t<\/div>\n\t\t\t\t<\/div>\n\t\t\t\t\t<\/div>\n\t\t<\/div>\n\t\t\t\t\t<\/div>\n\t\t<\/section>\n\t\t\t\t<section class=\"elementor-section elementor-top-section elementor-element elementor-element-89b288a elementor-section-boxed elementor-section-height-default elementor-section-height-default\" data-id=\"89b288a\" data-element_type=\"section\" data-e-type=\"section\">\n\t\t\t\t\t\t<div class=\"elementor-container elementor-column-gap-default\">\n\t\t\t\t\t<div class=\"elementor-column elementor-col-100 elementor-top-column elementor-element elementor-element-74d1492\" data-id=\"74d1492\" data-element_type=\"column\" data-e-type=\"column\">\n\t\t\t<div class=\"elementor-widget-wrap elementor-element-populated\">\n\t\t\t\t\t\t<div class=\"elementor-element elementor-element-5122b15 elementor-widget elementor-widget-heading\" data-id=\"5122b15\" data-element_type=\"widget\" data-e-type=\"widget\" data-widget_type=\"heading.default\">\n\t\t\t\t<div class=\"elementor-widget-container\">\n\t\t\t\t\t<h2 class=\"elementor-heading-title elementor-size-default\">Welche Art von Getriebe hat ein Bayck?<\/h2>\t\t\t\t<\/div>\n\t\t\t\t<\/div>\n\t\t\t\t\t<\/div>\n\t\t<\/div>\n\t\t\t\t\t<\/div>\n\t\t<\/section>\n\t\t\t\t<section class=\"elementor-section elementor-top-section elementor-element elementor-element-b5e7b1a elementor-section-boxed elementor-section-height-default elementor-section-height-default\" data-id=\"b5e7b1a\" data-element_type=\"section\" data-e-type=\"section\">\n\t\t\t\t\t\t<div class=\"elementor-container elementor-column-gap-default\">\n\t\t\t\t\t<div class=\"elementor-column elementor-col-100 elementor-top-column elementor-element elementor-element-a45ec2b\" data-id=\"a45ec2b\" data-element_type=\"column\" data-e-type=\"column\">\n\t\t\t<div class=\"elementor-widget-wrap elementor-element-populated\">\n\t\t\t\t\t\t<div class=\"elementor-element elementor-element-103e980 elementor-widget elementor-widget-text-editor\" data-id=\"103e980\" data-element_type=\"widget\" data-e-type=\"widget\" data-widget_type=\"text-editor.default\">\n\t\t\t\t<div class=\"elementor-widget-container\">\n\t\t\t\t\t\t\t\t\t<p><span style=\"font-weight: 400;\">Das Bayck ist mit einer Nabenschaltung ausgestattet. Merkmale einer Nabenschaltung sind:<\/span><span style=\"font-weight: 400;\"><br \/><\/span><\/p>\n<ul>\n<li><span style=\"font-weight: 400;\">Der Getriebemechanismus ist in einer Aluminiumh\u00fclse im Hinterrad versteckt und somit praktisch wartungsfrei.<\/span><\/li>\n<li><span style=\"font-weight: 400;\">Schalten Sie die G\u00e4nge mit einem Drehgriff am Lenker<\/span><\/li>\n<\/ul>\n\t\t\t\t\t\t\t\t<\/div>\n\t\t\t\t<\/div>\n\t\t\t\t\t<\/div>\n\t\t<\/div>\n\t\t\t\t\t<\/div>\n\t\t<\/section>\n\t\t\t\t<section class=\"elementor-section elementor-top-section elementor-element elementor-element-f9a8f85 elementor-section-boxed elementor-section-height-default elementor-section-height-default\" data-id=\"f9a8f85\" data-element_type=\"section\" data-e-type=\"section\">\n\t\t\t\t\t\t<div class=\"elementor-container elementor-column-gap-default\">\n\t\t\t\t\t<div class=\"elementor-column elementor-col-100 elementor-top-column elementor-element elementor-element-f98b8c3\" data-id=\"f98b8c3\" data-element_type=\"column\" data-e-type=\"column\">\n\t\t\t<div class=\"elementor-widget-wrap elementor-element-populated\">\n\t\t\t\t\t\t<div class=\"elementor-element elementor-element-7f44bef elementor-widget elementor-widget-heading\" data-id=\"7f44bef\" data-element_type=\"widget\" data-e-type=\"widget\" data-widget_type=\"heading.default\">\n\t\t\t\t<div class=\"elementor-widget-container\">\n\t\t\t\t\t<h2 class=\"elementor-heading-title elementor-size-default\">Was sind die Vorteile einer Nabenschaltung?<\/h2>\t\t\t\t<\/div>\n\t\t\t\t<\/div>\n\t\t\t\t\t<\/div>\n\t\t<\/div>\n\t\t\t\t\t<\/div>\n\t\t<\/section>\n\t\t\t\t<section class=\"elementor-section elementor-top-section elementor-element elementor-element-181d0a2 elementor-section-boxed elementor-section-height-default elementor-section-height-default\" data-id=\"181d0a2\" data-element_type=\"section\" data-e-type=\"section\">\n\t\t\t\t\t\t<div class=\"elementor-container elementor-column-gap-default\">\n\t\t\t\t\t<div class=\"elementor-column elementor-col-100 elementor-top-column elementor-element elementor-element-833611f\" data-id=\"833611f\" data-element_type=\"column\" data-e-type=\"column\">\n\t\t\t<div class=\"elementor-widget-wrap elementor-element-populated\">\n\t\t\t\t\t\t<div class=\"elementor-element elementor-element-949af81 elementor-widget elementor-widget-text-editor\" data-id=\"949af81\" data-element_type=\"widget\" data-e-type=\"widget\" data-widget_type=\"text-editor.default\">\n\t\t\t\t<div class=\"elementor-widget-container\">\n\t\t\t\t\t\t\t\t\t<ul><li style=\"font-weight: 400;\"><span style=\"font-weight: 400;\">Einfach zu justieren<\/span><\/li><li style=\"font-weight: 400;\">In Kombination mit der rostfreien Kette und der Aluminium-Kurbelgarnitur sehr wartungsfreundlich<\/li>\n<li style=\"font-weight: 400;\"><span style=\"font-weight: 400;\">Das Schalten ist im Stillstand m\u00f6glich<\/span><\/li>\n<\/ul>\t\t\t\t\t\t\t\t<\/div>\n\t\t\t\t<\/div>\n\t\t\t\t\t<\/div>\n\t\t<\/div>\n\t\t\t\t\t<\/div>\n\t\t<\/section>\n\t\t\t\t<\/div>\n\t\t","protected":false},"excerpt":{"rendered":"<p>G\u00e4nge und Bremsen Bayck-Elektror\u00e4der sind mit Shimano Nexus 7-Nabenschaltungen und leistungsstarken hydraulischen Scheibenbremsen vorne und hinten ausgestattet. Shimano ist ein bekannter und zuverl\u00e4ssiger Partner in der Fahrradindustrie. Wie viele G\u00e4nge hat ein Bayck? Bei der Zusammenstellung Ihres E-Bikes im Konfigurator w\u00e4hlen Sie, ob Sie ein Bayck mit Front- oder Mittelmotor w\u00fcnschen. F\u00fcr beide Optionen gilt, [&hellip;]<\/p>\n","protected":false},"author":1,"featured_media":0,"parent":7191,"menu_order":0,"comment_status":"closed","ping_status":"closed","template":"elementor_header_footer","meta":{"_acf_changed":false,"footnotes":""},"class_list":["post-7064","page","type-page","status-publish","hentry"],"acf":[],"_links":{"self":[{"href":"https:\/\/bayck.com\/de\/wp-json\/wp\/v2\/pages\/7064","targetHints":{"allow":["GET"]}}],"collection":[{"href":"https:\/\/bayck.com\/de\/wp-json\/wp\/v2\/pages"}],"about":[{"href":"https:\/\/bayck.com\/de\/wp-json\/wp\/v2\/types\/page"}],"author":[{"embeddable":true,"href":"https:\/\/bayck.com\/de\/wp-json\/wp\/v2\/users\/1"}],"replies":[{"embeddable":true,"href":"https:\/\/bayck.com\/de\/wp-json\/wp\/v2\/comments?post=7064"}],"version-history":[{"count":3,"href":"https:\/\/bayck.com\/de\/wp-json\/wp\/v2\/pages\/7064\/revisions"}],"predecessor-version":[{"id":12953,"href":"https:\/\/bayck.com\/de\/wp-json\/wp\/v2\/pages\/7064\/revisions\/12953"}],"up":[{"embeddable":true,"href":"https:\/\/bayck.com\/de\/wp-json\/wp\/v2\/pages\/7191"}],"wp:attachment":[{"href":"https:\/\/bayck.com\/de\/wp-json\/wp\/v2\/media?parent=7064"}],"curies":[{"name":"wp","href":"https:\/\/api.w.org\/{rel}","templated":true}]}}