{"id":7069,"date":"2023-03-31T22:20:48","date_gmt":"2023-03-31T22:20:48","guid":{"rendered":"https:\/\/bayck.com\/datenschutzbestimmungen"},"modified":"2023-06-11T19:21:49","modified_gmt":"2023-06-11T19:21:49","slug":"datenschutzbestimmungen","status":"publish","type":"page","link":"https:\/\/bayck.com\/de\/datenschutzbestimmungen","title":{"rendered":"Datenschutzbestimmungen"},"content":{"rendered":"\t\t<div data-elementor-type=\"wp-page\" data-elementor-id=\"7069\" class=\"elementor elementor-7069 elementor-54\" data-elementor-post-type=\"page\">\n\t\t\t\t\t\t<section class=\"elementor-section elementor-top-section elementor-element elementor-element-72281e8 elementor-section-boxed elementor-section-height-default elementor-section-height-default\" data-id=\"72281e8\" data-element_type=\"section\" data-e-type=\"section\">\n\t\t\t\t\t\t<div class=\"elementor-container elementor-column-gap-default\">\n\t\t\t\t\t<div class=\"elementor-column elementor-col-100 elementor-top-column elementor-element elementor-element-faf9c1a\" data-id=\"faf9c1a\" data-element_type=\"column\" data-e-type=\"column\">\n\t\t\t<div class=\"elementor-widget-wrap elementor-element-populated\">\n\t\t\t\t\t\t<div class=\"elementor-element elementor-element-514ae3b elementor-widget elementor-widget-heading\" data-id=\"514ae3b\" data-element_type=\"widget\" data-e-type=\"widget\" data-widget_type=\"heading.default\">\n\t\t\t\t<div class=\"elementor-widget-container\">\n\t\t\t\t\t<h1 class=\"elementor-heading-title elementor-size-default\">Datenschutzbestimmungen<\/h1>\t\t\t\t<\/div>\n\t\t\t\t<\/div>\n\t\t\t\t\t<\/div>\n\t\t<\/div>\n\t\t\t\t\t<\/div>\n\t\t<\/section>\n\t\t\t\t<section class=\"elementor-section elementor-top-section elementor-element elementor-element-7ec490ef elementor-section-boxed elementor-section-height-default elementor-section-height-default\" data-id=\"7ec490ef\" data-element_type=\"section\" data-e-type=\"section\">\n\t\t\t\t\t\t<div class=\"elementor-container elementor-column-gap-default\">\n\t\t\t\t\t<div class=\"elementor-column elementor-col-100 elementor-top-column elementor-element elementor-element-4298354c\" data-id=\"4298354c\" data-element_type=\"column\" data-e-type=\"column\">\n\t\t\t<div class=\"elementor-widget-wrap elementor-element-populated\">\n\t\t\t\t\t\t<div class=\"elementor-element elementor-element-767950ec elementor-widget elementor-widget-text-editor\" data-id=\"767950ec\" data-element_type=\"widget\" data-e-type=\"widget\" data-widget_type=\"text-editor.default\">\n\t\t\t\t<div class=\"elementor-widget-container\">\n\t\t\t\t\t\t\t\t\t<p><\/p>\n<p><span style=\"font-weight: 400;\">Bayck B.V., mit Sitz in Finlandweg 10a, 4532 BL Terneuzen, ist verantwortlich f\u00fcr die Verarbeitung der personenbezogenen Daten, wie sie in dieser Datenschutzerkl\u00e4rung wiedergegeben sind.<\/span><\/p>\n<p><span style=\"font-weight: 400;\">Kontaktinformationen:<\/span><\/p>\n<p><a href=\"https:\/\/www.bayck.com\"><span style=\"font-weight: 400;\">https:\/\/www.bayck.com<\/span><\/a><\/p>\n<p><span style=\"font-weight: 400;\">Stationsstraat 55 4551 EL Sas van Gent<\/span><\/p>\n<p><span style=\"font-weight: 400;\">0115-785413<\/span><\/p>\n<p><span style=\"font-weight: 400;\">Angelo Jansen ist der Datenschutzbeauftragte von Bayck B.V. Er ist erreichbar unter <a href=\"mailto:service@bayck.com\">service@bayck.com<\/a><\/span><\/p>\n<h2><span style=\"font-weight: 400;\">Von uns verarbeitete personenbezogene Daten<\/span><\/h2>\n<p><span style=\"font-weight: 400;\">Bayck B.V. verarbeitet Ihre personenbezogenen Daten, weil Sie unsere Dienste nutzen und\/oder weil Sie uns diese Daten selbst zur Verf\u00fcgung stellen. Nachstehend finden Sie einen \u00dcberblick \u00fcber die von uns verarbeiteten personenbezogenen Daten:<\/span><\/p>\n<ul>\n<li><span style=\"font-weight: 400;\">Vorname und Nachname<\/span><\/li>\n<li><span style=\"font-weight: 400;\">Angaben zur Adresse<\/span><\/li>\n<li><span style=\"font-weight: 400;\">Rufnummer<\/span><\/li>\n<li><span style=\"font-weight: 400;\">E-Mail Adresse<\/span><\/li>\n<li><span style=\"font-weight: 400;\">Details zum Standort<\/span><\/li>\n<li><span style=\"font-weight: 400;\">Daten \u00fcber Ihre Aktivit\u00e4ten auf unserer Website<\/span><\/li>\n<li><span style=\"font-weight: 400;\">Daten \u00fcber Ihr Surfverhalten auf verschiedenen Websites (z. B. weil dieses Unternehmen Teil eines Werbenetzwerks ist)<\/span><\/li>\n<li><span style=\"font-weight: 400;\">Internet-Browser und Ger\u00e4tetyp<\/span><\/li>\n<\/ul>\n<h2><span style=\"font-weight: 400;\">Besondere und\/oder sensible personenbezogene Daten, die wir verarbeiten<\/span><\/h2>\n<p><span style=\"font-weight: 400;\">Unsere Website und\/oder unser Dienst beabsichtigt nicht, Daten von Website-Besuchern zu sammeln, die unter 16 Jahre alt sind. Es sei denn, sie haben die Erlaubnis ihrer Eltern oder Erziehungsberechtigten. Wir k\u00f6nnen jedoch nicht \u00fcberpr\u00fcfen, ob ein Besucher \u00fcber 16 Jahre alt ist. Wir raten daher den Eltern, sich an den Online-Aktivit\u00e4ten ihrer Kinder zu beteiligen, um zu vermeiden, dass Daten \u00fcber Kinder ohne die Zustimmung der Eltern gesammelt werden. Wenn Sie davon \u00fcberzeugt sind, dass wir personenbezogene Daten \u00fcber einen Minderj\u00e4hrigen ohne eine solche Zustimmung gesammelt haben, wenden Sie sich bitte an <a href=\"mailto:service@bayck.com\">service@bayck.com, und<\/a> wir werden diese Informationen l\u00f6schen.<\/span><\/p>\n<h2><span style=\"font-weight: 400;\">Zu welchem Zweck und auf welcher Grundlage wir personenbezogene Daten verarbeiten<\/span><\/h2>\n<p><span style=\"font-weight: 400;\">Bayck B.V. verarbeitet Ihre personenbezogenen Daten f\u00fcr die folgenden Zwecke:<\/span><\/p>\n<ul>\n<li><span style=\"font-weight: 400;\">Abwicklung Ihrer Zahlung<\/span><\/li>\n<li><span style=\"font-weight: 400;\">Zusendung unseres Newsletters und\/oder Werbeprospekts<\/span><\/li>\n<li><span style=\"font-weight: 400;\">Sie anzurufen oder per E-Mail zu kontaktieren, wenn dies zur Erbringung unserer Dienstleistungen erforderlich ist<\/span><\/li>\n<li><span style=\"font-weight: 400;\">Information \u00fcber \u00c4nderungen an unseren Dienstleistungen und Produkten<\/span><\/li>\n<li><span style=\"font-weight: 400;\">Um Ihnen Waren und Dienstleistungen zu liefern<\/span><\/li>\n<li><span style=\"font-weight: 400;\">Bayck B.V. analysiert Ihr Verhalten auf der Website, um die Website zu verbessern und das Angebot an Produkten und Dienstleistungen an Ihre Pr\u00e4ferenzen anzupassen.<\/span><\/li>\n<li><span style=\"font-weight: 400;\">Bayck B.V. verfolgt Ihr Surfverhalten auf verschiedenen Websites, damit wir unsere Produkte und Dienstleistungen auf Ihre Bed\u00fcrfnisse abstimmen k\u00f6nnen.<\/span><\/li>\n<li><span style=\"font-weight: 400;\">Bayck B.V. verarbeitet auch personenbezogene Daten, wenn wir dazu gesetzlich verpflichtet sind, wie z.B. Daten, die wir f\u00fcr unsere Steuererkl\u00e4rung ben\u00f6tigen.<\/span><\/li>\n<\/ul>\n<h2><span style=\"font-weight: 400;\">Automatisierte Entscheidungsfindung<\/span><\/h2>\n<p><span style=\"font-weight: 400;\">Bayck B.V. trifft keine Entscheidungen \u00fcber Angelegenheiten, die den Einzelnen (erheblich) beeintr\u00e4chtigen k\u00f6nnten, auf der Grundlage einer automatisierten Verarbeitung. Das sind Entscheidungen, die von Computerprogrammen oder -systemen getroffen werden, ohne dass ein Mensch (z.B. ein Mitarbeiter der Bayck B.V.) dazwischen sitzt. Bayck B.V. verwendet die folgenden Computerprogramme oder -systeme:<\/span><\/p>\n<h2><span style=\"font-weight: 400;\">Wie lange wir personenbezogene Daten aufbewahren<\/span><\/h2>\n<p><span style=\"font-weight: 400;\">Bayck B.V. bewahrt Ihre personenbezogenen Daten nicht l\u00e4nger auf, als es f\u00fcr die Erf\u00fcllung der Zwecke, f\u00fcr die Ihre Daten erhoben wurden, unbedingt erforderlich ist. Wir verwenden die folgenden Aufbewahrungsfristen f\u00fcr die folgenden (Kategorien von) personenbezogenen Daten:  <\/span><span style=\"font-weight: 400;\"><br><\/span><span style=\"font-weight: 400;\">3 Jahre.<\/span><\/p>\n<h2><span style=\"font-weight: 400;\">Weitergabe personenbezogener Daten an Dritte<\/span><\/h2>\n<p><span style=\"font-weight: 400;\">Bayck B.V. verkauft Ihre Daten nicht an Dritte und stellt sie nur dann zur Verf\u00fcgung, wenn dies f\u00fcr die Erf\u00fcllung des Vertrags mit Ihnen oder zur Erf\u00fcllung einer gesetzlichen Verpflichtung erforderlich ist. Mit den Unternehmen, die Ihre Daten in unserem Auftrag verarbeiten, schlie\u00dfen wir einen Verarbeitungsvertrag ab, um das gleiche Ma\u00df an Sicherheit und Vertraulichkeit Ihrer Daten zu gew\u00e4hrleisten. Bayck B.V. bleibt f\u00fcr diese Verarbeitungen verantwortlich.<\/span><\/p>\n<h2><span style=\"font-weight: 400;\">Cookies oder \u00e4hnliche Techniken, die wir verwenden<\/span><\/h2>\n<p><span style=\"font-weight: 400;\">Bayck B.V. verwendet keine Cookies oder \u00e4hnliche Technologien.<\/span><\/p>\n<h2><span style=\"font-weight: 400;\">Daten ansehen, \u00e4ndern oder l\u00f6schen<\/span><\/h2>\n<p><span style=\"font-weight: 400;\">Sie haben das Recht auf Zugang, Berichtigung oder L\u00f6schung Ihrer personenbezogenen Daten. Dar\u00fcber hinaus haben Sie das Recht, Ihre eventuelle Zustimmung zur Datenverarbeitung zu widerrufen oder der Verarbeitung Ihrer personenbezogenen Daten durch Bayck B.V. zu widersprechen, und Sie haben das Recht auf Daten\u00fcbertragbarkeit. Das bedeutet, dass Sie uns auffordern k\u00f6nnen, die personenbezogenen Daten, die wir \u00fcber Sie in einer Computerdatei gespeichert haben, an Sie oder eine andere von Ihnen benannte Organisation zu \u00fcbermitteln. Sie k\u00f6nnen einen Antrag auf Zugang, Berichtigung, L\u00f6schung oder \u00dcbertragung Ihrer personenbezogenen Daten oder auf Widerruf Ihrer Einwilligung oder Widerspruch gegen die Verarbeitung Ihrer personenbezogenen Daten an perry.boogaard@bayck.com richten. Um sicherzustellen, dass der Antrag auf Einsichtnahme von Ihnen gestellt wird, bitten wir Sie, dem Antrag eine Kopie Ihres Ausweises beizuf\u00fcgen. Schw\u00e4rzen Sie auf dieser Kopie Ihr Passfoto, die MRZ (maschinenlesbare Zone, der Zahlenstreifen am unteren Rand des Passes), die Passnummer und die B\u00fcrgerservicenummer (BSN). Dies dient dem Schutz Ihrer Privatsph\u00e4re. Wir werden Ihre Anfrage so schnell wie m\u00f6glich, jedoch innerhalb von vier Wochen beantworten. Bayck B.V. m\u00f6chte Sie auch dar\u00fcber informieren, dass Sie die M\u00f6glichkeit haben, eine Beschwerde bei der nationalen Aufsichtsbeh\u00f6rde, der Beh\u00f6rde f\u00fcr personenbezogene Daten, einzureichen. Sie k\u00f6nnen dies \u00fcber den folgenden Link tun: https:\/\/autoriteitpersoonsgegevens.nl\/nl\/contact-met-de-autoriteit-persoonsgegevens\/tip-ons<\/span><\/p>\n<h2><span style=\"font-weight: 400;\">Wie wir personenbezogene Daten sch\u00fctzen<\/span><\/h2>\n<p><span style=\"font-weight: 400;\">Bayck B.V. nimmt den Schutz Ihrer Daten ernst und ergreift geeignete Ma\u00dfnahmen, um Missbrauch, Verlust, unbefugtem Zugriff, unerw\u00fcnschter Offenlegung und unbefugter \u00c4nderung entgegenzuwirken. Sollten Sie dennoch das Gef\u00fchl haben, dass Ihre Daten nicht sicher sind oder es Hinweise auf einen Missbrauch gibt, wenden Sie sich bitte an unseren Kundenservice oder an perry.boogaard@bayck.com.<\/span><\/p>\n<p><\/p>\n<p><\/p>\t\t\t\t\t\t\t\t<\/div>\n\t\t\t\t<\/div>\n\t\t\t\t\t<\/div>\n\t\t<\/div>\n\t\t\t\t\t<\/div>\n\t\t<\/section>\n\t\t\t\t<\/div>\n\t\t","protected":false},"excerpt":{"rendered":"<p>Datenschutzbestimmungen Bayck B.V., mit Sitz in Finlandweg 10a, 4532 BL Terneuzen, ist verantwortlich f\u00fcr die Verarbeitung der personenbezogenen Daten, wie sie in dieser Datenschutzerkl\u00e4rung wiedergegeben sind. Kontaktinformationen: https:\/\/www.bayck.com Stationsstraat 55 4551 EL Sas van Gent 0115-785413 Angelo Jansen ist der Datenschutzbeauftragte von Bayck B.V. Er ist erreichbar unter service@bayck.com Von uns verarbeitete personenbezogene Daten Bayck [&hellip;]<\/p>\n","protected":false},"author":1,"featured_media":0,"parent":0,"menu_order":0,"comment_status":"closed","ping_status":"closed","template":"elementor_header_footer","meta":{"_acf_changed":false,"footnotes":""},"class_list":["post-7069","page","type-page","status-publish","hentry"],"acf":[],"_links":{"self":[{"href":"https:\/\/bayck.com\/de\/wp-json\/wp\/v2\/pages\/7069","targetHints":{"allow":["GET"]}}],"collection":[{"href":"https:\/\/bayck.com\/de\/wp-json\/wp\/v2\/pages"}],"about":[{"href":"https:\/\/bayck.com\/de\/wp-json\/wp\/v2\/types\/page"}],"author":[{"embeddable":true,"href":"https:\/\/bayck.com\/de\/wp-json\/wp\/v2\/users\/1"}],"replies":[{"embeddable":true,"href":"https:\/\/bayck.com\/de\/wp-json\/wp\/v2\/comments?post=7069"}],"version-history":[{"count":8,"href":"https:\/\/bayck.com\/de\/wp-json\/wp\/v2\/pages\/7069\/revisions"}],"predecessor-version":[{"id":13137,"href":"https:\/\/bayck.com\/de\/wp-json\/wp\/v2\/pages\/7069\/revisions\/13137"}],"wp:attachment":[{"href":"https:\/\/bayck.com\/de\/wp-json\/wp\/v2\/media?parent=7069"}],"curies":[{"name":"wp","href":"https:\/\/api.w.org\/{rel}","templated":true}]}}