{"id":7086,"date":"2023-03-31T22:20:52","date_gmt":"2023-03-31T22:20:52","guid":{"rendered":"https:\/\/bayck.com\/wartung-und-reparatur"},"modified":"2023-06-13T17:42:29","modified_gmt":"2023-06-13T17:42:29","slug":"wartung-und-reparatur","status":"publish","type":"page","link":"https:\/\/bayck.com\/de\/wartung-und-reparatur","title":{"rendered":"Wartung und Reparatur"},"content":{"rendered":"\t\t<div data-elementor-type=\"wp-page\" data-elementor-id=\"7086\" class=\"elementor elementor-7086 elementor-131\" data-elementor-post-type=\"page\">\n\t\t\t\t\t\t<section class=\"elementor-section elementor-top-section elementor-element elementor-element-e6e6792 elementor-section-boxed elementor-section-height-default elementor-section-height-default\" data-id=\"e6e6792\" data-element_type=\"section\" data-e-type=\"section\">\n\t\t\t\t\t\t<div class=\"elementor-container elementor-column-gap-default\">\n\t\t\t\t\t<div class=\"elementor-column elementor-col-100 elementor-top-column elementor-element elementor-element-9848a0b\" data-id=\"9848a0b\" data-element_type=\"column\" data-e-type=\"column\">\n\t\t\t<div class=\"elementor-widget-wrap elementor-element-populated\">\n\t\t\t\t\t\t<div class=\"elementor-element elementor-element-adfa29a elementor-widget elementor-widget-heading\" data-id=\"adfa29a\" data-element_type=\"widget\" data-e-type=\"widget\" data-widget_type=\"heading.default\">\n\t\t\t\t<div class=\"elementor-widget-container\">\n\t\t\t\t\t<h1 class=\"elementor-heading-title elementor-size-default\">Wartung und Reparatur<\/h1>\t\t\t\t<\/div>\n\t\t\t\t<\/div>\n\t\t\t\t\t<\/div>\n\t\t<\/div>\n\t\t\t\t\t<\/div>\n\t\t<\/section>\n\t\t\t\t<section class=\"elementor-section elementor-top-section elementor-element elementor-element-31125c4 elementor-section-boxed elementor-section-height-default elementor-section-height-default\" data-id=\"31125c4\" data-element_type=\"section\" data-e-type=\"section\">\n\t\t\t\t\t\t<div class=\"elementor-container elementor-column-gap-default\">\n\t\t\t\t\t<div class=\"elementor-column elementor-col-100 elementor-top-column elementor-element elementor-element-57a4f4f\" data-id=\"57a4f4f\" data-element_type=\"column\" data-e-type=\"column\">\n\t\t\t<div class=\"elementor-widget-wrap elementor-element-populated\">\n\t\t\t\t\t\t<div class=\"elementor-element elementor-element-66acd20 elementor-widget elementor-widget-text-editor\" data-id=\"66acd20\" data-element_type=\"widget\" data-e-type=\"widget\" data-widget_type=\"text-editor.default\">\n\t\t\t\t<div class=\"elementor-widget-container\">\n\t\t\t\t\t\t\t\t\t<p><span style=\"font-weight: 400;\">Je nachdem, wie Sie Ihr Bayck nutzen, ist eine regelm\u00e4\u00dfige Wartung wichtig f\u00fcr die Lebensdauer Ihres Fahrrads.  <\/span><\/p>\n<p><span style=\"font-weight: 400;\">Ein Mechaniker eines Bayck Service Point kann bei Bedarf die n\u00e4chste Wartung durchf\u00fchren:<\/span><\/p>\n<ul>\n<li style=\"font-weight: 400;\"><span style=\"font-weight: 400;\"><span style=\"font-weight: 400;\">Kontrolle von Reifen und Reifendruck<\/span><\/span>\n<\/p>\n<\/li>\n<li style=\"font-weight: 400;\"><span style=\"font-weight: 400;\"><span style=\"font-weight: 400;\">Schmieren und Einstellen des Getriebes<\/span><\/span>\n<\/p>\n<\/li>\n<li style=\"font-weight: 400;\"><span style=\"font-weight: 400;\"><span style=\"font-weight: 400;\">Pr\u00fcfen und Einstellen der Speichenspannung<\/span><\/span>\n<\/p>\n<\/li>\n<li style=\"font-weight: 400;\"><span style=\"font-weight: 400;\"><span style=\"font-weight: 400;\">Schmieren und Spannen der Kette<\/span><\/span>\n<\/p>\n<\/li>\n<li style=\"font-weight: 400;\"><span style=\"font-weight: 400;\"><span style=\"font-weight: 400;\">\u00dcberpr\u00fcfung der Beleuchtung<\/span><\/span>\n<\/p>\n<\/li>\n<li style=\"font-weight: 400;\"><span style=\"font-weight: 400;\"><span style=\"font-weight: 400;\">Schloss abschmieren<\/span><\/span>\n<\/p>\n<\/li>\n<li style=\"font-weight: 400;\"><span style=\"font-weight: 400;\"><span style=\"font-weight: 400;\">Pr\u00fcfen und Einstellen der Lager<\/span><\/span>\n<\/p>\n<\/li>\n<li style=\"font-weight: 400;\"><span style=\"font-weight: 400;\"><span style=\"font-weight: 400;\">Pr\u00fcfen und Einstellen der Bremsen<\/span><\/span>\n<\/p>\n<\/li>\n<li style=\"font-weight: 400;\"><span style=\"font-weight: 400;\"><span style=\"font-weight: 400;\">Kalibrieren Sie<\/span><\/span>\n<\/p>\n<\/li>\n<li style=\"font-weight: 400;\"><span style=\"font-weight: 400;\"><span style=\"font-weight: 400;\">Anpassung der Unterst\u00fctzung<\/span><\/span><\/li>\n<\/ul>\n\t\t\t\t\t\t\t\t<\/div>\n\t\t\t\t<\/div>\n\t\t\t\t\t<\/div>\n\t\t<\/div>\n\t\t\t\t\t<\/div>\n\t\t<\/section>\n\t\t\t\t<section class=\"elementor-section elementor-top-section elementor-element elementor-element-2346f4d elementor-section-boxed elementor-section-height-default elementor-section-height-default\" data-id=\"2346f4d\" data-element_type=\"section\" data-e-type=\"section\">\n\t\t\t\t\t\t<div class=\"elementor-container elementor-column-gap-default\">\n\t\t\t\t\t<div class=\"elementor-column elementor-col-100 elementor-top-column elementor-element elementor-element-962dca5\" data-id=\"962dca5\" data-element_type=\"column\" data-e-type=\"column\">\n\t\t\t<div class=\"elementor-widget-wrap elementor-element-populated\">\n\t\t\t\t\t\t<div class=\"elementor-element elementor-element-d93df3f elementor-widget elementor-widget-heading\" data-id=\"d93df3f\" data-element_type=\"widget\" data-e-type=\"widget\" data-widget_type=\"heading.default\">\n\t\t\t\t<div class=\"elementor-widget-container\">\n\t\t\t\t\t<h2 class=\"elementor-heading-title elementor-size-default\">Was kostet ein Wartungsvertrag?<\/h2>\t\t\t\t<\/div>\n\t\t\t\t<\/div>\n\t\t\t\t\t<\/div>\n\t\t<\/div>\n\t\t\t\t\t<\/div>\n\t\t<\/section>\n\t\t\t\t<section class=\"elementor-section elementor-top-section elementor-element elementor-element-7d6ba84 elementor-section-boxed elementor-section-height-default elementor-section-height-default\" data-id=\"7d6ba84\" data-element_type=\"section\" data-e-type=\"section\">\n\t\t\t\t\t\t<div class=\"elementor-container elementor-column-gap-default\">\n\t\t\t\t\t<div class=\"elementor-column elementor-col-100 elementor-top-column elementor-element elementor-element-1705fb8\" data-id=\"1705fb8\" data-element_type=\"column\" data-e-type=\"column\">\n\t\t\t<div class=\"elementor-widget-wrap elementor-element-populated\">\n\t\t\t\t\t\t<div class=\"elementor-element elementor-element-3e4c46a elementor-widget elementor-widget-text-editor\" data-id=\"3e4c46a\" data-element_type=\"widget\" data-e-type=\"widget\" data-widget_type=\"text-editor.default\">\n\t\t\t\t<div class=\"elementor-widget-container\">\n\t\t\t\t\t\t\t\t\t<p>Bei Bayck k\u00f6nnen Sie einen Wartungsvertrag f\u00fcr die Dauer von 1 oder 3 Jahren abschlie\u00dfen.<\/p>\n<ul>\n<li><span style=\"font-weight: 400;\"><span style=\"font-weight: 400;\">1-Jahres-Vertrag: 100 \u20ac,<\/span><\/span>\n<\/p>\n<\/li>\n<li><span style=\"font-weight: 400;\">3-Jahres-Vertrag: 250 \u20ac. Sie sparen \u20ac50<\/span><\/li>\n<\/ul>\n\t\t\t\t\t\t\t\t<\/div>\n\t\t\t\t<\/div>\n\t\t\t\t\t<\/div>\n\t\t<\/div>\n\t\t\t\t\t<\/div>\n\t\t<\/section>\n\t\t\t\t<section class=\"elementor-section elementor-top-section elementor-element elementor-element-c4d0c99 elementor-section-boxed elementor-section-height-default elementor-section-height-default\" data-id=\"c4d0c99\" data-element_type=\"section\" data-e-type=\"section\">\n\t\t\t\t\t\t<div class=\"elementor-container elementor-column-gap-default\">\n\t\t\t\t\t<div class=\"elementor-column elementor-col-100 elementor-top-column elementor-element elementor-element-41e4e7e\" data-id=\"41e4e7e\" data-element_type=\"column\" data-e-type=\"column\">\n\t\t\t<div class=\"elementor-widget-wrap elementor-element-populated\">\n\t\t\t\t\t\t<div class=\"elementor-element elementor-element-c282108 elementor-widget elementor-widget-heading\" data-id=\"c282108\" data-element_type=\"widget\" data-e-type=\"widget\" data-widget_type=\"heading.default\">\n\t\t\t\t<div class=\"elementor-widget-container\">\n\t\t\t\t\t<h2 class=\"elementor-heading-title elementor-size-default\">Wo kann ich mein Fahrrad warten lassen?<\/h2>\t\t\t\t<\/div>\n\t\t\t\t<\/div>\n\t\t\t\t\t<\/div>\n\t\t<\/div>\n\t\t\t\t\t<\/div>\n\t\t<\/section>\n\t\t\t\t<section class=\"elementor-section elementor-top-section elementor-element elementor-element-aaf9484 elementor-section-boxed elementor-section-height-default elementor-section-height-default\" data-id=\"aaf9484\" data-element_type=\"section\" data-e-type=\"section\">\n\t\t\t\t\t\t<div class=\"elementor-container elementor-column-gap-default\">\n\t\t\t\t\t<div class=\"elementor-column elementor-col-100 elementor-top-column elementor-element elementor-element-9c62473\" data-id=\"9c62473\" data-element_type=\"column\" data-e-type=\"column\">\n\t\t\t<div class=\"elementor-widget-wrap elementor-element-populated\">\n\t\t\t\t\t\t<div class=\"elementor-element elementor-element-3a561a1 elementor-widget elementor-widget-text-editor\" data-id=\"3a561a1\" data-element_type=\"widget\" data-e-type=\"widget\" data-widget_type=\"text-editor.default\">\n\t\t\t\t<div class=\"elementor-widget-container\">\n\t\t\t\t\t\t\t\t\t<p>Bayck bietet nicht nur einen eigenen Service und eine eigene Wartung an, sondern verf\u00fcgt auch \u00fcber mehrere Bayck Service Points, zu denen Sie f\u00fcr die j\u00e4hrliche Wartung Ihres Fahrrads oder bei unerwarteten Defekten am Elektrofahrrad gehen k\u00f6nnen.<\/p>\n<p>Suchen Sie hier nach einem Bayck Service Point in Ihrer N\u00e4he:<\/p>\n<table dir=\"ltr\" border=\"1\" cellspacing=\"0\" cellpadding=\"0\">\n<colgroup>\n<col width=\"215\">\n<col width=\"195\">\n<col width=\"98\">\n<col width=\"90\">\n<col width=\"132\">\n<col width=\"502\"><\/colgroup>\n<tbody>\n<tr>\n<td data-sheets-value=\"{\"1\":2,\"2\":\"Filiaal\"}\">Zweigstelle<\/td>\n<td data-sheets-value=\"{\"1\":2,\"2\":\"Adres\"}\">Adresse<\/td>\n<td data-sheets-value=\"{\"1\":2,\"2\":\"Postcode \"}\">Postleitzahl<\/td>\n<td data-sheets-value=\"{\"1\":2,\"2\":\"Plaats\"}\">Standort<\/td>\n<td data-sheets-value=\"{\"1\":2,\"2\":\"Telefoon\"}\">Telefon<\/td>\n<td data-sheets-value=\"{\"1\":2,\"2\":\"Openingstijden\"}\">\u00d6ffnungszeit<\/td>\n<\/tr>\n<tr>\n<td data-sheets-value=\"{\"1\":2,\"2\":\"Bayck Hoofdkantoor\"}\">Bayck-Hauptsitz<\/td>\n<td data-sheets-value=\"{\"1\":2,\"2\":\"Oostkade 31\"}\">Finnlandweg 10a<\/td>\n<td data-sheets-value=\"{\"1\":2,\"2\":\"4551 CM\"}\">4532 BL<\/td>\n<td data-sheets-value=\"{\"1\":2,\"2\":\"Sas van Gent\"}\">Terneuzen<\/td>\n<td data-sheets-value=\"{\"1\":2,\"2\":\"0115-785431\"}\">0115-785431<\/td>\n<td data-sheets-value=\"{\"1\":2,\"2\":\"Alleen op afspraak\"}\">Nur nach Vereinbarung<\/td>\n<\/tr>\n<tr>\n<td data-sheets-value=\"{\"1\":2,\"2\":\"Halfords Delft\"}\">Halfords Delft<\/td>\n<td data-sheets-value=\"{\"1\":2,\"2\":\"Wijnhaven 17\"}\">Wijnhaven 17<\/td>\n<td data-sheets-value=\"{\"1\":2,\"2\":\"2611 CS\"}\">2611 CS<\/td>\n<td data-sheets-value=\"{\"1\":2,\"2\":\"Delft\"}\">Delft<\/td>\n<td data-sheets-value=\"{\"1\":2,\"2\":\"015-2138558\"}\">015-2138558<\/td>\n<td data-sheets-value=\"{\"1\":2,\"2\":\"ma. 11.00-18.00 uur, di-za 9.30-18.00 uur, zondag 12.00-17.00 uur\"}\">Mo. 11.00-18.00, Di-Sa 9.30-18.00, Sonntag 12.00-17.00<\/td>\n<\/tr>\n<tr>\n<td data-sheets-value=\"{\"1\":2,\"2\":\"Halfords Amsterdam Superstore\"}\">Halfords Amsterdam Superstore<\/td>\n<td data-sheets-value=\"{\"1\":2,\"2\":\"Klimopweg 35\"}\">Klimapfad 35<\/td>\n<td data-sheets-value=\"{\"1\":2,\"2\":\"1032 HZ\"}\">1032 HZ<\/td>\n<td data-sheets-value=\"{\"1\":2,\"2\":\"Amsterdam\"}\">Amsterdam<\/td>\n<td data-sheets-value=\"{\"1\":2,\"2\":\"020-6360825\"}\">020-6360825<\/td>\n<td data-sheets-value=\"{\"1\":2,\"2\":\"ma-vr 9.30-1800 uur, za 9.00-17.00 uur, zondag 12.00-17.00 uur\"}\">Mo-Fr 9.30-18:00, Sa 9:00-17:00, Sonntag 12:00-17:00<\/td>\n<\/tr>\n<tr>\n<td data-sheets-value=\"{\"1\":2,\"2\":\"Halfords Apeldoorn\"}\">Halfords Apeldoorn<\/td>\n<td data-sheets-value=\"{\"1\":2,\"2\":\"Europaweg 166\"}\">Europaweg 166<\/td>\n<td data-sheets-value=\"{\"1\":2,\"2\":\"7336 AR\"}\">7336 GB<\/td>\n<td data-sheets-value=\"{\"1\":2,\"2\":\"Apeldoorn\"}\">Apeldoorn<\/td>\n<td data-sheets-value=\"{\"1\":2,\"2\":\"055-5330314\"}\">055-5330314<\/td>\n<td data-sheets-value=\"{\"1\":2,\"2\":\"ma-vr 9.30-18.00 uur za 9.30-17.00 uur. Zondag gesloten\"}\">Mo-Fr 9.30-18 Uhr Sa 9.30-17 Uhr. Sonntags geschlossen<\/td>\n<\/tr>\n<tr>\n<td data-sheets-value=\"{\"1\":2,\"2\":\"Halfords Eindhoven\"}\">Halfords Eindhoven<\/td>\n<td data-sheets-value=\"{\"1\":2,\"2\":\"Winkelcentrum Woensel 84b\"}\">Einkaufszentrum Woensel 84b<\/td>\n<td data-sheets-value=\"{\"1\":2,\"2\":\"5625 AE \"}\">5625 AE<\/td>\n<td data-sheets-value=\"{\"1\":2,\"2\":\"Eindhoven\"}\">Eindhoven<\/td>\n<td data-sheets-value=\"{\"1\":2,\"2\":\"040-2484144\"}\">040-2484144<\/td>\n<td data-sheets-value=\"{\"1\":2,\"2\":\"ma-vr 9.30-18.00 uur za 9.30-17.00 uur. Zondag gesloten\"}\">Mo-Fr 9.30-18 Uhr Sa 9.30-17 Uhr. Sonntags geschlossen<\/td>\n<\/tr>\n<tr>\n<td data-sheets-value=\"{\"1\":2,\"2\":\"Halfords Hilversum\"}\">Halfords Hilversum<\/td>\n<td data-sheets-value=\"{\"1\":2,\"2\":\"Groest 96\"}\">Groest 96<\/td>\n<td data-sheets-value=\"{\"1\":2,\"2\":\"1211 EE\"}\">1211 EE<\/td>\n<td data-sheets-value=\"{\"1\":2,\"2\":\"Hilversum\"}\">Hilversum<\/td>\n<td data-sheets-value=\"{\"1\":2,\"2\":\"035-6242116\"}\">035-6242116<\/td>\n<td data-sheets-value=\"{\"1\":2,\"2\":\"ma 11.00-18.00 uur, di-vr 9.30-18.00 uur, za 9.30-17.00 uur. Zondag gesloten\"}\">Mo 11-18 Uhr, Fr 9.30-18 Uhr, Sa 9.30-17 Uhr. Sonntags geschlossen<\/td>\n<\/tr>\n<tr>\n<td data-sheets-value=\"{\"1\":2,\"2\":\"Halfords Almere\"}\">Halfords Almere<\/td>\n<td data-sheets-value=\"{\"1\":2,\"2\":\"Stadhuisstraat 3\"}\">Stadhuisstraat 3<\/td>\n<td data-sheets-value=\"{\"1\":2,\"2\":\"1315 HA\"}\">1315 HA<\/td>\n<td data-sheets-value=\"{\"1\":2,\"2\":\"Almere\"}\">Almere<\/td>\n<td data-sheets-value=\"{\"1\":2,\"2\":\"036-5254964\"}\">036-5254964<\/td>\n<td data-sheets-value=\"{\"1\":2,\"2\":\"ma-vr 9.30-18.00 uur za 9.30-17.00 uur. Zondag gesloten\"}\">Mo-Fr 9.30-18 Uhr Sa 9.30-17 Uhr. Sonntags geschlossen<\/td>\n<\/tr>\n<tr>\n<td data-sheets-value=\"{\"1\":2,\"2\":\"Decathlon Gent\"}\"><br><\/td><td data-sheets-value=\"{\"1\":2,\"2\":\"Vliegtuiglaan 8\"}\"><\/td><td data-sheets-value=\"{\"1\":3,\"3\":9000}\"><\/td><td data-sheets-value=\"{\"1\":2,\"2\":\"Gent\"}\"><\/td><td data-sheets-value=\"{\"1\":2,\"2\":\"+32 92509900\",\"6\":1}\"><\/td><td data-sheets-value=\"{\"1\":2,\"2\":\"ma-za 11.00-19.00 uur\"}\"><br><\/td>\n<\/tr>\n<\/tbody>\n<\/table>\t\t\t\t\t\t\t\t<\/div>\n\t\t\t\t<\/div>\n\t\t\t\t\t<\/div>\n\t\t<\/div>\n\t\t\t\t\t<\/div>\n\t\t<\/section>\n\t\t\t\t<\/div>\n\t\t","protected":false},"excerpt":{"rendered":"<p>Wartung und Reparatur Je nachdem, wie Sie Ihr Bayck nutzen, ist eine regelm\u00e4\u00dfige Wartung wichtig f\u00fcr die Lebensdauer Ihres Fahrrads. Ein Mechaniker eines Bayck Service Point kann bei Bedarf die n\u00e4chste Wartung durchf\u00fchren: Kontrolle von Reifen und Reifendruck Schmieren und Einstellen des Getriebes Pr\u00fcfen und Einstellen der Speichenspannung Schmieren und Spannen der Kette \u00dcberpr\u00fcfung der [&hellip;]<\/p>\n","protected":false},"author":1,"featured_media":0,"parent":0,"menu_order":0,"comment_status":"closed","ping_status":"closed","template":"elementor_header_footer","meta":{"_acf_changed":false,"footnotes":""},"class_list":["post-7086","page","type-page","status-publish","hentry"],"acf":[],"_links":{"self":[{"href":"https:\/\/bayck.com\/de\/wp-json\/wp\/v2\/pages\/7086","targetHints":{"allow":["GET"]}}],"collection":[{"href":"https:\/\/bayck.com\/de\/wp-json\/wp\/v2\/pages"}],"about":[{"href":"https:\/\/bayck.com\/de\/wp-json\/wp\/v2\/types\/page"}],"author":[{"embeddable":true,"href":"https:\/\/bayck.com\/de\/wp-json\/wp\/v2\/users\/1"}],"replies":[{"embeddable":true,"href":"https:\/\/bayck.com\/de\/wp-json\/wp\/v2\/comments?post=7086"}],"version-history":[{"count":6,"href":"https:\/\/bayck.com\/de\/wp-json\/wp\/v2\/pages\/7086\/revisions"}],"predecessor-version":[{"id":13177,"href":"https:\/\/bayck.com\/de\/wp-json\/wp\/v2\/pages\/7086\/revisions\/13177"}],"wp:attachment":[{"href":"https:\/\/bayck.com\/de\/wp-json\/wp\/v2\/media?parent=7086"}],"curies":[{"name":"wp","href":"https:\/\/api.w.org\/{rel}","templated":true}]}}