{"id":7131,"date":"2023-03-31T22:29:04","date_gmt":"2023-03-31T22:29:04","guid":{"rendered":"https:\/\/bayck.com\/cookie-politik"},"modified":"2023-06-11T19:22:28","modified_gmt":"2023-06-11T19:22:28","slug":"cookie-politik","status":"publish","type":"page","link":"https:\/\/bayck.com\/de\/cookie-politik","title":{"rendered":"Cookie-Politik"},"content":{"rendered":"\t\t<div data-elementor-type=\"wp-page\" data-elementor-id=\"7131\" class=\"elementor elementor-7131 elementor-2852\" data-elementor-post-type=\"page\">\n\t\t\t\t\t\t<section class=\"elementor-section elementor-top-section elementor-element elementor-element-a9ac535 elementor-section-boxed elementor-section-height-default elementor-section-height-default\" data-id=\"a9ac535\" data-element_type=\"section\" data-e-type=\"section\">\n\t\t\t\t\t\t<div class=\"elementor-container elementor-column-gap-default\">\n\t\t\t\t\t<div class=\"elementor-column elementor-col-100 elementor-top-column elementor-element elementor-element-10344b7\" data-id=\"10344b7\" data-element_type=\"column\" data-e-type=\"column\">\n\t\t\t<div class=\"elementor-widget-wrap elementor-element-populated\">\n\t\t\t\t\t\t<div class=\"elementor-element elementor-element-7554279 elementor-widget elementor-widget-text-editor\" data-id=\"7554279\" data-element_type=\"widget\" data-e-type=\"widget\" data-widget_type=\"text-editor.default\">\n\t\t\t\t<div class=\"elementor-widget-container\">\n\t\t\t\t\t\t\t\t\t<h1>Cookie-Richtlinie von Bayck<\/h1>\n<p>Bayck.com verwendet Cookies und andere Techniken wie Web-Beacons und SDKs in seinem Online-Shop und den dazugeh\u00f6rigen Websites. Da wir Ihre Privatsph\u00e4re sch\u00fctzen und die Benutzerfreundlichkeit Ihres Besuchs in unserem Webshop verbessern m\u00f6chten, halten wir es f\u00fcr wichtig, dass Sie wissen, wie und warum wir Cookies verwenden. Im Folgenden geben wir Ihnen so viele Informationen wie m\u00f6glich \u00fcber die Verwendung dieser Techniken, einschlie\u00dflich Cookies durch bayck.com. Hier k\u00f6nnen Sie auch Ihre Cookie-Einstellungen verwalten.<\/p>\n<h2>Wer ist f\u00fcr die Verarbeitung Ihrer Daten verantwortlich?<\/h2>\n<p>Bayck BV, mit Sitz in Finlandweg 10a<span style=\"font-weight: 400;\">, <\/span><span style=\"font-weight: 400;\">4532 BL in Terneuzen<\/span>, ist der f\u00fcr die Datenverarbeitung Verantwortliche, wie in dieser Cookie-Richtlinie beschrieben.&nbsp;<\/p>\n<h2>Was sind Cookies?<\/h2>\n<p>Cookies sind kleine, einfache Textdateien, die Ihr Computer oder mobiles Ger\u00e4t speichert, wenn Sie unseren Online-Shop nutzen. Dar\u00fcber hinaus gibt es noch weitere Techniken, die wie Kekse funktionieren und dieselben Ergebnisse erzielen.<\/p>\n<h2>Welche anderen Cookie-\u00e4hnlichen Techniken gibt es?<\/h2>\n<p>Web Beacons, Local and Session Storage und SDKs sind Standard-Internet-Technologien, die manchmal mit Cookies zusammenarbeiten, um es einem System zu erm\u00f6glichen, Informationen zu sammeln und dann zu senden. Cookies und andere Techniken werden in allen bestehenden Online-Shops verwendet. Durch die Verwendung von Cookies und anderen Techniken stellen wir zum Beispiel sicher, dass:<\/p>\n<ul class=\"bullet-list\">\n<li>Wir k\u00f6nnen messen, wie unser Online Shop genutzt wird und wo wir ihn noch verbessern k\u00f6nnen;<\/li>\n<li>Wir k\u00f6nnen Ihnen auf der Grundlage Ihrer Interessen Anzeigen und Empfehlungen zeigen;<\/li>\n<li>Wir k\u00f6nnen erkennen, welches Ger\u00e4t Sie verwenden, wenn Sie uns besuchen;<\/li>\n<li>Wir k\u00f6nnen (m\u00fcssen) aufzeichnen, wie oft eine Anzeige gezeigt wird, um die Anzeigen besser auf Ihre Bed\u00fcrfnisse und Interessen abzustimmen und um zu verhindern, dass Sie immer wieder dieselbe Anzeige sehen.<\/li>\n<\/ul>\n<h2>Cookies von Dritten<\/h2>\n<p>Cookies von Drittanbietern werden auch \u00fcber unseren Online Shop gesetzt. Die Verwendung von Cookies durch andere Unternehmen unterliegt den Datenschutz- und Cookie-Richtlinien des jeweiligen Unternehmens.<\/p>\n<h2>Welche Cookies verwenden wir? Kurz gefasst:<\/h2>\n<h4>Funktionale Cookies oder notwendige Cookies<\/h4>\n<p>Funktionale Cookies sorgen daf\u00fcr, dass unser Online-Shop korrekt funktioniert. Denken Sie zum Beispiel an Funktionen wie das Einlegen eines Artikels in den Warenkorb oder das Bezahlen einer Bestellung.<\/p>\n<h4>Analytische Cookies<\/h4>\n<p>Mit analytischen Cookies sammeln wir mit Hilfe von Dritten Statistiken \u00fcber die Nutzung unseres Online-Shops. Indem wir die Nutzung der Website messen, k\u00f6nnen wir unseren Shop zum Nutzen unserer Nutzer weiter verbessern.<\/p>\n<h4>Marketing-Cookies<\/h4>\n<p>Wir platzieren Marketing-Cookies in unserem Online-Shop. Dritte k\u00f6nnen auch Marketing-Cookies in unserem Online-Shop platzieren. Wir platzieren auch Marketing-Cookies auf Websites Dritter. Wir k\u00f6nnen die Informationen aus diesen Marketing-Cookies kombinieren. Auf diese Weise k\u00f6nnen wir Ihnen auf der Grundlage Ihres Surf-, Such- und Kaufverhaltens im Internet m\u00f6glichst relevante Angebote machen. Mit diesen Marketing-Cookies behalten wir auch im Auge, welche Anzeigen Sie gesehen haben.<\/p>\n<h2>Funktionale oder notwendige Cookies<\/h2>\n<p>Funktionale oder notwendige Cookies sorgen daf\u00fcr, dass der Online-Shop von bol.com ordnungsgem\u00e4\u00df funktioniert. Bedenken Sie:<\/p>\n<ul class=\"bullet-list\">\n<li>Gespeicherte Browsereinstellungen, damit Sie unseren Online-Shop optimal auf Ihrem Bildschirm betrachten k\u00f6nnen;<\/li>\n<li>Die M\u00f6glichkeit, auf Beitr\u00e4ge in unserem Online-Shop zu antworten;<\/li>\n<li>Eine gleichm\u00e4\u00dfige Belastung der Website, damit sie leicht zug\u00e4nglich ist und weiterhin optimal funktioniert;<\/li>\n<\/ul>\n<h2>Analytische Cookies<\/h2>\n<p>Wir verwenden, mit Hilfe von Dritten, analytische Cookies, um die Nutzung des Shops zu untersuchen. Diese Statistiken geben uns u.a. Aufschluss dar\u00fcber, wie oft wir besucht werden und wo wir unseren Online-Shop verbessern k\u00f6nnen. So k\u00f6nnen wir die Erfahrung mit unserem Online-Shop kontinuierlich optimieren. Es werden unter anderem die folgenden Daten gespeichert:<\/p>\n<ul class=\"bullet-list\">\n<li>IP-Adresse anonymisiert;<\/li>\n<li>Technische Merkmale, wie z. B. der von Ihnen verwendete Browser (z. B. Chrome, Safari oder Firefox), die Aufl\u00f6sung Ihres Computerbildschirms, Ihre Sprachpr\u00e4ferenz und das von Ihnen verwendete Ger\u00e4t;<\/li>\n<li>Von welcher Seite Sie zum Online-Shop gekommen sind;<\/li>\n<li>Wann und wie lange Sie den Online-Shop besuchen oder nutzen;<\/li>\n<li>ob Sie Funktionen des Onlineshops nutzen. Zum Beispiel&nbsp; eine Bestellung aufgeben;<\/li>\n<li>Welche Seiten Sie in unserem Online-Shop besuchen.<\/li>\n<\/ul>\n<p>Wir verwenden diese Cookies zum Beispiel, um:<\/p>\n<ul class=\"bullet-list\">\n<li>Verfolgen Sie die Anzahl der Besucher unseres Online-Shops;<\/li>\n<li>Um zu messen, wie lange ein Besuch dauert;<\/li>\n<li>Zur Ermittlung der Reihenfolge, in der ein Besucher die verschiedenen Seiten unseres Online-Shops besucht;<\/li>\n<li>Um zu bestimmen, welche Artikel und Seiten miteinander verlinkt werden k\u00f6nnen.<\/li>\n<\/ul>\n<h2>Marketing-Cookies<\/h2>\n<p>In unserem Online-Shop sehen Sie Empfehlungen, Promotionen und Werbung von uns und Dritten. Sie k\u00f6nnen auch auf Websites Dritter auf unsere Werbung sto\u00dfen. Um diese Empfehlungen, Werbeaktionen und Anzeigen relevant zu halten, verwenden wir Cookies. Diese Marketing-Cookies erm\u00f6glichen:<\/p>\n<ul class=\"bullet-list\">\n<li>Wir k\u00f6nnen verfolgen, welche Anzeigen Sie bereits gesehen haben;<\/li>\n<li>Wir k\u00f6nnen verfolgen, wie oft Sie eine Anzeige gesehen haben;<\/li>\n<li>Wir k\u00f6nnen verhindern, dass Sie immer wieder die gleiche Werbung sehen;<\/li>\n<li>Wir k\u00f6nnen verfolgen, ob Sie auf die Anzeigen klicken;<\/li>\n<li>Wir k\u00f6nnen verfolgen, ob Sie Bestellungen aufgeben, nachdem Sie eine Anzeige gesehen oder angeklickt haben;<\/li>\n<li>Wir k\u00f6nnen Ihr Browsing-, Such- und Kaufverhalten im Internet kombinieren, unabh\u00e4ngig davon, welches Ger\u00e4t Sie verwenden;<\/li>\n<li>Durch die Kombination dieser Merkmale sch\u00e4tzen wir Ihr Werbeinteresse ein und k\u00f6nnen die Werbung, die wir Ihnen auf den Websites Dritter zeigen, entsprechend anpassen.<\/li>\n<\/ul>\n<p>Werbenetzwerke und Medienagenturen fungieren als Vermittler zwischen Online-Shops und Werbetreibenden. Die Marketing-Cookies dieser Parteien erm\u00f6glichen:<\/p>\n<ul class=\"bullet-list\">\n<li>Unsere Werbepartner k\u00f6nnen Ihre Pr\u00e4ferenzen bei bayck.com mit Informationen kombinieren, die sie sammeln, wenn Sie andere Webseiten besuchen.<\/li>\n<\/ul>\n<p>F\u00fcr Cookies, die von diesen Parteien zu Marketingzwecken gesetzt werden, beachten Sie bitte die Erkl\u00e4rungen auf deren Websites. Da sich diese Erkl\u00e4rungen regelm\u00e4\u00dfig \u00e4ndern k\u00f6nnen, empfehlen wir Ihnen, diese Datenschutz- und Cookie-Erkl\u00e4rungen regelm\u00e4\u00dfig zu lesen. Die folgenden Parteien platzieren Cookies und\/oder andere Techniken in unserem Online-Shop:<\/p>\n<ul class=\"bullet-list\">\n<li><a href=\"https:\/\/www.facebook.com\/privacy\/explanation\">Facebook<\/a><\/li>\n<li><a href=\"https:\/\/www.google.com\/policies\/privacy\/\">Google<\/a><\/li>\n<li><a href=\"https:\/\/www.linkedin.com\/legal\/privacy-policy?trk=homepage-basic_footer-privacy-policy\">LinkedIn<\/a><\/li>\n<li><a href=\"https:\/\/twitter.com\/privacy?lang=en\">Twitter<\/a><\/li>\n<li><a href=\"https:\/\/www.youtube.com\/account_privacy\">YouTube<\/a><\/li>\n<\/ul>\n<p>Wir verwenden Marketing-Cookies nur, wenn Sie Ihre Zustimmung gegeben haben. Wenn Sie keine Erlaubnis erteilen, werden zwar weiterhin Anzeigen eingeblendet, aber es handelt sich um Zufallsanzeigen. Sie k\u00f6nnen Ihre Wahl unten treffen.<\/p>\n<div class=\"design-section h-boxedtop--s\">\n<div class=\"box h-padding--0 h-boxedbottom--l\">\n<div class=\"expandable-panel js_cookie_consent_panel\">\n<div class=\"expandable-panel__item js_accept h-padding--xs is-active\">\n<div class=\"expandable-panel__body expand h-left--l h-boxedtop--xs\">\n<div class=\"h-boxedbottom--s\">Um bayck.com f\u00fcr Sie noch besser zu machen, verwenden wir stets funktionale und analytische Cookies (und \u00e4hnliche Techniken). Wir m\u00f6chten auch Cookies setzen, um Ihren Besuch auf bayck.com zu erleichtern und zu personalisieren. Diese Cookies erm\u00f6glichen es uns und Dritten, Ihr Internetverhalten innerhalb und au\u00dferhalb von bayck.com zu verfolgen und zu erfassen. Dies erm\u00f6glicht es uns und Dritten, unsere Website und Werbung auf Ihre Interessen abzustimmen.&nbsp;<\/div>\n<\/div>\n<\/div>\n<\/div>\n<\/div>\n<\/div>\n<h2>Browser-Einstellungen<\/h2>\n<p>Wenn Sie nicht m\u00f6chten, dass Websites Cookies auf Ihrem Computer speichern, k\u00f6nnen Sie Ihre Browsereinstellungen anpassen. Sie erhalten dann eine Warnung, bevor irgendwelche Cookies gesetzt werden. Sie k\u00f6nnen Ihre Einstellungen auch so anpassen, dass Ihr Browser alle Cookies oder nur Cookies von Drittanbietern ablehnt. Sie k\u00f6nnen auch bereits gesetzte Cookies l\u00f6schen. Beachten Sie, dass Sie die Einstellungen f\u00fcr jeden Browser auf jedem Ger\u00e4t, das Sie verwenden, separat vornehmen m\u00fcssen. Wir m\u00f6chten Sie darauf hinweisen, dass wir, wenn Sie keine Cookies verwenden m\u00f6chten, leider nicht garantieren k\u00f6nnen, dass unser Online-Shop ordnungsgem\u00e4\u00df funktioniert. Es kann sein, dass Sie einige Funktionen des Online-Shops nicht mehr nutzen k\u00f6nnen oder bestimmte Seiten gar nicht mehr sehen k\u00f6nnen. Au\u00dferdem bedeutet die Ablehnung von Cookies nicht, dass Sie keine Werbung mehr sehen werden. Die Anzeigen sind dann nur nicht mehr auf Ihre Interessen zugeschnitten und werden h\u00e4ufiger wiederholt. Wie Sie Ihre Einstellungen anpassen, ist von Browser zu Browser unterschiedlich. Klicken Sie auf einen der nachstehenden Links, um direkt zum Handbuch Ihres Browsers zu gelangen, oder konsultieren Sie bei Bedarf die Hilfefunktion Ihres Browsers.&nbsp;<a href=\"https:\/\/support.google.com\/chrome\/answer\/95647?hl=nl\">Chrom<\/a>&nbsp;&#8211;&nbsp;<a href=\"https:\/\/support.apple.com\/nl-nl\/HT201265\">Safari<\/a>&nbsp;&#8211;&nbsp;<a href=\"https:\/\/support.mozilla.org\/nl\/kb\/cookies-verwijderen-gegevens-wissen-websites-opgeslagen\">Firefox<\/a>&nbsp;&#8211;&nbsp;<a href=\"https:\/\/privacy.microsoft.com\/nl-nl\/windows-10-microsoft-edge-and-privacy\">Internet Explorer Rand<\/a><\/p>\n<p>Wenn Sie Cookies von bestimmten Parteien deaktivieren m\u00f6chten, k\u00f6nnen Sie dies unter&nbsp;<a href=\"https:\/\/www.youronlinechoices.com\/\">www.youronlinechoices.com tun.<\/a><\/p>\n<h2>Cookie-Verlauf l\u00f6schen<\/h2>\n<p>&nbsp;Wenn Sie Ihren Cookie-Verlauf l\u00f6schen m\u00f6chten, k\u00f6nnen Sie dies f\u00fcr verschiedene Browser auf die unten beschriebene Weise tun.<\/p>\n<h4>Cookies in Chrome l\u00f6schen:<\/h4>\n<ul class=\"bullet-list\">\n<li>Klicken Sie auf die 3 Punkte, oben rechts. Klicken Sie auf Verlauf &gt; Verlauf &gt; Browsing-Daten l\u00f6schen.<\/li>\n<li>Im Men\u00fc &#8222;Browsing-Daten l\u00f6schen&#8220; haben Sie oben die M\u00f6glichkeit, die Browsing-Daten von der ersten Nutzung bis zur letzten Stunde zu l\u00f6schen. Darunter w\u00e4hlen Sie aus, welche Elemente Sie l\u00f6schen m\u00f6chten. Kreuzen Sie mindestens &#8222;Cookies und andere Website- und Plugin-Daten&#8220; an.<\/li>\n<li>Dr\u00fccken Sie die Schaltfl\u00e4che &#8222;Browserdaten l\u00f6schen&#8220;.<\/li>\n<\/ul>\n<h4>Cookies in Safari l\u00f6schen:<\/h4>\n<ul class=\"bullet-list\">\n<li>\u00d6ffnen Sie Safari und gehen Sie zu Safari &gt; Einstellungen &gt; Datenschutz &gt; Gespeicherte Cookies und Daten l\u00f6schen &gt; Website-Daten verwalten &gt; Alles l\u00f6schen.<\/li>\n<\/ul>\n<h4>Cookies in Firefox l\u00f6schen:<\/h4>\n<ul class=\"bullet-list\">\n<li>Klicken Sie auf die 3 Striche oben rechts, dann auf Optionen &gt; Datenschutz &gt; Einzelne Cookies l\u00f6schen.<\/li>\n<li>Klicken Sie auf &#8222;Alle l\u00f6schen&#8220;.<\/li>\n<\/ul>\n<h4>Cookies in Microsoft Edge l\u00f6schen:<\/h4>\n<ul class=\"bullet-list\">\n<li>Klicken Sie auf die 3 Punkte oben rechts &gt; Einstellungen. Klicken Sie unter &#8222;Browsing-Daten l\u00f6schen&#8220; auf die Option &#8222;Ausw\u00e4hlen, was gel\u00f6scht werden soll&#8220;.<\/li>\n<li>W\u00e4hlen Sie die Cookies (vorausgew\u00e4hlt) &gt; Dr\u00fccken Sie die Taste &#8222;L\u00f6schen&#8220;.<\/li>\n<\/ul>\n<h4>Cookies im Internet Explorer l\u00f6schen:<\/h4>\n<ul class=\"bullet-list\">\n<li>Klicken Sie auf das Zahnrad oben rechts &gt; w\u00e4hlen Sie Internetoptionen &gt; Registerkarte Allgemein. Klicken Sie unter &#8222;Verlauf durchsuchen&#8220; auf &#8222;L\u00f6schen&#8220;.<\/li>\n<li>Sie m\u00f6chten nicht alles l\u00f6schen? Wenn ja, kreuzen Sie zumindest &#8222;Cookies und Website-Daten&#8220; an und klicken Sie auf &#8222;L\u00f6schen&#8220;.<\/li>\n<\/ul>\n<h2>Unsere iOS- und Android-App<\/h2>\n<p>Sie installieren die App \u00fcber den Apple App Store oder den Google Play Store auf Ihrem Ger\u00e4t. In der App verwenden wir keine Cookie-\u00e4hnlichen Techniken f\u00fcr die vorgenannten Zwecke.<\/p>\n<h2>Die Datenschutzpolitik von bol.com<\/h2>\n<p>Bei der Verwendung einiger Cookies werden auch personenbezogene Daten verarbeitet, wie Sie oben gelesen haben. Weitere Informationen dar\u00fcber, wie bayck.com mit Ihren Daten umgeht, finden Sie in unserer <a href=\"https:\/\/acc.bayck.com\/cookie-consent\">Datenschutzrichtlinie<\/a>.<\/p>\n<h2>Abschlie\u00dfende Bemerkungen<\/h2>\n<p>Wir aktualisieren unsere Cookie-Richtlinie, wenn sich unser Online-Shop oder die Regeln f\u00fcr Cookies \u00e4ndern. Sie k\u00f6nnen auf die aktuelle Version dieser Cookie-Richtlinie zugreifen, indem Sie auf den Link zur Cookie-Richtlinie von bayck.com unten auf jeder Seite klicken.<\/p>\t\t\t\t\t\t\t\t<\/div>\n\t\t\t\t<\/div>\n\t\t\t\t\t<\/div>\n\t\t<\/div>\n\t\t\t\t\t<\/div>\n\t\t<\/section>\n\t\t\t\t<\/div>\n\t\t","protected":false},"excerpt":{"rendered":"<p>Cookie-Richtlinie von Bayck Bayck.com verwendet Cookies und andere Techniken wie Web-Beacons und SDKs in seinem Online-Shop und den dazugeh\u00f6rigen Websites. Da wir Ihre Privatsph\u00e4re sch\u00fctzen und die Benutzerfreundlichkeit Ihres Besuchs in unserem Webshop verbessern m\u00f6chten, halten wir es f\u00fcr wichtig, dass Sie wissen, wie und warum wir Cookies verwenden. Im Folgenden geben wir Ihnen so [&hellip;]<\/p>\n","protected":false},"author":1,"featured_media":0,"parent":0,"menu_order":0,"comment_status":"closed","ping_status":"closed","template":"","meta":{"_acf_changed":false,"footnotes":""},"class_list":["post-7131","page","type-page","status-publish","hentry"],"acf":[],"_links":{"self":[{"href":"https:\/\/bayck.com\/de\/wp-json\/wp\/v2\/pages\/7131","targetHints":{"allow":["GET"]}}],"collection":[{"href":"https:\/\/bayck.com\/de\/wp-json\/wp\/v2\/pages"}],"about":[{"href":"https:\/\/bayck.com\/de\/wp-json\/wp\/v2\/types\/page"}],"author":[{"embeddable":true,"href":"https:\/\/bayck.com\/de\/wp-json\/wp\/v2\/users\/1"}],"replies":[{"embeddable":true,"href":"https:\/\/bayck.com\/de\/wp-json\/wp\/v2\/comments?post=7131"}],"version-history":[{"count":3,"href":"https:\/\/bayck.com\/de\/wp-json\/wp\/v2\/pages\/7131\/revisions"}],"predecessor-version":[{"id":13138,"href":"https:\/\/bayck.com\/de\/wp-json\/wp\/v2\/pages\/7131\/revisions\/13138"}],"wp:attachment":[{"href":"https:\/\/bayck.com\/de\/wp-json\/wp\/v2\/media?parent=7131"}],"curies":[{"name":"wp","href":"https:\/\/api.w.org\/{rel}","templated":true}]}}