{"id":7148,"date":"2023-03-31T22:29:06","date_gmt":"2023-03-31T22:29:06","guid":{"rendered":"https:\/\/bayck.com\/finanzierung"},"modified":"2023-06-11T19:13:13","modified_gmt":"2023-06-11T19:13:13","slug":"finanzierung","status":"publish","type":"page","link":"https:\/\/bayck.com\/de\/finanzierung","title":{"rendered":"Finanzierung"},"content":{"rendered":"\t\t<div data-elementor-type=\"wp-page\" data-elementor-id=\"7148\" class=\"elementor elementor-7148 elementor-2077\" data-elementor-post-type=\"page\">\n\t\t\t\t\t\t<section class=\"elementor-section elementor-top-section elementor-element elementor-element-4a436903 elementor-section-boxed elementor-section-height-default elementor-section-height-default\" data-id=\"4a436903\" data-element_type=\"section\" data-e-type=\"section\">\n\t\t\t\t\t\t<div class=\"elementor-container elementor-column-gap-default\">\n\t\t\t\t\t<div class=\"elementor-column elementor-col-100 elementor-top-column elementor-element elementor-element-4fefa30b\" data-id=\"4fefa30b\" data-element_type=\"column\" data-e-type=\"column\">\n\t\t\t<div class=\"elementor-widget-wrap elementor-element-populated\">\n\t\t\t\t\t\t<div class=\"elementor-element elementor-element-1092944c elementor-widget elementor-widget-breadcrumbs\" data-id=\"1092944c\" data-element_type=\"widget\" data-e-type=\"widget\" data-widget_type=\"breadcrumbs.default\">\n\t\t\t\t<div class=\"elementor-widget-container\">\n\t\t\t\t\t<p id=\"breadcrumbs\"><span><span><a href=\"https:\/\/bayck.com\/de\">Home<\/a><\/span><\/span><\/p>\t\t\t\t<\/div>\n\t\t\t\t<\/div>\n\t\t\t\t\t<\/div>\n\t\t<\/div>\n\t\t\t\t\t<\/div>\n\t\t<\/section>\n\t\t\t\t<section class=\"elementor-section elementor-top-section elementor-element elementor-element-932bcc elementor-section-boxed elementor-section-height-default elementor-section-height-default\" data-id=\"932bcc\" data-element_type=\"section\" data-e-type=\"section\" data-settings=\"{&quot;background_background&quot;:&quot;classic&quot;}\">\n\t\t\t\t\t\t<div class=\"elementor-container elementor-column-gap-default\">\n\t\t\t\t\t<div class=\"elementor-column elementor-col-50 elementor-top-column elementor-element elementor-element-2be039fe\" data-id=\"2be039fe\" data-element_type=\"column\" data-e-type=\"column\">\n\t\t\t<div class=\"elementor-widget-wrap elementor-element-populated\">\n\t\t\t\t\t\t<div class=\"elementor-element elementor-element-65ad9608 elementor-widget elementor-widget-image\" data-id=\"65ad9608\" data-element_type=\"widget\" data-e-type=\"widget\" data-widget_type=\"image.default\">\n\t\t\t\t<div class=\"elementor-widget-container\">\n\t\t\t\t\t\t\t\t\t\t\t\t\t\t\t<img fetchpriority=\"high\" decoding=\"async\" width=\"800\" height=\"533\" src=\"https:\/\/bayck.com\/wp-content\/uploads\/2020\/11\/DSC5724-1-1024x682.jpg\" class=\"attachment-large size-large wp-image-3992\" alt=\"Fietsplan\" srcset=\"https:\/\/bayck.com\/wp-content\/uploads\/2020\/11\/DSC5724-1-1024x682.jpg 1024w, https:\/\/bayck.com\/wp-content\/uploads\/2020\/11\/DSC5724-1-300x200.jpg 300w, https:\/\/bayck.com\/wp-content\/uploads\/2020\/11\/DSC5724-1-768x511.jpg 768w, https:\/\/bayck.com\/wp-content\/uploads\/2020\/11\/DSC5724-1-1536x1022.jpg 1536w, https:\/\/bayck.com\/wp-content\/uploads\/2020\/11\/DSC5724-1-600x399.jpg 600w, https:\/\/bayck.com\/wp-content\/uploads\/2020\/11\/DSC5724-1.jpg 1800w\" sizes=\"(max-width: 800px) 100vw, 800px\" \/>\t\t\t\t\t\t\t\t\t\t\t\t\t\t\t<\/div>\n\t\t\t\t<\/div>\n\t\t\t\t\t<\/div>\n\t\t<\/div>\n\t\t\t\t<div class=\"elementor-column elementor-col-50 elementor-top-column elementor-element elementor-element-563def20\" data-id=\"563def20\" data-element_type=\"column\" data-e-type=\"column\">\n\t\t\t<div class=\"elementor-widget-wrap elementor-element-populated\">\n\t\t\t\t\t\t<div class=\"elementor-element elementor-element-3d9d0a30 elementor-widget elementor-widget-heading\" data-id=\"3d9d0a30\" data-element_type=\"widget\" data-e-type=\"widget\" data-widget_type=\"heading.default\">\n\t\t\t\t<div class=\"elementor-widget-container\">\n\t\t\t\t\t<h1 class=\"elementor-heading-title elementor-size-default\">Plan f\u00fcr Fahrr\u00e4der<\/h1>\t\t\t\t<\/div>\n\t\t\t\t<\/div>\n\t\t\t\t<div class=\"elementor-element elementor-element-76e44163 elementor-widget elementor-widget-spacer\" data-id=\"76e44163\" data-element_type=\"widget\" data-e-type=\"widget\" data-widget_type=\"spacer.default\">\n\t\t\t\t<div class=\"elementor-widget-container\">\n\t\t\t\t\t\t\t<div class=\"elementor-spacer\">\n\t\t\t<div class=\"elementor-spacer-inner\"><\/div>\n\t\t<\/div>\n\t\t\t\t\t\t<\/div>\n\t\t\t\t<\/div>\n\t\t\t\t<div class=\"elementor-element elementor-element-4114bc67 elementor-widget elementor-widget-text-editor\" data-id=\"4114bc67\" data-element_type=\"widget\" data-e-type=\"widget\" data-widget_type=\"text-editor.default\">\n\t\t\t\t<div class=\"elementor-widget-container\">\n\t\t\t\t\t\t\t\t\t<h6><strong>Firmenfahrrad: Wie funktioniert es?<\/strong><\/h6>\n<p>Es ist ein Unterschied, ob Ihr Arbeitgeber das E-Bike kauft oder Sie selbst. Lesen Sie die Unterschiede unten.<\/p>\n<h6><strong>Ihr Arbeitgeber kauft Ihnen Bayck.<\/strong><\/h6>\n<p>Mit einem Firmenfahrrad k\u00f6nnen Sie ein Elektrofahrrad f\u00fcr den Arbeitsweg nutzen. Dann m\u00fcssen Sie sich kein eigenes Fahrrad kaufen. Aus steuerlichen Gr\u00fcnden k\u00f6nnen Sie das Firmenfahrrad unbegrenzt f\u00fcr private Zwecke nutzen.<\/p>\n<p>Wenn Sie ein Firmenfahrrad privat nutzen, werden Sie davon profitieren. Sie zahlen Lohnsteuer auf den Wert dieser Leistung (den Zuschlag). Der zus\u00e4tzliche Steuersatz betr\u00e4gt 7 % auf den Kaufbetrag des Fahrrads und des Zubeh\u00f6rs (einschlie\u00dflich Mehrwertsteuer) pro Jahr. Der Arbeitgeber rechnet diesen Betrag auf das Gehalt an. Hierauf zahlen Sie dann monatlich Steuern.  <\/p>\n<h6><strong>Sie kaufen Ihr Bayck.<\/strong><\/h6>\n<p>Sie kaufen Ihr Bayck \u00fcber die Fahrradversicherung, der Ihr Arbeitgeber angeschlossen ist. Der Kauf Ihres Fahrrads wird vorfinanziert und ein fester Betrag wird jeden Monat von Ihrem Gehalt abgezogen, um das Fahrrad zur\u00fcckzuzahlen. Je nachdem, welchem Fahrradtarif Ihr Arbeitgeber angeh\u00f6rt, k\u00f6nnen Sie Ihr Elektrofahrrad auf der Grundlage Ihres Bruttogehalts in voller H\u00f6he einreichen. In einigen F\u00e4llen, wie z. B. bei dem Fahrradtarif, dem Bayck angeschlossen ist, wird ein gro\u00dfer Teil brutto eingereicht, aber f\u00fcr den Rest m\u00fcssen Sie den Nettobetrag bezahlen.<\/p>\n<h6><strong>Welchem Fahrradplan ist das Bayck angeschlossen?<\/strong><\/h6>\n<p><span style=\"font-weight: 400;\">Bayck ist mit Fisc Free\/ National Cycling Projects verbunden.  <\/span><\/p>\n<p><span style=\"font-weight: 400;\">Der Fahrradplan bietet Ihnen die M\u00f6glichkeit, alle 3 Jahre \u00fcber Ihren Arbeitgeber ein Elektrofahrrad mit Steuervorteilen zu kaufen.  <br \/>Sie kaufen das Elektrofahrrad bis zu einem H\u00f6chstbetrag von 749 \u20ac auf der Grundlage Ihres Bruttogehalts, d. h. Sie m\u00fcssen daf\u00fcr keine Einkommensteuer zahlen. Wenn der Kaufbetrag den H\u00f6chstbetrag \u00fcbersteigt, zahlen Sie diesen Restbetrag aus Ihrem Nettogehalt und erhalten daf\u00fcr keine Steuerverg\u00fcnstigung.  <\/span><\/p>\n<p><span style=\"font-weight: 400;\">Informationen finden Sie unter www.nationalefietsprojecten.nl.<\/span><\/p>\n<h6><span style=\"font-weight: 400;\"><strong>Ist Ihr Arbeitgeber an einen anderen Fahrradtarif angeschlossen?<\/strong> <\/span><\/h6>\n<p><span style=\"font-weight: 400;\">Dann kontaktieren Sie uns:<\/span><\/p>\n<ul>\n<li><a href=\"mailto:service@bayck.com\"><span style=\"font-weight: 400;\">service@bayck.com<\/span><\/a><\/li>\n<li><span style=\"font-weight: 400;\"><a href=\"tel:0031115785413\">+ 31 (0) 115 -78 54 13<\/a>.  <br \/>\u00d6ffnungszeiten: Montag, Dienstag, Donnerstag und Freitag: 09:00 bis 15:00 Uhr  <\/span><\/li>\n<\/ul>\n\t\t\t\t\t\t\t\t<\/div>\n\t\t\t\t<\/div>\n\t\t\t\t<div class=\"elementor-element elementor-element-2a7e3fb3 elementor-widget elementor-widget-spacer\" data-id=\"2a7e3fb3\" data-element_type=\"widget\" data-e-type=\"widget\" data-widget_type=\"spacer.default\">\n\t\t\t\t<div class=\"elementor-widget-container\">\n\t\t\t\t\t\t\t<div class=\"elementor-spacer\">\n\t\t\t<div class=\"elementor-spacer-inner\"><\/div>\n\t\t<\/div>\n\t\t\t\t\t\t<\/div>\n\t\t\t\t<\/div>\n\t\t\t\t\t<\/div>\n\t\t<\/div>\n\t\t\t\t\t<\/div>\n\t\t<\/section>\n\t\t\t\t<section class=\"elementor-section elementor-top-section elementor-element elementor-element-1c47265e elementor-section-boxed elementor-section-height-default elementor-section-height-default\" data-id=\"1c47265e\" data-element_type=\"section\" data-e-type=\"section\" data-settings=\"{&quot;background_background&quot;:&quot;classic&quot;}\">\n\t\t\t\t\t\t<div class=\"elementor-container elementor-column-gap-default\">\n\t\t\t\t\t<div class=\"elementor-column elementor-col-50 elementor-top-column elementor-element elementor-element-6c64c53b\" data-id=\"6c64c53b\" data-element_type=\"column\" data-e-type=\"column\">\n\t\t\t<div class=\"elementor-widget-wrap elementor-element-populated\">\n\t\t\t\t\t\t<div class=\"elementor-element elementor-element-1873e8a8 elementor-widget elementor-widget-heading\" data-id=\"1873e8a8\" data-element_type=\"widget\" data-e-type=\"widget\" data-widget_type=\"heading.default\">\n\t\t\t\t<div class=\"elementor-widget-container\">\n\t\t\t\t\t<h2 class=\"elementor-heading-title elementor-size-default\">Leasing  <\/h2>\t\t\t\t<\/div>\n\t\t\t\t<\/div>\n\t\t\t\t<div class=\"elementor-element elementor-element-48fd8027 elementor-widget elementor-widget-spacer\" data-id=\"48fd8027\" data-element_type=\"widget\" data-e-type=\"widget\" data-widget_type=\"spacer.default\">\n\t\t\t\t<div class=\"elementor-widget-container\">\n\t\t\t\t\t\t\t<div class=\"elementor-spacer\">\n\t\t\t<div class=\"elementor-spacer-inner\"><\/div>\n\t\t<\/div>\n\t\t\t\t\t\t<\/div>\n\t\t\t\t<\/div>\n\t\t\t\t<div class=\"elementor-element elementor-element-2a66664d elementor-widget elementor-widget-text-editor\" data-id=\"2a66664d\" data-element_type=\"widget\" data-e-type=\"widget\" data-widget_type=\"text-editor.default\">\n\t\t\t\t<div class=\"elementor-widget-container\">\n\t\t\t\t\t\t\t\t\t<p>Sie k\u00f6nnen Ihr Elektrofahrrad auch leasen. Damit tragen Sie dazu bei, die Welt wieder ein bisschen nachhaltiger zu machen, denn nach Ablauf der Laufzeit geben wir Ihrem Bayck ein 2. oder 3. Unser Leasingpartner Fietslease Holland wird sich mit Ihnen in Verbindung setzen, um die Mietdauer mit Ihnen abzustimmen.<\/p>\n<p>Wenn Sie Ihr Fahrrad leasen m\u00f6chten, kontaktieren Sie uns:<\/p>\n<ul>\n<li><a href=\"mailto:service@bayck.com\">service@bayck.com<\/a><\/li>\n<li><a href=\"tel:0031115785413\">+ 31 (0) 115 -78 54 13<\/a>.  <br \/>\u00d6ffnungszeiten: Montag, Dienstag, Donnerstag und Freitag: 09:00 bis 15:00 Uhr  <\/li>\n<\/ul>\n<p><strong><br \/>Komme ich f\u00fcr Bayck-Leasing in Frage?<\/strong><\/p>\n<p>Bevor Fietslease Holland einen Mietvertrag mit Ihnen abschlie\u00dft, wird Ihre Kreditw\u00fcrdigkeit gepr\u00fcft. Die Entscheidung, ob Sie Ihr E-Bike leasen k\u00f6nnen oder nicht, liegt also nicht bei Bayck, sondern bei Fietslease Holland. Wir als Bayck haben darauf keinen Einfluss.<\/p>\n\t\t\t\t\t\t\t\t<\/div>\n\t\t\t\t<\/div>\n\t\t\t\t<div class=\"elementor-element elementor-element-463a69c3 elementor-widget elementor-widget-spacer\" data-id=\"463a69c3\" data-element_type=\"widget\" data-e-type=\"widget\" data-widget_type=\"spacer.default\">\n\t\t\t\t<div class=\"elementor-widget-container\">\n\t\t\t\t\t\t\t<div class=\"elementor-spacer\">\n\t\t\t<div class=\"elementor-spacer-inner\"><\/div>\n\t\t<\/div>\n\t\t\t\t\t\t<\/div>\n\t\t\t\t<\/div>\n\t\t\t\t\t<\/div>\n\t\t<\/div>\n\t\t\t\t<div class=\"elementor-column elementor-col-50 elementor-top-column elementor-element elementor-element-7358e122\" data-id=\"7358e122\" data-element_type=\"column\" data-e-type=\"column\">\n\t\t\t<div class=\"elementor-widget-wrap elementor-element-populated\">\n\t\t\t\t\t\t<div class=\"elementor-element elementor-element-5eba1891 elementor-widget elementor-widget-image\" data-id=\"5eba1891\" data-element_type=\"widget\" data-e-type=\"widget\" data-widget_type=\"image.default\">\n\t\t\t\t<div class=\"elementor-widget-container\">\n\t\t\t\t\t\t\t\t\t\t\t\t\t\t\t<img decoding=\"async\" width=\"800\" height=\"600\" src=\"https:\/\/bayck.com\/wp-content\/uploads\/2020\/11\/veiligthuisbezorgd-1024x768.jpg\" class=\"attachment-large size-large wp-image-3101\" alt=\"Gratis thuisbezorgd\" srcset=\"https:\/\/bayck.com\/wp-content\/uploads\/2020\/11\/veiligthuisbezorgd-1024x768.jpg 1024w, https:\/\/bayck.com\/wp-content\/uploads\/2020\/11\/veiligthuisbezorgd-300x225.jpg 300w, https:\/\/bayck.com\/wp-content\/uploads\/2020\/11\/veiligthuisbezorgd-768x576.jpg 768w, https:\/\/bayck.com\/wp-content\/uploads\/2020\/11\/veiligthuisbezorgd-1536x1152.jpg 1536w, https:\/\/bayck.com\/wp-content\/uploads\/2020\/11\/veiligthuisbezorgd-600x450.jpg 600w, https:\/\/bayck.com\/wp-content\/uploads\/2020\/11\/veiligthuisbezorgd.jpg 2000w\" sizes=\"(max-width: 800px) 100vw, 800px\" \/>\t\t\t\t\t\t\t\t\t\t\t\t\t\t\t<\/div>\n\t\t\t\t<\/div>\n\t\t\t\t\t<\/div>\n\t\t<\/div>\n\t\t\t\t\t<\/div>\n\t\t<\/section>\n\t\t\t\t<\/div>\n\t\t","protected":false},"excerpt":{"rendered":"<p>Plan f\u00fcr Fahrr\u00e4der Firmenfahrrad: Wie funktioniert es? Es ist ein Unterschied, ob Ihr Arbeitgeber das E-Bike kauft oder Sie selbst. Lesen Sie die Unterschiede unten. Ihr Arbeitgeber kauft Ihnen Bayck. Mit einem Firmenfahrrad k\u00f6nnen Sie ein Elektrofahrrad f\u00fcr den Arbeitsweg nutzen. Dann m\u00fcssen Sie sich kein eigenes Fahrrad kaufen. Aus steuerlichen Gr\u00fcnden k\u00f6nnen Sie das [&hellip;]<\/p>\n","protected":false},"author":1,"featured_media":0,"parent":0,"menu_order":0,"comment_status":"closed","ping_status":"closed","template":"","meta":{"_acf_changed":false,"footnotes":""},"class_list":["post-7148","page","type-page","status-publish","hentry"],"acf":[],"_links":{"self":[{"href":"https:\/\/bayck.com\/de\/wp-json\/wp\/v2\/pages\/7148","targetHints":{"allow":["GET"]}}],"collection":[{"href":"https:\/\/bayck.com\/de\/wp-json\/wp\/v2\/pages"}],"about":[{"href":"https:\/\/bayck.com\/de\/wp-json\/wp\/v2\/types\/page"}],"author":[{"embeddable":true,"href":"https:\/\/bayck.com\/de\/wp-json\/wp\/v2\/users\/1"}],"replies":[{"embeddable":true,"href":"https:\/\/bayck.com\/de\/wp-json\/wp\/v2\/comments?post=7148"}],"version-history":[{"count":3,"href":"https:\/\/bayck.com\/de\/wp-json\/wp\/v2\/pages\/7148\/revisions"}],"predecessor-version":[{"id":13132,"href":"https:\/\/bayck.com\/de\/wp-json\/wp\/v2\/pages\/7148\/revisions\/13132"}],"wp:attachment":[{"href":"https:\/\/bayck.com\/de\/wp-json\/wp\/v2\/media?parent=7148"}],"curies":[{"name":"wp","href":"https:\/\/api.w.org\/{rel}","templated":true}]}}