{"id":7182,"date":"2023-03-31T22:29:14","date_gmt":"2023-03-31T22:29:14","guid":{"rendered":"https:\/\/bayck.com\/motor"},"modified":"2023-09-12T08:38:28","modified_gmt":"2023-09-12T08:38:28","slug":"motor","status":"publish","type":"page","link":"https:\/\/bayck.com\/de\/das-bayck\/motor","title":{"rendered":"Motor"},"content":{"rendered":"\t\t<div data-elementor-type=\"wp-page\" data-elementor-id=\"7182\" class=\"elementor elementor-7182 elementor-159\" data-elementor-post-type=\"page\">\n\t\t\t\t\t\t<section class=\"elementor-section elementor-top-section elementor-element elementor-element-38f16e2b elementor-section-boxed elementor-section-height-default elementor-section-height-default\" data-id=\"38f16e2b\" data-element_type=\"section\" data-e-type=\"section\">\n\t\t\t\t\t\t<div class=\"elementor-container elementor-column-gap-default\">\n\t\t\t\t\t<div class=\"elementor-column elementor-col-100 elementor-top-column elementor-element elementor-element-1f42efa7\" data-id=\"1f42efa7\" data-element_type=\"column\" data-e-type=\"column\">\n\t\t\t<div class=\"elementor-widget-wrap elementor-element-populated\">\n\t\t\t\t\t\t<div class=\"elementor-element elementor-element-71ff5b4c elementor-widget elementor-widget-breadcrumbs\" data-id=\"71ff5b4c\" data-element_type=\"widget\" data-e-type=\"widget\" data-widget_type=\"breadcrumbs.default\">\n\t\t\t\t<div class=\"elementor-widget-container\">\n\t\t\t\t\t<p id=\"breadcrumbs\"><span><span><a href=\"https:\/\/bayck.com\/de\">Home<\/a><\/span><\/span><\/p>\t\t\t\t<\/div>\n\t\t\t\t<\/div>\n\t\t\t\t\t<\/div>\n\t\t<\/div>\n\t\t\t\t\t<\/div>\n\t\t<\/section>\n\t\t\t\t<section class=\"elementor-section elementor-top-section elementor-element elementor-element-238fd9b elementor-section-boxed elementor-section-height-default elementor-section-height-default\" data-id=\"238fd9b\" data-element_type=\"section\" data-e-type=\"section\">\n\t\t\t\t\t\t<div class=\"elementor-container elementor-column-gap-default\">\n\t\t\t\t\t<div class=\"elementor-column elementor-col-100 elementor-top-column elementor-element elementor-element-4b86136\" data-id=\"4b86136\" data-element_type=\"column\" data-e-type=\"column\">\n\t\t\t<div class=\"elementor-widget-wrap elementor-element-populated\">\n\t\t\t\t\t\t<div class=\"elementor-element elementor-element-6409ae6 elementor-widget elementor-widget-heading\" data-id=\"6409ae6\" data-element_type=\"widget\" data-e-type=\"widget\" data-widget_type=\"heading.default\">\n\t\t\t\t<div class=\"elementor-widget-container\">\n\t\t\t\t\t<h1 class=\"elementor-heading-title elementor-size-default\">Motoren<\/h1>\t\t\t\t<\/div>\n\t\t\t\t<\/div>\n\t\t\t\t\t<\/div>\n\t\t<\/div>\n\t\t\t\t\t<\/div>\n\t\t<\/section>\n\t\t\t\t<section class=\"elementor-section elementor-top-section elementor-element elementor-element-85738e9 elementor-section-boxed elementor-section-height-default elementor-section-height-default\" data-id=\"85738e9\" data-element_type=\"section\" data-e-type=\"section\">\n\t\t\t\t\t\t<div class=\"elementor-container elementor-column-gap-default\">\n\t\t\t\t\t<div class=\"elementor-column elementor-col-100 elementor-top-column elementor-element elementor-element-b59a821\" data-id=\"b59a821\" data-element_type=\"column\" data-e-type=\"column\">\n\t\t\t<div class=\"elementor-widget-wrap elementor-element-populated\">\n\t\t\t\t\t\t<div class=\"elementor-element elementor-element-b8b3831 elementor-widget elementor-widget-text-editor\" data-id=\"b8b3831\" data-element_type=\"widget\" data-e-type=\"widget\" data-widget_type=\"text-editor.default\">\n\t\t\t\t<div class=\"elementor-widget-container\">\n\t\t\t\t\t\t\t\t\t<p><span style=\"font-weight: 400;\">Alle Bayck-Elektrofahrr\u00e4der sind mit einem Vorderrad- oder Mittelmotor ausgestattet.  <\/span><\/p>\n<p><span style=\"font-weight: 400;\">Der Fahrstil ist typisch f\u00fcr ein Fahrrad mit Vorderradantrieb. Die Unterst\u00fctzung beginnt, nachdem Sie bereits selbst in die Pedale getreten haben. Das Fahrrad kommt sozusagen in Gang. Wenn Sie einmal unterwegs sind, m\u00fcssen Sie selbst nicht viel Kraft aufwenden. Ein Vorteil eines Mittelmotors ist, dass er sich ohne Unterst\u00fctzung wie ein normales Fahrrad f\u00e4hrt.<\/span><\/p>\n<p><span style=\"font-weight: 400;\">  Der Mittelmotor ist mit einem Pedalkraftsensor ausgestattet, der ein noch nat\u00fcrlicheres Fahrgef\u00fchl vermittelt.<\/span><\/p>\n\t\t\t\t\t\t\t\t<\/div>\n\t\t\t\t<\/div>\n\t\t\t\t\t<\/div>\n\t\t<\/div>\n\t\t\t\t\t<\/div>\n\t\t<\/section>\n\t\t\t\t<section class=\"elementor-section elementor-top-section elementor-element elementor-element-5960d8b elementor-section-boxed elementor-section-height-default elementor-section-height-default\" data-id=\"5960d8b\" data-element_type=\"section\" data-e-type=\"section\">\n\t\t\t\t\t\t<div class=\"elementor-container elementor-column-gap-default\">\n\t\t\t\t\t<div class=\"elementor-column elementor-col-100 elementor-top-column elementor-element elementor-element-db8c7c4\" data-id=\"db8c7c4\" data-element_type=\"column\" data-e-type=\"column\">\n\t\t\t<div class=\"elementor-widget-wrap elementor-element-populated\">\n\t\t\t\t\t\t<div class=\"elementor-element elementor-element-4d98879 elementor-widget elementor-widget-heading\" data-id=\"4d98879\" data-element_type=\"widget\" data-e-type=\"widget\" data-widget_type=\"heading.default\">\n\t\t\t\t<div class=\"elementor-widget-container\">\n\t\t\t\t\t<h2 class=\"elementor-heading-title elementor-size-default\">Wie stark ist der Motor?<\/h2>\t\t\t\t<\/div>\n\t\t\t\t<\/div>\n\t\t\t\t\t<\/div>\n\t\t<\/div>\n\t\t\t\t\t<\/div>\n\t\t<\/section>\n\t\t\t\t<section class=\"elementor-section elementor-top-section elementor-element elementor-element-387a958 elementor-section-boxed elementor-section-height-default elementor-section-height-default\" data-id=\"387a958\" data-element_type=\"section\" data-e-type=\"section\">\n\t\t\t\t\t\t<div class=\"elementor-container elementor-column-gap-default\">\n\t\t\t\t\t<div class=\"elementor-column elementor-col-100 elementor-top-column elementor-element elementor-element-8097263\" data-id=\"8097263\" data-element_type=\"column\" data-e-type=\"column\">\n\t\t\t<div class=\"elementor-widget-wrap elementor-element-populated\">\n\t\t\t\t\t\t<div class=\"elementor-element elementor-element-87b2607 elementor-widget elementor-widget-text-editor\" data-id=\"87b2607\" data-element_type=\"widget\" data-e-type=\"widget\" data-widget_type=\"text-editor.default\">\n\t\t\t\t<div class=\"elementor-widget-container\">\n\t\t\t\t\t\t\t\t\t<p>Der Bayck ist mit einem Vorderradmotor mit einer Leistung von 40 Nm ausgestattet. Der Mittelmotor hat eine Leistung von 80Nm.<\/p>\n<p><\/p>\t\t\t\t\t\t\t\t<\/div>\n\t\t\t\t<\/div>\n\t\t\t\t\t<\/div>\n\t\t<\/div>\n\t\t\t\t\t<\/div>\n\t\t<\/section>\n\t\t\t\t<section class=\"elementor-section elementor-top-section elementor-element elementor-element-31464f6 elementor-section-boxed elementor-section-height-default elementor-section-height-default\" data-id=\"31464f6\" data-element_type=\"section\" data-e-type=\"section\">\n\t\t\t\t\t\t<div class=\"elementor-container elementor-column-gap-default\">\n\t\t\t\t\t<div class=\"elementor-column elementor-col-100 elementor-top-column elementor-element elementor-element-aa0a340\" data-id=\"aa0a340\" data-element_type=\"column\" data-e-type=\"column\">\n\t\t\t<div class=\"elementor-widget-wrap elementor-element-populated\">\n\t\t\t\t\t\t<div class=\"elementor-element elementor-element-ede7c2e elementor-widget elementor-widget-heading\" data-id=\"ede7c2e\" data-element_type=\"widget\" data-e-type=\"widget\" data-widget_type=\"heading.default\">\n\t\t\t\t<div class=\"elementor-widget-container\">\n\t\t\t\t\t<h2 class=\"elementor-heading-title elementor-size-default\">Was sind die Vorteile eines Vorderrad- und Mittelmotors?<\/h2>\t\t\t\t<\/div>\n\t\t\t\t<\/div>\n\t\t\t\t\t<\/div>\n\t\t<\/div>\n\t\t\t\t\t<\/div>\n\t\t<\/section>\n\t\t\t\t<section class=\"elementor-section elementor-top-section elementor-element elementor-element-d3c55c0 elementor-section-boxed elementor-section-height-default elementor-section-height-default\" data-id=\"d3c55c0\" data-element_type=\"section\" data-e-type=\"section\">\n\t\t\t\t\t\t<div class=\"elementor-container elementor-column-gap-default\">\n\t\t\t\t\t<div class=\"elementor-column elementor-col-100 elementor-top-column elementor-element elementor-element-d3f8661\" data-id=\"d3f8661\" data-element_type=\"column\" data-e-type=\"column\">\n\t\t\t<div class=\"elementor-widget-wrap elementor-element-populated\">\n\t\t\t\t\t\t<div class=\"elementor-element elementor-element-fd0ff9f elementor-widget elementor-widget-text-editor\" data-id=\"fd0ff9f\" data-element_type=\"widget\" data-e-type=\"widget\" data-widget_type=\"text-editor.default\">\n\t\t\t\t<div class=\"elementor-widget-container\">\n\t\t\t\t\t\t\t\t\t<ul>\n<li style=\"font-weight: 400;\"><span style=\"font-weight: 400;\">Vorderradmotor<\/span><\/li>\n<li style=\"font-weight: 400;\"><span style=\"font-weight: 400;\">Das Fahrrad beh\u00e4lt einen sportlichen Fahrstil bei<\/span><\/li>\n<li style=\"font-weight: 400;\"><span style=\"font-weight: 400;\">Es ist m\u00f6glich, ohne Unterst\u00fctzung zu radeln<\/span><\/li>\n<li style=\"font-weight: 400;\"><span style=\"font-weight: 400;\">Er ist billiger als ein anderer Motortyp<\/span><\/li>\n<li style=\"font-weight: 400;\"><span style=\"font-weight: 400;\"><span style=\"font-weight: 400;\">Erfordert wenig Wartung<\/span><\/span>\n<p><\/p>\n<\/li>\n<li style=\"font-weight: 400;\"><span style=\"font-weight: 400;\">Mittelmotor<\/span><\/li><li style=\"font-weight: 400;\"><span style=\"font-weight: 400;\">Das Fahrrad hat ein nat\u00fcrliches Fahrgef\u00fchl<\/span><\/li><li style=\"font-weight: 400;\">Durch die zentrale Position des Mittelmotors und der Batterie liegt auch der Schwerpunkt des Bayck in der Mitte. Das macht dieses Bayck-Modell noch komfortabler<\/li><li style=\"font-weight: 400;\">Zus\u00e4tzliche Leistung f\u00fcr h\u00fcgeliges und bergiges Gel\u00e4nde&nbsp; &nbsp;<\/li>\n<\/ul>\t\t\t\t\t\t\t\t<\/div>\n\t\t\t\t<\/div>\n\t\t\t\t\t<\/div>\n\t\t<\/div>\n\t\t\t\t\t<\/div>\n\t\t<\/section>\n\t\t\t\t<section class=\"elementor-section elementor-top-section elementor-element elementor-element-a639cd0 elementor-section-boxed elementor-section-height-default elementor-section-height-default\" data-id=\"a639cd0\" data-element_type=\"section\" data-e-type=\"section\">\n\t\t\t\t\t\t<div class=\"elementor-container elementor-column-gap-default\">\n\t\t\t\t\t<div class=\"elementor-column elementor-col-100 elementor-top-column elementor-element elementor-element-2aaad1a\" data-id=\"2aaad1a\" data-element_type=\"column\" data-e-type=\"column\">\n\t\t\t<div class=\"elementor-widget-wrap elementor-element-populated\">\n\t\t\t\t\t\t<div class=\"elementor-element elementor-element-75b2a5f elementor-widget elementor-widget-heading\" data-id=\"75b2a5f\" data-element_type=\"widget\" data-e-type=\"widget\" data-widget_type=\"heading.default\">\n\t\t\t\t<div class=\"elementor-widget-container\">\n\t\t\t\t\t<h2 class=\"elementor-heading-title elementor-size-default\">Ist ein E-Bike mit Vorderradmotor sicher?<\/h2>\t\t\t\t<\/div>\n\t\t\t\t<\/div>\n\t\t\t\t\t<\/div>\n\t\t<\/div>\n\t\t\t\t\t<\/div>\n\t\t<\/section>\n\t\t\t\t<section class=\"elementor-section elementor-top-section elementor-element elementor-element-65bad1f elementor-section-boxed elementor-section-height-default elementor-section-height-default\" data-id=\"65bad1f\" data-element_type=\"section\" data-e-type=\"section\">\n\t\t\t\t\t\t<div class=\"elementor-container elementor-column-gap-default\">\n\t\t\t\t\t<div class=\"elementor-column elementor-col-100 elementor-top-column elementor-element elementor-element-c869f51\" data-id=\"c869f51\" data-element_type=\"column\" data-e-type=\"column\">\n\t\t\t<div class=\"elementor-widget-wrap elementor-element-populated\">\n\t\t\t\t\t\t<div class=\"elementor-element elementor-element-de2944e elementor-widget elementor-widget-text-editor\" data-id=\"de2944e\" data-element_type=\"widget\" data-e-type=\"widget\" data-widget_type=\"text-editor.default\">\n\t\t\t\t<div class=\"elementor-widget-container\">\n\t\t\t\t\t\t\t\t\t<p><span style=\"font-weight: 400;\">Ein E-Bike mit Vorderradmotor ist auf jeden Fall sicher. Da der Antrieb \u00fcber das Vorderrad erfolgt, ist es wichtig, rechtzeitig vor der Kurve mit dem Treten aufzuh\u00f6ren und die Geschwindigkeit zu reduzieren. Treten Sie erst nach der Kurve wieder in die Pedale.<\/span><\/p>\n\t\t\t\t\t\t\t\t<\/div>\n\t\t\t\t<\/div>\n\t\t\t\t\t<\/div>\n\t\t<\/div>\n\t\t\t\t\t<\/div>\n\t\t<\/section>\n\t\t\t\t<\/div>\n\t\t","protected":false},"excerpt":{"rendered":"<p>Motoren Alle Bayck-Elektrofahrr\u00e4der sind mit einem Vorderrad- oder Mittelmotor ausgestattet. Der Fahrstil ist typisch f\u00fcr ein Fahrrad mit Vorderradantrieb. Die Unterst\u00fctzung beginnt, nachdem Sie bereits selbst in die Pedale getreten haben. Das Fahrrad kommt sozusagen in Gang. Wenn Sie einmal unterwegs sind, m\u00fcssen Sie selbst nicht viel Kraft aufwenden. Ein Vorteil eines Mittelmotors ist, dass [&hellip;]<\/p>\n","protected":false},"author":1,"featured_media":0,"parent":7191,"menu_order":0,"comment_status":"closed","ping_status":"closed","template":"elementor_header_footer","meta":{"_acf_changed":false,"footnotes":""},"class_list":["post-7182","page","type-page","status-publish","hentry"],"acf":[],"_links":{"self":[{"href":"https:\/\/bayck.com\/de\/wp-json\/wp\/v2\/pages\/7182","targetHints":{"allow":["GET"]}}],"collection":[{"href":"https:\/\/bayck.com\/de\/wp-json\/wp\/v2\/pages"}],"about":[{"href":"https:\/\/bayck.com\/de\/wp-json\/wp\/v2\/types\/page"}],"author":[{"embeddable":true,"href":"https:\/\/bayck.com\/de\/wp-json\/wp\/v2\/users\/1"}],"replies":[{"embeddable":true,"href":"https:\/\/bayck.com\/de\/wp-json\/wp\/v2\/comments?post=7182"}],"version-history":[{"count":4,"href":"https:\/\/bayck.com\/de\/wp-json\/wp\/v2\/pages\/7182\/revisions"}],"predecessor-version":[{"id":15728,"href":"https:\/\/bayck.com\/de\/wp-json\/wp\/v2\/pages\/7182\/revisions\/15728"}],"up":[{"embeddable":true,"href":"https:\/\/bayck.com\/de\/wp-json\/wp\/v2\/pages\/7191"}],"wp:attachment":[{"href":"https:\/\/bayck.com\/de\/wp-json\/wp\/v2\/media?parent=7182"}],"curies":[{"name":"wp","href":"https:\/\/api.w.org\/{rel}","templated":true}]}}