{"id":7185,"date":"2023-03-31T22:29:33","date_gmt":"2023-03-31T22:29:33","guid":{"rendered":"https:\/\/bayck.com\/allgemeine-bedingungen-und-konditionen"},"modified":"2023-06-11T19:16:44","modified_gmt":"2023-06-11T19:16:44","slug":"allgemeine-bedingungen-und-konditionen","status":"publish","type":"page","link":"https:\/\/bayck.com\/de\/allgemeine-bedingungen-und-konditionen","title":{"rendered":"Allgemeine Bedingungen und Konditionen"},"content":{"rendered":"\t\t<div data-elementor-type=\"wp-page\" data-elementor-id=\"7185\" class=\"elementor elementor-7185 elementor-2839\" data-elementor-post-type=\"page\">\n\t\t\t\t\t\t<section class=\"elementor-section elementor-top-section elementor-element elementor-element-65f358f elementor-section-boxed elementor-section-height-default elementor-section-height-default\" data-id=\"65f358f\" data-element_type=\"section\" data-e-type=\"section\">\n\t\t\t\t\t\t<div class=\"elementor-container elementor-column-gap-default\">\n\t\t\t\t\t<div class=\"elementor-column elementor-col-100 elementor-top-column elementor-element elementor-element-6e0a572\" data-id=\"6e0a572\" data-element_type=\"column\" data-e-type=\"column\">\n\t\t\t<div class=\"elementor-widget-wrap elementor-element-populated\">\n\t\t\t\t\t\t<div class=\"elementor-element elementor-element-7badbce elementor-widget elementor-widget-text-editor\" data-id=\"7badbce\" data-element_type=\"widget\" data-e-type=\"widget\" data-widget_type=\"text-editor.default\">\n\t\t\t\t<div class=\"elementor-widget-container\">\n\t\t\t\t\t\t\t\t\t<p><strong>ALLGEMEINE GESCH\u00c4FTSBEDINGUNGEN BAYCK<\/strong> <strong>B.V.<\/strong><\/p>\n<p>Artikel 1 &#8211; Begriffsbestimmungen<\/p>\n<p>In diesen Bedingungen gelten die folgenden Definitionen:<\/p>\n<ol>\n<li>Verbraucher: jede nat\u00fcrliche Person, die nicht zu Zwecken handelt, die mit ihrem Handel, Gewerbe, Handwerk oder Beruf zusammenh\u00e4ngen;<\/li>\n<li>Au\u00dferhalb von Gesch\u00e4ftsr\u00e4umen geschlossener Vertrag: jeder Vertrag zwischen Bayck und dem Verbraucher, der an einem anderen Ort als den Verkaufsr\u00e4umen von Bayck oder unter Verwendung eines Fernkommunikationsmittels geschlossen wird, unmittelbar nachdem der Verbraucher pers\u00f6nlich und individuell an einem anderen Ort als den Verkaufsr\u00e4umen des H\u00e4ndlers angesprochen wurde;<\/li>\n<\/ol>\n<ol start=\"3\">\n<li>Dauerhafter Datentr\u00e4ger: jede Vorrichtung &#8211; einschlie\u00dflich E-Mail -, die es dem Verbraucher oder dem Gewerbetreibenden erm\u00f6glicht, an ihn pers\u00f6nlich gerichtete Informationen so zu speichern, dass sie f\u00fcr eine k\u00fcnftige Nutzung w\u00e4hrend eines Zeitraums zug\u00e4nglich sind, der dem Zweck, f\u00fcr den die Informationen bestimmt sind, angemessen ist, und die die unver\u00e4nderte Wiedergabe der gespeicherten Informationen erm\u00f6glicht;<\/li>\n<\/ol>\n<ol start=\"4\">\n<li>Widerrufsfrist: die Frist, innerhalb derer der Verbraucher den au\u00dferhalb von Gesch\u00e4ftsr\u00e4umen get\u00e4tigten Kauf widerrufen kann; diese Frist beginnt an dem Tag, an dem der Verbraucher die gekaufte Sache erh\u00e4lt;<\/li>\n<li>R\u00fccktritt: die M\u00f6glichkeit des Verbrauchers, den au\u00dferhalb von Gesch\u00e4ftsr\u00e4umen geschlossenen Vertrag zu widerrufen.<\/li>\n<\/ol>\n<p>Artikel 2 &#8211; Identit\u00e4t<\/p>\n<p>Bayck B.V., mit Sitz in Finlandweg 10a, 4532 BL Terneuzen (auch Besuchsadresse), nachstehend &#8222;Bayck&#8220; genannt.<br>Rufnummer: 00 31 115 785 413. Montag, Dienstag, Donnerstag und Freitag von 09:00 &#8211; 15:00 Uhr.  <br>E-Mail-Adresse: <a href=\"mailto:service@bayck.com\">service@bayck.com.<\/a><\/p>\n<p>Handelsregisternummer: 76110370 Umsatzsteueridentifikationsnummer: NL860510918B01<\/p>\n<p>Artikel 3 &#8211; Anwendbarkeit<\/p>\n<ol>\n<li>Diese Allgemeinen Gesch\u00e4ftsbedingungen gelten f\u00fcr jedes Angebot von Bayck und f\u00fcr jeden zwischen Bayck und dem Verbraucher geschlossenen Vertrag.<\/li>\n<li>Sp\u00e4testens vor oder bei Abschluss des Vertrages werden dem Verbraucher diese allgemeinen Gesch\u00e4ftsbedingungen zur Verf\u00fcgung gestellt.<\/li>\n<\/ol>\n<ol start=\"3\">\n<li>Wird der Vertrag au\u00dferhalb des Verkaufsgebiets geschlossen, so kann ungeachtet des vorstehenden Absatzes der Text der allgemeinen Gesch\u00e4ftsbedingungen mit Zustimmung des Verbrauchers dem Verbraucher auf elektronischem Wege so zur Verf\u00fcgung gestellt werden, dass er f\u00fcr den Verbraucher leicht zug\u00e4nglich ist und auf einem dauerhaften Datentr\u00e4ger gespeichert wird.<\/li>\n<\/ol>\n<p>&nbsp;Artikel 4 &#8211; Angebot<\/p>\n<ol>\n<li>Das Angebot von Produkten zum Vertrag erfolgt unter Angabe der relevanten Informationen, wie der Dauer des Angebots, der Bedingungen, unter denen das Angebot gemacht wird, sowie solcher Informationen, die dem Verbraucher klar machen, welche Rechte und Pflichten mit der Annahme des Angebots verbunden sind, des Gesamtpreises des Produkts einschlie\u00dflich Steuern, etwaiger Lieferkosten, der Zahlungsweise, etwaiger Kosten f\u00fcr die Kommunikation mit Bayck, der Art und Weise des Vertragsabschlusses, der Lieferung, der Ausf\u00fchrung, der Art und Weise, wie Bayck mit Reklamationen umgeht, und ob ein Widerrufsrecht besteht oder nicht.<\/li>\n<li>Das Angebot enth\u00e4lt eine vollst\u00e4ndige und genaue Beschreibung der angebotenen Produkte. Die Beschreibung ist hinreichend detailliert, um dem Verbraucher eine angemessene Bewertung des Angebots zu erm\u00f6glichen. Sofern Bayck Bilder verwendet, stellen diese eine getreue Darstellung der angebotenen Produkte dar. Offensichtliche Irrt\u00fcmer oder offensichtliche Fehler im Angebot binden Bayck nicht.<\/li>\n<\/ol>\n<p>Artikel 5 &#8211; Vereinbarung<\/p>\n<ol>\n<li>Vorbehaltlich der Bestimmungen von Artikel 4 kommt der Vertrag zustande, wenn der Verbraucher das Angebot annimmt und die darin festgelegten Bedingungen erf\u00fcllt.<\/li>\n<li>Die Best\u00e4tigung des au\u00dferhalb von Gesch\u00e4ftsr\u00e4umen geschlossenen Vertrags erfolgt schriftlich oder per E-Mail. Hat der Verbraucher das Angebot auf elektronischem Wege angenommen, best\u00e4tigt das Bayck den Eingang der Annahme des Angebots unverz\u00fcglich auf elektronischem Wege.<\/li>\n<li>Wird der Vertrag auf elektronischem Wege geschlossen, so trifft Bayck geeignete technische und organisatorische Ma\u00dfnahmen zur Sicherung der elektronischen Daten\u00fcbermittlung. Wenn der Verbraucher elektronisch bezahlen kann, wird das Bayck so weit wie m\u00f6glich geeignete Sicherheitsma\u00dfnahmen einhalten.<\/li>\n<li>Tritt der Verbraucher vom Vertrag zur\u00fcck, so hat er dem Bayck den tats\u00e4chlich entstandenen Schaden zu ersetzen.<\/li>\n<\/ol>\n<p>Artikel 6 &#8211; Widerruf<\/p>\n<ol>\n<li>Beim Kauf von Produkten au\u00dferhalb des Verkaufsgebiets hat der Verbraucher das Recht, den Vertrag ohne Angabe von Gr\u00fcnden innerhalb einer Frist von 14 Tagen ab dem Tag der Lieferung des Produkts aufzul\u00f6sen. Die Produkte, die der Verbraucher nicht behalten m\u00f6chte, m\u00fcssen innerhalb von 14 Tagen ab dem Tag der Mitteilung des Widerrufs zur\u00fcckgegeben werden. Bayck ist berechtigt, die R\u00fcckerstattung zur\u00fcckzuhalten, bis Bayck das Produkt unversehrt, vollst\u00e4ndig und unbenutzt zur\u00fcckerhalten hat. Als &#8222;unbenutzt&#8220; gilt nicht, was f\u00fcr den Verbraucher vern\u00fcnftigerweise notwendig war, um die Art, Funktion und Eigenschaften eines Produkts in derselben Weise zu pr\u00fcfen und zu bestimmen, wie dies in einem physischen Gesch\u00e4ft geschehen w\u00fcrde. Bayck empfiehlt, f\u00fcr R\u00fccksendungen die Originalverpackung zu verwenden, um Sch\u00e4den am Produkt zu vermeiden. Denn jede Besch\u00e4digung oder jeder Verlust von zur\u00fcckgesandten Produkten w\u00e4hrend des R\u00fccktransports geht zu Lasten und auf Rechnung des Verbrauchers.<\/li>\n<li>Macht der Verbraucher von seinem Widerrufsrecht Gebrauch, so gehen die Kosten der R\u00fccksendung zu Lasten des Verbrauchers.<\/li>\n<li>Wenn der Verbraucher einen Betrag gezahlt hat, erstattet Bayck diesen Betrag innerhalb von 14 Tagen an den Verbraucher zur\u00fcck. Bayck beh\u00e4lt sich das Recht vor, zus\u00e4tzliche Kosten in Rechnung zu stellen oder eine etwaige Wertminderung des zur\u00fcckgegebenen Produkts im Sinne des ersten Absatzes vom Erstattungsbetrag abzuziehen. Sch\u00e4den am Produkt, ein verschmutztes Produkt und\/oder ein Produkt, das mehr als 5 km benutzt wurde, gelten als Hinweis auf eine Benutzung, die \u00fcber das hinausgeht, was vern\u00fcnftigerweise notwendig ist, um die Art, den Betrieb und die Eigenschaften des Produkts zu pr\u00fcfen und zu bestimmen.<\/li>\n<li>Beim Kauf von Produkten oder Dienstleistungen innerhalb des Verkaufsgebiets hat der Verbraucher das Recht, den Kauf unter Angabe von Gr\u00fcnden kostenlos zu stornieren, wenn er dies innerhalb einer angemessenen Frist von 48 Stunden ab dem Kaufdatum mitteilt. K\u00fcndigt der Verbraucher nach Ablauf der angemessenen 48-Stunden-Frist, schuldet er dem Bayck eine Entsch\u00e4digung. Sie basiert auf den Kosten, die dem Bayck entstanden sind. Wenn der Verbraucher noch keinen endg\u00fcltigen Termin f\u00fcr die Lieferung des von ihm bestellten Produkts oder die Erbringung der Dienstleistung vereinbart hat, wird eine Entsch\u00e4digung in H\u00f6he von 10 % des Gesamtkaufpreises f\u00e4llig. Hat der Verbraucher einen festen Termin f\u00fcr die Lieferung des von ihm bestellten Produkts oder die Erbringung der Dienstleistung vereinbart, wird eine Entsch\u00e4digung in H\u00f6he von 30 % des Gesamtkaufpreises f\u00e4llig. Wenn der Verbraucher am Tag der Lieferung des vom Verbraucher bestellten Produkts oder der Dienstleistung seinen Wunsch \u00e4u\u00dfert, den Vertrag aufzul\u00f6sen, schuldet er dem Bayck eine Entsch\u00e4digung von 50 %.<\/li>\n<\/ol>\n<ol start=\"5\">\n<li>Das Bayck zieht die Kaution von der dem Verbraucher zustehenden Entsch\u00e4digung ab, wie in Absatz 5 angegeben. Wenn die Entsch\u00e4digung die Kaution \u00fcbersteigt, erh\u00e4lt der Verbraucher eine Rechnung \u00fcber den Differenzbetrag.<\/li>\n<\/ol>\n<p>Artikel 7 &#8211; Service und Garantie<\/p>\n<p>Allgemein<\/p>\n<p>Die in dieser Ziffer 7 genannten Garantiebedingungen gelten f\u00fcr neue Elektrofahrr\u00e4der (&#8222;E-Bikes&#8220;), die ein Verbraucher direkt bei Bayck und mit dem Originalkaufbeleg von Bayck erworben hat;<\/p>\n<ol>\n<li>Lieferung von neuen Produkten<\/li>\n<li>Die Auslieferung von Neuprodukten darf erst erfolgen, wenn die Checkliste f\u00fcr Bayck-E-Bikes von Bayck vorschriftsm\u00e4\u00dfig und unter Verwendung des in den Service- und Gew\u00e4hrleistungsbedingungen beschriebenen Auslieferungs-Checkformulars durchgef\u00fchrt wurde.<\/li>\n<\/ol>\n<ol start=\"2\">\n<li>Die kostenlose Erstwartung gilt nicht f\u00fcr Bayck-E-Bikes. Der erste von Bayck offiziell vorgeschriebene Service ist der im Betriebsheft oder Werkstatthandbuch vorgeschriebene Service.<\/li>\n<li>Garantiebedingungen<\/li>\n<li>Bayck garantiert dem K\u00e4ufer dieses von Bayck hergestellten und \u00fcber Bayck gelieferten Produktes eine dem Stand der Technik entsprechende, einwandfreie Herstellung und die Verwendung von Materialien, die den von Bayck gestellten Qualit\u00e4tsanforderungen entsprechen. Der K\u00e4ufer dieses Bayck-Produktes kann daher im Falle von Material- und\/oder Herstellungsfehlern eine kostenlose Reparatur durch eine Bayck-Servicestelle verlangen.<\/li>\n<li>a) Diese Garantie gilt f\u00fcr Bayck-E-Bikes f\u00fcr 24 Monate ab dem Datum, an dem dieses neue Bayck-Produkt vom Bayck an den K\u00e4ufer ausgeliefert wird. Dies gilt ohne Kilometerbegrenzung unter der Voraussetzung, dass das Produkt nach BOVAG-Standards gewartet wurde bzw. die vorgeschriebenen Wartungen fristgerecht von einer offiziellen Bayck-Servicestelle durchgef\u00fchrt wurden und die Pr\u00fcfscheine von diesen Bayck-Servicestellen abgestempelt wurden.<\/li>\n<li>b) Die Entscheidung, ob mangelhafte Teile ersetzt oder repariert werden, liegt bei Bayck. Teile, die im Rahmen der Gew\u00e4hrleistung ersetzt werden, gehen ohne weitere Verg\u00fctung in das Eigentum von Bayck \u00fcber. Wird ein Teil innerhalb der Garantiezeit ausgetauscht oder repariert, endet die Garantie f\u00fcr das ausgetauschte oder reparierte Teil zum gleichen Zeitpunkt wie die urspr\u00fcngliche Garantie. Die mit der Reparatur beauftragte offizielle Bayck-Servicestelle hat keine Vollmacht, im Namen von Bayck rechtsg\u00fcltige Erkl\u00e4rungen zur Reparatur oder zum Austausch abzugeben. Die Entscheidung des Bayck \u00fcber den Garantieantrag wird dem Interessenten schriftlich mitgeteilt.<\/li>\n<\/ol>\n<ol start=\"3\">\n<li>Bayck verpflichtet sich im Rahmen dieser Garantie, Teile, die aufgrund eines Material- und\/oder Produktionsfehlers defekt geworden sind, nach Ermessen von Bayck zu reparieren. F\u00fcr diese Reparatur werden dem Eigent\u00fcmer des betreffenden Produkts keine Kosten f\u00fcr Material und\/oder Arbeit in Rechnung gestellt. Diese Garantie gilt zus\u00e4tzlich zu und unbeschadet des geltenden Verbraucherrechts.<\/li>\n<\/ol>\n<ol start=\"4\">\n<li>Die Garantie gilt nicht in den folgenden F\u00e4llen:<\/li>\n<li>(a) Arbeiten, die nicht von einer offiziellen Bayck-Servicestelle durchgef\u00fchrt werden und daraus resultierende Sch\u00e4den.<\/li>\n<li>(b) Sch\u00e4den, die sich aus der Nichtdurchf\u00fchrung der vom Bayck vorgeschriebenen regelm\u00e4\u00dfigen Wartungsarbeiten ergeben.<\/li>\n<li>c) Sch\u00e4den infolge von Reparatur- oder Wartungsarbeiten, die nicht nach den von Bayck vorgegebenen Richtlinien durchgef\u00fchrt wurden.<\/li>\n<li>d) Sch\u00e4den, die sich aus der Verwendung des Fahrzeugs bei Wettbewerben, Rennen oder Rallyes oder sonstiger unsachgem\u00e4\u00dfer Verwendung ergeben, unabh\u00e4ngig davon, ob es sich um Orte handelt, die nicht f\u00fcr den Verkehr bestimmt sind.<\/li>\n<li>e) Sch\u00e4den, die durch einen Gebrauch entstehen, der von den Angaben in der Gebrauchsanweisung abweicht oder die von Bayck angegebenen Grenzen oder Spezifikationen \u00fcberschreitet.<\/li>\n<li>f) Sch\u00e4den, die auf die Verwendung von Nicht-Originalteilen zur\u00fcckzuf\u00fchren sind, die von den Anweisungen in der Gebrauchsanweisung abweichen.<\/li>\n<li>g) Sch\u00e4den, die durch Ver\u00e4nderungen am Fahrzeug entstehen (Motortuning, Leistungsver\u00e4nderungen, Beleuchtungs\u00e4nderungen und andere Ver\u00e4nderungen).<\/li>\n<li>h) Sch\u00e4den infolge normaler Alterung (z. B. nat\u00fcrliche Verf\u00e4rbung von lackierten oder verchromten Oberfl\u00e4chen und sonstige Alterung).<\/li>\n<li>(i) \u00c4sthetische \u00c4nderungen, die die Leistung nicht beeintr\u00e4chtigen.<\/li>\n<li>(j) Sch\u00e4den, die durch unsachgem\u00e4\u00dfe Lagerung oder Transport entstanden sind. k)Verschlei\u00dfteile: &#8222;Ersatzteile&#8220; Antriebsketten, Bremsbel\u00e4ge, Bremsbacken, Reibmaterialien, Batterien, Lampen, Sicherungen, Antriebsriemen, Reifen und andere Gummiteile.<\/li>\n<\/ol>\n<ol>\n<li>(l) Reinigung, Inspektionen, Einstellungen und andere Wartungsarbeiten.<\/li>\n<li>(m) Zus\u00e4tzliche Kosten, wie z. B.: zus\u00e4tzliche Kosten f\u00fcr Kommunikation, Unterkunft, Verpflegung und andere Ausgaben, die sich aus dem Ausfall der Nutzung des Bayck-Produkts ergeben, Entsch\u00e4digung f\u00fcr Zeitverlust, Unannehmlichkeiten, wirtschaftliche Verluste oder die Kosten f\u00fcr die Anmietung eines Ersatztransportmittels w\u00e4hrend der Reparatur.<\/li>\n<li>Recht auf Schadenersatz: Das Recht auf Schadenersatz im Rahmen der Garantiebestimmungen ist ausschlie\u00dflich dem Eigent\u00fcmer des Produkts vorbehalten. Dieses Recht kann daher von keiner anderen Person oder Einrichtung in Anspruch genommen werden.<\/li>\n<\/ol>\n<ol start=\"6\">\n<li>Beurteilung von Gew\u00e4hrleistungsanspr\u00fcchen: Die Firma Bayck beh\u00e4lt sich das Recht vor, \u00fcber alle Gew\u00e4hrleistungsanspr\u00fcche abschlie\u00dfend zu entscheiden.<\/li>\n<\/ol>\n<ol start=\"7\">\n<li>Diese Garantie tritt an die Stelle jeder anderen Garantie oder Bedingung, einschlie\u00dflich der Eignung f\u00fcr einen bestimmten Zweck. Die Rechte aus dieser Garantie sind ausschlie\u00dflich, und weder Bayck noch der Bevollm\u00e4chtigte von Bayck \u00fcbernehmen weitere Verpflichtungen oder bevollm\u00e4chtigen andere Personen dazu.<\/li>\n<li>Die Garantie gilt nur f\u00fcr Elektrofahrr\u00e4der, die von Bayck in einem der EU-L\u00e4nder bzw. -Staaten auf den europ\u00e4ischen Markt gebracht wurden.<\/li>\n<li>Reparaturen: Garantiereparaturen d\u00fcrfen nur von offiziellen Bayck-Service-Stellen durchgef\u00fchrt werden.<\/li>\n<\/ol>\n<ol>\n<li>\u00dcbertragbarkeit der Garantie: Die Garantiezeit gilt unabh\u00e4ngig davon, ob das Produkt im Besitz des ersten oder eines nachfolgenden Eigent\u00fcmers ist. Die Garantie geht auf jeden nachfolgenden Besitzer \u00fcber, solange das Bayck-Produkt unter der Herstellergarantie steht.<\/li>\n<li>Parallelimport: Das Bayck \u00fcbernimmt keine Garantie f\u00fcr sogenannte parallel importierte E-Bikes.<\/li>\n<\/ol>\n<p>Artikel 8 &#8211; Zahlung<\/p>\n<ol>\n<li>Sofern nicht anders vereinbart, muss die Zahlung vor Auslieferung der Ware auf dem Konto von Bayck gutgeschrieben sein.<\/li>\n<li>Wenn der Verbraucher den Wunsch ge\u00e4u\u00dfert hat, das von ihm bestellte Produkt und\/oder die Dienstleistung zu versichern, wird dieser Betrag (die Versicherungspr\u00e4mie f\u00fcr die 12-monatige Laufzeit) an das Bayck gezahlt. F\u00fcr diesen Dienst gelten die f\u00fcr sie geltenden allgemeinen Gesch\u00e4ftsbedingungen. Bayck ist nur ein Vermittler und kann nicht f\u00fcr Fehler oder Unzul\u00e4nglichkeiten beim Betrieb des Dienstes und\/oder des Produkts haftbar gemacht werden.<\/li>\n<\/ol>\n<p>Artikel 9 &#8211; Lieferung<\/p>\n<ol>\n<li>Die von Bayck angegebenen Lieferfristen sind Richtwerte, eine angegebene Lieferfrist stellt keine Ausschlussfrist im Sinne von Artikel 6:83(a) des niederl\u00e4ndischen B\u00fcrgerlichen Gesetzbuchs dar, sofern sie 120 Tage nach Vertragsabschluss nicht \u00fcberschreitet. Wenn sich die Lieferung verz\u00f6gert oder nur teilweise ausgef\u00fchrt werden kann, wird der Verbraucher innerhalb von 30 Tagen benachrichtigt.<\/li>\n<li>Bayck wird bei der Entgegennahme und Ausf\u00fchrung der Bestellung von Produkten mit gr\u00f6\u00dfter Sorgfalt vorgehen.<\/li>\n<li>Der Ort der Lieferung ist die Adresse, die der Verbraucher dem Bayck mitgeteilt hat.<\/li>\n<li>Termine f\u00fcr die Lieferung oder Abholung eines Produkts oder f\u00fcr Arbeiten im Sinne von Artikel 7 Absatz 12 k\u00f6nnen sp\u00e4testens 2 Arbeitstage im Voraus kostenlos storniert werden. Das Bayck ist berechtigt, f\u00fcr einen nicht rechtzeitig abgesagten oder nicht eingehaltenen Termin eine Geb\u00fchr von 59,50 \u20ac zu berechnen.<\/li>\n<\/ol>\n<ol start=\"5\">\n<li>Sollte die Lieferung eines gekauften Produktes nicht m\u00f6glich sein, bem\u00fcht sich Bayck um die Bereitstellung eines Ersatzproduktes. Sp\u00e4testens bei der Lieferung wird dem Verbraucher klar und verst\u00e4ndlich mitgeteilt, dass es sich um ein Ersatzprodukt handelt.<\/li>\n<li>Bayck k\u00fcmmert sich um die Lieferung des Produkts in den Niederlanden und Belgien.<\/li>\n<\/ol>\n<p>Artikel 10 &#8211; Eigentumsvorbehalt<\/p>\n<ol>\n<li>Alle von Bayck gelieferten Produkte bleiben Eigentum von Bayck, bis der Verbraucher alle seine Forderungen aus dem Vertrag vollst\u00e4ndig bezahlt hat.<\/li>\n<li>Das Bayck geht ab dem Zeitpunkt der Lieferung auf das Risiko des K\u00e4ufers. Im Falle des Untergangs oder der Verschlechterung der gelieferten Ware aus einem Grund, den der Verk\u00e4ufer nicht zu vertreten hat, bleibt der Kaufpreis in voller H\u00f6he f\u00e4llig.<\/li>\n<li>Solange das Eigentum an den gelieferten Produkten nicht auf den Verbraucher \u00fcbergegangen ist, darf der Verbraucher die Produkte nicht verpf\u00e4nden oder andere Sicherungsrechte an diesen Gegenst\u00e4nden begr\u00fcnden.<\/li>\n<\/ol>\n<p>Artikel 11 &#8211; Beschwerden und Beschwerdeverfahren<\/p>\n<ol>\n<li>Reklamationen \u00fcber die Erf\u00fcllung des Vertrages sind innerhalb einer angemessenen Frist, nachdem der Verbraucher die M\u00e4ngel festgestellt hat, an Bayck zu richten, und zwar vollst\u00e4ndig und klar beschrieben an: <a href=\"mailto:service@bayck.com\">service@bayck.com.<\/a> Der Verbraucher kann sich nicht darauf berufen, dass die gelieferte Ware nicht vertragsgem\u00e4\u00df ist, wenn er diese Untersuchung unterl\u00e4sst oder dem Bayck die M\u00e4ngel nicht innerhalb einer angemessenen Frist mitteilt.<\/li>\n<\/ol>\n<ol start=\"2\">\n<li>Im Falle einer rechtzeitigen Beanstandung muss der Verbraucher dem Bayck die M\u00f6glichkeit geben, die Begr\u00fcndetheit der Beanstandung zu pr\u00fcfen (oder pr\u00fcfen zu lassen). Im Falle einer berechtigten Beanstandung hat der Verbraucher dem Bayck eine angemessene Frist zur Nachbesserung oder Ersatzlieferung zu setzen.<\/li>\n<li>Wenn Sie mit der L\u00f6sung nicht einverstanden sind oder wir nicht gemeinsam zu einer L\u00f6sung kommen? Dann k\u00f6nnen Sie sich mit Ihrer Beschwerde \u00fcber die Europ\u00e4ische OS-Plattform an die Streitbeilegungskommission wenden.<\/li>\n<\/ol>\n<p>Artikel 12 &#8211; Streitigkeiten<\/p>\n<ol>\n<li>Diese Vereinbarung unterliegt dem niederl\u00e4ndischen Recht.<\/li>\n<li>Soweit nicht zwingende Vorschriften entgegenstehen, ist das Gericht zust\u00e4ndig, in dessen Bezirk das Bayck seinen Sitz hat.<\/li>\n<\/ol>\n<p>Artikel 13 &#8211; Schlussbestimmungen<\/p>\n<ol>\n<li>Bayck ist berechtigt, diese Allgemeinen Gesch\u00e4ftsbedingungen zu \u00e4ndern.<\/li>\n<li>\u00c4nderungen dieser Bedingungen werden erst wirksam, nachdem sie in geeigneter Weise ver\u00f6ffentlicht worden sind.Finlandweg 10a<\/li>\n<\/ol>\t\t\t\t\t\t\t\t<\/div>\n\t\t\t\t<\/div>\n\t\t\t\t\t<\/div>\n\t\t<\/div>\n\t\t\t\t\t<\/div>\n\t\t<\/section>\n\t\t\t\t<section class=\"elementor-section elementor-top-section elementor-element elementor-element-b50ac23 elementor-section-boxed elementor-section-height-default elementor-section-height-default\" data-id=\"b50ac23\" data-element_type=\"section\" data-e-type=\"section\">\n\t\t\t\t\t\t<div class=\"elementor-container elementor-column-gap-default\">\n\t\t\t\t\t<div class=\"elementor-column elementor-col-100 elementor-top-column elementor-element elementor-element-e99aa5f\" data-id=\"e99aa5f\" data-element_type=\"column\" data-e-type=\"column\">\n\t\t\t<div class=\"elementor-widget-wrap elementor-element-populated\">\n\t\t\t\t\t\t<div class=\"elementor-element elementor-element-61613a7 elementor-widget elementor-widget-text-editor\" data-id=\"61613a7\" data-element_type=\"widget\" data-e-type=\"widget\" data-widget_type=\"text-editor.default\">\n\t\t\t\t<div class=\"elementor-widget-container\">\n\t\t\t\t\t\t\t\t\t<p>Laden Sie die allgemeinen Gesch\u00e4ftsbedingungen <a href=\"https:\/\/acc.bayck.com\/wp-content\/uploads\/2020\/11\/algemene-voorwaarden-Bayck-.pdf\">hier<\/a> herunter  <\/p>\n\t\t\t\t\t\t\t\t<\/div>\n\t\t\t\t<\/div>\n\t\t\t\t\t<\/div>\n\t\t<\/div>\n\t\t\t\t\t<\/div>\n\t\t<\/section>\n\t\t\t\t<\/div>\n\t\t","protected":false},"excerpt":{"rendered":"<p>ALLGEMEINE GESCH\u00c4FTSBEDINGUNGEN BAYCK B.V. Artikel 1 &#8211; Begriffsbestimmungen In diesen Bedingungen gelten die folgenden Definitionen: Verbraucher: jede nat\u00fcrliche Person, die nicht zu Zwecken handelt, die mit ihrem Handel, Gewerbe, Handwerk oder Beruf zusammenh\u00e4ngen; Au\u00dferhalb von Gesch\u00e4ftsr\u00e4umen geschlossener Vertrag: jeder Vertrag zwischen Bayck und dem Verbraucher, der an einem anderen Ort als den Verkaufsr\u00e4umen von Bayck [&hellip;]<\/p>\n","protected":false},"author":1,"featured_media":0,"parent":0,"menu_order":0,"comment_status":"closed","ping_status":"closed","template":"","meta":{"_acf_changed":false,"footnotes":""},"class_list":["post-7185","page","type-page","status-publish","hentry"],"acf":[],"_links":{"self":[{"href":"https:\/\/bayck.com\/de\/wp-json\/wp\/v2\/pages\/7185","targetHints":{"allow":["GET"]}}],"collection":[{"href":"https:\/\/bayck.com\/de\/wp-json\/wp\/v2\/pages"}],"about":[{"href":"https:\/\/bayck.com\/de\/wp-json\/wp\/v2\/types\/page"}],"author":[{"embeddable":true,"href":"https:\/\/bayck.com\/de\/wp-json\/wp\/v2\/users\/1"}],"replies":[{"embeddable":true,"href":"https:\/\/bayck.com\/de\/wp-json\/wp\/v2\/comments?post=7185"}],"version-history":[{"count":5,"href":"https:\/\/bayck.com\/de\/wp-json\/wp\/v2\/pages\/7185\/revisions"}],"predecessor-version":[{"id":13134,"href":"https:\/\/bayck.com\/de\/wp-json\/wp\/v2\/pages\/7185\/revisions\/13134"}],"wp:attachment":[{"href":"https:\/\/bayck.com\/de\/wp-json\/wp\/v2\/media?parent=7185"}],"curies":[{"name":"wp","href":"https:\/\/api.w.org\/{rel}","templated":true}]}}