{"id":7196,"date":"2023-03-31T22:29:38","date_gmt":"2023-03-31T22:29:38","guid":{"rendered":"https:\/\/bayck.com\/checkout-seite"},"modified":"2023-03-31T22:29:38","modified_gmt":"2023-03-31T22:29:38","slug":"checkout-seite","status":"publish","type":"page","link":"https:\/\/bayck.com\/de\/checkout-seite","title":{"rendered":"Checkout-Seite"},"content":{"rendered":"<style>\n                    .woocommerce .blockUI.blockOverlay:before {<br \/>\n                        background-image: url('\/home\/bayck\/domains\/acc.bayck.com\/public_html\/wp-content\/plugins\/woocommerce\/assets\/images\/icons\/loader.svg') center center !important;<br \/>\n                    }<br \/>\n                <\/style>\n<h3 id=\"order_review_heading\">Ihre Bestellung<\/h3>\n<ul>\n<li>Einkaufswagen<br \/>\nNummer<br \/>\nPreis<\/li>\n<li><img fetchpriority=\"high\" decoding=\"async\" src=\"https:\/\/bayck.com\/wp-content\/uploads\/2020\/11\/B03A09F03P0029-300x300.png\" sizes=\"(max-width: 300px) 100vw, 300px\" srcset=\"https:\/\/bayck.com\/wp-content\/uploads\/2020\/11\/B03A09F03P0029-300x300.png 300w, https:\/\/bayck.com\/wp-content\/uploads\/2020\/11\/B03A09F03P0029-150x150.png 150w, https:\/\/bayck.com\/wp-content\/uploads\/2020\/11\/B03A09F03P0029-100x100.png 100w\" alt=\"\" width=\"300\" height=\"300\"><br \/>\nBayck mit Kotfl\u00fcgeln\/R\u00fccktr\u00e4ger Stadttransporter<br \/>\n2<br \/>\n<bdi>\u20ac10.00<\/bdi><\/li>\n<\/ul>\n<p><a href=\"https:\/\/bayck.com\/winkel\"><br \/>\nWeiter einkaufen  <\/a><br \/>\nZwischensumme<br \/>\n<bdi>\u20ac10.00<\/bdi><br \/>\nInsgesamt<br \/>\n<strong><bdi>\u20ac10.00<\/bdi><\/strong><\/p>\n<h3 id=\"order_review_heading\">Ihre Bestellung<\/h3>\n<ul>\n<li>Einkaufswagen<br \/>\nNummer<br \/>\nPreis<\/li>\n<li><img fetchpriority=\"high\" decoding=\"async\" src=\"https:\/\/bayck.com\/wp-content\/uploads\/2020\/11\/B03A09F03P0029-300x300.png\" sizes=\"(max-width: 300px) 100vw, 300px\" srcset=\"https:\/\/bayck.com\/wp-content\/uploads\/2020\/11\/B03A09F03P0029-300x300.png 300w, https:\/\/bayck.com\/wp-content\/uploads\/2020\/11\/B03A09F03P0029-150x150.png 150w, https:\/\/bayck.com\/wp-content\/uploads\/2020\/11\/B03A09F03P0029-100x100.png 100w\" alt=\"\" width=\"300\" height=\"300\"><br \/>\nBayck mit Kotfl\u00fcgeln\/R\u00fccktr\u00e4ger Stadttransporter<br \/>\n2<br \/>\n<bdi>\u20ac10.00<\/bdi><\/li>\n<\/ul>\n<p><a href=\"https:\/\/bayck.com\/winkel\"><br \/>\nWeiter einkaufen  <\/a><br \/>\nZwischensumme<br \/>\n<bdi>\u20ac10.00<\/bdi><br \/>\nInsgesamt<br \/>\n<strong><bdi>\u20ac10.00<\/bdi><\/strong><\/p>\n<h3 id=\"order_review_heading\">Ihre Bestellung<\/h3>\n<ul>\n<li>Einkaufswagen<br \/>\nNummer<br \/>\nPreis<\/li>\n<li><img fetchpriority=\"high\" decoding=\"async\" src=\"https:\/\/bayck.com\/wp-content\/uploads\/2020\/11\/B03A09F03P0029-300x300.png\" sizes=\"(max-width: 300px) 100vw, 300px\" srcset=\"https:\/\/bayck.com\/wp-content\/uploads\/2020\/11\/B03A09F03P0029-300x300.png 300w, https:\/\/bayck.com\/wp-content\/uploads\/2020\/11\/B03A09F03P0029-150x150.png 150w, https:\/\/bayck.com\/wp-content\/uploads\/2020\/11\/B03A09F03P0029-100x100.png 100w\" alt=\"\" width=\"300\" height=\"300\"><br \/>\nBayck mit Kotfl\u00fcgeln\/R\u00fccktr\u00e4ger Stadttransporter<br \/>\n2<br \/>\n<bdi>\u20ac10.00<\/bdi><\/li>\n<\/ul>\n<p><a href=\"https:\/\/bayck.com\/winkel\"><br \/>\nWeiter einkaufen  <\/a><br \/>\nZwischensumme<br \/>\n<bdi>\u20ac10.00<\/bdi><br \/>\nInsgesamt<br \/>\n<strong><bdi>\u20ac10.00<\/bdi><\/strong><br \/>\nHaben Sie einen Coupon?  <a href=\"#\">Klicken Sie hier, um Ihren Code einzugeben<\/a><\/p>\n<form style=\"display: none;\" method=\"post\">Wenn Sie einen Gutscheincode haben, wenden Sie ihn bitte unten an.<\/p>\n<p><input id=\"coupon_code\" name=\"coupon_code\" type=\"text\" value=\"\" placeholder=\"Kupon-Code\"><\/p>\n<p><button name=\"apply_coupon\" type=\"submit\" value=\"Coupon anwenden\">Coupon anwenden<\/button><\/p>\n<\/form>\n<p>Haben Sie einen Coupon?  <a href=\"#\">Klicken Sie hier, um Ihren Code einzugeben<\/a><\/p>\n<form style=\"display: none;\" method=\"post\">Wenn Sie einen Gutscheincode haben, wenden Sie ihn bitte unten an.<\/p>\n<p><input id=\"coupon_code\" name=\"coupon_code\" type=\"text\" value=\"\" placeholder=\"Kupon-Code\"><\/p>\n<p><button name=\"apply_coupon\" type=\"submit\" value=\"Coupon anwenden\">Coupon anwenden<\/button><\/p>\n<\/form>\n<p>Haben Sie einen Coupon?  <a href=\"#\">Klicken Sie hier, um Ihren Code einzugeben<\/a><\/p>\n<form style=\"display: none;\" method=\"post\">Wenn Sie einen Gutscheincode haben, wenden Sie ihn bitte unten an.<\/p>\n<p><input id=\"coupon_code\" name=\"coupon_code\" type=\"text\" value=\"\" placeholder=\"Kupon-Code\"><\/p>\n<p><button name=\"apply_coupon\" type=\"submit\" value=\"Coupon anwenden\">Coupon anwenden<\/button><\/p>\n<\/form>\n<form action=\"https:\/\/bayck.com\/afrekenen\" enctype=\"multipart\/form-data\" method=\"post\" name=\"checkout\">\n<h3>Angaben zur Rechnungsstellung<\/h3>\n<p id=\"billing_first_name_field\" data-priority=\"10\"><label for=\"billing_first_name\">Vorname <abbr title=\"erforderlich\">*<\/abbr><\/label><input id=\"billing_first_name\" style=\"background-image: url('data:image\/png;base64,iVBORw0KGgoAAAANSUhEUgAAACAAAAAgCAYAAABzenr0AAAAAXNSR0IArs4c6QAAAfBJREFUWAntVk1OwkAUZkoDKza4Utm61iP0AqyIDXahN2BjwiHYGU+gizap4QDuegWN7lyCbMSlCQjU7yO0TOlAi6GwgJc0fT\/fzPfmzet0crmD7HsFBAvQbrcrw+Gw5fu+AfOYvgylJ4TwCoVCs1ardYTruqfj8fgV5OUMSVVT93VdP9dAzpVvm5wJHZFbg2LQ2pEYOlZ\/oiDvwNcsFoseY4PBwMCrhaeCJyKWZU37KOJcYdi27QdhcuuBIb073BvTNL8ln4NeeR6NRi\/wxZKQcGurQs5oNhqLshzVTMBewW\/LMU3TTNlO0ieTiStjYhUIyi6DAp0xbEdgTt+LE0aCKQw24U4llsCs4ZRJrYopB6RwqnpA1YQ5NGFZ1YQ41Z5S8IQQdP5laEBRJcD4Vj5DEsW2gE6s6g3d\/YP\/g+BDnT7GNi2qCjTwGd6riBzHaaCEd3Js01vwCPIbmWBRx1nwAN\/1ov+\/drgFWIlfKpVukyYihtgkXNp4mABK+1GtVr+SBhJDbBIubVw+Cd\/TDgKO2DPiN3YUo6y\/nDCNEIsqTKH1en2tcwA9FKEItyDi3aIh8Gl1sRrVnSDzNFDJT1bAy5xpOYGn5fP5JuL95ZjMIn1ya7j5dPGfv0A5eAnpZUY3n5jXcoec5J67D9q+VuAPM47D3XaSeL4AAAAASUVORK5CYII='); background-repeat: no-repeat; background-attachment: scroll; background-size: 16px 18px; background-position: 98% 50%;\" autocomplete=\"given-name\" name=\"billing_first_name\" type=\"text\" value=\"\" placeholder=\"\"><\/p>\n<p id=\"billing_last_name_field\" data-priority=\"20\"><label for=\"billing_last_name\">Nachname <abbr title=\"erforderlich\">*<\/abbr><\/label><input id=\"billing_last_name\" autocomplete=\"family-name\" name=\"billing_last_name\" type=\"text\" value=\"\" placeholder=\"\"><\/p>\n<p id=\"billing_company_field\" data-priority=\"30\"><label for=\"billing_company\">Firmenname (optional)<\/label><input id=\"billing_company\" autocomplete=\"organization\" name=\"billing_company\" type=\"text\" value=\"\" placeholder=\"\"><\/p>\n<p id=\"billing_country_field\" data-priority=\"40\"><label for=\"billing_country\">Land \/ Region <abbr title=\"erforderlich\">*<\/abbr><\/label><select id=\"billing_country\" name=\"billing_country\"><option value=\"Standard\">W\u00e4hlen Sie ein Land \/ eine Region&#8230;<\/option><option value=\"AF\">Afghanistan<\/option><option value=\"AX\">\u00c5land-Inseln<\/option><option value=\"AL\">Albanien<\/option><option value=\"DZ\">Algerien<\/option><option value=\"AS\">Amerikanisch-Samoa<\/option><option value=\"AD\">Andorra<\/option><option value=\"AO\">Angola<\/option><option value=\"AI\">Anguilla<\/option><option value=\"AQ\">Antarktis<\/option><option value=\"AG\">Antigua und Barbuda<\/option><option value=\"AR\">Argentinien<\/option><option value=\"AM\">Armenien<\/option><option value=\"AW\">Aruba<\/option><option value=\"AU\">Australien<\/option><option value=\"AT\">\u00d6sterreich<\/option><option value=\"AZ\">Aserbaidschan<\/option><option value=\"BS\">Bahamas<\/option><option value=\"BRA\">Bahrain<\/option><option value=\"BD\">Bangladesch<\/option><option value=\"BB\">Barbados<\/option><option value=\"BY\">Wei\u00dfrussland<\/option><option value=\"PW\">Belau<\/option><option value=\"BE\">Belgien<\/option><option value=\"BZ\">Belize<\/option><option value=\"BJ\">Benin<\/option><option value=\"BM\">Bermuda<\/option><option value=\"BT\">Bhutan<\/option><option value=\"BO\">Bolivien<\/option><option value=\"BQ\">Bonaire, St. Eustatius und Saba<\/option><option value=\"BA\">Bosnien und Herzegowina<\/option><option value=\"BW\">Botswana<\/option><option value=\"BV\">Bouvetinsel<\/option><option value=\"BR\">Brasilien<\/option><option value=\"IO\">Britisches Territorium im Indischen Ozean<\/option><option value=\"BN\">Brunei<\/option><option value=\"BG\">Bulgarien<\/option><option value=\"BF\">Burkina Faso<\/option><option value=\"BI\">Burundi<\/option><option value=\"KH\">Kambodscha<\/option><option value=\"CM\">Kamerun<\/option><option value=\"CA\">Kanada<\/option><option value=\"CV\">Kap Verde<\/option><option value=\"KY\">Kaimaninseln<\/option><option value=\"CF\">Zentralafrikanische Republik<\/option><option value=\"TD\">Chad<\/option><option value=\"CL\">Chile<\/option><option value=\"CN\">China<\/option><option value=\"CX\">Weihnachtsinsel<\/option><option value=\"CC\">Cocos (Keeling) Inseln<\/option><option value=\"CO\">Kolumbien<\/option><option value=\"KM\">Komoren<\/option><option value=\"CG\">Kongo (Brazzaville)<\/option><option value=\"CD\">Kongo (Kinshasa)<\/option><option value=\"CK\">Cookinseln<\/option><option value=\"CR\">Costa Rica<\/option><option value=\"HR\">Kroatien<\/option><option value=\"CU\">Kuba<\/option><option value=\"CW\">Cura\u00e7ao<\/option><option value=\"CY\">Zypern<\/option><option value=\"CZ\">Tschechische Republik<\/option><option value=\"DK\">D\u00e4nemark<\/option><option value=\"DJ\">Dschibuti<\/option><option value=\"DM\">Dominica<\/option><option value=\"DO\">Dominikanische Republik<\/option><option value=\"EC\">Ecuador<\/option><option value=\"EC\">\u00c4gypten<\/option><option value=\"SV\">El Salvador<\/option><option value=\"GQ\">\u00c4quatorialguinea<\/option><option value=\"ER\">Eritrea<\/option><option value=\"EE\">Estland<\/option><option value=\"ET\">\u00c4thiopien<\/option><option value=\"FK\">Falklandinseln<\/option><option value=\"FO\">F\u00e4r\u00f6er Inseln<\/option><option value=\"FJ\">Fidschi<\/option><option value=\"FI\">Finnland<\/option><option value=\"FR\">Frankreich<\/option><option value=\"GF\">Franz\u00f6sisch-Guayana<\/option><option value=\"PF\">Franz\u00f6sisch-Polynesien<\/option><option value=\"TF\">Franz\u00f6sische S\u00fcd-Territorien<\/option><option value=\"GO\">Gabun<\/option><option value=\"GM\">Gambia<\/option><option value=\"GE\">Georgien<\/option><option value=\"DIE\">Deutschland<\/option><option value=\"GH\">Ghana<\/option><option value=\"GI\">Gibraltar<\/option><option value=\"GR\">Griechenland<\/option><option value=\"GL\">Gr\u00f6nland<\/option><option value=\"GD\">Grenada<\/option><option value=\"GP\">Guadeloupe<\/option><option value=\"GU\">Guam<\/option><option value=\"GT\">Guatemala<\/option><option value=\"GG\">Guernsey<\/option><option value=\"GN\">Guinea<\/option><option value=\"GW\">Guinea-Bissau<\/option><option value=\"GY\">Guyana<\/option><option value=\"HT\">Haiti<\/option><option value=\"HM\">Heard-Insel und McDonald-Inseln<\/option><option value=\"HN\">Honduras<\/option><option value=\"HK\">Hongkong<\/option><option value=\"HU\">Ungarn<\/option><option value=\"IS\">Island<\/option><option value=\"IN\">Indien<\/option><option value=\"ID\">Indonesien<\/option><option value=\"IR\">Iran<\/option><option value=\"IQ\">Irak<\/option><option value=\"IE\">Irland<\/option><option value=\"IM\">Isle of Man<\/option><option value=\"IL\">Israel<\/option><option value=\"IT\">Italien<\/option><option value=\"CI\">Elfenbeink\u00fcste<\/option><option value=\"JM\">Jamaika<\/option><option value=\"JP\">Japan<\/option><option value=\"JE\">Jersey<\/option><option value=\"JO\">Jordanien<\/option><option value=\"KZ\">Kasachstan<\/option><option value=\"KE\">Kenia<\/option><option value=\"KI\">Kiribati<\/option><option value=\"KW\">Kuwait<\/option><option value=\"KG\">Kirgisistan<\/option><option value=\"LA\">Laos<\/option><option value=\"LV\">Lettland<\/option><option value=\"LB\">Libanon<\/option><option value=\"LS\">Lesotho<\/option><option value=\"LR\">Liberia<\/option><option value=\"LY\">Libyen<\/option><option value=\"LI\">Liechtenstein<\/option><option value=\"LT\">Litauen<\/option><option value=\"LU\">Luxemburg<\/option><option value=\"MO\">Macao<\/option><option value=\"MG\">Madagaskar<\/option><option value=\"MW\">Malawi<\/option><option value=\"MEIN\">Malaysia<\/option><option value=\"MV\">Malediven<\/option><option value=\"ML\">Mali<\/option><option value=\"MT\">Malta<\/option><option value=\"MH\">Marshallinseln<\/option><option value=\"MQ\">Martinique<\/option><option value=\"MR\">Mauretanien<\/option><option value=\"MU\">Mauritius<\/option><option value=\"YT\">Mayotte<\/option><option value=\"MX\">Mexiko<\/option><option value=\"FM\">Mikronesien<\/option><option value=\"MD\">Moldawien<\/option><option value=\"MC\">Monaco<\/option><option value=\"MN\">Mongolei<\/option><option value=\"ME\">Montenegro<\/option><option value=\"MS\">Montserrat<\/option><option value=\"MA\">Marokko<\/option><option value=\"MZ\">Mosambik<\/option><option value=\"MM\">Myanmar<\/option><option value=\"NACH\">Namibia<\/option><option value=\"NR\">Nauru<\/option><option value=\"NP\">Nepal<\/option><option selected value=\"DE\">Niederlande<\/option><option value=\"NC\">Neukaledonien<\/option><option value=\"NZ\">Neuseeland<\/option><option value=\"NI\">Nicaragua<\/option><option value=\"NE\">Niger<\/option><option value=\"NG\">Nigeria<\/option><option value=\"JETZT\">Niue<\/option><option value=\"NF\">Norfolkinsel<\/option><option value=\"KP\">Nordkorea<\/option><option value=\"MK\">Nordmazedonien<\/option><option value=\"MP\">N\u00f6rdliche Marianen<\/option><option value=\"NO\">Norwegen<\/option><option value=\"OM\">Oman<\/option><option value=\"PK\">Pakistan<\/option><option value=\"PS\">Pal\u00e4stinensisches Autonomiegebiet<\/option><option value=\"PA\">Panama<\/option><option value=\"PG\">Papua-Neuguinea<\/option><option value=\"PY\">Paraguay<\/option><option value=\"PE\">Peru<\/option><option value=\"PH\">Philippinen<\/option><option value=\"PN\">Pitcairn<\/option><option value=\"PL\">Polen<\/option><option value=\"PT\">Portugal<\/option><option value=\"PR\">Puerto Rico<\/option><option value=\"QA\">Katar<\/option><option value=\"RE\">Wiedersehen<\/option><option value=\"RO\">Rum\u00e4nien<\/option><option value=\"RU\">Russland<\/option><option value=\"RW\">Ruanda<\/option><option value=\"ST\">S\u00e3o Tom\u00e9 und Pr\u00edncipe<\/option><option value=\"BL\">St. Barth\u00e9lemy<\/option><option value=\"SH\">Sankt Helena<\/option><option value=\"KN\">St. Kitts und Nevis<\/option><option value=\"LC\">St. Lucia<\/option><option value=\"SX\">St. Martin (niederl\u00e4ndischer Teil)<\/option><option value=\"MF\">St. Martin (franz\u00f6sischer Teil)<\/option><option value=\"PM\">St. Pierre und Miquelon<\/option><option value=\"VC\">St. Vincent und die Grenadinen<\/option><option value=\"WS\">Samoa<\/option><option value=\"SM\">San Marino<\/option><option value=\"SA\">Saudi-Arabien<\/option><option value=\"SN\">Senegal<\/option><option value=\"RS\">Serbien<\/option><option value=\"SC\">Seychellen<\/option><option value=\"SL\">Sierra Leone<\/option><option value=\"SG\">Singapur<\/option><option value=\"SK\">Slowakei<\/option><option value=\"SI\">Slowenien<\/option><option value=\"SB\">Salomoninseln<\/option><option value=\"SO\">Somalia<\/option><option value=\"ZA\">S\u00fcdafrika<\/option><option value=\"GS\">S\u00fcdgeorgien\/Sandwichinseln<\/option><option value=\"KR\">S\u00fcdkorea<\/option><option value=\"SS\">S\u00fcdsudan<\/option><option value=\"ES\">Spanien<\/option><option value=\"LK\">Sri Lanka<\/option><option value=\"SD\">Sudan<\/option><option value=\"SR\">Surinam<\/option><option value=\"SJ\">Svalbard und Jan Mayen<\/option><option value=\"SZ\">Swasiland<\/option><option value=\"SE\">Schweden<\/option><option value=\"CH\">Schweiz<\/option><option value=\"SY\">Syrien<\/option><option value=\"TW\">Taiwan<\/option><option value=\"TJ\">Tadschikistan<\/option><option value=\"TZ\">Tansania<\/option><option value=\"TH\">Thailand<\/option><option value=\"TL\">Timor-Leste<\/option><option value=\"TG\">Togo<\/option><option value=\"TK\">Tokelau<\/option><option value=\"AN\">Tonga<\/option><option value=\"TT\">Trinidad und Tobago<\/option><option value=\"TN\">Tunesien<\/option><option value=\"TR\">T\u00fcrkei<\/option><option value=\"TM\">Turkmenistan<\/option><option value=\"TC\">Turks- und Caicosinseln<\/option><option value=\"TV\">Tuvalu<\/option><option value=\"UG\">Uganda<\/option><option value=\"UA\">Ukraine<\/option><option value=\"AE\">Vereinigte Arabische Emirate<\/option><option value=\"GB\">Vereinigtes K\u00f6nigreich (UK)<\/option><option value=\"US\">Vereinigte Staaten (US)<\/option><option value=\"UM\">Vereinigte Staaten (US) Minor Outlying Islands<\/option><option value=\"UY\">Uruguay<\/option><option value=\"UZ\">Usbekistan<\/option><option value=\"VU\">Vanuatu<\/option><option value=\"VA\">Vatikan<\/option><option value=\"VE\">Venezuela<\/option><option value=\"UN\">Vietnam<\/option><option value=\"VG\">Jungferninseln (Britisch)<\/option><option value=\"VI\">Jungferninseln (US)<\/option><option value=\"WF\">Wallis und Futuna<\/option><option value=\"EH\">Westsahara<\/option><option value=\"YE\">Jemen<\/option><option value=\"ZM\">Sambia<\/option><option value=\"SW\">Simbabwe<\/option><\/select><noscript><button type=\"submit\" name=\"woocommerce_checkout_update_totals\" value=\"Land\/Region aktualisieren\">Land\/Region aktualisieren<\/button><\/noscript><\/p>\n<p id=\"billing_address_1_field\" data-priority=\"50\"><label for=\"billing_address_1\">Stra\u00dfe und Hausnummer <abbr title=\"erforderlich\">*<\/abbr><\/label><input id=\"billing_address_1\" autocomplete=\"address-line1\" name=\"billing_address_1\" type=\"text\" value=\"\" placeholder=\"Hausnummer und Stra\u00dfenname\"><\/p>\n<p id=\"billing_address_2_field\" data-priority=\"60\"><label for=\"billing_address_2\">Wohnung, Appartement, Einheit, etc. (fakultativ) (fakultativ)<\/label><input id=\"billing_address_2\" autocomplete=\"address-line2\" name=\"billing_address_2\" type=\"text\" value=\"\" placeholder=\"Wohnung, Appartement, Einheit, etc. (fakultativ)\"><\/p>\n<p id=\"billing_postcode_field\" data-priority=\"65\"><label for=\"billing_postcode\">Postleitzahl\/ZIP <abbr title=\"erforderlich\">*<\/abbr><\/label><input id=\"billing_postcode\" autocomplete=\"postal-code\" name=\"billing_postcode\" type=\"text\" value=\"\" placeholder=\"\"><\/p>\n<p id=\"billing_city_field\" data-priority=\"70\"><label for=\"billing_city\">Stadt \/ Ort <abbr title=\"erforderlich\">*<\/abbr><\/label><input id=\"billing_city\" autocomplete=\"address-level2\" name=\"billing_city\" type=\"text\" value=\"\" placeholder=\"\"><\/p>\n<p id=\"billing_state_field\" style=\"display: none;\"><label for=\"billing_state\">Bundesland (fakultativ)<\/label><input id=\"billing_state\" autocomplete=\"address-level1\" name=\"billing_state\" readonly type=\"hidden\" value=\"\" placeholder=\"\" data-input-classes=\"\"><\/p>\n<p id=\"billing_phone_field\" data-priority=\"100\"><label for=\"billing_phone\">Telefon <abbr title=\"erforderlich\">*<\/abbr><\/label><input id=\"billing_phone\" autocomplete=\"tel\" name=\"billing_phone\" type=\"tel\" value=\"\" placeholder=\"\"><\/p>\n<p id=\"billing_email_field\" data-priority=\"110\"><label for=\"billing_email\">E-Mail Adresse <abbr title=\"erforderlich\">*<\/abbr><\/label><input id=\"billing_email\" autocomplete=\"email username\" name=\"billing_email\" type=\"email\" value=\"developers@relevantonline.eu\" placeholder=\"\"><\/p>\n<h3>Zus\u00e4tzliche Informationen<\/h3>\n<p id=\"order_comments_field\" data-priority=\"\"><label for=\"order_comments\">Bestellhinweise (optional)<\/label><textarea id=\"order_comments\" cols=\"5\" name=\"order_comments\" rows=\"2\" placeholder=\"Anmerkungen zu Ihrer Bestellung, z. B. besondere Hinweise zur Lieferung.\"><\/textarea><\/p>\n<h3 id=\"payment-title\">Zahlungsarten<\/h3>\n<ul>\n<li><input id=\"payment_method_mollie_wc_gateway_belfius\" checked name=\"payment_method\" type=\"radio\" value=\"mollie_wc_gateway_belfius\" data-order_button_text=\"\"><br \/>\n<label for=\"payment_method_mollie_wc_gateway_belfius\"><br \/>\nBelfius Direct Net  <img decoding=\"async\" style=\"width: 32px; vertical-align: bottom;\" src=\"https:\/\/bayck.com\/wp-content\/plugins\/mollie-payments-for-woocommerce\/public\/images\/belfius.svg\"> <\/label><\/li>\n<li><input id=\"payment_method_mollie_wc_gateway_creditcard\" name=\"payment_method\" type=\"radio\" value=\"mollie_wc_gateway_creditcard\" data-order_button_text=\"\"><br \/>\n<label for=\"payment_method_mollie_wc_gateway_creditcard\"><br \/>\nKreditkarte  <img decoding=\"async\" style=\"width: 32px; vertical-align: bottom;\" src=\"https:\/\/bayck.com\/wp-content\/plugins\/mollie-payments-for-woocommerce\/public\/images\/creditcard.svg\"> <\/label><\/li>\n<li><input id=\"payment_method_mollie_wc_gateway_ideal\" name=\"payment_method\" type=\"radio\" value=\"mollie_wc_gateway_ideal\" data-order_button_text=\"\"><br \/>\n<label for=\"payment_method_mollie_wc_gateway_ideal\"><br \/>\niDEAL  <img decoding=\"async\" style=\"width: 32px; vertical-align: bottom;\" src=\"https:\/\/bayck.com\/wp-content\/plugins\/mollie-payments-for-woocommerce\/public\/images\/ideal.svg\"> <\/label><\/p>\n<p>W\u00e4hlen Sie Ihre Bank<\/p>\n<p><select name=\"mollie-payments-for-woocommerce_issuer_mollie_wc_gateway_ideal\"><option value=\"\">W\u00e4hlen Sie Ihre Bank<\/option><option value=\"ideal_ABNANL2A\">ABN AMRO<\/option><option value=\"ideal_INGBNL2A\">ING<\/option><option value=\"ideal_RABONL2U\">Rabobank<\/option><option value=\"ideal_ASNBNL21\">ASN-Bank<\/option><option value=\"ideal_BUNQNL2A\">Bunq<\/option><option value=\"ideal_HANDNL2A\">Handelsbanken<\/option><option value=\"ideal_KNABNL2H\">Knab<\/option><option value=\"ideal_MOYONL21\">Moneyou<\/option><option value=\"ideal_RBRBNL21\">RegioBank<\/option><option value=\"ideal_SNSBNL2A\">SNS<\/option><option value=\"ideal_TRIONL2U\">Triodos Bank<\/option><option value=\"ideal_FVLBNL22\">van Lanschot<\/option><\/select><\/li>\n<li><input id=\"payment_method_mollie_wc_gateway_inghomepay\" name=\"payment_method\" type=\"radio\" value=\"mollie_wc_gateway_inghomepay\" data-order_button_text=\"\"><br \/>\n<label for=\"payment_method_mollie_wc_gateway_inghomepay\"><br \/>\nING Home&#8217;Pay  <img decoding=\"async\" style=\"width: 32px; vertical-align: bottom;\" src=\"https:\/\/bayck.com\/wp-content\/plugins\/mollie-payments-for-woocommerce\/public\/images\/inghomepay.svg\"> <\/label><\/li>\n<li><input id=\"payment_method_mollie_wc_gateway_kbc\" name=\"payment_method\" type=\"radio\" value=\"mollie_wc_gateway_kbc\" data-order_button_text=\"\"><br \/>\n<label for=\"payment_method_mollie_wc_gateway_kbc\"><br \/>\nKBC\/CBC-Zahlungstaste  <img decoding=\"async\" style=\"width: 32px; vertical-align: bottom;\" src=\"https:\/\/bayck.com\/wp-content\/plugins\/mollie-payments-for-woocommerce\/public\/images\/kbc.svg\"> <\/label><\/p>\n<p>W\u00e4hlen Sie Ihre Bank<\/p>\n<p><select name=\"mollie-payments-for-woocommerce_issuer_mollie_wc_gateway_kbc\"><option value=\"\">W\u00e4hlen Sie Ihre Bank<\/option><option value=\"cbc\">CBC<\/option><option value=\"kbc\">KBC<\/option><\/select><\/li>\n<li><input id=\"payment_method_mollie_wc_gateway_bancontact\" name=\"payment_method\" type=\"radio\" value=\"mollie_wc_gateway_bancontact\" data-order_button_text=\"\"><br \/>\n<label for=\"payment_method_mollie_wc_gateway_bancontact\"><br \/>\nBancontact  <img decoding=\"async\" style=\"width: 32px; vertical-align: bottom;\" src=\"https:\/\/bayck.com\/wp-content\/plugins\/mollie-payments-for-woocommerce\/public\/images\/bancontact.svg\"> <\/label><\/li>\n<li><input id=\"payment_method_mollie_wc_gateway_applepay\" name=\"payment_method\" type=\"radio\" value=\"mollie_wc_gateway_applepay\" data-order_button_text=\"\"><br \/>\n<label for=\"payment_method_mollie_wc_gateway_applepay\"><br \/>\nApple Pay  <img decoding=\"async\" style=\"width: 32px; vertical-align: bottom;\" src=\"https:\/\/bayck.com\/wp-content\/plugins\/mollie-payments-for-woocommerce\/public\/images\/applepay.svg\"> <\/label><\/li>\n<li><input id=\"payment_method_mollie_wc_gateway_mealvoucher\" name=\"payment_method\" type=\"radio\" value=\"mollie_wc_gateway_mealvoucher\" data-order_button_text=\"\"><br \/>\n<label for=\"payment_method_mollie_wc_gateway_mealvoucher\"><br \/>\nGutschein  <img decoding=\"async\" style=\"width: 32px; vertical-align: bottom;\" src=\"https:\/\/bayck.com\/wp-content\/plugins\/mollie-payments-for-woocommerce\/public\/images\/voucher.svg\"> <\/label><\/p>\n<p>Gutschein<\/li>\n<\/ul>\n<p><noscript><br \/>\nDa Ihr Browser JavaScript nicht unterst\u00fctzt oder es deaktiviert ist, klicken Sie bitte auf die Schaltfl\u00e4che <em>Summen aktualisieren<\/em>, bevor Sie Ihre Bestellung aufgeben. Wenn Sie dies nicht tun, kann Ihnen ein h\u00f6herer Betrag als der oben genannte in Rechnung gestellt werden.<br \/>\n<button type=\"submit\" name=\"woocommerce_checkout_update_totals\" value=\"Summen aktualisieren\">Summen aktualisieren<\/button><br \/>\n<\/noscript><\/p>\n<p>Ihre pers\u00f6nlichen Daten werden verwendet, um Ihre Bestellung zu bearbeiten, Ihre Erfahrung auf dieser Website zu unterst\u00fctzen und f\u00fcr andere Zwecke, die in unserer <a href=\"https:\/\/bayck.com\/privacy-policy__trashed\" target=\"_blank\" rel=\"noopener noreferrer\">Datenschutzrichtlinie<\/a> beschrieben sind.<\/p>\n<p><button id=\"place_order\" name=\"woocommerce_checkout_place_order\" type=\"submit\" value=\"Bestellung aufgeben\" data-value=\"Place order\">Bestellung aufgeben<\/button><br \/>\n<input id=\"woocommerce-process-checkout-nonce\" name=\"woocommerce-process-checkout-nonce\" type=\"hidden\" value=\"eefa8fec90\"><input name=\"_wp_http_referer\" type=\"hidden\" value=\"\/wp-admin\/admin-ajax.php\"><\/p>\n<\/form>\n","protected":false},"excerpt":{"rendered":"<p>Ihre Bestellung Einkaufswagen Nummer Preis Bayck mit Kotfl\u00fcgeln\/R\u00fccktr\u00e4ger Stadttransporter 2 \u20ac10.00 Weiter einkaufen Zwischensumme \u20ac10.00 Insgesamt \u20ac10.00 Ihre Bestellung Einkaufswagen Nummer Preis Bayck mit Kotfl\u00fcgeln\/R\u00fccktr\u00e4ger Stadttransporter 2 \u20ac10.00 Weiter einkaufen Zwischensumme \u20ac10.00 Insgesamt \u20ac10.00 Ihre Bestellung Einkaufswagen Nummer Preis Bayck mit Kotfl\u00fcgeln\/R\u00fccktr\u00e4ger Stadttransporter 2 \u20ac10.00 Weiter einkaufen Zwischensumme \u20ac10.00 Insgesamt \u20ac10.00 Haben Sie einen Coupon? [&hellip;]<\/p>\n","protected":false},"author":1,"featured_media":0,"parent":0,"menu_order":0,"comment_status":"closed","ping_status":"closed","template":"","meta":{"_acf_changed":false,"footnotes":""},"class_list":["post-7196","page","type-page","status-publish","hentry"],"acf":[],"_links":{"self":[{"href":"https:\/\/bayck.com\/de\/wp-json\/wp\/v2\/pages\/7196","targetHints":{"allow":["GET"]}}],"collection":[{"href":"https:\/\/bayck.com\/de\/wp-json\/wp\/v2\/pages"}],"about":[{"href":"https:\/\/bayck.com\/de\/wp-json\/wp\/v2\/types\/page"}],"author":[{"embeddable":true,"href":"https:\/\/bayck.com\/de\/wp-json\/wp\/v2\/users\/1"}],"replies":[{"embeddable":true,"href":"https:\/\/bayck.com\/de\/wp-json\/wp\/v2\/comments?post=7196"}],"version-history":[{"count":1,"href":"https:\/\/bayck.com\/de\/wp-json\/wp\/v2\/pages\/7196\/revisions"}],"predecessor-version":[{"id":7197,"href":"https:\/\/bayck.com\/de\/wp-json\/wp\/v2\/pages\/7196\/revisions\/7197"}],"wp:attachment":[{"href":"https:\/\/bayck.com\/de\/wp-json\/wp\/v2\/media?parent=7196"}],"curies":[{"name":"wp","href":"https:\/\/api.w.org\/{rel}","templated":true}]}}