{"id":12679,"date":"2023-05-28T19:24:53","date_gmt":"2023-05-28T19:24:53","guid":{"rendered":"https:\/\/bayck.com\/product\/bayck-megacity"},"modified":"2023-12-11T18:16:42","modified_gmt":"2023-12-11T18:16:42","slug":"bayck-megacity","status":"publish","type":"product","link":"https:\/\/bayck.com\/de\/produkt\/bayck-megacity","title":{"rendered":"Bayck Megacity"},"content":{"rendered":"<p>Entdecken Sie das Bayck Megacity E-Bike \u2013 die perfekte Kombination aus Reinheit, Leichtigkeit und wartungsarmem Fahren. Mit einer hydraulischen Scheibenbremse vorne und hinten und einer Shimano Nexus 7-Gang-Nabe bietet dieses Fahrrad ultimative Kontrolle und Agilit\u00e4t. Mit einer Reichweite von 80 km k\u00f6nnen Sie die Stadt unbesorgt erkunden. Egal, ob Sie zur Arbeit fahren oder einfach nur eine Radtour am Wochenende genie\u00dfen, das Bayck E-Bike bringt Sie mit Komfort und Stil \u00fcberall hin. Bestellen Sie noch heute und erleben Sie die Freiheit des Elektrofahrrads von seiner besten Seite!<\/p>\n","protected":false},"excerpt":{"rendered":"<p><strong>Sportliches, leichtes, wartungsarmes, voll ausgestattetes E-Bike, 80 oder 125km<\/strong><\/p>\n<ul id=\"usp-top\" style=\"list-style-type: none;\">\n<li><i class=\"fas fa-check\" style=\"margin-right: 10px; color: #229300;\" aria-hidden=\"true\"><\/i>10 Jahre Garantie auf Rahmen, 2 Jahre Garantie auf andere Teile*<\/li>\n<li><i class=\"fas fa-check\" style=\"margin-right: 10px; color: #229300;\" aria-hidden=\"true\"><\/i>100% montiert, pers\u00f6nlich zu Ihnen nach Hause geliefert<\/li>\n<li><i class=\"fas fa-check\" style=\"margin-right: 10px; color: #229300;\" aria-hidden=\"true\"><\/i>Erh\u00e4ltlich in 15 Farben<\/li>\n<li><i class=\"fas fa-check\" style=\"margin-right: 10px; color: #229300;\" aria-hidden=\"true\"><\/i>Track &amp; Trace-f\u00e4hig<\/li>\n<\/ul>\n<p>&nbsp;<\/p>\n<p>&nbsp;<\/p>\n","protected":false},"featured_media":13916,"comment_status":"closed","ping_status":"closed","template":"","meta":{"_acf_changed":false},"product_brand":[],"product_cat":[726],"product_tag":[],"class_list":{"0":"post-12679","1":"product","2":"type-product","3":"status-publish","4":"has-post-thumbnail","6":"product_cat-bestseller","8":"first","9":"instock","10":"taxable","11":"shipping-taxable","12":"purchasable","13":"product-type-simple"},"composite_layout":"","composite_add_to_cart_form_location":"","composite_editable_in_cart":false,"composite_sold_individually_context":"","composite_shop_price_calc":"","composite_components":[],"composite_scenarios":[],"acf":[],"_links":{"self":[{"href":"https:\/\/bayck.com\/de\/wp-json\/wp\/v2\/product\/12679","targetHints":{"allow":["GET"]}}],"collection":[{"href":"https:\/\/bayck.com\/de\/wp-json\/wp\/v2\/product"}],"about":[{"href":"https:\/\/bayck.com\/de\/wp-json\/wp\/v2\/types\/product"}],"replies":[{"embeddable":true,"href":"https:\/\/bayck.com\/de\/wp-json\/wp\/v2\/comments?post=12679"}],"wp:featuredmedia":[{"embeddable":true,"href":"https:\/\/bayck.com\/de\/wp-json\/wp\/v2\/media\/13916"}],"wp:attachment":[{"href":"https:\/\/bayck.com\/de\/wp-json\/wp\/v2\/media?parent=12679"}],"wp:term":[{"taxonomy":"product_brand","embeddable":true,"href":"https:\/\/bayck.com\/de\/wp-json\/wp\/v2\/product_brand?post=12679"},{"taxonomy":"product_cat","embeddable":true,"href":"https:\/\/bayck.com\/de\/wp-json\/wp\/v2\/product_cat?post=12679"},{"taxonomy":"product_tag","embeddable":true,"href":"https:\/\/bayck.com\/de\/wp-json\/wp\/v2\/product_tag?post=12679"}],"curies":[{"name":"wp","href":"https:\/\/api.w.org\/{rel}","templated":true}]}}