{"id":12703,"date":"2023-05-28T19:25:50","date_gmt":"2023-05-28T19:25:50","guid":{"rendered":"https:\/\/bayck.com\/product\/ihr-bayck-mit-80nm-mittelmotor"},"modified":"2023-09-12T10:59:08","modified_gmt":"2023-09-12T10:59:08","slug":"ihr-bayck-mit-80nm-mittelmotor","status":"publish","type":"product","link":"https:\/\/bayck.com\/de\/produkt\/ihr-bayck-mit-80nm-mittelmotor","title":{"rendered":"Ihr Bayck mit 80Nm Mittelmotor"},"content":{"rendered":"<p>Lernen Sie das Bayck E-Bike kennen \u2013 die perfekte Wahl f\u00fcr stilvolle und energiegeladene Radfahrer! Mit einer Reihe von anpassbaren Optionen k\u00f6nnen Sie das Bayck E-Bike ganz auf Ihre pers\u00f6nlichen Vorlieben abstimmen. W\u00e4hlen Sie aus einer Vielzahl von Farben, um Ihr Fahrrad zu personalisieren, und genie\u00dfen Sie den Komfort von 7 G\u00e4ngen f\u00fcr reibungsloses Schalten. Egal, ob Sie ein aktiver Pendler sind oder einfach nur frische Luft schnappen m\u00f6chten, das Bayck E-Bike bietet eine beeindruckende Reichweite von 80 oder 125 Kilometern, je nach Wahl. Und mit einem leistungsstarken Front- oder Mittelmotor wird das Radfahren zum Kinderspiel. Entscheiden Sie sich f\u00fcr das Bayck E-Bike und erleben Sie die Freiheit einer ganz neuen Art des Radfahrens!<\/p>\n","protected":false},"excerpt":{"rendered":"<p><strong>Serienm\u00e4\u00dfig bei allen E-Bikes  <\/strong><\/p>\n<ul id=\"usp-top\" style=\"list-style-type: none;\">\n<li><i class=\"fas fa-check\" style=\"margin-right: 10px; color: #229300;\" aria-hidden=\"true\"><\/i>Abnehmbarer Akku und Fahrradklingel<\/li>\n<li><i class=\"fas fa-check\" style=\"margin-right: 10px; color: #229300;\" aria-hidden=\"true\"><\/i>Unterst\u00fctzung bis 25 km\/h<\/li>\n<li><i class=\"fas fa-check\" style=\"margin-right: 10px; color: #229300;\" aria-hidden=\"true\"><\/i>Front- und R\u00fccklicht<\/li>\n<li><i class=\"fas fa-check\" style=\"margin-right: 10px; color: #229300;\" aria-hidden=\"true\"><\/i>Schaltung und Scheibenbremse<\/li>\n<li><i class=\"fas fa-check\" style=\"margin-right: 10px; color: #229300;\" aria-hidden=\"true\"><\/i>Steuerung \u00fcber Display (App als Backup)<\/li>\n<\/ul>\n<p>&nbsp;<\/p>\n","protected":false},"featured_media":0,"comment_status":"closed","ping_status":"closed","template":"","meta":{"_acf_changed":false},"product_brand":[],"product_cat":[721],"product_tag":[],"class_list":{"0":"post-12703","1":"product","2":"type-product","3":"status-publish","5":"product_cat-uncategorized-de","7":"first","8":"outofstock","9":"virtual","10":"taxable","11":"purchasable","12":"product-type-composite"},"composite_layout":"single","composite_add_to_cart_form_location":"default","composite_editable_in_cart":false,"composite_sold_individually_context":"product","composite_shop_price_calc":"min_max","composite_components":[],"composite_scenarios":[],"acf":[],"_links":{"self":[{"href":"https:\/\/bayck.com\/de\/wp-json\/wp\/v2\/product\/12703","targetHints":{"allow":["GET"]}}],"collection":[{"href":"https:\/\/bayck.com\/de\/wp-json\/wp\/v2\/product"}],"about":[{"href":"https:\/\/bayck.com\/de\/wp-json\/wp\/v2\/types\/product"}],"replies":[{"embeddable":true,"href":"https:\/\/bayck.com\/de\/wp-json\/wp\/v2\/comments?post=12703"}],"wp:attachment":[{"href":"https:\/\/bayck.com\/de\/wp-json\/wp\/v2\/media?parent=12703"}],"wp:term":[{"taxonomy":"product_brand","embeddable":true,"href":"https:\/\/bayck.com\/de\/wp-json\/wp\/v2\/product_brand?post=12703"},{"taxonomy":"product_cat","embeddable":true,"href":"https:\/\/bayck.com\/de\/wp-json\/wp\/v2\/product_cat?post=12703"},{"taxonomy":"product_tag","embeddable":true,"href":"https:\/\/bayck.com\/de\/wp-json\/wp\/v2\/product_tag?post=12703"}],"curies":[{"name":"wp","href":"https:\/\/api.w.org\/{rel}","templated":true}]}}