{"id":12709,"date":"2023-05-28T19:25:52","date_gmt":"2023-05-28T19:25:52","guid":{"rendered":"https:\/\/bayck.com\/product\/bayck-urban-express"},"modified":"2023-12-11T18:16:05","modified_gmt":"2023-12-11T18:16:05","slug":"bayck-urban-express","status":"publish","type":"product","link":"https:\/\/bayck.com\/de\/produkt\/bayck-urban-express","title":{"rendered":"Bayck Urban Basic E-bike"},"content":{"rendered":"<p><strong>Entdecken Sie das Bayck Urban Basic E-Bike<\/strong><\/p>\n<p>Die perfekte Kombination aus Reinheit, Leichtigkeit und wartungsarmem Fahren. Mit einer leistungsstarken hydraulischen Scheibenbremse vorne und hinten und einer Shimano Nexus 7-Gang-Nabe bietet dieses Fahrrad ultimative Kontrolle und Agilit\u00e4t. Mit einer Reichweite von 80 oder 125 km k\u00f6nnen Sie die Stadt unbesorgt erkunden. Egal, ob Sie zur Arbeit fahren oder einfach nur eine Radtour am Wochenende genie\u00dfen, das Bayck E-Bike bringt Sie mit Komfort und Stil \u00fcberall hin. Bestellen Sie noch heute und erleben Sie die Freiheit des Elektrofahrrads von seiner besten Seite!<\/p>\n<p><strong>Was unterscheidet Bayck von anderen E-Bikes?<\/strong><\/p>\n<p>Der Bayck verf\u00fcgt \u00fcber 4 bis 5 Unterst\u00fctzungsstufen, sodass Gegenwind und h\u00fcgelige Gebiete keine zus\u00e4tzliche Muskelkraft erfordern. Die Steuerung der St\u00fctze erfolgt \u00fcber ein Display. F\u00fcr optimalen Fahrkomfort ist das Bike mit extra dicken 28-Zoll-Reifen ausgestattet. Die Reifen fangen die Unebenheiten der Stra\u00dfe auf und sorgen f\u00fcr eine stabile Stra\u00dfenlage. Der leichte 28-Zoll-Aluminiumrahmen erm\u00f6glicht es Ihnen, ohne Unterst\u00fctzung zu fahren. Durch die leicht h\u00f6henverstellbare Sattelst\u00fctze und den \u00fcbergro\u00dfen Lenker ist das Fahrrad f\u00fcr Radfahrer von 1,50 m bis 1,90 m (max. 120 kg) geeignet. Der Akku ist herausnehmbar und mit einem USB-Anschluss ausgestattet, damit Sie das Telefon w\u00e4hrend des Radfahrens aufladen k\u00f6nnen. Der Akku ist innerhalb von 4 Stunden vollst\u00e4ndig aufgeladen. Das Aufladen, wenn der Akku nicht ganz leer ist, ist kein Problem. Das Fahrrad wird standardm\u00e4\u00dfig mit einer wei\u00dfen Abdeckung geliefert, ist aber gegen Aufpreis auch in anderen Farben erh\u00e4ltlich.<\/p>\n<p>Bayck Elektrofahrr\u00e4der sind serienm\u00e4\u00dfig ausgestattet mit:<br \/>\n&#8211; Batteriebeleuchtung vorne und hinten<\/p>\n<p>Ein praktisches Extra f\u00fcr das Lenkrad ist eine Smartphone-Halterung. Dies ist standardm\u00e4\u00dfig nicht enthalten.<\/p>\n<div style=\"width: 640px;\" class=\"wp-video\"><video class=\"wp-video-shortcode\" id=\"video-12709-1\" width=\"640\" height=\"360\" preload=\"metadata\" controls=\"controls\"><source type=\"video\/mp4\" src=\"https:\/\/www.bayck.com\/wp-content\/uploads\/feed\/Bayck%20Promo.mp4?_=1\" \/><a href=\"https:\/\/www.bayck.com\/wp-content\/uploads\/feed\/Bayck%20Promo.mp4\">https:\/\/www.bayck.com\/wp-content\/uploads\/feed\/Bayck%20Promo.mp4<\/a><\/video><\/div>\n","protected":false},"excerpt":{"rendered":"<p><strong>Sportliches, leichtes, wartungsarmes, voll ausgestattetes E-Bike, 80 oder 125km<\/strong><\/p>\n<ul id=\"usp-top\" style=\"list-style-type: none;\">\n<li><i class=\"fas fa-check\" style=\"margin-right: 10px; color: #229300;\" aria-hidden=\"true\"><\/i>10 Jahre Garantie auf Rahmen, 2 Jahre Garantie auf andere Teile*<\/li>\n<li><i class=\"fas fa-check\" style=\"margin-right: 10px; color: #229300;\" aria-hidden=\"true\"><\/i>100% montiert, pers\u00f6nlich zu Ihnen nach Hause geliefert<\/li>\n<li><i class=\"fas fa-check\" style=\"margin-right: 10px; color: #229300;\" aria-hidden=\"true\"><\/i>Erh\u00e4ltlich in 15 Farben<\/li>\n<li><i class=\"fas fa-check\" style=\"margin-right: 10px; color: #229300;\" aria-hidden=\"true\"><\/i>Track &amp; Trace-f\u00e4hig<\/li>\n<\/ul>\n<p>&nbsp;<\/p>\n<p>&nbsp;<\/p>\n","protected":false},"featured_media":16499,"comment_status":"closed","ping_status":"closed","template":"","meta":{"_acf_changed":false},"product_brand":[],"product_cat":[726],"product_tag":[],"class_list":{"0":"post-12709","1":"product","2":"type-product","3":"status-publish","4":"has-post-thumbnail","6":"product_cat-bestseller","8":"first","9":"outofstock","10":"taxable","11":"shipping-taxable","12":"purchasable","13":"product-type-variable"},"composite_layout":"","composite_add_to_cart_form_location":"","composite_editable_in_cart":false,"composite_sold_individually_context":"","composite_shop_price_calc":"","composite_components":[],"composite_scenarios":[],"acf":[],"_links":{"self":[{"href":"https:\/\/bayck.com\/de\/wp-json\/wp\/v2\/product\/12709","targetHints":{"allow":["GET"]}}],"collection":[{"href":"https:\/\/bayck.com\/de\/wp-json\/wp\/v2\/product"}],"about":[{"href":"https:\/\/bayck.com\/de\/wp-json\/wp\/v2\/types\/product"}],"replies":[{"embeddable":true,"href":"https:\/\/bayck.com\/de\/wp-json\/wp\/v2\/comments?post=12709"}],"wp:featuredmedia":[{"embeddable":true,"href":"https:\/\/bayck.com\/de\/wp-json\/wp\/v2\/media\/16499"}],"wp:attachment":[{"href":"https:\/\/bayck.com\/de\/wp-json\/wp\/v2\/media?parent=12709"}],"wp:term":[{"taxonomy":"product_brand","embeddable":true,"href":"https:\/\/bayck.com\/de\/wp-json\/wp\/v2\/product_brand?post=12709"},{"taxonomy":"product_cat","embeddable":true,"href":"https:\/\/bayck.com\/de\/wp-json\/wp\/v2\/product_cat?post=12709"},{"taxonomy":"product_tag","embeddable":true,"href":"https:\/\/bayck.com\/de\/wp-json\/wp\/v2\/product_tag?post=12709"}],"curies":[{"name":"wp","href":"https:\/\/api.w.org\/{rel}","templated":true}]}}