{"id":12746,"date":"2023-05-28T19:26:02","date_gmt":"2023-05-28T19:26:02","guid":{"rendered":"https:\/\/bayck.com\/product\/yepp-kindersitz"},"modified":"2023-09-12T08:51:54","modified_gmt":"2023-09-12T08:51:54","slug":"yepp-kindersitz","status":"publish","type":"product","link":"https:\/\/bayck.com\/de\/produkt\/yepp-kindersitz","title":{"rendered":"Kindersitz hinten"},"content":{"rendered":"<h5 class=\"heading5 mb-4\">Ikonisches Design und inspirierende Farben<\/h5>\n<p class=\"paragraph mb-7\">Dieser kultige Fahrradkindersitz wurde f\u00fcr den Pendelverkehr und allt\u00e4gliche Fahrten entwickelt, ist vielseitig einsetzbar und sieht in passenden Farben umwerfend aus. Der Sitz wurde unter Beibehaltung des klassischen Designs mit modernen Designakzenten f\u00fcr neue Generationen erneuert. Die erneuerte Farbpalette spiegelt einen modernen urbanen Lebensstil wider &#8211; stilvoll, inspirierend und aktiv.<\/p>\n<p><strong>Alle Merkmale:<\/strong><\/p>\n<div class=\"d-flex feature-wrapper mb-lg-8\">\n<div class=\"mb-8 feature-text-content\"><span class=\"paragraph\" data-original=\"Zacht zitje met schokabsorberend schuim waarin uw kind comfortabel kan reizen\" data-withplaceholders=\"\">Weicher Sitz mit sto\u00dfd\u00e4mpfendem Schaumstoff, in dem Ihr Kind bequem reisen kann<\/span><\/div>\n<\/div>\n<div class=\"d-flex feature-wrapper mb-lg-8\">\n<div class=\"image-container me-lg-8 \"><\/div>\n<div class=\"mb-8 feature-text-content\">\n<div class=\"small-divider mt-5 mb-4\"><\/div>\n<p><span class=\"paragraph\" data-original=\"Verstelbare voetsteunen en voetbanden zorgen voor een perfecte pasvorm naarmate uw kind groeit  \" data-withplaceholders=\"\">Verstellbare Fu\u00dfst\u00fctzen und Fu\u00dfschlaufen sorgen f\u00fcr eine perfekte Passform, wenn Ihr Kind w\u00e4chst  <\/span><\/p>\n<\/div>\n<\/div>\n<div class=\"d-flex feature-wrapper mb-lg-8\">\n<div class=\"image-container me-lg-8 \"><\/div>\n<div class=\"mb-8 feature-text-content\">\n<div class=\"small-divider mt-5 mb-4\"><\/div>\n<p><span class=\"paragraph\" data-original=\"Verkrijgbaar in versies voor bevestiging op het frame, op de bagagedrager en aan de voorkant\" data-withplaceholders=\"\">Erh\u00e4ltlich als Rahmen-, Gep\u00e4cktr\u00e4ger- und Frontmontageversion<\/span><\/p>\n<\/div>\n<\/div>\n<div class=\"d-flex feature-wrapper mb-lg-8\">\n<div class=\"image-container me-lg-8 \"><\/div>\n<div class=\"mb-8 feature-text-content\">\n<div class=\"small-divider mt-5 mb-4\"><\/div>\n<p><span class=\"paragraph\" data-original=\"Het zitje kan in enkele seconden worden geplaatst en verwijderd dankzij de universele montagebeugel met snelkoppeling, waardoor het gemakkelijk op een andere fiets kan worden overgezet\" data-withplaceholders=\"\">Der Sitz l\u00e4sst sich dank der universellen Schnellverschlusshalterung in Sekundenschnelle anbringen und abnehmen, so dass er leicht auf ein anderes Fahrrad \u00fcbertragen werden kann<\/span><\/p>\n<\/div>\n<\/div>\n<div class=\"d-flex feature-wrapper mb-lg-8\">\n<div class=\"image-container me-lg-8 \"><\/div>\n<div class=\"mb-8 feature-text-content\">\n<div class=\"small-divider mt-5 mb-4\"><\/div>\n<p><span class=\"paragraph\" data-original=\"Soepele, comfortabele rit voor uw kind dankzij het DualBeam-ophangsysteem dat schokken van de weg opvangt\" data-withplaceholders=\"\">Sanfte, komfortable Fahrt f\u00fcr Ihr Kind dank des DualBeam-Federungssystems, das Stra\u00dfenst\u00f6\u00dfe absorbiert<\/span><\/p>\n<\/div>\n<\/div>\n<div class=\"d-flex feature-wrapper mb-lg-8\">\n<div class=\"image-container me-lg-8 \"><\/div>\n<div class=\"mb-8 feature-text-content\">\n<div class=\"small-divider mt-5 mb-4\"><\/div>\n<p><span class=\"paragraph\" data-original=\"Ingebouwde reflector en bevestigingspunt voor veiligheidslicht voor betere zichtbaarheid\" data-withplaceholders=\"\">Eingebauter Reflektor und Befestigungspunkt f\u00fcr Sicherheitslicht f\u00fcr bessere Sichtbarkeit<\/span><\/p>\n<\/div>\n<\/div>\n<div class=\"d-flex feature-wrapper mb-lg-8\">\n<div class=\"image-container me-lg-8 \"><\/div>\n<div class=\"mb-8 feature-text-content\">\n<div class=\"small-divider mt-5 mb-4\"><\/div>\n<p><span class=\"paragraph\" data-original=\"Kindveilige veiligheidsgesp om uw kind snel en gemakkelijk vast te zetten\" data-withplaceholders=\"\">Kindersichere Sicherheitsschnalle zur schnellen und einfachen Sicherung Ihres Kindes<\/span><\/p>\n<\/div>\n<\/div>\n<p>&nbsp;<\/p>\n","protected":false},"excerpt":{"rendered":"<p class=\"paragraph text-color--gray80 mb-5 col-lg-6 offset-lg-3\">Fahrradsitz hinten f\u00fcr Komfort und Stil f\u00fcr t\u00e4gliche Fahrten.<\/p>\n<div class=\"mb-5 col-lg-6 offset-lg-3\">\n<p class=\"paragraph mb-7\">\n<\/div>\n","protected":false},"featured_media":9355,"comment_status":"closed","ping_status":"closed","template":"","meta":{"_acf_changed":false},"product_brand":[],"product_cat":[728,731],"product_tag":[],"class_list":{"0":"post-12746","1":"product","2":"type-product","3":"status-publish","4":"has-post-thumbnail","6":"product_cat-konfigurator","7":"product_cat-zubehor","8":"product_shipping_class-versandkosten-unter-900-euro","10":"first","11":"instock","12":"sold-individually","13":"purchasable","14":"product-type-simple"},"composite_layout":"","composite_add_to_cart_form_location":"","composite_editable_in_cart":false,"composite_sold_individually_context":"","composite_shop_price_calc":"","composite_components":[],"composite_scenarios":[],"acf":[],"_links":{"self":[{"href":"https:\/\/bayck.com\/de\/wp-json\/wp\/v2\/product\/12746","targetHints":{"allow":["GET"]}}],"collection":[{"href":"https:\/\/bayck.com\/de\/wp-json\/wp\/v2\/product"}],"about":[{"href":"https:\/\/bayck.com\/de\/wp-json\/wp\/v2\/types\/product"}],"replies":[{"embeddable":true,"href":"https:\/\/bayck.com\/de\/wp-json\/wp\/v2\/comments?post=12746"}],"wp:featuredmedia":[{"embeddable":true,"href":"https:\/\/bayck.com\/de\/wp-json\/wp\/v2\/media\/9355"}],"wp:attachment":[{"href":"https:\/\/bayck.com\/de\/wp-json\/wp\/v2\/media?parent=12746"}],"wp:term":[{"taxonomy":"product_brand","embeddable":true,"href":"https:\/\/bayck.com\/de\/wp-json\/wp\/v2\/product_brand?post=12746"},{"taxonomy":"product_cat","embeddable":true,"href":"https:\/\/bayck.com\/de\/wp-json\/wp\/v2\/product_cat?post=12746"},{"taxonomy":"product_tag","embeddable":true,"href":"https:\/\/bayck.com\/de\/wp-json\/wp\/v2\/product_tag?post=12746"}],"curies":[{"name":"wp","href":"https:\/\/api.w.org\/{rel}","templated":true}]}}