{"id":12749,"date":"2023-05-28T19:26:02","date_gmt":"2023-05-28T19:26:02","guid":{"rendered":"https:\/\/bayck.com\/product\/basil-como-fahrradkorb"},"modified":"2023-09-12T08:51:50","modified_gmt":"2023-09-12T08:51:50","slug":"basil-como-fahrradkorb","status":"publish","type":"product","link":"https:\/\/bayck.com\/de\/produkt\/basil-como-fahrradkorb","title":{"rendered":"Basil Como Fahrradkorb"},"content":{"rendered":"<p>Der Basil Como Fahrradkorb ist ein praktischer Korb zur Befestigung am Gep\u00e4cktr\u00e4ger eines Unisex-Fahrrads. Dieser schwarze Fahrradkorb ist aus feinmaschigem Stahl gefertigt und kommt bei verschiedenen Gelegenheiten zum Einsatz. Der rechteckige Korb eignet sich zum Beispiel hervorragend f\u00fcr den Transport einer Schul- oder Einkaufstasche. Dies verhindert unn\u00f6tiges Schleppen mit einer schweren Tasche. Dar\u00fcber hinaus ist der Korb mit praktischen Griffen ausgestattet, sodass Sie den Korb problemlos \u00fcberall hin mitnehmen k\u00f6nnen. N\u00fctzlich z.B. bei einer Besorgung im Supermarkt. Nat\u00fcrlich k\u00f6nnen Sie den Korb auch verwenden, wenn Sie das Fitnessstudio besuchen. Darin kannst du deine Sporttasche ganz einfach verstauen. Ist Ihr Kauf eingegangen? Den Korb befestigst du in Breitenrichtung mit einem rutschfesten BASCO Klemmsystem am Gep\u00e4cktr\u00e4ger deines Bikes. Dieses Klemmsystem eignet sich f\u00fcr Gep\u00e4cktr\u00e4gerrohre mit einem Durchmesser von bis zu 16 Millimetern. Dieser abgeschr\u00e4gte Fahrradkorb ist ein praktisches Accessoire f\u00fcr Ihr Fahrrad und daher unverzichtbar, wenn Sie regelm\u00e4\u00dfig mit dem Fahrrad zum Einkaufen oder zur Schule fahren. Schauen Sie sich auch die anderen Modelle aus der Basil-Kollektion an. Sie finden sie an anderer Stelle auf unserer Website. Es gibt zweifellos einen Fahrradkorb, der Sie anspricht.<\/p>\n<p><strong>Eigenschaften:<\/strong><\/p>\n<p>&#8211; Dieser feinmaschige Korb f\u00fcr das Fahrrad ist praktisch, wenn Sie einen schweren Einkaufs- oder Schulranzen transportieren.<br \/>\n&#8211; Sie k\u00f6nnen den Basil Como Fahrradkorb mit dem rutschfesten BASCO-Klemmsystem in Breitenrichtung am Gep\u00e4cktr\u00e4ger befestigen.<br \/>\n&#8211; Der Korb passt auf fast alle Arten von Fahrr\u00e4dern, also z\u00f6gern Sie nicht, ein Exemplar online zu bestellen.<br \/>\n&#8211; Dank der praktischen Griffe k\u00f6nnen Sie den Fahrradkorb auch problemlos mit in den Supermarkt oder Laden nehmen.<\/p>\n<p>&nbsp;<\/p>\n<p>Ma\u00dfe: 41 x 31 x 17 cm <span class=\"font-xs\"><br \/>\n  <em>(Au\u00dfenma\u00df)<\/em><br \/>\n<\/span><\/p>\n<p>&nbsp;<\/p>\n<p>&nbsp;<\/p>\n","protected":false},"excerpt":{"rendered":"<p>Der Basil Como Fahrradkorb ist ein schwarzer moderner Korb zum einfachen Anklicken unserer schmalen Bayck-Gep\u00e4cktr\u00e4ger.<\/p>\n","protected":false},"featured_media":11368,"comment_status":"closed","ping_status":"closed","template":"","meta":{"_acf_changed":false},"product_brand":[],"product_cat":[728,731],"product_tag":[],"class_list":{"0":"post-12749","1":"product","2":"type-product","3":"status-publish","4":"has-post-thumbnail","6":"product_cat-konfigurator","7":"product_cat-zubehor","8":"product_shipping_class-versandkosten-unter-900-euro","10":"first","11":"instock","12":"sold-individually","13":"taxable","14":"shipping-taxable","15":"purchasable","16":"product-type-simple"},"composite_layout":"","composite_add_to_cart_form_location":"","composite_editable_in_cart":false,"composite_sold_individually_context":"","composite_shop_price_calc":"","composite_components":[],"composite_scenarios":[],"acf":[],"_links":{"self":[{"href":"https:\/\/bayck.com\/de\/wp-json\/wp\/v2\/product\/12749","targetHints":{"allow":["GET"]}}],"collection":[{"href":"https:\/\/bayck.com\/de\/wp-json\/wp\/v2\/product"}],"about":[{"href":"https:\/\/bayck.com\/de\/wp-json\/wp\/v2\/types\/product"}],"replies":[{"embeddable":true,"href":"https:\/\/bayck.com\/de\/wp-json\/wp\/v2\/comments?post=12749"}],"wp:featuredmedia":[{"embeddable":true,"href":"https:\/\/bayck.com\/de\/wp-json\/wp\/v2\/media\/11368"}],"wp:attachment":[{"href":"https:\/\/bayck.com\/de\/wp-json\/wp\/v2\/media?parent=12749"}],"wp:term":[{"taxonomy":"product_brand","embeddable":true,"href":"https:\/\/bayck.com\/de\/wp-json\/wp\/v2\/product_brand?post=12749"},{"taxonomy":"product_cat","embeddable":true,"href":"https:\/\/bayck.com\/de\/wp-json\/wp\/v2\/product_cat?post=12749"},{"taxonomy":"product_tag","embeddable":true,"href":"https:\/\/bayck.com\/de\/wp-json\/wp\/v2\/product_tag?post=12749"}],"curies":[{"name":"wp","href":"https:\/\/api.w.org\/{rel}","templated":true}]}}