{"id":12753,"date":"2023-05-28T19:26:06","date_gmt":"2023-05-28T19:26:06","guid":{"rendered":"https:\/\/bayck.com\/product\/basil-norland-fahrradkorb"},"modified":"2023-09-12T08:51:54","modified_gmt":"2023-09-12T08:51:54","slug":"basil-norland-fahrradkorb","status":"publish","type":"product","link":"https:\/\/bayck.com\/de\/produkt\/basil-norland-fahrradkorb","title":{"rendered":"Basil Nordland Fahrradkorb (inkl. MIK-Adapter und Gep\u00e4cktr\u00e4gerplatte)"},"content":{"rendered":"<p>Sie sind auf der Suche nach einem modernen Fahrradkorb? Dann ist der Basil Nordland MIK Fahrradkorb genau das Richtige f\u00fcr Sie! Der abnehmbare Korb besteht aus einem robusten Stahl in Kombination mit einem Bambusfu\u00df. Mit einem Fassungsverm\u00f6gen von 23 Litern ist der Korb ideal f\u00fcr den t\u00e4glichen Einkauf. Auf diese Weise ist der Korb w\u00e4hrend Ihres w\u00f6chentlichen Marktbesuchs praktisch. Dar\u00fcber hinaus k\u00f6nnen Sie Ihre Handtasche problemlos darin verstauen.<\/p>\n<p>Sie k\u00f6nnen den Korb dank der vormontierten MIK-Adapterplatte einfach befestigen. Mit dieser Adapterplatte kannst du den Korb ganz einfach in deinen Gep\u00e4cktr\u00e4ger oder Frontgep\u00e4cktr\u00e4ger mit der mitgelieferten MIK Gep\u00e4cktr\u00e4gerplatte einklicken. M\u00f6chten Sie den Korb mit in den Laden nehmen? Dann kannst du den Korb genauso einfach wieder abklicken. Dank des Griffs k\u00f6nnen Sie den Korb bequem mitnehmen. Dieser Griff besteht aus Gummi und Kork. Die MIK-Adapterplatte passt auf viele Gep\u00e4cktr\u00e4ger, Damen-, Herren- und Elektrofahrr\u00e4der.<\/p>\n<p><strong>Eigenschaften:<\/strong><\/p>\n<ul>\n<li>Moderner, herausnehmbarer Fahrradkorb f\u00fcr den t\u00e4glichen Einkauf.<\/li>\n<li>Lieferung mit vormontiertem MIK-Adapter und Gep\u00e4cktr\u00e4gerplatte, so dass der Korb auf fast jeden Gep\u00e4cktr\u00e4ger passt und leicht abnehmbar ist.<\/li>\n<li>Hergestellt aus robustem Stahl mit Bambusfu\u00df.<\/li>\n<li>Einfach an jedem Fahrrad zu befestigen, auch an E-Bikes!<\/li>\n<\/ul>\n<p>Ma\u00dfe: 40 x 32 x 30 cm (Au\u00dfenma\u00df)<\/p>\n<p>&nbsp;<\/p>\n","protected":false},"excerpt":{"rendered":"<p>Der Basil Nordland MIK ist ein wundersch\u00f6ner Fahrradkorb, erh\u00e4ltlich in der Farbe schwarz mit Bambusboden. Sie k\u00f6nnen den Korb mit dem mitgelieferten MIK-Adapter und der Gep\u00e4cktr\u00e4gerplatte vorne oder hinten montieren.<\/p>\n","protected":false},"featured_media":9316,"comment_status":"closed","ping_status":"closed","template":"","meta":{"_acf_changed":false},"product_brand":[],"product_cat":[728,731],"product_tag":[],"class_list":{"0":"post-12753","1":"product","2":"type-product","3":"status-publish","4":"has-post-thumbnail","6":"product_cat-konfigurator","7":"product_cat-zubehor","8":"product_shipping_class-versandkosten-unter-900-euro","10":"first","11":"instock","12":"sold-individually","13":"taxable","14":"shipping-taxable","15":"purchasable","16":"product-type-simple"},"composite_layout":"","composite_add_to_cart_form_location":"","composite_editable_in_cart":false,"composite_sold_individually_context":"","composite_shop_price_calc":"","composite_components":[],"composite_scenarios":[],"acf":[],"_links":{"self":[{"href":"https:\/\/bayck.com\/de\/wp-json\/wp\/v2\/product\/12753","targetHints":{"allow":["GET"]}}],"collection":[{"href":"https:\/\/bayck.com\/de\/wp-json\/wp\/v2\/product"}],"about":[{"href":"https:\/\/bayck.com\/de\/wp-json\/wp\/v2\/types\/product"}],"replies":[{"embeddable":true,"href":"https:\/\/bayck.com\/de\/wp-json\/wp\/v2\/comments?post=12753"}],"wp:featuredmedia":[{"embeddable":true,"href":"https:\/\/bayck.com\/de\/wp-json\/wp\/v2\/media\/9316"}],"wp:attachment":[{"href":"https:\/\/bayck.com\/de\/wp-json\/wp\/v2\/media?parent=12753"}],"wp:term":[{"taxonomy":"product_brand","embeddable":true,"href":"https:\/\/bayck.com\/de\/wp-json\/wp\/v2\/product_brand?post=12753"},{"taxonomy":"product_cat","embeddable":true,"href":"https:\/\/bayck.com\/de\/wp-json\/wp\/v2\/product_cat?post=12753"},{"taxonomy":"product_tag","embeddable":true,"href":"https:\/\/bayck.com\/de\/wp-json\/wp\/v2\/product_tag?post=12753"}],"curies":[{"name":"wp","href":"https:\/\/api.w.org\/{rel}","templated":true}]}}