{"id":12758,"date":"2023-05-28T19:26:08","date_gmt":"2023-05-28T19:26:08","guid":{"rendered":"https:\/\/bayck.com\/product\/basil-fahrradkiste-l"},"modified":"2023-09-12T08:51:55","modified_gmt":"2023-09-12T08:51:55","slug":"basil-fahrradkiste-l","status":"publish","type":"product","link":"https:\/\/bayck.com\/de\/produkt\/basil-fahrradkiste-l","title":{"rendered":"Fahrradkiste L"},"content":{"rendered":"<p><strong>Sicher unterwegs<\/strong><br \/>\nKeine schweren Einkaufstaschen mehr am Lenker oder Schulranzen auf dem R\u00fccken. Mit dieser trendigen Fahrradkiste k\u00f6nnen Sie Ihre Sachen sicher mitnehmen. Die Kiste L hat eine gro\u00dfe Gr\u00f6\u00dfe.<\/p>\n<p><strong>Nachhaltige Wahl<\/strong><br \/>\nMit der Fahrradkiste triffst du eine nachhaltige Wahl. Die Kiste wird aus Post-Consumer-Abf\u00e4llen, auch Regranulat genannt, hergestellt. Recycelter Kunststoff, der die Kiste auch besonders stabil macht. Wussten Sie, dass die Produktion in den Niederlanden stattfindet? Besser f\u00fcr die Umwelt!<\/p>\n<p><strong>Einfach und schnell zu befestigen<\/strong><br \/>\nSie k\u00f6nnen die Kiste auf verschiedene Arten befestigen. F\u00fcr eine feste Montage verwenden Sie ein Montageset. M\u00f6chtest du die Kiste mitnehmen, weil du zum Beispiel Lebensmittel dabei hast oder weil deine Kiste anders gestohlen wird? Entscheiden Sie sich dann f\u00fcr die Montage mit einer Adapterplatte wie dem MIK-System. MIK = click &amp; GO! Sie k\u00f6nnen das Montagesystem separat kaufen.<\/p>\n<p><strong>Wir haben an Sie gedacht<\/strong><br \/>\nDeshalb hat die Fahrradkiste:<\/p>\n<ul>\n<li>Ein Fassungsverm\u00f6gen von 40 Litern, damit deine schweren Eink\u00e4ufe oder deine Schultasche nicht mehr am Lenker h\u00e4ngen m\u00fcssen.<\/li>\n<li>Robuste Konstruktion, so dass Sie all das Zeug sicher mitnehmen k\u00f6nnen.<\/li>\n<li>Ein multifunktionaler Boden, so dass Sie Adapterplatten von z.B. MIK, Racktime, I-Rack, MonkeyLoad oder Atran Velo befestigen k\u00f6nnen. Abh\u00e4ngig von Ihrem Fahrradtr\u00e4ger.<\/li>\n<\/ul>\n","protected":false},"excerpt":{"rendered":"<p>Die Basil Fahrradkiste in Gr\u00f6\u00dfe L ist eine schwarze Fahrradkiste f\u00fcr ein Damen- oder Herrenfahrrad. Die Fahrradkiste besteht aus strapazierf\u00e4higem Material und hat ein Fassungsverm\u00f6gen von 40 Litern.<\/p>\n<p>Ma\u00dfe: 39 x 49 x 26 cm <span class=\"font-xs\"><br \/>\n  <em>(Au\u00dfenma\u00df)<\/em><br \/>\n<\/span><\/p>\n<p>&nbsp;<\/p>\n","protected":false},"featured_media":9343,"comment_status":"closed","ping_status":"closed","template":"","meta":{"_acf_changed":false},"product_brand":[],"product_cat":[728,731],"product_tag":[],"class_list":{"0":"post-12758","1":"product","2":"type-product","3":"status-publish","4":"has-post-thumbnail","6":"product_cat-konfigurator","7":"product_cat-zubehor","8":"product_shipping_class-versandkosten-unter-900-euro","10":"first","11":"instock","12":"sold-individually","13":"purchasable","14":"product-type-simple"},"composite_layout":"","composite_add_to_cart_form_location":"","composite_editable_in_cart":false,"composite_sold_individually_context":"","composite_shop_price_calc":"","composite_components":[],"composite_scenarios":[],"acf":[],"_links":{"self":[{"href":"https:\/\/bayck.com\/de\/wp-json\/wp\/v2\/product\/12758","targetHints":{"allow":["GET"]}}],"collection":[{"href":"https:\/\/bayck.com\/de\/wp-json\/wp\/v2\/product"}],"about":[{"href":"https:\/\/bayck.com\/de\/wp-json\/wp\/v2\/types\/product"}],"replies":[{"embeddable":true,"href":"https:\/\/bayck.com\/de\/wp-json\/wp\/v2\/comments?post=12758"}],"wp:featuredmedia":[{"embeddable":true,"href":"https:\/\/bayck.com\/de\/wp-json\/wp\/v2\/media\/9343"}],"wp:attachment":[{"href":"https:\/\/bayck.com\/de\/wp-json\/wp\/v2\/media?parent=12758"}],"wp:term":[{"taxonomy":"product_brand","embeddable":true,"href":"https:\/\/bayck.com\/de\/wp-json\/wp\/v2\/product_brand?post=12758"},{"taxonomy":"product_cat","embeddable":true,"href":"https:\/\/bayck.com\/de\/wp-json\/wp\/v2\/product_cat?post=12758"},{"taxonomy":"product_tag","embeddable":true,"href":"https:\/\/bayck.com\/de\/wp-json\/wp\/v2\/product_tag?post=12758"}],"curies":[{"name":"wp","href":"https:\/\/api.w.org\/{rel}","templated":true}]}}