{"id":12761,"date":"2023-05-28T19:26:09","date_gmt":"2023-05-28T19:26:09","guid":{"rendered":"https:\/\/bayck.com\/product\/yepp-mini-kindersitz"},"modified":"2023-09-12T08:51:48","modified_gmt":"2023-09-12T08:51:48","slug":"yepp-mini-kindersitz","status":"publish","type":"product","link":"https:\/\/bayck.com\/de\/produkt\/yepp-mini-kindersitz","title":{"rendered":"Kindersitz vorne"},"content":{"rendered":"<p>Vorderer Fahrradsitz<\/p>\n","protected":false},"excerpt":{"rendered":"<p class=\"paragraph text-color--gray80 mb-5 col-lg-6 offset-lg-3\">Der vorne montierte Fahrradsitz bietet Komfort und Stil f\u00fcr allt\u00e4gliche Fahrten.<\/p>\n<div class=\"mb-5 col-lg-6 offset-lg-3\">\n<h5 class=\"heading5 mb-4\">Ikonisches Design und inspirierende Farben<\/h5>\n<p class=\"paragraph mb-7\">Dieser kultige Fahrradkindersitz wurde f\u00fcr den Pendelverkehr und allt\u00e4gliche Fahrten entwickelt, ist vielseitig einsetzbar und sieht in passenden Farben umwerfend aus. Der Sitz wurde unter Beibehaltung des klassischen Designs mit modernen Designakzenten f\u00fcr neue Generationen erneuert. Die erneuerte Farbpalette spiegelt einen modernen urbanen Lebensstil wider &#8211; stilvoll, inspirierend und aktiv.<\/p>\n<\/div>\n<p><strong>Alle Merkmale:<\/strong><\/p>\n<div class=\"d-flex feature-wrapper mb-lg-8\">\n<div class=\"mb-8 feature-text-content\"><span class=\"paragraph\" data-original=\"Zacht zitje met schokabsorberend schuim waarin uw kind comfortabel kan reizen\" data-withplaceholders=\"\">Weicher Sitz mit sto\u00dfd\u00e4mpfendem Schaumstoff, in dem Ihr Kind bequem reisen kann<\/span><\/div>\n<\/div>\n<div class=\"d-flex feature-wrapper mb-lg-8\">\n<div class=\"image-container me-lg-8 \"><\/div>\n<div class=\"mb-8 feature-text-content\"><span class=\"paragraph\" data-original=\"Verstelbare voetsteunen en voetbanden zorgen voor een perfecte pasvorm naarmate uw kind groeit  \" data-withplaceholders=\"\">Verstellbare Fu\u00dfst\u00fctzen und Fu\u00dfschlaufen sorgen f\u00fcr eine perfekte Passform, wenn Ihr Kind w\u00e4chst  <\/span><\/div>\n<\/div>\n<div class=\"d-flex feature-wrapper mb-lg-8\">\n<div class=\"image-container me-lg-8 \"><\/div>\n<div class=\"mb-8 feature-text-content\"><span class=\"paragraph\" data-original=\"Verkrijgbaar in versies voor bevestiging op het frame, op de bagagedrager en aan de voorkant\" data-withplaceholders=\"\">Erh\u00e4ltlich als Rahmen-, Gep\u00e4cktr\u00e4ger- und Frontmontageversion<\/span><\/div>\n<\/div>\n<div class=\"d-flex feature-wrapper mb-lg-8\">\n<div class=\"image-container me-lg-8 has-image\"><\/div>\n<div class=\"mb-8 feature-text-content\"><span class=\"paragraph\" data-original=\"Eenvoudige montage van het fietskinderzitje op uw fiets - compatibel met de meeste fietsmodellen\" data-withplaceholders=\"\">Einfache Montage des Fahrradkindersitzes an Ihrem Fahrrad &#8211; kompatibel mit den meisten Fahrradmodellen<\/span><\/div>\n<\/div>\n<div class=\"d-flex feature-wrapper mb-lg-8\">\n<div class=\"image-container me-lg-8 \"><\/div>\n<div class=\"mb-8 feature-text-content\"><span class=\"paragraph\" data-original=\"Kindveilige veiligheidsgesp om uw kind snel en gemakkelijk vast te zetten\" data-withplaceholders=\"\">Kindersichere Sicherheitsschnalle zur schnellen und einfachen Sicherung Ihres Kindes<\/span><\/div>\n<\/div>\n<div class=\"d-flex feature-wrapper mb-lg-8\">\n<div class=\"image-container me-lg-8 \"><\/div>\n<div class=\"mb-8 feature-text-content\"><span class=\"paragraph\" data-original=\"Verstelbare gewatteerde 5-punts veiligheidsgordel voor een veilige, persoonlijke pasvorm en maximaal kindercomfort\" data-withplaceholders=\"\">Verstellbarer, gepolsterter 5-Punkt-Sicherheitsgurt f\u00fcr eine sichere, individuelle Passform und maximalen Kinderkomfort<\/span><\/div>\n<\/div>\n<div class=\"d-flex feature-wrapper mb-lg-8\">\n<div class=\"image-container me-lg-8 \"><\/div>\n<div class=\"mb-8 feature-text-content\"><span class=\"paragraph\" data-original=\"Comfortabel stuur voor de handen van uw kind tijdens de rit\" data-withplaceholders=\"\">Komfortabler Lenker f\u00fcr die H\u00e4nde Ihres Kindes w\u00e4hrend der Fahrt<\/span><\/div>\n<\/div>\n<div class=\"d-flex feature-wrapper mb-lg-8\">\n<div class=\"image-container me-lg-8 \"><\/div>\n<div class=\"mb-8 feature-text-content\"><span class=\"paragraph\" data-original=\"Waterafstotende materialen maken de stoel gemakkelijk schoon te maken en droog te houden  \" data-withplaceholders=\"\">Wasserabweisende Materialien machen den Stuhl leicht zu reinigen und trocken zu halten  <\/span><\/div>\n<\/div>\n<div class=\"d-flex feature-wrapper mb-lg-8\">\n<div class=\"image-container me-lg-8 \"><\/div>\n<div class=\"mb-8 feature-text-content\"><span class=\"paragraph\" data-original=\"Inclusief hoogwaardig metalen slot dat het kinderfietsstoeltje aan uw fiets bevestigt\" data-withplaceholders=\"\">Inklusive hochwertigem Metallschloss, mit dem der Fahrradkindersitz an Ihrem Fahrrad befestigt wird<\/span><\/div>\n<\/div>\n<div class=\"d-flex feature-wrapper mb-lg-8\">\n<div class=\"image-container me-lg-8 \"><\/div>\n<div class=\"mb-8 feature-text-content\"><span class=\"paragraph\" data-original=\"Ontworpen en getest voor kinderen van 9 maanden* tot 3 jaar oud, tot maximaal 15 kg. (*Raadpleeg een kinderarts als het kind jonger dan 1 jaar is.)\" data-withplaceholders=\"\">Entwickelt und getestet f\u00fcr Kinder im Alter von 9 Monaten* bis 3 Jahren, bis zu 15 kg. (*Konsultieren Sie einen Kinderarzt, wenn das Kind j\u00fcnger als 1 Jahr ist.)<\/span><\/div>\n<\/div>\n<p>&nbsp;<\/p>\n","protected":false},"featured_media":11353,"comment_status":"closed","ping_status":"closed","template":"","meta":{"_acf_changed":false},"product_brand":[],"product_cat":[728,731],"product_tag":[],"class_list":{"0":"post-12761","1":"product","2":"type-product","3":"status-publish","4":"has-post-thumbnail","6":"product_cat-konfigurator","7":"product_cat-zubehor","8":"product_shipping_class-versandkosten-unter-900-euro","10":"first","11":"instock","12":"sold-individually","13":"purchasable","14":"product-type-simple"},"composite_layout":"","composite_add_to_cart_form_location":"","composite_editable_in_cart":false,"composite_sold_individually_context":"","composite_shop_price_calc":"","composite_components":[],"composite_scenarios":[],"acf":[],"_links":{"self":[{"href":"https:\/\/bayck.com\/de\/wp-json\/wp\/v2\/product\/12761","targetHints":{"allow":["GET"]}}],"collection":[{"href":"https:\/\/bayck.com\/de\/wp-json\/wp\/v2\/product"}],"about":[{"href":"https:\/\/bayck.com\/de\/wp-json\/wp\/v2\/types\/product"}],"replies":[{"embeddable":true,"href":"https:\/\/bayck.com\/de\/wp-json\/wp\/v2\/comments?post=12761"}],"wp:featuredmedia":[{"embeddable":true,"href":"https:\/\/bayck.com\/de\/wp-json\/wp\/v2\/media\/11353"}],"wp:attachment":[{"href":"https:\/\/bayck.com\/de\/wp-json\/wp\/v2\/media?parent=12761"}],"wp:term":[{"taxonomy":"product_brand","embeddable":true,"href":"https:\/\/bayck.com\/de\/wp-json\/wp\/v2\/product_brand?post=12761"},{"taxonomy":"product_cat","embeddable":true,"href":"https:\/\/bayck.com\/de\/wp-json\/wp\/v2\/product_cat?post=12761"},{"taxonomy":"product_tag","embeddable":true,"href":"https:\/\/bayck.com\/de\/wp-json\/wp\/v2\/product_tag?post=12761"}],"curies":[{"name":"wp","href":"https:\/\/api.w.org\/{rel}","templated":true}]}}