{"id":12763,"date":"2023-05-28T19:26:10","date_gmt":"2023-05-28T19:26:10","guid":{"rendered":"https:\/\/bayck.com\/product\/zubehoer-set-mit-stabilem-frontgepaecktraeger-inkl-schutzbleche-axa-ringschloss-und-luxus-beleuchtungsset"},"modified":"2023-09-12T08:51:55","modified_gmt":"2023-09-12T08:51:55","slug":"zubehoer-set-mit-stabilem-frontgepaecktraeger-inkl-schutzbleche-axa-ringschloss-und-luxus-beleuchtungsset","status":"publish","type":"product","link":"https:\/\/bayck.com\/de\/produkt\/zubehoer-set-mit-stabilem-frontgepaecktraeger-inkl-schutzbleche-axa-ringschloss-und-luxus-beleuchtungsset","title":{"rendered":"Zubeh\u00f6r-Set mit stabilem Frontgep\u00e4cktr\u00e4ger Inkl. Kotfl\u00fcgel, ART-gepr\u00fcftes Ringschloss und Luxusbeleuchtung"},"content":{"rendered":"","protected":false},"excerpt":{"rendered":"<p>Bayck Urban mit Schutzblechen\/Luxus-Beleuchtungsset\/ Axa Lock\/ Frontgep\u00e4cktr\u00e4ger mit Bein<\/p>\n","protected":false},"featured_media":11512,"comment_status":"closed","ping_status":"closed","template":"","meta":{"_acf_changed":false},"product_brand":[],"product_cat":[728],"product_tag":[],"class_list":{"0":"post-12763","1":"product","2":"type-product","3":"status-publish","4":"has-post-thumbnail","6":"product_cat-konfigurator","8":"first","9":"instock","10":"taxable","11":"shipping-taxable","12":"purchasable","13":"product-type-simple"},"composite_layout":"","composite_add_to_cart_form_location":"","composite_editable_in_cart":false,"composite_sold_individually_context":"","composite_shop_price_calc":"","composite_components":[],"composite_scenarios":[],"acf":[],"_links":{"self":[{"href":"https:\/\/bayck.com\/de\/wp-json\/wp\/v2\/product\/12763","targetHints":{"allow":["GET"]}}],"collection":[{"href":"https:\/\/bayck.com\/de\/wp-json\/wp\/v2\/product"}],"about":[{"href":"https:\/\/bayck.com\/de\/wp-json\/wp\/v2\/types\/product"}],"replies":[{"embeddable":true,"href":"https:\/\/bayck.com\/de\/wp-json\/wp\/v2\/comments?post=12763"}],"wp:featuredmedia":[{"embeddable":true,"href":"https:\/\/bayck.com\/de\/wp-json\/wp\/v2\/media\/11512"}],"wp:attachment":[{"href":"https:\/\/bayck.com\/de\/wp-json\/wp\/v2\/media?parent=12763"}],"wp:term":[{"taxonomy":"product_brand","embeddable":true,"href":"https:\/\/bayck.com\/de\/wp-json\/wp\/v2\/product_brand?post=12763"},{"taxonomy":"product_cat","embeddable":true,"href":"https:\/\/bayck.com\/de\/wp-json\/wp\/v2\/product_cat?post=12763"},{"taxonomy":"product_tag","embeddable":true,"href":"https:\/\/bayck.com\/de\/wp-json\/wp\/v2\/product_tag?post=12763"}],"curies":[{"name":"wp","href":"https:\/\/api.w.org\/{rel}","templated":true}]}}