{"id":12771,"date":"2023-05-28T19:26:11","date_gmt":"2023-05-28T19:26:11","guid":{"rendered":"https:\/\/bayck.com\/product\/basil-fahrradkiste-m"},"modified":"2023-09-12T08:51:52","modified_gmt":"2023-09-12T08:51:52","slug":"basil-fahrradkiste-m","status":"publish","type":"product","link":"https:\/\/bayck.com\/de\/produkt\/basil-fahrradkiste-m","title":{"rendered":"Basil Fahrradkiste M"},"content":{"rendered":"<p>Basil Fahrradkiste in Gr\u00f6\u00dfe M ist eine schwarze Fahrradkiste f\u00fcr ein Damen- oder Herrenfahrrad. Die Fahrradkiste besteht aus strapazierf\u00e4higem Material und hat ein Fassungsverm\u00f6gen von 40 Litern.<\/p>\n<p>Ma\u00dfe: 40 x 33 x 24 cm <span class=\"font-xs\"><br \/>\n  <em>(Au\u00dfenma\u00df)<\/em><br \/>\n<\/span><\/p>\n<p>&nbsp;<\/p>\n","protected":false},"excerpt":{"rendered":"<p>Basil Fahrradkiste in Gr\u00f6\u00dfe M ist eine schwarze Fahrradkiste f\u00fcr ein Damen- oder Herrenfahrrad. Die Fahrradkiste besteht aus strapazierf\u00e4higem Material und hat ein Fassungsverm\u00f6gen von 40 Litern.<\/p>\n<p>Ma\u00dfe: 40 x 33 x 24 cm <span class=\"font-xs\"><br \/>\n  <em>(Au\u00dfenma\u00df)<\/em><br \/>\n<\/span><\/p>\n<p>&nbsp;<\/p>\n","protected":false},"featured_media":9328,"comment_status":"closed","ping_status":"closed","template":"","meta":{"_acf_changed":false},"product_brand":[],"product_cat":[728,731],"product_tag":[],"class_list":{"0":"post-12771","1":"product","2":"type-product","3":"status-publish","4":"has-post-thumbnail","6":"product_cat-konfigurator","7":"product_cat-zubehor","8":"product_shipping_class-versandkosten-unter-900-euro","10":"first","11":"instock","12":"sold-individually","13":"purchasable","14":"product-type-simple"},"composite_layout":"","composite_add_to_cart_form_location":"","composite_editable_in_cart":false,"composite_sold_individually_context":"","composite_shop_price_calc":"","composite_components":[],"composite_scenarios":[],"acf":[],"_links":{"self":[{"href":"https:\/\/bayck.com\/de\/wp-json\/wp\/v2\/product\/12771","targetHints":{"allow":["GET"]}}],"collection":[{"href":"https:\/\/bayck.com\/de\/wp-json\/wp\/v2\/product"}],"about":[{"href":"https:\/\/bayck.com\/de\/wp-json\/wp\/v2\/types\/product"}],"replies":[{"embeddable":true,"href":"https:\/\/bayck.com\/de\/wp-json\/wp\/v2\/comments?post=12771"}],"wp:featuredmedia":[{"embeddable":true,"href":"https:\/\/bayck.com\/de\/wp-json\/wp\/v2\/media\/9328"}],"wp:attachment":[{"href":"https:\/\/bayck.com\/de\/wp-json\/wp\/v2\/media?parent=12771"}],"wp:term":[{"taxonomy":"product_brand","embeddable":true,"href":"https:\/\/bayck.com\/de\/wp-json\/wp\/v2\/product_brand?post=12771"},{"taxonomy":"product_cat","embeddable":true,"href":"https:\/\/bayck.com\/de\/wp-json\/wp\/v2\/product_cat?post=12771"},{"taxonomy":"product_tag","embeddable":true,"href":"https:\/\/bayck.com\/de\/wp-json\/wp\/v2\/product_tag?post=12771"}],"curies":[{"name":"wp","href":"https:\/\/api.w.org\/{rel}","templated":true}]}}