{"id":12774,"date":"2023-05-28T19:26:11","date_gmt":"2023-05-28T19:26:11","guid":{"rendered":"https:\/\/bayck.com\/product\/zubehoer-set-mit-stabilem-gepaecktraeger-inkl-schutzbleche-axa-schloss-luxus-beleuchtungsset-gurt"},"modified":"2023-09-12T08:51:52","modified_gmt":"2023-09-12T08:51:52","slug":"zubehoer-set-mit-stabilem-gepaecktraeger-inkl-schutzbleche-axa-schloss-luxus-beleuchtungsset-gurt","status":"publish","type":"product","link":"https:\/\/bayck.com\/de\/produkt\/zubehoer-set-mit-stabilem-gepaecktraeger-inkl-schutzbleche-axa-schloss-luxus-beleuchtungsset-gurt","title":{"rendered":"Zubeh\u00f6r-Set mit stabilem Gep\u00e4cktr\u00e4ger inkl. Schutzbleche, Axa-Schloss, Luxus-Beleuchtungsset &amp; Gurt und Fahrradklingel"},"content":{"rendered":"","protected":false},"excerpt":{"rendered":"<p>Bayck mit Zubeh\u00f6r-Set mit stabilem Hecktr\u00e4ger inkl. Schutzbleche, Axa-Schloss, Luxus-Beleuchtungsset &amp; Gurt Commuter<\/p>\n","protected":false},"featured_media":11506,"comment_status":"closed","ping_status":"closed","template":"","meta":{"_acf_changed":false},"product_brand":[],"product_cat":[728,721],"product_tag":[],"class_list":{"0":"post-12774","1":"product","2":"type-product","3":"status-publish","4":"has-post-thumbnail","6":"product_cat-konfigurator","7":"product_cat-uncategorized-de","9":"first","10":"instock","11":"taxable","12":"shipping-taxable","13":"purchasable","14":"product-type-simple"},"composite_layout":"","composite_add_to_cart_form_location":"","composite_editable_in_cart":false,"composite_sold_individually_context":"","composite_shop_price_calc":"","composite_components":[],"composite_scenarios":[],"acf":[],"_links":{"self":[{"href":"https:\/\/bayck.com\/de\/wp-json\/wp\/v2\/product\/12774","targetHints":{"allow":["GET"]}}],"collection":[{"href":"https:\/\/bayck.com\/de\/wp-json\/wp\/v2\/product"}],"about":[{"href":"https:\/\/bayck.com\/de\/wp-json\/wp\/v2\/types\/product"}],"replies":[{"embeddable":true,"href":"https:\/\/bayck.com\/de\/wp-json\/wp\/v2\/comments?post=12774"}],"wp:featuredmedia":[{"embeddable":true,"href":"https:\/\/bayck.com\/de\/wp-json\/wp\/v2\/media\/11506"}],"wp:attachment":[{"href":"https:\/\/bayck.com\/de\/wp-json\/wp\/v2\/media?parent=12774"}],"wp:term":[{"taxonomy":"product_brand","embeddable":true,"href":"https:\/\/bayck.com\/de\/wp-json\/wp\/v2\/product_brand?post=12774"},{"taxonomy":"product_cat","embeddable":true,"href":"https:\/\/bayck.com\/de\/wp-json\/wp\/v2\/product_cat?post=12774"},{"taxonomy":"product_tag","embeddable":true,"href":"https:\/\/bayck.com\/de\/wp-json\/wp\/v2\/product_tag?post=12774"}],"curies":[{"name":"wp","href":"https:\/\/api.w.org\/{rel}","templated":true}]}}