{"id":12793,"date":"2023-05-28T19:27:54","date_gmt":"2023-05-28T19:27:54","guid":{"rendered":"https:\/\/bayck.com\/product\/zubehoer-set-mit-stabilem-front-und-hecktraeger-inkl-gurt-axa-schloss-und-luxurioeses-beleuchtungsset"},"modified":"2023-05-28T19:27:54","modified_gmt":"2023-05-28T19:27:54","slug":"zubehoer-set-mit-stabilem-front-und-hecktraeger-inkl-gurt-axa-schloss-und-luxurioeses-beleuchtungsset","status":"publish","type":"product","link":"https:\/\/bayck.com\/de\/produkt\/zubehoer-set-mit-stabilem-front-und-hecktraeger-inkl-gurt-axa-schloss-und-luxurioeses-beleuchtungsset","title":{"rendered":"Zubeh\u00f6r-Set mit stabilem Front- und Hecktr\u00e4ger, inkl. Gurt, Axa-Schloss und luxuri\u00f6ses Beleuchtungsset"},"content":{"rendered":"","protected":false},"excerpt":{"rendered":"<p>Bayck mit Kotfl\u00fcgeln\/Frontgep\u00e4cktr\u00e4ger Stadttransporter\/Hecktr\u00e4ger Stadttransporter<\/p>\n","protected":false},"featured_media":11497,"comment_status":"closed","ping_status":"closed","template":"","meta":{"_acf_changed":false},"product_brand":[],"product_cat":[728],"product_tag":[],"class_list":{"0":"post-12793","1":"product","2":"type-product","3":"status-publish","4":"has-post-thumbnail","6":"product_cat-konfigurator","8":"first","9":"instock","10":"taxable","11":"shipping-taxable","12":"purchasable","13":"product-type-simple"},"composite_layout":"","composite_add_to_cart_form_location":"","composite_editable_in_cart":false,"composite_sold_individually_context":"","composite_shop_price_calc":"","composite_components":[],"composite_scenarios":[],"acf":[],"_links":{"self":[{"href":"https:\/\/bayck.com\/de\/wp-json\/wp\/v2\/product\/12793","targetHints":{"allow":["GET"]}}],"collection":[{"href":"https:\/\/bayck.com\/de\/wp-json\/wp\/v2\/product"}],"about":[{"href":"https:\/\/bayck.com\/de\/wp-json\/wp\/v2\/types\/product"}],"replies":[{"embeddable":true,"href":"https:\/\/bayck.com\/de\/wp-json\/wp\/v2\/comments?post=12793"}],"wp:featuredmedia":[{"embeddable":true,"href":"https:\/\/bayck.com\/de\/wp-json\/wp\/v2\/media\/11497"}],"wp:attachment":[{"href":"https:\/\/bayck.com\/de\/wp-json\/wp\/v2\/media?parent=12793"}],"wp:term":[{"taxonomy":"product_brand","embeddable":true,"href":"https:\/\/bayck.com\/de\/wp-json\/wp\/v2\/product_brand?post=12793"},{"taxonomy":"product_cat","embeddable":true,"href":"https:\/\/bayck.com\/de\/wp-json\/wp\/v2\/product_cat?post=12793"},{"taxonomy":"product_tag","embeddable":true,"href":"https:\/\/bayck.com\/de\/wp-json\/wp\/v2\/product_tag?post=12793"}],"curies":[{"name":"wp","href":"https:\/\/api.w.org\/{rel}","templated":true}]}}