{"id":7194,"date":"2023-03-31T22:29:37","date_gmt":"2023-03-31T22:29:37","guid":{"rendered":"https:\/\/bayck.com\/checkout-page"},"modified":"2023-03-31T22:29:37","modified_gmt":"2023-03-31T22:29:37","slug":"checkout-page","status":"publish","type":"page","link":"https:\/\/bayck.com\/en\/checkout-page","title":{"rendered":"Checkout page"},"content":{"rendered":"<style>\n                    .woocommerce .blockUI.blockOverlay:before {<br \/>\n                        background-image: url('\/home\/bayck\/domains\/acc.bayck.com\/public_html\/wp-content\/plugins\/woocommerce\/assets\/images\/icons\/loader.svg') center center !important;<br \/>\n                    }<br \/>\n                <\/style>\n<h3 id=\"order_review_heading\">Your order<\/h3>\n<ul>\n<li>Shopping cart<br \/>\nAmount<br \/>\nPrice<\/li>\n<li><img fetchpriority=\"high\" decoding=\"async\" src=\"https:\/\/bayck.com\/wp-content\/uploads\/2020\/11\/B03A09F03P0029-300x300.png\" sizes=\"(max-width: 300px) 100vw, 300px\" srcset=\"https:\/\/bayck.com\/wp-content\/uploads\/2020\/11\/B03A09F03P0029-300x300.png 300w, https:\/\/bayck.com\/wp-content\/uploads\/2020\/11\/B03A09F03P0029-150x150.png 150w, https:\/\/bayck.com\/wp-content\/uploads\/2020\/11\/B03A09F03P0029-100x100.png 100w\" alt=\"\" width=\"300\" height=\"300\"><br \/>\nBayck with mudguards \/ rear carrier urban transporter<br \/>\n2<br \/>\n<bdi>\u20ac10.00<\/bdi><\/li>\n<\/ul>\n<p><a href=\"https:\/\/bayck.com\/winkel\"><br \/>\nContinue shopping <\/a><br \/>\nSubtotal<br \/>\n<bdi>\u20ac10.00<\/bdi><br \/>\nTotal<br \/>\n<strong><bdi>\u20ac10.00<\/bdi><\/strong><\/p>\n<h3 id=\"order_review_heading\">Your order<\/h3>\n<ul>\n<li>Shopping cart<br \/>\nAmount<br \/>\nPrice<\/li>\n<li><img fetchpriority=\"high\" decoding=\"async\" src=\"https:\/\/bayck.com\/wp-content\/uploads\/2020\/11\/B03A09F03P0029-300x300.png\" sizes=\"(max-width: 300px) 100vw, 300px\" srcset=\"https:\/\/bayck.com\/wp-content\/uploads\/2020\/11\/B03A09F03P0029-300x300.png 300w, https:\/\/bayck.com\/wp-content\/uploads\/2020\/11\/B03A09F03P0029-150x150.png 150w, https:\/\/bayck.com\/wp-content\/uploads\/2020\/11\/B03A09F03P0029-100x100.png 100w\" alt=\"\" width=\"300\" height=\"300\"><br \/>\nBayck with mudguards \/ rear carrier urban transporter<br \/>\n2<br \/>\n<bdi>\u20ac10.00<\/bdi><\/li>\n<\/ul>\n<p><a href=\"https:\/\/bayck.com\/winkel\"><br \/>\nContinue shopping <\/a><br \/>\nSubtotal<br \/>\n<bdi>\u20ac10.00<\/bdi><br \/>\nTotal<br \/>\n<strong><bdi>\u20ac10.00<\/bdi><\/strong><\/p>\n<h3 id=\"order_review_heading\">Your order<\/h3>\n<ul>\n<li>Shopping cart<br \/>\nAmount<br \/>\nPrice<\/li>\n<li><img fetchpriority=\"high\" decoding=\"async\" src=\"https:\/\/bayck.com\/wp-content\/uploads\/2020\/11\/B03A09F03P0029-300x300.png\" sizes=\"(max-width: 300px) 100vw, 300px\" srcset=\"https:\/\/bayck.com\/wp-content\/uploads\/2020\/11\/B03A09F03P0029-300x300.png 300w, https:\/\/bayck.com\/wp-content\/uploads\/2020\/11\/B03A09F03P0029-150x150.png 150w, https:\/\/bayck.com\/wp-content\/uploads\/2020\/11\/B03A09F03P0029-100x100.png 100w\" alt=\"\" width=\"300\" height=\"300\"><br \/>\nBayck with mudguards \/ rear carrier urban transporter<br \/>\n2<br \/>\n<bdi>\u20ac10.00<\/bdi><\/li>\n<\/ul>\n<p><a href=\"https:\/\/bayck.com\/winkel\"><br \/>\nContinue shopping <\/a><br \/>\nSubtotal<br \/>\n<bdi>\u20ac10.00<\/bdi><br \/>\nTotal<br \/>\n<strong><bdi>\u20ac10.00<\/bdi><\/strong><br \/>\nHave a coupon? <a href=\"#\">Click here to enter your code<\/a><\/p>\n<form style=\"display: none;\" method=\"post\">If you have a coupon code, please apply it below.<\/p>\n<p><input id=\"coupon_code\" name=\"coupon_code\" type=\"text\" value=\"\" placeholder=\"Coupon code\"><\/p>\n<p><button name=\"apply_coupon\" type=\"submit\" value=\"Apply coupon\">Apply coupon<\/button><\/p>\n<\/form>\n<p>Have a coupon? <a href=\"#\">Click here to enter your code<\/a><\/p>\n<form style=\"display: none;\" method=\"post\">If you have a coupon code, please apply it below.<\/p>\n<p><input id=\"coupon_code\" name=\"coupon_code\" type=\"text\" value=\"\" placeholder=\"Coupon code\"><\/p>\n<p><button name=\"apply_coupon\" type=\"submit\" value=\"Apply coupon\">Apply coupon<\/button><\/p>\n<\/form>\n<p>Have a coupon? <a href=\"#\">Click here to enter your code<\/a><\/p>\n<form style=\"display: none;\" method=\"post\">If you have a coupon code, please apply it below.<\/p>\n<p><input id=\"coupon_code\" name=\"coupon_code\" type=\"text\" value=\"\" placeholder=\"Coupon code\"><\/p>\n<p><button name=\"apply_coupon\" type=\"submit\" value=\"Apply coupon\">Apply coupon<\/button><\/p>\n<\/form>\n<form action=\"https:\/\/bayck.com\/afrekenen\" enctype=\"multipart\/form-data\" method=\"post\" name=\"checkout\">\n<h3>Billing details<\/h3>\n<p id=\"billing_first_name_field\" data-priority=\"10\"><label for=\"billing_first_name\">First name <abbr title=\"required\">*<\/abbr><\/label><input id=\"billing_first_name\" style=\"background-image: url('data:image\/png;base64,iVBORw0KGgoAAAANSUhEUgAAACAAAAAgCAYAAABzenr0AAAAAXNSR0IArs4c6QAAAfBJREFUWAntVk1OwkAUZkoDKza4Utm61iP0AqyIDXahN2BjwiHYGU+gizap4QDuegWN7lyCbMSlCQjU7yO0TOlAi6GwgJc0fT\/fzPfmzet0crmD7HsFBAvQbrcrw+Gw5fu+AfOYvgylJ4TwCoVCs1ardYTruqfj8fgV5OUMSVVT93VdP9dAzpVvm5wJHZFbg2LQ2pEYOlZ\/oiDvwNcsFoseY4PBwMCrhaeCJyKWZU37KOJcYdi27QdhcuuBIb073BvTNL8ln4NeeR6NRi\/wxZKQcGurQs5oNhqLshzVTMBewW\/LMU3TTNlO0ieTiStjYhUIyi6DAp0xbEdgTt+LE0aCKQw24U4llsCs4ZRJrYopB6RwqnpA1YQ5NGFZ1YQ41Z5S8IQQdP5laEBRJcD4Vj5DEsW2gE6s6g3d\/YP\/g+BDnT7GNi2qCjTwGd6riBzHaaCEd3Js01vwCPIbmWBRx1nwAN\/1ov+\/drgFWIlfKpVukyYihtgkXNp4mABK+1GtVr+SBhJDbBIubVw+Cd\/TDgKO2DPiN3YUo6y\/nDCNEIsqTKH1en2tcwA9FKEItyDi3aIh8Gl1sRrVnSDzNFDJT1bAy5xpOYGn5fP5JuL95ZjMIn1ya7j5dPGfv0A5eAnpZUY3n5jXcoec5J67D9q+VuAPM47D3XaSeL4AAAAASUVORK5CYII='); background-repeat: no-repeat; background-attachment: scroll; background-size: 16px 18px; background-position: 98% 50%;\" autocomplete=\"given-name\" name=\"billing_first_name\" type=\"text\" value=\"\" placeholder=\"\"><\/p>\n<p id=\"billing_last_name_field\" data-priority=\"20\"><label for=\"billing_last_name\">Last name <abbr title=\"required\">*<\/abbr><\/label><input id=\"billing_last_name\" autocomplete=\"family-name\" name=\"billing_last_name\" type=\"text\" value=\"\" placeholder=\"\"><\/p>\n<p id=\"billing_company_field\" data-priority=\"30\"><label for=\"billing_company\">Company name (optional)<\/label><input id=\"billing_company\" autocomplete=\"organization\" name=\"billing_company\" type=\"text\" value=\"\" placeholder=\"\"><\/p>\n<p id=\"billing_country_field\" data-priority=\"40\"><label for=\"billing_country\">Country \/ Region <abbr title=\"required\">*<\/abbr><\/label><select id=\"billing_country\" name=\"billing_country\"><option value=\"default\">Select a country \/ region\u2026<\/option><option value=\"AF\">Afghanistan<\/option><option value=\"AX\">\u00c5land Islands<\/option><option value=\"AL\">Albania<\/option><option value=\"DZ\">Algeria<\/option><option value=\"AS\">American Samoa<\/option><option value=\"AD\">Andorra<\/option><option value=\"AO\">Angola<\/option><option value=\"AI\">Anguilla<\/option><option value=\"AQ\">Antarctica<\/option><option value=\"AG\">Antigua and Barbuda<\/option><option value=\"AR\">Argentina<\/option><option value=\"AM\">Armenia<\/option><option value=\"AW\">Aruba<\/option><option value=\"AU\">Australia<\/option><option value=\"AT\">Austria<\/option><option value=\"AZ\">Azerbaijan<\/option><option value=\"BS\">Bahamas<\/option><option value=\"BH\">Bahrain<\/option><option value=\"BD\">Bangladesh<\/option><option value=\"BB\">Barbados<\/option><option value=\"BY\">Belarus<\/option><option value=\"PW\">Belau<\/option><option value=\"BE\">Belgium<\/option><option value=\"BZ\">Belize<\/option><option value=\"BJ\">Benin<\/option><option value=\"BM\">Bermuda<\/option><option value=\"BT\">Bhutan<\/option><option value=\"BO\">Bolivia<\/option><option value=\"BQ\">Bonaire, Saint Eustatius and Saba<\/option><option value=\"BA\">Bosnia and Herzegovina<\/option><option value=\"BW\">Botswana<\/option><option value=\"BV\">Bouvet Island<\/option><option value=\"BR\">Brazil<\/option><option value=\"IO\">British Indian Ocean Territory<\/option><option value=\"BN\">Brunei<\/option><option value=\"BG\">Bulgaria<\/option><option value=\"BF\">Burkina Faso<\/option><option value=\"BI\">Burundi<\/option><option value=\"KH\">Cambodia<\/option><option value=\"CM\">Cameroon<\/option><option value=\"CA\">Canada<\/option><option value=\"CV\">Cape Verde<\/option><option value=\"KY\">Cayman Islands<\/option><option value=\"CF\">Central African Republic<\/option><option value=\"TD\">Chad<\/option><option value=\"CL\">Chile<\/option><option value=\"CN\">China<\/option><option value=\"CX\">Christmas Island<\/option><option value=\"CC\">Cocos (Keeling) Islands<\/option><option value=\"CO\">Colombia<\/option><option value=\"KM\">Comoros<\/option><option value=\"CG\">Congo (Brazzaville)<\/option><option value=\"CD\">Congo (Kinshasa)<\/option><option value=\"CK\">Cook Islands<\/option><option value=\"CR\">Costa Rica<\/option><option value=\"HR\">Croatia<\/option><option value=\"CU\">Cuba<\/option><option value=\"CW\">Cura\u00e7ao<\/option><option value=\"CY\">Cyprus<\/option><option value=\"CZ\">Czech Republic<\/option><option value=\"DK\">Denmark<\/option><option value=\"DJ\">Djibouti<\/option><option value=\"DM\">Dominica<\/option><option value=\"DO\">Dominican Republic<\/option><option value=\"EC\">Ecuador<\/option><option value=\"EG\">Egypt<\/option><option value=\"SV\">El Salvador<\/option><option value=\"GQ\">Equatorial Guinea<\/option><option value=\"ER\">Eritrea<\/option><option value=\"EE\">Estonia<\/option><option value=\"ET\">Ethiopia<\/option><option value=\"FK\">Falkland Islands<\/option><option value=\"FO\">Faroe Islands<\/option><option value=\"FJ\">Fiji<\/option><option value=\"FI\">Finland<\/option><option value=\"FR\">France<\/option><option value=\"GF\">French Guiana<\/option><option value=\"PF\">French Polynesia<\/option><option value=\"TF\">French Southern Territories<\/option><option value=\"GA\">Gabon<\/option><option value=\"GM\">Gambia<\/option><option value=\"GE\">Georgia<\/option><option value=\"DE\">Germany<\/option><option value=\"GH\">Ghana<\/option><option value=\"GI\">Gibraltar<\/option><option value=\"GR\">Greece<\/option><option value=\"GL\">Greenland<\/option><option value=\"GD\">Grenada<\/option><option value=\"GP\">Guadeloupe<\/option><option value=\"GU\">Guam<\/option><option value=\"GT\">Guatemala<\/option><option value=\"GG\">Guernsey<\/option><option value=\"GN\">Guinea<\/option><option value=\"GW\">Guinea-Bissau<\/option><option value=\"GY\">Guyana<\/option><option value=\"HT\">Haiti<\/option><option value=\"HM\">Heard Island and McDonald Islands<\/option><option value=\"HN\">Honduras<\/option><option value=\"HK\">Hong Kong<\/option><option value=\"HU\">Hungary<\/option><option value=\"IS\">Iceland<\/option><option value=\"IN\">India<\/option><option value=\"ID\">Indonesia<\/option><option value=\"IR\">Iran<\/option><option value=\"IQ\">Iraq<\/option><option value=\"IE\">Ireland<\/option><option value=\"IM\">Isle of Man<\/option><option value=\"IL\">Israel<\/option><option value=\"IT\">Italy<\/option><option value=\"CI\">Ivory Coast<\/option><option value=\"JM\">Jamaica<\/option><option value=\"JP\">Japan<\/option><option value=\"JE\">Jersey<\/option><option value=\"JO\">Jordan<\/option><option value=\"KZ\">Kazakhstan<\/option><option value=\"KE\">Kenya<\/option><option value=\"KI\">Kiribati<\/option><option value=\"KW\">Kuwait<\/option><option value=\"KG\">Kyrgyzstan<\/option><option value=\"LA\">Laos<\/option><option value=\"LV\">Latvia<\/option><option value=\"LB\">Lebanon<\/option><option value=\"LS\">Lesotho<\/option><option value=\"LR\">Liberia<\/option><option value=\"LY\">Libya<\/option><option value=\"LI\">Liechtenstein<\/option><option value=\"LT\">Lithuania<\/option><option value=\"LU\">Luxembourg<\/option><option value=\"MO\">Macao<\/option><option value=\"MG\">Madagascar<\/option><option value=\"MW\">Malawi<\/option><option value=\"MY\">Malaysia<\/option><option value=\"MV\">Maldives<\/option><option value=\"ML\">Mali<\/option><option value=\"MT\">Malta<\/option><option value=\"MH\">Marshall Islands<\/option><option value=\"MQ\">Martinique<\/option><option value=\"MR\">Mauritania<\/option><option value=\"MU\">Mauritius<\/option><option value=\"YT\">Mayotte<\/option><option value=\"MX\">Mexico<\/option><option value=\"FM\">Micronesia<\/option><option value=\"MD\">Moldova<\/option><option value=\"MC\">Monaco<\/option><option value=\"MN\">Mongolia<\/option><option value=\"ME\">Montenegro<\/option><option value=\"MS\">Montserrat<\/option><option value=\"MA\">Morocco<\/option><option value=\"MZ\">Mozambique<\/option><option value=\"MM\">Myanmar<\/option><option value=\"NA\">Namibia<\/option><option value=\"NR\">Nauru<\/option><option value=\"NP\">Nepal<\/option><option selected value=\"NL\">Netherlands<\/option><option value=\"NC\">New Caledonia<\/option><option value=\"NZ\">New Zealand<\/option><option value=\"NI\">Nicaragua<\/option><option value=\"NE\">Niger<\/option><option value=\"NG\">Nigeria<\/option><option value=\"NU\">Niue<\/option><option value=\"NF\">Norfolk Island<\/option><option value=\"KP\">North Korea<\/option><option value=\"MK\">North Macedonia<\/option><option value=\"MP\">Northern Mariana Islands<\/option><option value=\"NO\">Norway<\/option><option value=\"OM\">Oman<\/option><option value=\"PK\">Pakistan<\/option><option value=\"PS\">Palestinian Territory<\/option><option value=\"PA\">Panama<\/option><option value=\"PG\">Papua New Guinea<\/option><option value=\"PY\">Paraguay<\/option><option value=\"PE\">Peru<\/option><option value=\"PH\">Philippines<\/option><option value=\"PN\">Pitcairn<\/option><option value=\"PL\">Poland<\/option><option value=\"PT\">Portugal<\/option><option value=\"PR\">Puerto Rico<\/option><option value=\"QA\">Qatar<\/option><option value=\"RE\">Reunion<\/option><option value=\"RO\">Romania<\/option><option value=\"RU\">Russia<\/option><option value=\"RW\">Rwanda<\/option><option value=\"ST\">S\u00e3o Tom\u00e9 and Pr\u00edncipe<\/option><option value=\"BL\">Saint Barth\u00e9lemy<\/option><option value=\"SH\">Saint Helena<\/option><option value=\"KN\">Saint Kitts and Nevis<\/option><option value=\"LC\">Saint Lucia<\/option><option value=\"SX\">Saint Martin (Dutch part)<\/option><option value=\"MF\">Saint Martin (French part)<\/option><option value=\"PM\">Saint Pierre and Miquelon<\/option><option value=\"VC\">Saint Vincent and the Grenadines<\/option><option value=\"WS\">Samoa<\/option><option value=\"SM\">San Marino<\/option><option value=\"SA\">Saudi Arabia<\/option><option value=\"SN\">Senegal<\/option><option value=\"RS\">Serbia<\/option><option value=\"SC\">Seychelles<\/option><option value=\"SL\">Sierra Leone<\/option><option value=\"SG\">Singapore<\/option><option value=\"SK\">Slovakia<\/option><option value=\"SI\">Slovenia<\/option><option value=\"SB\">Solomon Islands<\/option><option value=\"SO\">Somalia<\/option><option value=\"ZA\">South Africa<\/option><option value=\"GS\">South Georgia\/Sandwich Islands<\/option><option value=\"KR\">South Korea<\/option><option value=\"SS\">South Sudan<\/option><option value=\"ES\">Spain<\/option><option value=\"LK\">Sri Lanka<\/option><option value=\"SD\">Sudan<\/option><option value=\"SR\">Suriname<\/option><option value=\"SJ\">Svalbard and Jan Mayen<\/option><option value=\"SZ\">Swaziland<\/option><option value=\"SE\">Sweden<\/option><option value=\"CH\">Switzerland<\/option><option value=\"SY\">Syria<\/option><option value=\"TW\">Taiwan<\/option><option value=\"TJ\">Tajikistan<\/option><option value=\"TZ\">Tanzania<\/option><option value=\"TH\">Thailand<\/option><option value=\"TL\">Timor-Leste<\/option><option value=\"TG\">Togo<\/option><option value=\"TK\">Tokelau<\/option><option value=\"TO\">Tonga<\/option><option value=\"TT\">Trinidad and Tobago<\/option><option value=\"TN\">Tunisia<\/option><option value=\"TR\">Turkey<\/option><option value=\"TM\">Turkmenistan<\/option><option value=\"TC\">Turks and Caicos Islands<\/option><option value=\"TV\">Tuvalu<\/option><option value=\"UG\">Uganda<\/option><option value=\"UA\">Ukraine<\/option><option value=\"AE\">United Arab Emirates<\/option><option value=\"GB\">United Kingdom (UK)<\/option><option value=\"US\">United States (US)<\/option><option value=\"UM\">United States (US) Minor Outlying Islands<\/option><option value=\"UY\">Uruguay<\/option><option value=\"UZ\">Uzbekistan<\/option><option value=\"VU\">Vanuatu<\/option><option value=\"VA\">Vatican<\/option><option value=\"VE\">Venezuela<\/option><option value=\"VN\">Vietnam<\/option><option value=\"VG\">Virgin Islands (British)<\/option><option value=\"VI\">Virgin Islands (US)<\/option><option value=\"WF\">Wallis and Futuna<\/option><option value=\"EH\">Western Sahara<\/option><option value=\"YE\">Yemen<\/option><option value=\"ZM\">Zambia<\/option><option value=\"ZW\">Zimbabwe<\/option><\/select><noscript><button type=\"submit\" name=\"woocommerce_checkout_update_totals\" value=\"Update country \/ region\">Update country \/ region<\/button><\/noscript><\/p>\n<p id=\"billing_address_1_field\" data-priority=\"50\"><label for=\"billing_address_1\">Street address <abbr title=\"required\">*<\/abbr><\/label><input id=\"billing_address_1\" autocomplete=\"address-line1\" name=\"billing_address_1\" type=\"text\" value=\"\" placeholder=\"House number and street name\"><\/p>\n<p id=\"billing_address_2_field\" data-priority=\"60\"><label for=\"billing_address_2\">Apartment, suite, unit, etc. (optional) (optional)<\/label><input id=\"billing_address_2\" autocomplete=\"address-line2\" name=\"billing_address_2\" type=\"text\" value=\"\" placeholder=\"Apartment, suite, unit, etc. (optional)\"><\/p>\n<p id=\"billing_postcode_field\" data-priority=\"65\"><label for=\"billing_postcode\">Postcode \/ ZIP <abbr title=\"required\">*<\/abbr><\/label><input id=\"billing_postcode\" autocomplete=\"postal-code\" name=\"billing_postcode\" type=\"text\" value=\"\" placeholder=\"\"><\/p>\n<p id=\"billing_city_field\" data-priority=\"70\"><label for=\"billing_city\">Town \/ City <abbr title=\"required\">*<\/abbr><\/label><input id=\"billing_city\" autocomplete=\"address-level2\" name=\"billing_city\" type=\"text\" value=\"\" placeholder=\"\"><\/p>\n<p id=\"billing_state_field\" style=\"display: none;\"><label for=\"billing_state\">Province (optional)<\/label><input id=\"billing_state\" autocomplete=\"address-level1\" name=\"billing_state\" readonly type=\"hidden\" value=\"\" placeholder=\"\" data-input-classes=\"\"><\/p>\n<p id=\"billing_phone_field\" data-priority=\"100\"><label for=\"billing_phone\">Phone <abbr title=\"required\">*<\/abbr><\/label><input id=\"billing_phone\" autocomplete=\"tel\" name=\"billing_phone\" type=\"tel\" value=\"\" placeholder=\"\"><\/p>\n<p id=\"billing_email_field\" data-priority=\"110\"><label for=\"billing_email\">Email address <abbr title=\"required\">*<\/abbr><\/label><input id=\"billing_email\" autocomplete=\"email username\" name=\"billing_email\" type=\"email\" value=\"developers@relevantonline.eu\" placeholder=\"\"><\/p>\n<h3>Additional information<\/h3>\n<p id=\"order_comments_field\" data-priority=\"\"><label for=\"order_comments\">Order notes (optional)<\/label><textarea id=\"order_comments\" cols=\"5\" name=\"order_comments\" rows=\"2\" placeholder=\"Notes about your order, e.g. special notes for delivery.\"><\/textarea><\/p>\n<h3 id=\"payment-title\">Payment Methods<\/h3>\n<ul>\n<li><input id=\"payment_method_mollie_wc_gateway_belfius\" checked name=\"payment_method\" type=\"radio\" value=\"mollie_wc_gateway_belfius\" data-order_button_text=\"\"><br \/>\n<label for=\"payment_method_mollie_wc_gateway_belfius\"><br \/>\nBelfius Direct Net <img decoding=\"async\" style=\"width: 32px; vertical-align: bottom;\" src=\"https:\/\/bayck.com\/wp-content\/plugins\/mollie-payments-for-woocommerce\/public\/images\/belfius.svg\"> <\/label><\/li>\n<li><input id=\"payment_method_mollie_wc_gateway_creditcard\" name=\"payment_method\" type=\"radio\" value=\"mollie_wc_gateway_creditcard\" data-order_button_text=\"\"><br \/>\n<label for=\"payment_method_mollie_wc_gateway_creditcard\"><br \/>\nCredit card <img decoding=\"async\" style=\"width: 32px; vertical-align: bottom;\" src=\"https:\/\/bayck.com\/wp-content\/plugins\/mollie-payments-for-woocommerce\/public\/images\/creditcard.svg\"> <\/label><\/li>\n<li><input id=\"payment_method_mollie_wc_gateway_ideal\" name=\"payment_method\" type=\"radio\" value=\"mollie_wc_gateway_ideal\" data-order_button_text=\"\"><br \/>\n<label for=\"payment_method_mollie_wc_gateway_ideal\"><br \/>\niDEAL <img decoding=\"async\" style=\"width: 32px; vertical-align: bottom;\" src=\"https:\/\/bayck.com\/wp-content\/plugins\/mollie-payments-for-woocommerce\/public\/images\/ideal.svg\"> <\/label><\/p>\n<p>Select your bank<\/p>\n<p><select name=\"mollie-payments-for-woocommerce_issuer_mollie_wc_gateway_ideal\"><option value=\"\">Select your bank<\/option><option value=\"ideal_ABNANL2A\">ABN AMRO<\/option><option value=\"ideal_INGBNL2A\">ING<\/option><option value=\"ideal_RABONL2U\">Rabobank<\/option><option value=\"ideal_ASNBNL21\">ASN Bank<\/option><option value=\"ideal_BUNQNL2A\">bunq<\/option><option value=\"ideal_HANDNL2A\">Handelsbanken<\/option><option value=\"ideal_KNABNL2H\">Knab<\/option><option value=\"ideal_MOYONL21\">Moneyou<\/option><option value=\"ideal_RBRBNL21\">RegioBank<\/option><option value=\"ideal_SNSBNL2A\">SNS<\/option><option value=\"ideal_TRIONL2U\">Triodos Bank<\/option><option value=\"ideal_FVLBNL22\">van Lanschot<\/option><\/select><\/li>\n<li><input id=\"payment_method_mollie_wc_gateway_inghomepay\" name=\"payment_method\" type=\"radio\" value=\"mollie_wc_gateway_inghomepay\" data-order_button_text=\"\"><br \/>\n<label for=\"payment_method_mollie_wc_gateway_inghomepay\"><br \/>\nING Home&#8217;Pay <img decoding=\"async\" style=\"width: 32px; vertical-align: bottom;\" src=\"https:\/\/bayck.com\/wp-content\/plugins\/mollie-payments-for-woocommerce\/public\/images\/inghomepay.svg\"> <\/label><\/li>\n<li><input id=\"payment_method_mollie_wc_gateway_kbc\" name=\"payment_method\" type=\"radio\" value=\"mollie_wc_gateway_kbc\" data-order_button_text=\"\"><br \/>\n<label for=\"payment_method_mollie_wc_gateway_kbc\"><br \/>\nKBC\/CBC Payment Button <img decoding=\"async\" style=\"width: 32px; vertical-align: bottom;\" src=\"https:\/\/bayck.com\/wp-content\/plugins\/mollie-payments-for-woocommerce\/public\/images\/kbc.svg\"> <\/label><\/p>\n<p>Select your bank<\/p>\n<p><select name=\"mollie-payments-for-woocommerce_issuer_mollie_wc_gateway_kbc\"><option value=\"\">Select your bank<\/option><option value=\"cbc\">CBC<\/option><option value=\"kbc\">KBC<\/option><\/select><\/li>\n<li><input id=\"payment_method_mollie_wc_gateway_bancontact\" name=\"payment_method\" type=\"radio\" value=\"mollie_wc_gateway_bancontact\" data-order_button_text=\"\"><br \/>\n<label for=\"payment_method_mollie_wc_gateway_bancontact\"><br \/>\nBancontact <img decoding=\"async\" style=\"width: 32px; vertical-align: bottom;\" src=\"https:\/\/bayck.com\/wp-content\/plugins\/mollie-payments-for-woocommerce\/public\/images\/bancontact.svg\"> <\/label><\/li>\n<li><input id=\"payment_method_mollie_wc_gateway_applepay\" name=\"payment_method\" type=\"radio\" value=\"mollie_wc_gateway_applepay\" data-order_button_text=\"\"><br \/>\n<label for=\"payment_method_mollie_wc_gateway_applepay\"><br \/>\nApple Pay <img decoding=\"async\" style=\"width: 32px; vertical-align: bottom;\" src=\"https:\/\/bayck.com\/wp-content\/plugins\/mollie-payments-for-woocommerce\/public\/images\/applepay.svg\"> <\/label><\/li>\n<li><input id=\"payment_method_mollie_wc_gateway_mealvoucher\" name=\"payment_method\" type=\"radio\" value=\"mollie_wc_gateway_mealvoucher\" data-order_button_text=\"\"><br \/>\n<label for=\"payment_method_mollie_wc_gateway_mealvoucher\"><br \/>\nVoucher <img decoding=\"async\" style=\"width: 32px; vertical-align: bottom;\" src=\"https:\/\/bayck.com\/wp-content\/plugins\/mollie-payments-for-woocommerce\/public\/images\/voucher.svg\"> <\/label><\/p>\n<p>voucher<\/li>\n<\/ul>\n<p><noscript><br \/>\nSince your browser does not support JavaScript, or it is disabled, please ensure you click the <em>Update Totals<\/em> button before placing your order. You may be charged more than the amount stated above if you fail to do so.<br \/>\n<button type=\"submit\" name=\"woocommerce_checkout_update_totals\" value=\"Update totals\">Update totals<\/button><br \/>\n<\/noscript><\/p>\n<p>Your personal data will be used to process your order, support your experience throughout this website, and for other purposes described in our <a href=\"https:\/\/bayck.com\/privacy-policy__trashed\" target=\"_blank\" rel=\"noopener noreferrer\">privacy policy<\/a>.<\/p>\n<p><button id=\"place_order\" name=\"woocommerce_checkout_place_order\" type=\"submit\" value=\"Place order\" data-value=\"Place order\">Place order<\/button><br \/>\n<input id=\"woocommerce-process-checkout-nonce\" name=\"woocommerce-process-checkout-nonce\" type=\"hidden\" value=\"eefa8fec90\"><input name=\"_wp_http_referer\" type=\"hidden\" value=\"\/wp-admin\/admin-ajax.php\"><\/p>\n<\/form>\n","protected":false},"excerpt":{"rendered":"<p>Your order Shopping cart Amount Price Bayck with mudguards \/ rear carrier urban transporter 2 \u20ac10.00 Continue shopping Subtotal \u20ac10.00 Total \u20ac10.00 Your order Shopping cart Amount Price Bayck with mudguards \/ rear carrier urban transporter 2 \u20ac10.00 Continue shopping Subtotal \u20ac10.00 Total \u20ac10.00 Your order Shopping cart Amount Price Bayck with mudguards \/ rear [&hellip;]<\/p>\n","protected":false},"author":1,"featured_media":0,"parent":0,"menu_order":0,"comment_status":"closed","ping_status":"closed","template":"","meta":{"_acf_changed":false,"footnotes":""},"class_list":["post-7194","page","type-page","status-publish","hentry"],"acf":[],"_links":{"self":[{"href":"https:\/\/bayck.com\/en\/wp-json\/wp\/v2\/pages\/7194","targetHints":{"allow":["GET"]}}],"collection":[{"href":"https:\/\/bayck.com\/en\/wp-json\/wp\/v2\/pages"}],"about":[{"href":"https:\/\/bayck.com\/en\/wp-json\/wp\/v2\/types\/page"}],"author":[{"embeddable":true,"href":"https:\/\/bayck.com\/en\/wp-json\/wp\/v2\/users\/1"}],"replies":[{"embeddable":true,"href":"https:\/\/bayck.com\/en\/wp-json\/wp\/v2\/comments?post=7194"}],"version-history":[{"count":1,"href":"https:\/\/bayck.com\/en\/wp-json\/wp\/v2\/pages\/7194\/revisions"}],"predecessor-version":[{"id":7195,"href":"https:\/\/bayck.com\/en\/wp-json\/wp\/v2\/pages\/7194\/revisions\/7195"}],"wp:attachment":[{"href":"https:\/\/bayck.com\/en\/wp-json\/wp\/v2\/media?parent=7194"}],"curies":[{"name":"wp","href":"https:\/\/api.w.org\/{rel}","templated":true}]}}