{"id":12529,"date":"2023-05-28T16:48:29","date_gmt":"2023-05-28T16:48:29","guid":{"rendered":"https:\/\/bayck.com\/accessoires"},"modified":"2023-06-21T17:58:31","modified_gmt":"2023-06-21T17:58:31","slug":"accessoires","status":"publish","type":"page","link":"https:\/\/bayck.com\/fr\/accessoires","title":{"rendered":"accessoires"},"content":{"rendered":"\t\t<div data-elementor-type=\"wp-page\" data-elementor-id=\"12529\" class=\"elementor elementor-12529 elementor-8885\" data-elementor-post-type=\"page\">\n\t\t\t\t\t\t<section class=\"elementor-section elementor-top-section elementor-element elementor-element-758648d elementor-section-boxed elementor-section-height-default elementor-section-height-default\" data-id=\"758648d\" data-element_type=\"section\" data-e-type=\"section\">\n\t\t\t\t\t\t<div class=\"elementor-container elementor-column-gap-default\">\n\t\t\t\t\t<div class=\"elementor-column elementor-col-100 elementor-top-column elementor-element elementor-element-f02d172\" data-id=\"f02d172\" data-element_type=\"column\" data-e-type=\"column\">\n\t\t\t<div class=\"elementor-widget-wrap elementor-element-populated\">\n\t\t\t\t\t\t<section class=\"elementor-section elementor-inner-section elementor-element elementor-element-ebaf9b8 elementor-section-boxed elementor-section-height-default elementor-section-height-default\" data-id=\"ebaf9b8\" data-element_type=\"section\" data-e-type=\"section\">\n\t\t\t\t\t\t<div class=\"elementor-container elementor-column-gap-default\">\n\t\t\t\t\t<div class=\"elementor-column elementor-col-50 elementor-inner-column elementor-element elementor-element-aaba886\" data-id=\"aaba886\" data-element_type=\"column\" data-e-type=\"column\">\n\t\t\t<div class=\"elementor-widget-wrap elementor-element-populated\">\n\t\t\t\t\t\t<div class=\"elementor-element elementor-element-03b85ca elementor-widget elementor-widget-image\" data-id=\"03b85ca\" data-element_type=\"widget\" data-e-type=\"widget\" data-widget_type=\"image.default\">\n\t\t\t\t<div class=\"elementor-widget-container\">\n\t\t\t\t\t\t\t\t\t\t\t\t\t\t\t<img fetchpriority=\"high\" decoding=\"async\" width=\"800\" height=\"596\" src=\"https:\/\/bayck.com\/wp-content\/uploads\/2023\/05\/1000x1000px-Bayck-Childseat-1024x763.jpg\" class=\"attachment-large size-large wp-image-8888\" alt=\"E-Bike met kinderzitje\" srcset=\"https:\/\/bayck.com\/wp-content\/uploads\/2023\/05\/1000x1000px-Bayck-Childseat-1024x763.jpg 1024w, https:\/\/bayck.com\/wp-content\/uploads\/2023\/05\/1000x1000px-Bayck-Childseat-300x224.jpg 300w, https:\/\/bayck.com\/wp-content\/uploads\/2023\/05\/1000x1000px-Bayck-Childseat-768x572.jpg 768w, https:\/\/bayck.com\/wp-content\/uploads\/2023\/05\/1000x1000px-Bayck-Childseat-1536x1144.jpg 1536w, https:\/\/bayck.com\/wp-content\/uploads\/2023\/05\/1000x1000px-Bayck-Childseat-2048x1526.jpg 2048w, https:\/\/bayck.com\/wp-content\/uploads\/2023\/05\/1000x1000px-Bayck-Childseat-600x447.jpg 600w\" sizes=\"(max-width: 800px) 100vw, 800px\" \/>\t\t\t\t\t\t\t\t\t\t\t\t\t\t\t<\/div>\n\t\t\t\t<\/div>\n\t\t\t\t\t<\/div>\n\t\t<\/div>\n\t\t\t\t<div class=\"elementor-column elementor-col-50 elementor-inner-column elementor-element elementor-element-209ce5e\" data-id=\"209ce5e\" data-element_type=\"column\" data-e-type=\"column\">\n\t\t\t<div class=\"elementor-widget-wrap elementor-element-populated\">\n\t\t\t\t\t\t<div class=\"elementor-element elementor-element-86997de elementor-widget elementor-widget-heading\" data-id=\"86997de\" data-element_type=\"widget\" data-e-type=\"widget\" data-widget_type=\"heading.default\">\n\t\t\t\t<div class=\"elementor-widget-container\">\n\t\t\t\t\t<h1 class=\"elementor-heading-title elementor-size-default\">Commandez des accessoires pour votre Bayck<\/h1>\t\t\t\t<\/div>\n\t\t\t\t<\/div>\n\t\t\t\t<div class=\"elementor-element elementor-element-62f44d1 elementor-widget elementor-widget-text-editor\" data-id=\"62f44d1\" data-element_type=\"widget\" data-e-type=\"widget\" data-widget_type=\"text-editor.default\">\n\t\t\t\t<div class=\"elementor-widget-container\">\n\t\t\t\t\t\t\t\t\t<p>Votre passion est le v\u00e9lo, de quelque fa\u00e7on que ce soit! Vous aimez traverser la nature, de village en village. Ou \u00eates-vous ce cavalier aventureux de la ville? Bayck est le v\u00e9lo \u00e9lectrique sportif et tendance avec une entr\u00e9e basse et donc adapt\u00e9 \u00e0 tout le monde.<\/p>\n\t\t\t\t\t\t\t\t<\/div>\n\t\t\t\t<\/div>\n\t\t\t\t\t<\/div>\n\t\t<\/div>\n\t\t\t\t\t<\/div>\n\t\t<\/section>\n\t\t\t\t\t<\/div>\n\t\t<\/div>\n\t\t\t\t\t<\/div>\n\t\t<\/section>\n\t\t\t\t<section class=\"elementor-section elementor-top-section elementor-element elementor-element-df7a1a8 elementor-section-boxed elementor-section-height-default elementor-section-height-default\" data-id=\"df7a1a8\" data-element_type=\"section\" data-e-type=\"section\">\n\t\t\t\t\t\t<div class=\"elementor-container elementor-column-gap-default\">\n\t\t\t\t\t<div class=\"elementor-column elementor-col-100 elementor-top-column elementor-element elementor-element-554394c\" data-id=\"554394c\" data-element_type=\"column\" data-e-type=\"column\">\n\t\t\t<div class=\"elementor-widget-wrap elementor-element-populated\">\n\t\t\t\t\t\t<section class=\"elementor-section elementor-inner-section elementor-element elementor-element-c4af0c9 elementor-section-boxed elementor-section-height-default elementor-section-height-default\" data-id=\"c4af0c9\" data-element_type=\"section\" data-e-type=\"section\">\n\t\t\t\t\t\t<div class=\"elementor-container elementor-column-gap-default\">\n\t\t\t\t\t<div class=\"elementor-column elementor-col-100 elementor-inner-column elementor-element elementor-element-00755e6\" data-id=\"00755e6\" data-element_type=\"column\" data-e-type=\"column\">\n\t\t\t<div class=\"elementor-widget-wrap elementor-element-populated\">\n\t\t\t\t\t\t\t<\/div>\n\t\t<\/div>\n\t\t\t\t\t<\/div>\n\t\t<\/section>\n\t\t\t\t\t<\/div>\n\t\t<\/div>\n\t\t\t\t\t<\/div>\n\t\t<\/section>\n\t\t\t\t<\/div>\n\t\t","protected":false},"excerpt":{"rendered":"<p>Commandez des accessoires pour votre Bayck Votre passion est le v\u00e9lo, de quelque fa\u00e7on que ce soit! Vous aimez traverser la nature, de village en village. Ou \u00eates-vous ce cavalier aventureux de la ville? Bayck est le v\u00e9lo \u00e9lectrique sportif et tendance avec une entr\u00e9e basse et donc adapt\u00e9 \u00e0 tout le monde.<\/p>\n","protected":false},"author":1,"featured_media":0,"parent":0,"menu_order":0,"comment_status":"closed","ping_status":"closed","template":"elementor_header_footer","meta":{"_acf_changed":false,"footnotes":""},"class_list":["post-12529","page","type-page","status-publish","hentry"],"acf":[],"_links":{"self":[{"href":"https:\/\/bayck.com\/fr\/wp-json\/wp\/v2\/pages\/12529","targetHints":{"allow":["GET"]}}],"collection":[{"href":"https:\/\/bayck.com\/fr\/wp-json\/wp\/v2\/pages"}],"about":[{"href":"https:\/\/bayck.com\/fr\/wp-json\/wp\/v2\/types\/page"}],"author":[{"embeddable":true,"href":"https:\/\/bayck.com\/fr\/wp-json\/wp\/v2\/users\/1"}],"replies":[{"embeddable":true,"href":"https:\/\/bayck.com\/fr\/wp-json\/wp\/v2\/comments?post=12529"}],"version-history":[{"count":6,"href":"https:\/\/bayck.com\/fr\/wp-json\/wp\/v2\/pages\/12529\/revisions"}],"predecessor-version":[{"id":13200,"href":"https:\/\/bayck.com\/fr\/wp-json\/wp\/v2\/pages\/12529\/revisions\/13200"}],"wp:attachment":[{"href":"https:\/\/bayck.com\/fr\/wp-json\/wp\/v2\/media?parent=12529"}],"curies":[{"name":"wp","href":"https:\/\/api.w.org\/{rel}","templated":true}]}}