{"id":12563,"date":"2023-05-28T16:50:07","date_gmt":"2023-05-28T16:50:07","guid":{"rendered":"https:\/\/bayck.com\/politique-relative-aux-cookies"},"modified":"2023-06-12T19:09:57","modified_gmt":"2023-06-12T19:09:57","slug":"politique-relative-aux-cookies","status":"publish","type":"page","link":"https:\/\/bayck.com\/fr\/politique-relative-aux-cookies","title":{"rendered":"Politique relative aux cookies"},"content":{"rendered":"\t\t<div data-elementor-type=\"wp-page\" data-elementor-id=\"12563\" class=\"elementor elementor-12563 elementor-2852\" data-elementor-post-type=\"page\">\n\t\t\t\t\t\t<section class=\"elementor-section elementor-top-section elementor-element elementor-element-a9ac535 elementor-section-boxed elementor-section-height-default elementor-section-height-default\" data-id=\"a9ac535\" data-element_type=\"section\" data-e-type=\"section\">\n\t\t\t\t\t\t<div class=\"elementor-container elementor-column-gap-default\">\n\t\t\t\t\t<div class=\"elementor-column elementor-col-100 elementor-top-column elementor-element elementor-element-10344b7\" data-id=\"10344b7\" data-element_type=\"column\" data-e-type=\"column\">\n\t\t\t<div class=\"elementor-widget-wrap elementor-element-populated\">\n\t\t\t\t\t\t<div class=\"elementor-element elementor-element-7554279 elementor-widget elementor-widget-text-editor\" data-id=\"7554279\" data-element_type=\"widget\" data-e-type=\"widget\" data-widget_type=\"text-editor.default\">\n\t\t\t\t<div class=\"elementor-widget-container\">\n\t\t\t\t\t\t\t\t\t<h1>Politique relative aux cookies de Bayck<\/h1>\n<p>Bayck.com utilise des cookies et d&rsquo;autres technologies telles que les balises Web et les SDK sur sa boutique en ligne et les sites associ\u00e9s. Parce que nous voulons garantir votre confidentialit\u00e9 et am\u00e9liorer la convivialit\u00e9 de vos visites sur notre boutique en ligne, nous pensons qu&rsquo;il est important que vous sachiez comment et pourquoi nous utilisons des cookies. Ci-dessous, nous vous fournissons autant d&rsquo;informations que possible sur l&rsquo;utilisation de ces techniques, y compris les cookies par bayck.com. Ici, vous pouvez \u00e9galement g\u00e9rer vos param\u00e8tres de cookies.<\/p>\n<h2>Qui est responsable du traitement de vos donn\u00e9es ?<\/h2>\n<p>Bayck BV, situ\u00e9 \u00e0 Finlandweg 10a, <span style=\"font-weight: 400;\">4532 BL \u00e0 Terneuzen<\/span><span style=\"font-weight: 400;\">, <\/span> est responsable du traitement des donn\u00e9es tel que d\u00e9crit dans la pr\u00e9sente politique en mati\u00e8re de cookies.&nbsp;<\/p>\n<h2>Que sont les cookies ?<\/h2>\n<p>Les cookies sont de petits fichiers texte simples que votre ordinateur ou appareil mobile stocke lorsque vous utilisez notre boutique en ligne. Il existe \u00e9galement des techniques de type cookie qui permettent d&rsquo;obtenir les m\u00eames r\u00e9sultats.<\/p>\n<h2>Quelles sont les autres techniques similaires aux cookies ?<\/h2>\n<p>Les balises Web, le stockage local et de session et les SDK sont des techniques Internet standard qui, parfois associ\u00e9es \u00e0 des cookies, garantissent qu&rsquo;un syst\u00e8me peut collecter des informations, puis les envoyer. Des cookies et d&rsquo;autres techniques sont utilis\u00e9s dans toutes les boutiques en ligne existantes. Par exemple, en utilisant des cookies et d&rsquo;autres techniques, nous nous assurons que :<\/p>\n<ul class=\"bullet-list\">\n<li>Nous pouvons mesurer comment notre boutique en ligne est utilis\u00e9e et o\u00f9 nous pouvons l&rsquo;am\u00e9liorer ;<\/li>\n<li>Nous pouvons vous montrer des publicit\u00e9s et des recommandations en fonction de vos centres d&rsquo;int\u00e9r\u00eat ;<\/li>\n<li>Nous pouvons reconna\u00eetre quel appareil vous utilisez lorsque vous nous rendez visite ;<\/li>\n<li>Nous pouvons enregistrer ou faire enregistrer la fr\u00e9quence d&rsquo;affichage d&rsquo;une publicit\u00e9 afin de mieux adapter les publicit\u00e9s \u00e0 vos besoins et int\u00e9r\u00eats et pour vous emp\u00eacher de voir la m\u00eame publicit\u00e9 encore et encore.<\/li>\n<\/ul>\n<h2>Cookies tiers<\/h2>\n<p>Des cookies de tiers sont \u00e9galement plac\u00e9s via notre boutique en ligne. La politique de confidentialit\u00e9 et de cookies de la soci\u00e9t\u00e9 concern\u00e9e s&rsquo;applique \u00e0 l&rsquo;utilisation de cookies par d&rsquo;autres soci\u00e9t\u00e9s.<\/p>\n<h2>Quels cookies utilisons-nous ? En bref:<\/h2>\n<h4>Cookies fonctionnels ou cookies n\u00e9cessaires<\/h4>\n<p>Les cookies fonctionnels garantissent le bon fonctionnement de notre boutique en ligne. Par exemple, pensez \u00e0 des fonctionnalit\u00e9s telles que placer un article dans votre panier ou payer votre commande.<\/p>\n<h4>Cookies analytiques<\/h4>\n<p>Avec les cookies analytiques, nous recueillons des statistiques avec l&rsquo;aide de tiers sur l&rsquo;utilisation de notre boutique en ligne. En mesurant l&rsquo;utilisation du site Web, nous pouvons continuer \u00e0 am\u00e9liorer notre magasin au profit de nos utilisateurs.<\/p>\n<h4>Biscuits marketing<\/h4>\n<p>Nous pla\u00e7ons des cookies marketing sur notre boutique en ligne. Des tiers peuvent \u00e9galement placer des cookies marketing sur notre boutique en ligne. Nous pla\u00e7ons \u00e9galement des cookies marketing sur des sites Web tiers. Nous pouvons combiner les informations de ces cookies marketing. Nous faisons cela afin de pouvoir vous proposer les offres les plus pertinentes en fonction de votre comportement de navigation, de recherche et d&rsquo;achat en ligne. Avec ces cookies marketing, nous gardons \u00e9galement une trace des publicit\u00e9s que vous avez vues.<\/p>\n<h2>Cookies fonctionnels ou n\u00e9cessaires<\/h2>\n<p>Les cookies fonctionnels ou n\u00e9cessaires garantissent le bon fonctionnement de la boutique en ligne bol.com. Penser \u00e0:<\/p>\n<ul class=\"bullet-list\">\n<li>Param\u00e8tres de navigateur enregistr\u00e9s afin que vous puissiez visualiser notre boutique en ligne de mani\u00e8re optimale sur votre \u00e9cran ;<\/li>\n<li>La possibilit\u00e9 de r\u00e9pondre aux messages dans notre boutique en ligne ;<\/li>\n<li>Une charge uniforme sur le site Web afin qu&rsquo;il soit facilement accessible et continue de fonctionner de mani\u00e8re optimale ;<\/li>\n<\/ul>\n<h2>Cookies analytiques<\/h2>\n<p>Nous utilisons, avec l&rsquo;aide de tiers, des cookies analytiques pour enqu\u00eater sur l&rsquo;utilisation du magasin. Ces statistiques nous donnent un aper\u00e7u, entre autres, de la fr\u00e9quence de nos visites et des points sur lesquels nous pouvons am\u00e9liorer notre boutique en ligne. De cette fa\u00e7on, nous pouvons optimiser en permanence l&rsquo;exp\u00e9rience avec notre boutique en ligne. Entre autres choses, les donn\u00e9es suivantes sont stock\u00e9es :<\/p>\n<ul class=\"bullet-list\">\n<li>L&rsquo;adresse IP qui sera rendue anonyme ;<\/li>\n<li>Caract\u00e9ristiques techniques, telles que le navigateur que vous utilisez (tel que Chrome, Safari ou Firefox), la r\u00e9solution de l&rsquo;\u00e9cran de votre ordinateur, votre pr\u00e9f\u00e9rence linguistique et l&rsquo;appareil que vous utilisez ;<\/li>\n<li>\u00c0 partir de quelle page vous \u00eates arriv\u00e9 sur la boutique en ligne ;<\/li>\n<li>Quand et pendant combien de temps vous visitez ou utilisez la boutique en ligne ;<\/li>\n<li>Que vous utilisiez les fonctionnalit\u00e9s de la boutique en ligne. Par exemple passer une commande ;<\/li>\n<li>Quelles pages vous visitez dans notre boutique en ligne.<\/li>\n<\/ul>\n<p>Nous utilisons ces cookies, par exemple, pour :<\/p>\n<ul class=\"bullet-list\">\n<li>Suivre le nombre de visiteurs de notre boutique en ligne ;<\/li>\n<li>Pour mesurer la dur\u00e9e d&rsquo;une visite ;<\/li>\n<li>Pour d\u00e9terminer dans quel ordre un visiteur visite les diff\u00e9rentes pages de notre boutique en ligne ;<\/li>\n<li>D\u00e9terminez quels articles et pages peuvent \u00eatre li\u00e9s entre eux.<\/li>\n<\/ul>\n<h2>Biscuits marketing<\/h2>\n<p>Dans notre boutique en ligne, vous verrez des recommandations, des promotions et des publicit\u00e9s de nous-m\u00eames et de tiers. Vous pouvez \u00e9galement rencontrer nos publicit\u00e9s sur des sites Web tiers. Pour que ces recommandations, promotions et publicit\u00e9s restent pertinentes, nous utilisons des cookies. Ces cookies marketing permettent :<\/p>\n<ul class=\"bullet-list\">\n<li>Nous pouvons garder une trace des publicit\u00e9s que vous avez d\u00e9j\u00e0 vues ;<\/li>\n<li>Nous pouvons garder une trace du nombre de fois que vous avez d\u00e9j\u00e0 vu une publicit\u00e9 ;<\/li>\n<li>Nous pouvons vous emp\u00eacher de voir la m\u00eame publicit\u00e9 encore et encore ;<\/li>\n<li>Nous pouvons savoir si vous cliquez sur les publicit\u00e9s ;<\/li>\n<li>Nous pouvons savoir si vous passez des commandes apr\u00e8s avoir vu ou cliqu\u00e9 sur une publicit\u00e9 ;<\/li>\n<li>Nous pouvons combiner votre comportement de navigation, de recherche et d&rsquo;achat en ligne, quel que soit l&rsquo;appareil que vous utilisez ;<\/li>\n<li>En combinant ces caract\u00e9ristiques, nous estimons votre int\u00e9r\u00eat publicitaire et pouvons personnaliser les publicit\u00e9s que nous vous pr\u00e9sentons sur des sites Web tiers.<\/li>\n<\/ul>\n<p>Les r\u00e9seaux publicitaires et les agences m\u00e9dias agissent en tant qu&rsquo;interm\u00e9diaires pour les magasins en ligne et les annonceurs. Les cookies marketing de ces parties permettent :<\/p>\n<ul class=\"bullet-list\">\n<li>Nos partenaires publicitaires peuvent combiner vos pr\u00e9f\u00e9rences sur bayck.com avec les informations qu&rsquo;ils collectent lorsque vous visitez d&rsquo;autres sites Web.<\/li>\n<\/ul>\n<p>Pour les cookies que ces parties placent \u00e0 des fins de marketing, nous vous renvoyons aux d\u00e9clarations sur les sites Web de ces parties. \u00c9tant donn\u00e9 que les d\u00e9clarations peuvent changer r\u00e9guli\u00e8rement, nous vous recommandons de consulter r\u00e9guli\u00e8rement ces d\u00e9clarations de confidentialit\u00e9 et de cookies. Les parties suivantes placent des cookies et\/ou d&rsquo;autres techniques via notre boutique en ligne :<\/p>\n<ul class=\"bullet-list\">\n<li><a href=\"https:\/\/www.facebook.com\/privacy\/explanation\">Facebook<\/a><\/li>\n<li><a href=\"https:\/\/www.google.com\/policies\/privacy\/\">Google<\/a><\/li>\n<li><a href=\"https:\/\/www.linkedin.com\/legal\/privacy-policy?trk=homepage-basic_footer-privacy-policy\">LinkedIn<\/a><\/li>\n<li><a href=\"https:\/\/twitter.com\/privacy?lang=en\">Twitter<\/a><\/li>\n<li><a href=\"https:\/\/www.youtube.com\/account_privacy\">YouTube<\/a><\/li>\n<\/ul>\n<p>Nous n&rsquo;utilisons des cookies marketing que si vous nous en avez donn\u00e9 l&rsquo;autorisation. Si vous ne donnez pas votre permission, des publicit\u00e9s seront toujours affich\u00e9es, mais ce sont des publicit\u00e9s al\u00e9atoires. Vous pouvez faire votre choix ci-dessous.<\/p>\n<div class=\"design-section h-boxedtop--s\">\n<div class=\"box h-padding--0 h-boxedbottom--l\">\n<div class=\"expandable-panel js_cookie_consent_panel\">\n<div class=\"expandable-panel__item js_accept h-padding--xs is-active\">\n<div class=\"expandable-panel__body expand h-left--l h-boxedtop--xs\">\n<div class=\"h-boxedbottom--s\">Pour rendre bayck.com encore meilleur pour vous, nous utilisons toujours des cookies fonctionnels et analytiques (et des techniques comparables). Nous souhaitons \u00e9galement placer des cookies pour rendre votre visite sur bayck.com plus simple et plus personnelle. Gr\u00e2ce \u00e0 ces cookies, nous et des tiers pouvons suivre et collecter votre comportement sur Internet \u00e0 l&rsquo;int\u00e9rieur et \u00e0 l&rsquo;ext\u00e9rieur de bayck.com. Avec cela, nous et des tiers adaptons notre site Web et nos publicit\u00e9s \u00e0 vos int\u00e9r\u00eats.&nbsp;<\/div>\n<\/div>\n<\/div>\n<\/div>\n<\/div>\n<\/div>\n<h2>Param\u00e8tres du navigateur<\/h2>\n<p>Si vous ne souhaitez pas que les sites Web puissent stocker des cookies sur votre ordinateur, vous pouvez ajuster les param\u00e8tres de votre navigateur. Vous recevrez alors un avertissement avant que les cookies ne soient plac\u00e9s. Vous pouvez \u00e9galement ajuster vos param\u00e8tres afin que votre navigateur refuse tous les cookies ou uniquement les cookies tiers. Vous pouvez \u00e9galement supprimer les cookies qui ont d\u00e9j\u00e0 \u00e9t\u00e9 plac\u00e9s. Veuillez noter que vous devez ajuster les param\u00e8tres s\u00e9par\u00e9ment pour chaque navigateur sur chaque appareil que vous utilisez. Nous attirons votre attention sur le fait que si vous ne souhaitez pas utiliser de cookies, nous ne pouvons malheureusement pas garantir le bon fonctionnement de notre boutique en ligne. Il est possible que certaines fonctions de la boutique en ligne soient perdues ou que vous ne puissiez plus voir certaines pages du tout. De plus, refuser les cookies ne signifie pas que vous ne verrez plus de publicit\u00e9s. Les annonces ne sont alors plus adapt\u00e9es \u00e0 vos centres d\u2019int\u00e9r\u00eats et sont r\u00e9p\u00e9t\u00e9es plus souvent. La fa\u00e7on dont vous pouvez ajuster vos param\u00e8tres varie selon le navigateur. Cliquez sur l\u2019un des liens ci-dessous pour acc\u00e9der directement au manuel de votre navigateur ou consulter la fonction d\u2019aide de votre navigateur si n\u00e9cessaire.\u2022&nbsp;<a href=\"https:\/\/support.google.com\/chrome\/answer\/95647?hl=nl\">Chrome<\/a>&nbsp; \u2022&nbsp;<a href=\"https:\/\/support.apple.com\/nl-nl\/HT201265\">Safari<\/a>&nbsp; \u2022&nbsp;<a href=\"https:\/\/support.mozilla.org\/nl\/kb\/cookies-verwijderen-gegevens-wissen-websites-opgeslagen\">Firefox<\/a>&nbsp; \u2022&nbsp;<a href=\"https:\/\/privacy.microsoft.com\/nl-nl\/windows-10-microsoft-edge-and-privacy\">Internet Explorer Edge<\/a><\/p>\n<p>Si vous souhaitez d\u00e9sactiver les cookies de parties sp\u00e9cifiques, vous pouvez le faire via&nbsp;<a href=\"https:\/\/www.youronlinechoices.com\/\">www.youronlinechoices.com<\/a>.<\/p>\n<h2>Supprimer l&rsquo;historique des cookies<\/h2>\n<p>&nbsp;Si vous souhaitez supprimer votre historique de cookies, vous pouvez le faire pour les diff\u00e9rents navigateurs de la mani\u00e8re suivante.<\/p>\n<h4>Pour supprimer les cookies dans Chrome :<\/h4>\n<ul class=\"bullet-list\">\n<li>Cliquez sur les 3 points, en haut \u00e0 droite. Klik op Geschiedenis  Geschiedenis &gt; Browsegegevens wissen. Cliquez sur Historique &gt; Historique encoded_tag_closed Effacer les donn\u00e9es de navigation.<\/li>\n<li>Dans le menu \u00ab\u00a0Effacer les donn\u00e9es de navigation\u00a0\u00bb en haut, vous avez la possibilit\u00e9 de supprimer les donn\u00e9es de navigation de la premi\u00e8re utilisation jusqu&rsquo;\u00e0 la derni\u00e8re heure uniquement. En dessous, vous choisissez les \u00e9l\u00e9ments que vous souhaitez supprimer. Dans tous les cas, cochez &lsquo;Cookies et autres donn\u00e9es de site et de plug-in&rsquo;.<\/li>\n<li>Appuyez sur le bouton \u00ab\u00a0Effacer les donn\u00e9es de navigation\u00a0\u00bb.<\/li>\n<\/ul>\n<h4>Pour supprimer les cookies dans Safari :<\/h4>\n<ul class=\"bullet-list\">\n<li>Ouvrez Safari et acc\u00e9dez \u00e0 Safari &gt; Pr\u00e9f\u00e9rences &gt; Confidentialit\u00e9 &gt; Supprimer les cookies et les donn\u00e9es enregistr\u00e9s &gt; G\u00e9rer les donn\u00e9es du site Web &gt; Supprimer tout.<\/li>\n<\/ul>\n<h4>Pour supprimer les cookies dans Firefox :<\/h4>\n<ul class=\"bullet-list\">\n<li>Cliquez sur les 3 barres en haut \u00e0 droite, cliquez sur Options &gt; Confidentialit\u00e9&gt;Supprimer les cookies individuels.<\/li>\n<li>Cliquez sur &lsquo;Supprimer tout&rsquo;.<\/li>\n<\/ul>\n<h4>Pour supprimer les cookies dans Microsoft Edge :<\/h4>\n<ul class=\"bullet-list\">\n<li>Cliquez sur les 3 points en haut \u00e0 droite &gt; Param\u00e8tres. Sous \u00ab\u00a0Effacer les donn\u00e9es de navigation\u00a0\u00bb, cliquez sur \u00ab\u00a0Choisir les \u00e9l\u00e9ments \u00e0 effacer\u00a0\u00bb.<\/li>\n<li>S\u00e9lectionnez les cookies (pr\u00e9s\u00e9lectionn\u00e9s) &gt; Appuyez sur le bouton &lsquo;Effacer&rsquo;.<\/li>\n<\/ul>\n<h4>Pour supprimer les cookies dans Internet Explorer :<\/h4>\n<ul class=\"bullet-list\">\n<li>Cliquez sur l&rsquo;engrenage en haut \u00e0 droite &gt; choisissez Options Internet &gt;onglet G\u00e9n\u00e9ral. Sous \u00ab\u00a0Historique de navigation\u00a0\u00bb, cliquez sur \u00ab\u00a0Supprimer\u00a0\u00bb.<\/li>\n<li>Vous ne voulez pas tout supprimer ? Dans tous les cas, cochez &lsquo;Cookies et donn\u00e9es du site Web&rsquo; et cliquez sur &lsquo;Supprimer&rsquo;.<\/li>\n<\/ul>\n<h2>Notre application iOS et Android<\/h2>\n<p>Vous installez l&rsquo;application sur votre appareil via l&rsquo;Apple App Store ou le Google Play Store. Dans l&rsquo;application, nous n&rsquo;utilisons pas de techniques comparables aux cookies aux fins susmentionn\u00e9es.<\/p>\n<h2>Politique de confidentialit\u00e9 de bol.com<\/h2>\n<p>Avec l&rsquo;utilisation de certains cookies, des donn\u00e9es personnelles sont \u00e9galement trait\u00e9es, comme vous l&rsquo;avez lu ci-dessus. Dans notre <a href=\"https:\/\/acc.bayck.com\/cookie-consent\">politique de confidentialit\u00e9<\/a>, vous trouverez plus d&rsquo;informations sur la mani\u00e8re dont bayck.com traite vos donn\u00e9es.<\/p>\n<h2>Notes de cl\u00f4ture<\/h2>\n<p>Nous ajustons notre politique en mati\u00e8re de cookies lorsque notre boutique en ligne ou les r\u00e8gles relatives aux cookies changent. Vous pouvez consulter la version actuelle de cette politique de cookies en cliquant sur le lien vers la politique de cookies de bayck.com en bas de chaque page.<\/p>\t\t\t\t\t\t\t\t<\/div>\n\t\t\t\t<\/div>\n\t\t\t\t\t<\/div>\n\t\t<\/div>\n\t\t\t\t\t<\/div>\n\t\t<\/section>\n\t\t\t\t<\/div>\n\t\t","protected":false},"excerpt":{"rendered":"<p>Politique relative aux cookies de Bayck Bayck.com utilise des cookies et d&rsquo;autres technologies telles que les balises Web et les SDK sur sa boutique en ligne et les sites associ\u00e9s. Parce que nous voulons garantir votre confidentialit\u00e9 et am\u00e9liorer la convivialit\u00e9 de vos visites sur notre boutique en ligne, nous pensons qu&rsquo;il est important que [&hellip;]<\/p>\n","protected":false},"author":1,"featured_media":0,"parent":0,"menu_order":0,"comment_status":"closed","ping_status":"closed","template":"","meta":{"_acf_changed":false,"footnotes":""},"class_list":["post-12563","page","type-page","status-publish","hentry"],"acf":[],"_links":{"self":[{"href":"https:\/\/bayck.com\/fr\/wp-json\/wp\/v2\/pages\/12563","targetHints":{"allow":["GET"]}}],"collection":[{"href":"https:\/\/bayck.com\/fr\/wp-json\/wp\/v2\/pages"}],"about":[{"href":"https:\/\/bayck.com\/fr\/wp-json\/wp\/v2\/types\/page"}],"author":[{"embeddable":true,"href":"https:\/\/bayck.com\/fr\/wp-json\/wp\/v2\/users\/1"}],"replies":[{"embeddable":true,"href":"https:\/\/bayck.com\/fr\/wp-json\/wp\/v2\/comments?post=12563"}],"version-history":[{"count":3,"href":"https:\/\/bayck.com\/fr\/wp-json\/wp\/v2\/pages\/12563\/revisions"}],"predecessor-version":[{"id":13174,"href":"https:\/\/bayck.com\/fr\/wp-json\/wp\/v2\/pages\/12563\/revisions\/13174"}],"wp:attachment":[{"href":"https:\/\/bayck.com\/fr\/wp-json\/wp\/v2\/media?parent=12563"}],"curies":[{"name":"wp","href":"https:\/\/api.w.org\/{rel}","templated":true}]}}