{"id":12582,"date":"2023-05-28T16:50:11","date_gmt":"2023-05-28T16:50:11","guid":{"rendered":"https:\/\/bayck.com\/boutique"},"modified":"2026-03-18T15:00:06","modified_gmt":"2026-03-18T15:00:06","slug":"boutique","status":"publish","type":"page","link":"https:\/\/bayck.com\/fr\/boutique","title":{"rendered":"Boutique"},"content":{"rendered":"\t\t<div data-elementor-type=\"wp-page\" data-elementor-id=\"12582\" class=\"elementor elementor-12582 elementor-6539\" data-elementor-post-type=\"page\">\n\t\t\t\t\t\t<section class=\"elementor-section elementor-top-section elementor-element elementor-element-339e7b1 elementor-section-boxed elementor-section-height-default elementor-section-height-default\" data-id=\"339e7b1\" data-element_type=\"section\" data-e-type=\"section\">\n\t\t\t\t\t\t<div class=\"elementor-container elementor-column-gap-default\">\n\t\t\t\t\t<div class=\"elementor-column elementor-col-100 elementor-top-column elementor-element elementor-element-a525638\" data-id=\"a525638\" data-element_type=\"column\" data-e-type=\"column\">\n\t\t\t<div class=\"elementor-widget-wrap elementor-element-populated\">\n\t\t\t\t\t\t<section class=\"elementor-section elementor-inner-section elementor-element elementor-element-9974b50 elementor-section-boxed elementor-section-height-default elementor-section-height-default\" data-id=\"9974b50\" data-element_type=\"section\" data-e-type=\"section\">\n\t\t\t\t\t\t<div class=\"elementor-container elementor-column-gap-default\">\n\t\t\t\t\t<div class=\"elementor-column elementor-col-50 elementor-inner-column elementor-element elementor-element-96c3bea\" data-id=\"96c3bea\" data-element_type=\"column\" data-e-type=\"column\">\n\t\t\t<div class=\"elementor-widget-wrap elementor-element-populated\">\n\t\t\t\t\t\t<div class=\"elementor-element elementor-element-dba7000 elementor-widget elementor-widget-image\" data-id=\"dba7000\" data-element_type=\"widget\" data-e-type=\"widget\" data-widget_type=\"image.default\">\n\t\t\t\t<div class=\"elementor-widget-container\">\n\t\t\t\t\t\t\t\t\t\t\t\t\t\t\t<img fetchpriority=\"high\" decoding=\"async\" width=\"800\" height=\"344\" src=\"https:\/\/bayck.com\/wp-content\/uploads\/2023\/02\/MainBanner-1920x800px-1024x440.jpg\" class=\"attachment-large size-large wp-image-6197\" alt=\"\" srcset=\"https:\/\/bayck.com\/wp-content\/uploads\/2023\/02\/MainBanner-1920x800px-1024x440.jpg 1024w, https:\/\/bayck.com\/wp-content\/uploads\/2023\/02\/MainBanner-1920x800px-300x129.jpg 300w, https:\/\/bayck.com\/wp-content\/uploads\/2023\/02\/MainBanner-1920x800px-768x330.jpg 768w, https:\/\/bayck.com\/wp-content\/uploads\/2023\/02\/MainBanner-1920x800px-1536x660.jpg 1536w, https:\/\/bayck.com\/wp-content\/uploads\/2023\/02\/MainBanner-1920x800px-600x258.jpg 600w, https:\/\/bayck.com\/wp-content\/uploads\/2023\/02\/MainBanner-1920x800px.jpg 1920w\" sizes=\"(max-width: 800px) 100vw, 800px\" \/>\t\t\t\t\t\t\t\t\t\t\t\t\t\t\t<\/div>\n\t\t\t\t<\/div>\n\t\t\t\t\t<\/div>\n\t\t<\/div>\n\t\t\t\t<div class=\"elementor-column elementor-col-50 elementor-inner-column elementor-element elementor-element-b3f5ad1\" data-id=\"b3f5ad1\" data-element_type=\"column\" data-e-type=\"column\">\n\t\t\t<div class=\"elementor-widget-wrap elementor-element-populated\">\n\t\t\t\t\t\t<div class=\"elementor-element elementor-element-e25eca3 elementor-widget elementor-widget-heading\" data-id=\"e25eca3\" data-element_type=\"widget\" data-e-type=\"widget\" data-widget_type=\"heading.default\">\n\t\t\t\t<div class=\"elementor-widget-container\">\n\t\t\t\t\t<h1 class=\"elementor-heading-title elementor-size-default\">Commandez les best-sellers Bayck<\/h1>\t\t\t\t<\/div>\n\t\t\t\t<\/div>\n\t\t\t\t<div class=\"elementor-element elementor-element-e650726 elementor-widget elementor-widget-text-editor\" data-id=\"e650726\" data-element_type=\"widget\" data-e-type=\"widget\" data-widget_type=\"text-editor.default\">\n\t\t\t\t<div class=\"elementor-widget-container\">\n\t\t\t\t\t\t\t\t\t<p>Votre passion est le v\u00e9lo, de quelque fa\u00e7on que ce soit! Vous aimez traverser la nature, de village en village. Ou \u00eates-vous ce cavalier aventureux de la ville? Bayck est le v\u00e9lo \u00e9lectrique sportif et tendance avec une entr\u00e9e basse et donc adapt\u00e9 \u00e0 tout le monde.<\/p>\n\t\t\t\t\t\t\t\t<\/div>\n\t\t\t\t<\/div>\n\t\t\t\t\t<\/div>\n\t\t<\/div>\n\t\t\t\t\t<\/div>\n\t\t<\/section>\n\t\t\t\t\t<\/div>\n\t\t<\/div>\n\t\t\t\t\t<\/div>\n\t\t<\/section>\n\t\t\t\t<section class=\"elementor-section elementor-top-section elementor-element elementor-element-fe7f4a8 elementor-section-boxed elementor-section-height-default elementor-section-height-default\" data-id=\"fe7f4a8\" data-element_type=\"section\" data-e-type=\"section\">\n\t\t\t\t\t\t<div class=\"elementor-container elementor-column-gap-default\">\n\t\t\t\t\t<div class=\"elementor-column elementor-col-100 elementor-top-column elementor-element elementor-element-9ce9373\" data-id=\"9ce9373\" data-element_type=\"column\" data-e-type=\"column\">\n\t\t\t<div class=\"elementor-widget-wrap elementor-element-populated\">\n\t\t\t\t\t\t<section class=\"elementor-section elementor-inner-section elementor-element elementor-element-dff5f4d elementor-section-boxed elementor-section-height-default elementor-section-height-default\" data-id=\"dff5f4d\" data-element_type=\"section\" data-e-type=\"section\">\n\t\t\t\t\t\t<div class=\"elementor-container elementor-column-gap-default\">\n\t\t\t\t\t<div class=\"elementor-column elementor-col-100 elementor-inner-column elementor-element elementor-element-61a4503\" data-id=\"61a4503\" data-element_type=\"column\" data-e-type=\"column\">\n\t\t\t<div class=\"elementor-widget-wrap elementor-element-populated\">\n\t\t\t\t\t\t\t<\/div>\n\t\t<\/div>\n\t\t\t\t\t<\/div>\n\t\t<\/section>\n\t\t\t\t\t<\/div>\n\t\t<\/div>\n\t\t\t\t\t<\/div>\n\t\t<\/section>\n\t\t\t\t<\/div>\n\t\t","protected":false},"excerpt":{"rendered":"<p>Commandez les best-sellers Bayck Votre passion est le v\u00e9lo, de quelque fa\u00e7on que ce soit! Vous aimez traverser la nature, de village en village. Ou \u00eates-vous ce cavalier aventureux de la ville? Bayck est le v\u00e9lo \u00e9lectrique sportif et tendance avec une entr\u00e9e basse et donc adapt\u00e9 \u00e0 tout le monde.<\/p>\n","protected":false},"author":1,"featured_media":0,"parent":0,"menu_order":0,"comment_status":"closed","ping_status":"closed","template":"elementor_header_footer","meta":{"_acf_changed":false,"footnotes":""},"class_list":["post-12582","page","type-page","status-publish","hentry"],"acf":[],"_links":{"self":[{"href":"https:\/\/bayck.com\/fr\/wp-json\/wp\/v2\/pages\/12582","targetHints":{"allow":["GET"]}}],"collection":[{"href":"https:\/\/bayck.com\/fr\/wp-json\/wp\/v2\/pages"}],"about":[{"href":"https:\/\/bayck.com\/fr\/wp-json\/wp\/v2\/types\/page"}],"author":[{"embeddable":true,"href":"https:\/\/bayck.com\/fr\/wp-json\/wp\/v2\/users\/1"}],"replies":[{"embeddable":true,"href":"https:\/\/bayck.com\/fr\/wp-json\/wp\/v2\/comments?post=12582"}],"version-history":[{"count":6,"href":"https:\/\/bayck.com\/fr\/wp-json\/wp\/v2\/pages\/12582\/revisions"}],"predecessor-version":[{"id":13175,"href":"https:\/\/bayck.com\/fr\/wp-json\/wp\/v2\/pages\/12582\/revisions\/13175"}],"wp:attachment":[{"href":"https:\/\/bayck.com\/fr\/wp-json\/wp\/v2\/media?parent=12582"}],"curies":[{"name":"wp","href":"https:\/\/api.w.org\/{rel}","templated":true}]}}