{"id":12592,"date":"2023-05-28T16:50:13","date_gmt":"2023-05-28T16:50:13","guid":{"rendered":"https:\/\/bayck.com\/financement"},"modified":"2023-06-12T19:04:51","modified_gmt":"2023-06-12T19:04:51","slug":"financement","status":"publish","type":"page","link":"https:\/\/bayck.com\/fr\/financement","title":{"rendered":"Financement"},"content":{"rendered":"\t\t<div data-elementor-type=\"wp-page\" data-elementor-id=\"12592\" class=\"elementor elementor-12592 elementor-2077\" data-elementor-post-type=\"page\">\n\t\t\t\t\t\t<section class=\"elementor-section elementor-top-section elementor-element elementor-element-4a436903 elementor-section-boxed elementor-section-height-default elementor-section-height-default\" data-id=\"4a436903\" data-element_type=\"section\" data-e-type=\"section\">\n\t\t\t\t\t\t<div class=\"elementor-container elementor-column-gap-default\">\n\t\t\t\t\t<div class=\"elementor-column elementor-col-100 elementor-top-column elementor-element elementor-element-4fefa30b\" data-id=\"4fefa30b\" data-element_type=\"column\" data-e-type=\"column\">\n\t\t\t<div class=\"elementor-widget-wrap elementor-element-populated\">\n\t\t\t\t\t\t<div class=\"elementor-element elementor-element-1092944c elementor-widget elementor-widget-breadcrumbs\" data-id=\"1092944c\" data-element_type=\"widget\" data-e-type=\"widget\" data-widget_type=\"breadcrumbs.default\">\n\t\t\t\t<div class=\"elementor-widget-container\">\n\t\t\t\t\t<p id=\"breadcrumbs\"><span><span><a href=\"https:\/\/bayck.com\/fr\">Home<\/a><\/span><\/span><\/p>\t\t\t\t<\/div>\n\t\t\t\t<\/div>\n\t\t\t\t\t<\/div>\n\t\t<\/div>\n\t\t\t\t\t<\/div>\n\t\t<\/section>\n\t\t\t\t<section class=\"elementor-section elementor-top-section elementor-element elementor-element-932bcc elementor-section-boxed elementor-section-height-default elementor-section-height-default\" data-id=\"932bcc\" data-element_type=\"section\" data-e-type=\"section\" data-settings=\"{&quot;background_background&quot;:&quot;classic&quot;}\">\n\t\t\t\t\t\t<div class=\"elementor-container elementor-column-gap-default\">\n\t\t\t\t\t<div class=\"elementor-column elementor-col-50 elementor-top-column elementor-element elementor-element-2be039fe\" data-id=\"2be039fe\" data-element_type=\"column\" data-e-type=\"column\">\n\t\t\t<div class=\"elementor-widget-wrap elementor-element-populated\">\n\t\t\t\t\t\t<div class=\"elementor-element elementor-element-65ad9608 elementor-widget elementor-widget-image\" data-id=\"65ad9608\" data-element_type=\"widget\" data-e-type=\"widget\" data-widget_type=\"image.default\">\n\t\t\t\t<div class=\"elementor-widget-container\">\n\t\t\t\t\t\t\t\t\t\t\t\t\t\t\t<img fetchpriority=\"high\" decoding=\"async\" width=\"800\" height=\"533\" src=\"https:\/\/bayck.com\/wp-content\/uploads\/2020\/11\/DSC5724-1-1024x682.jpg\" class=\"attachment-large size-large wp-image-10713\" alt=\"\" srcset=\"https:\/\/bayck.com\/wp-content\/uploads\/2020\/11\/DSC5724-1-1024x682.jpg 1024w, https:\/\/bayck.com\/wp-content\/uploads\/2020\/11\/DSC5724-1-300x200.jpg 300w, https:\/\/bayck.com\/wp-content\/uploads\/2020\/11\/DSC5724-1-768x511.jpg 768w, https:\/\/bayck.com\/wp-content\/uploads\/2020\/11\/DSC5724-1-1536x1022.jpg 1536w, https:\/\/bayck.com\/wp-content\/uploads\/2020\/11\/DSC5724-1-600x399.jpg 600w, https:\/\/bayck.com\/wp-content\/uploads\/2020\/11\/DSC5724-1.jpg 1800w\" sizes=\"(max-width: 800px) 100vw, 800px\" \/>\t\t\t\t\t\t\t\t\t\t\t\t\t\t\t<\/div>\n\t\t\t\t<\/div>\n\t\t\t\t\t<\/div>\n\t\t<\/div>\n\t\t\t\t<div class=\"elementor-column elementor-col-50 elementor-top-column elementor-element elementor-element-563def20\" data-id=\"563def20\" data-element_type=\"column\" data-e-type=\"column\">\n\t\t\t<div class=\"elementor-widget-wrap elementor-element-populated\">\n\t\t\t\t\t\t<div class=\"elementor-element elementor-element-3d9d0a30 elementor-widget elementor-widget-heading\" data-id=\"3d9d0a30\" data-element_type=\"widget\" data-e-type=\"widget\" data-widget_type=\"heading.default\">\n\t\t\t\t<div class=\"elementor-widget-container\">\n\t\t\t\t\t<h1 class=\"elementor-heading-title elementor-size-default\">plan v\u00e9lo<\/h1>\t\t\t\t<\/div>\n\t\t\t\t<\/div>\n\t\t\t\t<div class=\"elementor-element elementor-element-76e44163 elementor-widget elementor-widget-spacer\" data-id=\"76e44163\" data-element_type=\"widget\" data-e-type=\"widget\" data-widget_type=\"spacer.default\">\n\t\t\t\t<div class=\"elementor-widget-container\">\n\t\t\t\t\t\t\t<div class=\"elementor-spacer\">\n\t\t\t<div class=\"elementor-spacer-inner\"><\/div>\n\t\t<\/div>\n\t\t\t\t\t\t<\/div>\n\t\t\t\t<\/div>\n\t\t\t\t<div class=\"elementor-element elementor-element-4114bc67 elementor-widget elementor-widget-text-editor\" data-id=\"4114bc67\" data-element_type=\"widget\" data-e-type=\"widget\" data-widget_type=\"text-editor.default\">\n\t\t\t\t<div class=\"elementor-widget-container\">\n\t\t\t\t\t\t\t\t\t<h6><strong>V\u00e9lo de soci\u00e9t\u00e9 : comment \u00e7a marche ?<\/strong><\/h6>\n<p>Il y a une diff\u00e9rence selon que votre employeur ach\u00e8te le v\u00e9lo \u00e9lectrique ou que vous le fassiez. Lisez les diff\u00e9rences ci-dessous.<\/p>\n<h6><strong>Votre employeur vous ach\u00e8te Bayck.<\/strong><\/h6>\n<p>Un v\u00e9lo de soci\u00e9t\u00e9 permet d&rsquo;utiliser un v\u00e9lo \u00e9lectrique pour se d\u00e9placer. Vous n&rsquo;\u00eates pas oblig\u00e9 d&rsquo;acheter un v\u00e9lo vous-m\u00eame. D&rsquo;un point de vue fiscal, vous pouvez utiliser le v\u00e9lo de soci\u00e9t\u00e9 \u00e0 des fins priv\u00e9es sans limitation.<\/p>\n<p>Si vous utilisez un v\u00e9lo de soci\u00e9t\u00e9 \u00e0 titre priv\u00e9, vous en profitez. Vous payez un imp\u00f4t sur le salaire sur la valeur de cet avantage (l&rsquo;addition). L&rsquo;addition est de 7% du prix d&rsquo;achat du v\u00e9lo et des accessoires (TVA incluse) par an. L&#8217;employeur ajoute ce montant au salaire. Vous payez des imp\u00f4ts sur ce mois. <\/p>\n<h6><strong>Vous achetez votre Bayck.<\/strong><\/h6>\n<p>Vous achetez votre Bayck via le plan v\u00e9lo auquel votre employeur est affili\u00e9. L\u2019achat de votre v\u00e9lo est pr\u00e9financ\u00e9 et un montant fixe est d\u00e9duit de votre salaire chaque mois pour le remboursement du v\u00e9lo. Selon le plan v\u00e9lo auquel votre employeur est affili\u00e9, vous pouvez soumettre int\u00e9gralement votre v\u00e9lo \u00e9lectrique sur la base de votre salaire brut. Dans un certain nombre de cas, comme le plan v\u00e9lo auquel Bayck est affili\u00e9, une grande partie est soumise en brut, mais vous devrez payer le montant net pour le reste.<\/p>\n<h6><strong>\u00c0 quel plan v\u00e9lo Bayck est-il affili\u00e9 ?<\/strong><\/h6>\n<p><span style=\"font-weight: 400;\">Bayck est affili\u00e9 \u00e0 Fisc Free\/National Bicycle Projects. <\/span><\/p>\n<p><span style=\"font-weight: 400;\">Le plan v\u00e9lo vous offre la possibilit\u00e9 d&rsquo;acheter un v\u00e9lo \u00e9lectrique avec des avantages fiscaux par l&rsquo;interm\u00e9diaire de votre employeur une fois tous les 3 ans. <br \/>Vous achetez le v\u00e9lo \u00e9lectrique jusqu&rsquo;\u00e0 un montant maximum de 749 \u20ac bas\u00e9 sur votre salaire brut, ce qui signifie que vous n&rsquo;avez pas \u00e0 payer d&rsquo;imp\u00f4t sur le revenu \u00e0 ce sujet. Si le montant du rachat est sup\u00e9rieur au montant maximum, vous paierez ce solde de votre salaire net et vous ne b\u00e9n\u00e9ficierez d&rsquo;aucun avantage fiscal \u00e0 ce titre. <\/span><\/p>\n<p><span style=\"font-weight: 400;\">Pour plus d&rsquo;informations, rendez-vous sur www.nationalefietsprojecten.nl<\/span><\/p>\n<h6><span style=\"font-weight: 400;\"><strong>Votre employeur est-il affili\u00e9 \u00e0 un autre plan v\u00e9lo?<\/strong> <\/span><\/h6>\n<p><span style=\"font-weight: 400;\">Veuillez nous contacter :<\/span><\/p>\n<ul>\n<li><a href=\"mailto:service@bayck.com\"><span style=\"font-weight: 400;\">service@bayck.com<\/span><\/a><\/li>\n<li><span style=\"font-weight: 400;\"><a href=\"tel:0031115785413\">+ 31 (0) 115 -78 54 13<\/a>.  <br \/>Heures d\u2019ouverture : lundi, mardi, jeudi et vendredi : de 9h00 \u00e0 15h00  <\/span><\/li>\n<\/ul>\n\t\t\t\t\t\t\t\t<\/div>\n\t\t\t\t<\/div>\n\t\t\t\t<div class=\"elementor-element elementor-element-2a7e3fb3 elementor-widget elementor-widget-spacer\" data-id=\"2a7e3fb3\" data-element_type=\"widget\" data-e-type=\"widget\" data-widget_type=\"spacer.default\">\n\t\t\t\t<div class=\"elementor-widget-container\">\n\t\t\t\t\t\t\t<div class=\"elementor-spacer\">\n\t\t\t<div class=\"elementor-spacer-inner\"><\/div>\n\t\t<\/div>\n\t\t\t\t\t\t<\/div>\n\t\t\t\t<\/div>\n\t\t\t\t\t<\/div>\n\t\t<\/div>\n\t\t\t\t\t<\/div>\n\t\t<\/section>\n\t\t\t\t<section class=\"elementor-section elementor-top-section elementor-element elementor-element-1c47265e elementor-section-boxed elementor-section-height-default elementor-section-height-default\" data-id=\"1c47265e\" data-element_type=\"section\" data-e-type=\"section\" data-settings=\"{&quot;background_background&quot;:&quot;classic&quot;}\">\n\t\t\t\t\t\t<div class=\"elementor-container elementor-column-gap-default\">\n\t\t\t\t\t<div class=\"elementor-column elementor-col-50 elementor-top-column elementor-element elementor-element-6c64c53b\" data-id=\"6c64c53b\" data-element_type=\"column\" data-e-type=\"column\">\n\t\t\t<div class=\"elementor-widget-wrap elementor-element-populated\">\n\t\t\t\t\t\t<div class=\"elementor-element elementor-element-1873e8a8 elementor-widget elementor-widget-heading\" data-id=\"1873e8a8\" data-element_type=\"widget\" data-e-type=\"widget\" data-widget_type=\"heading.default\">\n\t\t\t\t<div class=\"elementor-widget-container\">\n\t\t\t\t\t<h2 class=\"elementor-heading-title elementor-size-default\">Bail  <\/h2>\t\t\t\t<\/div>\n\t\t\t\t<\/div>\n\t\t\t\t<div class=\"elementor-element elementor-element-48fd8027 elementor-widget elementor-widget-spacer\" data-id=\"48fd8027\" data-element_type=\"widget\" data-e-type=\"widget\" data-widget_type=\"spacer.default\">\n\t\t\t\t<div class=\"elementor-widget-container\">\n\t\t\t\t\t\t\t<div class=\"elementor-spacer\">\n\t\t\t<div class=\"elementor-spacer-inner\"><\/div>\n\t\t<\/div>\n\t\t\t\t\t\t<\/div>\n\t\t\t\t<\/div>\n\t\t\t\t<div class=\"elementor-element elementor-element-2a66664d elementor-widget elementor-widget-text-editor\" data-id=\"2a66664d\" data-element_type=\"widget\" data-e-type=\"widget\" data-widget_type=\"text-editor.default\">\n\t\t\t\t<div class=\"elementor-widget-container\">\n\t\t\t\t\t\t\t\t\t<p>Vous pouvez \u00e9galement louer votre v\u00e9lo \u00e9lectrique. Vous contribuez ensuite \u00e0 rendre le monde un peu plus durable \u00e0 nouveau, car apr\u00e8s le terme, nous donnons \u00e0 votre Bayck une 2\u00e8me ou 3\u00e8me vie en utilisant votre Bayck comme v\u00e9lo de location ou partag\u00e9. Notre partenaire de location Fietslease Holland vous contactera pour coordonner la dur\u00e9e du bail avec vous.<\/p>\n<p>Si vous souhaitez louer votre v\u00e9lo, veuillez nous contacter :<\/p>\n<ul>\n<li><a href=\"mailto:service@bayck.com\">service@bayck.com<\/a><\/li>\n<li><a href=\"tel:0031115785413\">+ 31 (0) 115 -78 54 13<\/a>.  <br \/>Heures d\u2019ouverture : lundi, mardi, jeudi et vendredi : de 9h00 \u00e0 15h00  <\/li>\n<\/ul>\n<p><strong><br \/>Suis-je admissible au cr\u00e9dit-bail Bayck?<\/strong><\/p>\n<p>Avant que Fietslease Holland ne conclue un contrat de location avec vous, ils v\u00e9rifient votre solvabilit\u00e9. La d\u00e9cision de louer ou non votre v\u00e9lo \u00e9lectrique n\u2019appartient donc pas \u00e0 Bayck, mais \u00e0 Fietslease Holland. En tant que Bayck, nous n\u2019avons aucune influence sur cela.<\/p>\n\t\t\t\t\t\t\t\t<\/div>\n\t\t\t\t<\/div>\n\t\t\t\t<div class=\"elementor-element elementor-element-463a69c3 elementor-widget elementor-widget-spacer\" data-id=\"463a69c3\" data-element_type=\"widget\" data-e-type=\"widget\" data-widget_type=\"spacer.default\">\n\t\t\t\t<div class=\"elementor-widget-container\">\n\t\t\t\t\t\t\t<div class=\"elementor-spacer\">\n\t\t\t<div class=\"elementor-spacer-inner\"><\/div>\n\t\t<\/div>\n\t\t\t\t\t\t<\/div>\n\t\t\t\t<\/div>\n\t\t\t\t\t<\/div>\n\t\t<\/div>\n\t\t\t\t<div class=\"elementor-column elementor-col-50 elementor-top-column elementor-element elementor-element-7358e122\" data-id=\"7358e122\" data-element_type=\"column\" data-e-type=\"column\">\n\t\t\t<div class=\"elementor-widget-wrap elementor-element-populated\">\n\t\t\t\t\t\t<div class=\"elementor-element elementor-element-5eba1891 elementor-widget elementor-widget-image\" data-id=\"5eba1891\" data-element_type=\"widget\" data-e-type=\"widget\" data-widget_type=\"image.default\">\n\t\t\t\t<div class=\"elementor-widget-container\">\n\t\t\t\t\t\t\t\t\t\t\t\t\t\t\t<img decoding=\"async\" width=\"800\" height=\"600\" src=\"https:\/\/bayck.com\/wp-content\/uploads\/2020\/11\/veiligthuisbezorgd-1024x768.jpg\" class=\"attachment-large size-large wp-image-9594\" alt=\"\" srcset=\"https:\/\/bayck.com\/wp-content\/uploads\/2020\/11\/veiligthuisbezorgd-1024x768.jpg 1024w, https:\/\/bayck.com\/wp-content\/uploads\/2020\/11\/veiligthuisbezorgd-300x225.jpg 300w, https:\/\/bayck.com\/wp-content\/uploads\/2020\/11\/veiligthuisbezorgd-768x576.jpg 768w, https:\/\/bayck.com\/wp-content\/uploads\/2020\/11\/veiligthuisbezorgd-1536x1152.jpg 1536w, https:\/\/bayck.com\/wp-content\/uploads\/2020\/11\/veiligthuisbezorgd-600x450.jpg 600w, https:\/\/bayck.com\/wp-content\/uploads\/2020\/11\/veiligthuisbezorgd.jpg 2000w\" sizes=\"(max-width: 800px) 100vw, 800px\" \/>\t\t\t\t\t\t\t\t\t\t\t\t\t\t\t<\/div>\n\t\t\t\t<\/div>\n\t\t\t\t\t<\/div>\n\t\t<\/div>\n\t\t\t\t\t<\/div>\n\t\t<\/section>\n\t\t\t\t<\/div>\n\t\t","protected":false},"excerpt":{"rendered":"<p>plan v\u00e9lo V\u00e9lo de soci\u00e9t\u00e9 : comment \u00e7a marche ? Il y a une diff\u00e9rence selon que votre employeur ach\u00e8te le v\u00e9lo \u00e9lectrique ou que vous le fassiez. Lisez les diff\u00e9rences ci-dessous. Votre employeur vous ach\u00e8te Bayck. Un v\u00e9lo de soci\u00e9t\u00e9 permet d&rsquo;utiliser un v\u00e9lo \u00e9lectrique pour se d\u00e9placer. Vous n&rsquo;\u00eates pas oblig\u00e9 d&rsquo;acheter un [&hellip;]<\/p>\n","protected":false},"author":1,"featured_media":0,"parent":0,"menu_order":0,"comment_status":"closed","ping_status":"closed","template":"","meta":{"_acf_changed":false,"footnotes":""},"class_list":["post-12592","page","type-page","status-publish","hentry"],"acf":[],"_links":{"self":[{"href":"https:\/\/bayck.com\/fr\/wp-json\/wp\/v2\/pages\/12592","targetHints":{"allow":["GET"]}}],"collection":[{"href":"https:\/\/bayck.com\/fr\/wp-json\/wp\/v2\/pages"}],"about":[{"href":"https:\/\/bayck.com\/fr\/wp-json\/wp\/v2\/types\/page"}],"author":[{"embeddable":true,"href":"https:\/\/bayck.com\/fr\/wp-json\/wp\/v2\/users\/1"}],"replies":[{"embeddable":true,"href":"https:\/\/bayck.com\/fr\/wp-json\/wp\/v2\/comments?post=12592"}],"version-history":[{"count":3,"href":"https:\/\/bayck.com\/fr\/wp-json\/wp\/v2\/pages\/12592\/revisions"}],"predecessor-version":[{"id":13172,"href":"https:\/\/bayck.com\/fr\/wp-json\/wp\/v2\/pages\/12592\/revisions\/13172"}],"wp:attachment":[{"href":"https:\/\/bayck.com\/fr\/wp-json\/wp\/v2\/media?parent=12592"}],"curies":[{"name":"wp","href":"https:\/\/api.w.org\/{rel}","templated":true}]}}