{"id":12596,"date":"2023-05-28T16:50:14","date_gmt":"2023-05-28T16:50:14","guid":{"rendered":"https:\/\/bayck.com\/termes-et-conditions"},"modified":"2023-06-12T19:08:07","modified_gmt":"2023-06-12T19:08:07","slug":"termes-et-conditions","status":"publish","type":"page","link":"https:\/\/bayck.com\/fr\/termes-et-conditions","title":{"rendered":"Termes et conditions"},"content":{"rendered":"\t\t<div data-elementor-type=\"wp-page\" data-elementor-id=\"12596\" class=\"elementor elementor-12596 elementor-2839\" data-elementor-post-type=\"page\">\n\t\t\t\t\t\t<section class=\"elementor-section elementor-top-section elementor-element elementor-element-65f358f elementor-section-boxed elementor-section-height-default elementor-section-height-default\" data-id=\"65f358f\" data-element_type=\"section\" data-e-type=\"section\">\n\t\t\t\t\t\t<div class=\"elementor-container elementor-column-gap-default\">\n\t\t\t\t\t<div class=\"elementor-column elementor-col-100 elementor-top-column elementor-element elementor-element-6e0a572\" data-id=\"6e0a572\" data-element_type=\"column\" data-e-type=\"column\">\n\t\t\t<div class=\"elementor-widget-wrap elementor-element-populated\">\n\t\t\t\t\t\t<div class=\"elementor-element elementor-element-7badbce elementor-widget elementor-widget-text-editor\" data-id=\"7badbce\" data-element_type=\"widget\" data-e-type=\"widget\" data-widget_type=\"text-editor.default\">\n\t\t\t\t<div class=\"elementor-widget-container\">\n\t\t\t\t\t\t\t\t\t<p><strong>CONDITIONS G\u00c9N\u00c9RALES BAYCK<\/strong><strong>B.V.<\/strong><\/p>\n<p>Article 1 \u2013 D\u00e9finitions<\/p>\n<p>Dans ces termes et conditions, les d\u00e9finitions suivantes s&rsquo;appliquent :<\/p>\n<ol>\n<li>Consommateur : toute personne physique qui n&rsquo;agit pas \u00e0 des fins li\u00e9es \u00e0 son activit\u00e9 commerciale, artisanale ou lib\u00e9rale ;<\/li>\n<li>Contrat hors \u00e9tablissement : tout contrat entre Bayck et le consommateur qui est conclu en un lieu autre que l&rsquo;espace de vente de Bayck ou qui est conclu \u00e0 l&rsquo;aide d&rsquo;un moyen de communication \u00e0 distance, imm\u00e9diatement apr\u00e8s que le consommateur s&rsquo;est adress\u00e9 personnellement et individuellement \u00e0 un lieu qui n&rsquo;est pas la zone de vente du revendeur ;<\/li>\n<\/ol>\n<ol start=\"3\">\n<li>Support de donn\u00e9es durable : tout outil &#8211; y compris le courrier \u00e9lectronique &#8211; qui permet au consommateur ou au professionnel de stocker des informations qui lui sont personnellement adress\u00e9es de mani\u00e8re \u00e0 rendre ces informations accessibles pour une utilisation future pendant une dur\u00e9e adapt\u00e9e \u00e0 la finalit\u00e9 pour laquelle les informations est destin\u00e9, et qui permet une repr\u00e9sentation non alt\u00e9r\u00e9e des informations stock\u00e9es ;<\/li>\n<\/ol>\n<ol start=\"4\">\n<li>D\u00e9lai de r\u00e9flexion : le d\u00e9lai dans lequel le consommateur peut r\u00e9voquer l&rsquo;achat hors \u00e9tablissement, lequel d\u00e9lai commence \u00e0 courir le jour o\u00f9 l&rsquo;article achet\u00e9 est re\u00e7u par le consommateur ;<\/li>\n<li>R\u00e9tractation : possibilit\u00e9 pour le consommateur de se r\u00e9tracter du contrat hors \u00e9tablissement.<\/li>\n<\/ol>\n<p>Article 2 \u2013 Identit\u00e9<\/p>\n<p>Bayck B.V., \u00e9tablie \u00e0 Finlandweg 10a, 4532 BL Terneuzen (\u00e9galement adresse de visite), ci-apr\u00e8s d\u00e9nomm\u00e9e \u00ab Bayck \u00bb.<br>Num\u00e9ro de t\u00e9l\u00e9phone : 00 31 115 785 413. Disponible du lundi, mardi, jeudi et vendredi de 09h00 \u00e0 15h00.  <br>Adresse e-mail : <a href=\"mailto:service@bayck.com\">service@bayck.com.<\/a><\/p>\n<p>Num\u00e9ro de registre du commerce : 76110370 Num\u00e9ro d&rsquo;identification TVA : NL860510918B01<\/p>\n<p>Article 3 \u2013 Applicabilit\u00e9<\/p>\n<ol>\n<li>Ces conditions g\u00e9n\u00e9rales s&rsquo;appliquent \u00e0 chaque offre de Bayck et \u00e0 chaque accord conclu entre Bayck et le consommateur.<\/li>\n<li>Ces conditions g\u00e9n\u00e9rales seront mises \u00e0 la disposition du consommateur au plus tard avant ou lors de la conclusion du contrat.<\/li>\n<\/ol>\n<ol start=\"3\">\n<li>Si le contrat est conclu en dehors de la zone de vente, nonobstant le paragraphe pr\u00e9c\u00e9dent et avant la conclusion du contrat, apr\u00e8s le consentement du consommateur, le texte des conditions g\u00e9n\u00e9rales peut \u00eatre mis \u00e0 la disposition du consommateur par voie \u00e9lectronique de telle sorte qu&rsquo;il soit le consommateur peut s&rsquo;acqu\u00e9rir de mani\u00e8re simple et peut \u00eatre stock\u00e9 sur un support de donn\u00e9es durable.<\/li>\n<\/ol>\n<p>&nbsp;Article 4 \u2013 Offre<\/p>\n<ol>\n<li>L&rsquo;offre de produits avec l&rsquo;accord est faite en indiquant les informations pertinentes, telles que la dur\u00e9e de l&rsquo;offre, les conditions dans lesquelles l&rsquo;offre est faite, ainsi que des informations telles qu&rsquo;il est clair pour le consommateur quels droits et obligations sont attach\u00e9s \u00e0 l&rsquo;acceptation. de l&rsquo;offre, le prix total du produit, taxes comprises, les \u00e9ventuels frais de livraison, le mode de paiement, les \u00e9ventuels frais de communication avec Bayck, la mani\u00e8re dont le contrat est conclu, la livraison, la mise en \u0153uvre, la mani\u00e8re dont Bayck traite les r\u00e9clamations et si le droit de r\u00e9tractation s&rsquo;applique ou non.<\/li>\n<li>L&rsquo;offre contient une description compl\u00e8te et pr\u00e9cise des produits offerts. La description est suffisamment d\u00e9taill\u00e9e pour permettre une bonne appr\u00e9ciation de l&rsquo;offre par le consommateur. Si Bayck utilise des images, celles-ci sont une repr\u00e9sentation fid\u00e8le des produits propos\u00e9s. Les erreurs \u00e9videntes ou les erreurs \u00e9videntes dans l&rsquo;offre ne lient pas Bayck.<\/li>\n<\/ol>\n<p>Les erreurs \u00e9videntes ou les erreurs \u00e9videntes dans l&rsquo;offre ne lient pas Bayck.<\/p>\n<ol>\n<li>Le contrat est conclu, dans le respect des dispositions de l&rsquo;article 4, au moment o\u00f9 le consommateur accepte l&rsquo;offre et remplit les conditions qui y sont \u00e9nonc\u00e9es.<\/li>\n<li>La confirmation de l&rsquo;accord en dehors de la zone de vente s&rsquo;effectue par \u00e9crit ou par e-mail. Si le consommateur a accept\u00e9 l&rsquo;offre par voie \u00e9lectronique, Bayck confirmera imm\u00e9diatement la r\u00e9ception de l&rsquo;acceptation de l&rsquo;offre par voie \u00e9lectronique.<\/li>\n<li>Si l&rsquo;accord est conclu par voie \u00e9lectronique, Bayck prendra les mesures techniques et organisationnelles appropri\u00e9es pour s\u00e9curiser le transfert \u00e9lectronique des donn\u00e9es. Si le consommateur peut payer par voie \u00e9lectronique, Bayck observera autant de mesures de s\u00e9curit\u00e9 appropri\u00e9es que possible.<\/li>\n<li>En cas de r\u00e9siliation du contrat par le consommateur, le consommateur doit indemniser Bayck du pr\u00e9judice r\u00e9el subi.<\/li>\n<\/ol>\n<p>Article 6 \u2013 R\u00e9tractation<\/p>\n<ol>\n<li>Lors de l&rsquo;achat de produits en dehors de la zone de vente, le consommateur a le droit de r\u00e9silier le contrat sans donner de motifs pendant une p\u00e9riode de quatorze jours \u00e0 compter du jour de la livraison du produit. Les produits que le consommateur ne souhaite pas conserver doivent \u00eatre retourn\u00e9s dans un d\u00e9lai de 14 jours \u00e0 compter du jour de la notification de la r\u00e9tractation. Bayck est en droit de retenir un remboursement jusqu&rsquo;\u00e0 ce que Bayck ait re\u00e7u le produit intact, complet et non utilis\u00e9. \u00ab Non utilis\u00e9 \u00bb n&rsquo;inclut pas tout ce qui \u00e9tait raisonnablement n\u00e9cessaire pour que le consommateur inspecte et d\u00e9termine la nature, le fonctionnement et les caract\u00e9ristiques d&rsquo;un produit, de la m\u00eame mani\u00e8re que cela serait fait dans un magasin physique. Bayck vous recommande d&rsquo;utiliser l&#8217;emballage d&rsquo;origine pour le retour afin d&rsquo;\u00e9viter d&rsquo;endommager le produit. Tout dommage ou perte des produits retourn\u00e9s lors du transport de retour sont \u00e0 la charge et au compte du consommateur.<\/li>\n<li>Si le consommateur fait usage du droit de r\u00e9tractation, les frais de retour seront \u00e0 sa charge.<\/li>\n<li>Si le consommateur a pay\u00e9 un montant, Bayck remboursera ce montant au consommateur dans un d\u00e9lai de 14 jours. Bayck se r\u00e9serve le droit de facturer des frais suppl\u00e9mentaires ou de d\u00e9duire toute r\u00e9duction de valeur du produit retourn\u00e9 tel que vis\u00e9 au premier paragraphe du montant rembours\u00e9. Un produit endommag\u00e9, un produit sale et\/ou un produit ayant \u00e9t\u00e9 utilis\u00e9 plus de 5 km, est consid\u00e9r\u00e9 comme une indication d&rsquo;utilisation allant au-del\u00e0 de ce qui est raisonnablement n\u00e9cessaire pour comprendre la nature, le fonctionnement et les caract\u00e9ristiques du produit. inspecter et d\u00e9terminer.<\/li>\n<li>Lors de l&rsquo;achat de produits ou de services dans l&rsquo;espace de vente, le consommateur a le droit d&rsquo;annuler l&rsquo;achat sans frais, en indiquant les motifs, s&rsquo;il le fait savoir dans le d\u00e9lai raisonnablement fix\u00e9 de 48 heures apr\u00e8s la date d&rsquo;achat. Si le consommateur fait conna\u00eetre la r\u00e9siliation apr\u00e8s le d\u00e9lai raisonnablement fix\u00e9 de 48 heures, le consommateur est redevable \u00e0 Bayck d&rsquo;une indemnisation. Ceci est bas\u00e9 sur les co\u00fbts encourus par Bayck. Si le consommateur n&rsquo;a pas encore convenu d&rsquo;une date d\u00e9finitive pour la livraison du produit command\u00e9 par lui ou pour l&rsquo;ex\u00e9cution du service, une indemnit\u00e9 de 10% du prix d&rsquo;achat total sera due. Si le consommateur s&rsquo;est mis d&rsquo;accord sur une date limite pour la livraison du produit command\u00e9 par lui ou pour l&rsquo;ex\u00e9cution du service, une indemnit\u00e9 de 30% du prix d&rsquo;achat total sera due. Si le consommateur fait savoir le jour de la livraison du produit ou du service qu&rsquo;il a command\u00e9 qu&rsquo;il souhaite r\u00e9silier le contrat, il devra \u00e0 Bayck une indemnit\u00e9 de 50 %.<\/li>\n<\/ol>\n<ol start=\"5\">\n<li>Bayck d\u00e9duira l&rsquo;acompte de l&rsquo;indemnit\u00e9 due par le consommateur comme indiqu\u00e9 au paragraphe 5. Si la compensation d\u00e9passe l&rsquo;acompte, le consommateur recevra une facture pour la diff\u00e9rence.<\/li>\n<\/ol>\n<p>Article 7 \u2013 Service et garantie<\/p>\n<p>G\u00e9n\u00e9ral<\/p>\n<p>Les conditions de garantie vis\u00e9es au pr\u00e9sent article 7 s&rsquo;appliquent aux v\u00e9los \u00e9lectriques neufs (\u00ab\u00a0e-bikes\u00a0\u00bb), qu&rsquo;un consommateur a achet\u00e9s directement aupr\u00e8s de Bayck et avec le re\u00e7u d&rsquo;achat original de Bayck ;<\/p>\n<ol>\n<li>Livraison de nouveaux produits<\/li>\n<li>De nouveaux produits ne peuvent \u00eatre livr\u00e9s que si la liste de contr\u00f4le pour les v\u00e9los \u00e9lectriques Bayck a \u00e9t\u00e9 effectu\u00e9e par Bayck conform\u00e9ment \u00e0 la r\u00e9glementation et sur la base du formulaire de contr\u00f4le de livraison tel que d\u00e9crit dans les conditions de service et de garantie.<\/li>\n<\/ol>\n<ol start=\"2\">\n<li>Les premiers services gratuits ne s&rsquo;appliquent pas aux v\u00e9los \u00e9lectriques Bayck. Le premier entretien officiellement prescrit par Bayck est l&rsquo;entretien prescrit dans le manuel d&rsquo;instructions ou le manuel d&rsquo;atelier.<\/li>\n<li>Conditions de garantie<\/li>\n<li>Bayck garantit \u00e0 l&rsquo;acheteur de ce produit fabriqu\u00e9 par Bayck et livr\u00e9 via Bayck que le processus de fabrication est adapt\u00e9 \u00e0 l&rsquo;\u00e9tat actuel de la technique, et que l&rsquo;utilisation des mat\u00e9riaux r\u00e9pond aux exigences de qualit\u00e9 fix\u00e9es par Bayck. L&rsquo;acheteur de ce produit Bayck peut donc exiger une r\u00e9paration gratuite par un point de service Bayck en cas de d\u00e9faut mat\u00e9riel et\/ou de fabrication qui pourrait survenir.<\/li>\n<li>a) Cette garantie s&rsquo;applique aux v\u00e9los \u00e9lectriques Bayck pendant 24 mois \u00e0 compter de la date \u00e0 laquelle ce nouveau produit Bayck est livr\u00e9 \u00e0 l&rsquo;acheteur par Bayck. Ceci est sans limitation de kilom\u00e9trage \u00e0 condition que le produit ait \u00e9t\u00e9 entretenu conform\u00e9ment aux normes BOVAG et\/ou que les r\u00e9visions prescrites aient \u00e9t\u00e9 effectu\u00e9es dans les d\u00e9lais par un point de service officiel Bayck et que les bandes de contr\u00f4le aient \u00e9t\u00e9 estampill\u00e9es par ces points de service Bayck.<\/li>\n<li>b) La d\u00e9cision de remplacer ou de r\u00e9parer les pi\u00e8ces d\u00e9fectueuses appartient \u00e0 Bayck. Les pi\u00e8ces remplac\u00e9es sous garantie deviennent la propri\u00e9t\u00e9 de Bayck sans autre compensation. Si une pi\u00e8ce est remplac\u00e9e ou r\u00e9par\u00e9e pendant la p\u00e9riode de garantie, la garantie de la pi\u00e8ce remplac\u00e9e ou r\u00e9par\u00e9e prendra fin en m\u00eame temps que la garantie d&rsquo;origine. Le point de service officiel Bayck charg\u00e9 de la r\u00e9paration n&rsquo;est pas autoris\u00e9 \u00e0 \u00e9mettre des d\u00e9clarations juridiquement valables concernant la r\u00e9paration ou le remplacement au nom de Bayck. La d\u00e9cision de Bayck sur l&rsquo;application de la garantie sera communiqu\u00e9e par \u00e9crit \u00e0 l&rsquo;int\u00e9ress\u00e9.<\/li>\n<\/ol>\n<ol start=\"3\">\n<li>Bayck s&rsquo;engage en vertu de cette garantie \u00e0 r\u00e9parer les pi\u00e8ces, \u00e0 la discr\u00e9tion de Bayck, qui sont devenues d\u00e9fectueuses \u00e0 la suite d&rsquo;un d\u00e9faut de mat\u00e9riau et\/ou de fabrication. Le propri\u00e9taire du produit concern\u00e9 ne sera pas factur\u00e9 pour cette r\u00e9paration en termes de mat\u00e9riel et\/ou de main-d&rsquo;\u0153uvre. Cette garantie s&rsquo;ajoute \u00e0 et sans pr\u00e9judice de la l\u00e9gislation existante en mati\u00e8re de droit de la consommation.<\/li>\n<\/ol>\n<ol start=\"4\">\n<li>La garantie ne s&rsquo;applique pas dans les cas suivants :<\/li>\n<li>a) Les travaux non effectu\u00e9s par un point de service officiel Bayck et les dommages qui en r\u00e9sultent.<\/li>\n<li>b) Les dommages r\u00e9sultant de l&rsquo;omission des travaux d&rsquo;entretien p\u00e9riodique sp\u00e9cifi\u00e9s par Bayck.<\/li>\n<li>c) Les dommages r\u00e9sultant de travaux de r\u00e9paration ou d&rsquo;entretien qui n&rsquo;ont pas \u00e9t\u00e9 effectu\u00e9s conform\u00e9ment aux directives sp\u00e9cifi\u00e9es par Bayck.<\/li>\n<li>d) Les dommages r\u00e9sultant de l&rsquo;utilisation du v\u00e9hicule dans des comp\u00e9titions, des courses ou des rallyes ou d&rsquo;autres utilisations inappropri\u00e9es, que ce soit ou non dans des lieux non destin\u00e9s \u00e0 la circulation.<\/li>\n<li>e) Les dommages r\u00e9sultant d&rsquo;une utilisation qui s&rsquo;\u00e9carte de celle indiqu\u00e9e dans le manuel d&rsquo;instructions ou qui d\u00e9passe les limites ou les sp\u00e9cifications sp\u00e9cifi\u00e9es par Bayck.<\/li>\n<li>f) Les dommages r\u00e9sultant de l&rsquo;utilisation de pi\u00e8ces non originales qui s&rsquo;\u00e9cartent des instructions donn\u00e9es dans le manuel du propri\u00e9taire.<\/li>\n<li>g) Les dommages r\u00e9sultant de modifications apport\u00e9es au v\u00e9hicule (r\u00e9glage du moteur, modifications des performances, modifications de l&rsquo;\u00e9clairage et autres modifications).<\/li>\n<li>h) Dommages r\u00e9sultant du vieillissement normal (tels que la d\u00e9coloration naturelle des surfaces peintes, des surfaces chrom\u00e9es et d&rsquo;autres vieillissements).<\/li>\n<li>i) Modifications esth\u00e9tiques, qui n&rsquo;affectent pas les performances.<\/li>\n<li>j) Dommages r\u00e9sultant d&rsquo;un stockage ou d&rsquo;un transport incorrect. k) Pi\u00e8ces consommables : \u00ab Pi\u00e8ces \u00bb cha\u00eenes d&rsquo;entra\u00eenement, plaquettes de frein, sabots de frein, mat\u00e9riaux de friction, batteries, lampes, fusibles, courroies d&rsquo;entra\u00eenement, pneus et autres pi\u00e8ces en caoutchouc.<\/li>\n<\/ol>\n<ol>\n<li>l) Nettoyage, inspections, r\u00e9glages et autres travaux d&rsquo;entretien.<\/li>\n<li>m) Frais suppl\u00e9mentaires, tels que : frais suppl\u00e9mentaires de communication, d&rsquo;h\u00e9bergement, de repas et autres frais r\u00e9sultant de la perte de l&rsquo;utilisation du produit Bayck, indemnisation pour perte de temps, d\u00e9sagr\u00e9ment, pertes commerciales ou frais de location d&rsquo;un produit de remplacement v\u00e9hicule pendant la r\u00e9paration.<\/li>\n<li>Droit \u00e0 indemnisation : Le droit \u00e0 indemnisation au titre de la garantie est r\u00e9serv\u00e9 exclusivement au propri\u00e9taire du produit. Aucune autre personne ou organisme ne peut revendiquer ce droit.<\/li>\n<\/ol>\n<ol start=\"6\">\n<li>\u00c9valuation des r\u00e9clamations de garantie : Bayck se r\u00e9serve le droit de prendre la d\u00e9cision finale sur toutes les r\u00e9clamations de garantie.<\/li>\n<\/ol>\n<ol start=\"7\">\n<li>Cette garantie remplace toute autre garantie ou condition, y compris l&rsquo;ad\u00e9quation \u00e0 un usage particulier. Les droits en vertu de cette garantie sont exclusifs et ni Bayck ni le repr\u00e9sentant autoris\u00e9 de Bayck n&rsquo;assument d&rsquo;autre obligation ou n&rsquo;autorisent quiconque \u00e0 le faire.<\/li>\n<li>La garantie n&rsquo;est fournie que sur les v\u00e9los \u00e9lectriques qui ont \u00e9t\u00e9 commercialis\u00e9s par Bayck dans l&rsquo;un des pays et\/ou pays de l&rsquo;UE.<\/li>\n<li>R\u00e9parations : Seuls les points de service Bayck officiels sont autoris\u00e9s \u00e0 effectuer des r\u00e9parations sous garantie.<\/li>\n<\/ol>\n<ol>\n<li>Transf\u00e9rabilit\u00e9 de la garantie : La p\u00e9riode de garantie s&rsquo;applique, que le produit soit en possession du premier propri\u00e9taire ou de tout propri\u00e9taire ult\u00e9rieur. La garantie est transf\u00e9r\u00e9e \u00e0 chaque propri\u00e9taire subs\u00e9quent tant que le produit Bayck est couvert par la garantie du fabricant.<\/li>\n<li>Importation parall\u00e8le : Bayck ne garantit pas les soi-disant v\u00e9los \u00e9lectriques import\u00e9s en parall\u00e8le.<\/li>\n<\/ol>\n<p>Article 8 \u2013 Paiement<\/p>\n<ol>\n<li>Sauf convention contraire, le paiement doit \u00eatre cr\u00e9dit\u00e9 sur le compte de Bayck avant la livraison du produit.<\/li>\n<li>Si le consommateur a indiqu\u00e9 qu&rsquo;il souhaite assurer le produit et\/ou le service qu&rsquo;il a command\u00e9, ce montant (la prime d&rsquo;assurance pour la p\u00e9riode de 12 mois) sera vers\u00e9 \u00e0 Bayck. Les conditions g\u00e9n\u00e9rales qui leur sont applicables s&rsquo;appliquent \u00e0 ce service. Bayck n&rsquo;est qu&rsquo;un interm\u00e9diaire et ne peut \u00eatre tenu responsable d&rsquo;une erreur ou d&rsquo;une mauvaise activation du service et\/ou du produit.<\/li>\n<\/ol>\n<p>Article 9 \u2013 Livraison<\/p>\n<ol>\n<li>Les d\u00e9lais de livraison sp\u00e9cifi\u00e9s par Bayck sont indicatifs, un d\u00e9lai de livraison sp\u00e9cifi\u00e9 ne constitue pas un d\u00e9lai de rigueur au sens de l&rsquo;article 6:83 alin\u00e9a a du Code civil n\u00e9erlandais, \u00e0 condition que ce d\u00e9lai ne d\u00e9passe pas 120 jours \u00e0 compter de la conclusion du contrat. . Si la livraison est retard\u00e9e ou ne peut \u00eatre effectu\u00e9e que partiellement, le consommateur en sera inform\u00e9 dans les 30 jours.<\/li>\n<li>Bayck apportera le plus grand soin lors de la r\u00e9ception et de l&rsquo;ex\u00e9cution de la commande de produits.<\/li>\n<li>Le lieu de livraison est l&rsquo;adresse que le consommateur a communiqu\u00e9e \u00e0 Bayck.<\/li>\n<li>Les rendez-vous pour la livraison ou le retrait d&rsquo;un produit, ou pour les travaux vis\u00e9s \u00e0 l&rsquo;article 7, alin\u00e9a 12, peuvent \u00eatre annul\u00e9s sans frais au plus tard 2 jours ouvrables \u00e0 l&rsquo;avance. Bayck est en droit de facturer les frais de 59,50 \u20ac pour un rendez-vous non annul\u00e9 \u00e0 temps ou un rendez-vous non respect\u00e9.<\/li>\n<\/ol>\n<ol start=\"5\">\n<li>Si la livraison d&rsquo;un produit achet\u00e9 s&rsquo;av\u00e8re impossible, Bayck mettra tout en \u0153uvre pour livrer un produit de remplacement. Au plus tard lors de la livraison, le consommateur sera inform\u00e9 de mani\u00e8re claire et compr\u00e9hensible qu&rsquo;il s&rsquo;agit d&rsquo;un produit de remplacement.<\/li>\n<li>Bayck se charge de la livraison du produit aux Pays-Bas et en Belgique.<\/li>\n<\/ol>\n<p>Article 10 \u2013 R\u00e9serve de propri\u00e9t\u00e9<\/p>\n<ol>\n<li>Tous les produits livr\u00e9s par Bayck restent la propri\u00e9t\u00e9 de Bayck jusqu&rsquo;au paiement int\u00e9gral par le consommateur de tout ce qu&rsquo;il doit au titre du contrat.<\/li>\n<li>Le Bayck est au risque de l&rsquo;acheteur \u00e0 partir du moment de la livraison. En cas de destruction ou de d\u00e9t\u00e9rioration de la marchandise livr\u00e9e due \u00e0 une cause non imputable au vendeur, le prix d&rsquo;achat reste int\u00e9gralement d\u00fb.<\/li>\n<li>Tant que la propri\u00e9t\u00e9 des produits livr\u00e9s n&rsquo;est pas pass\u00e9e au consommateur, celui-ci ne peut donner en gage les produits ni constituer d&rsquo;autres s\u00fbret\u00e9s sur ces objets.<\/li>\n<\/ol>\n<p>Article 11 \u2013 R\u00e9clamations et proc\u00e9dure de r\u00e9clamation<\/p>\n<ol>\n<li>Les r\u00e9clamations concernant l&rsquo;ex\u00e9cution du contrat doivent \u00eatre soumises \u00e0 Bayck de mani\u00e8re compl\u00e8te et clairement d\u00e9crite dans un d\u00e9lai raisonnable apr\u00e8s que le consommateur a d\u00e9couvert les d\u00e9fauts, \u00e0 : <a href=\"mailto:service@bayck.com\">service@bayck.com<\/a>. Le consommateur ne peut se pr\u00e9valoir du fait que les marchandises livr\u00e9es ne sont pas conformes au contrat, s&rsquo;il ne proc\u00e8de pas \u00e0 cette enqu\u00eate ou si Bayck n&rsquo;informe pas Bayck des d\u00e9fauts dans un d\u00e9lai raisonnable.<\/li>\n<\/ol>\n<ol start=\"2\">\n<li>Si une plainte est d\u00e9pos\u00e9e \u00e0 temps, le consommateur donnera \u00e0 Bayck la possibilit\u00e9 d&rsquo;enqu\u00eater sur la validit\u00e9 de la plainte (ou de la faire enqu\u00eater). En cas de r\u00e9clamation justifi\u00e9e, le consommateur accorde \u00e0 Bayck un d\u00e9lai raisonnable pour la r\u00e9paration ou le remplacement du produit livr\u00e9.<\/li>\n<li>Si vous n&rsquo;\u00eates pas d&rsquo;accord avec la solution ou si nous ne pouvons pas la trouver ensemble ? Ensuite, vous pouvez soumettre votre plainte au comit\u00e9 des litiges via la plate-forme europ\u00e9enne ODR.<\/li>\n<\/ol>\n<p>Article 12 \u2013 Litiges<\/p>\n<ol>\n<li>Le droit n\u00e9erlandais s&rsquo;applique \u00e0 cet accord.<\/li>\n<li>A moins que des dispositions imp\u00e9ratives ne s&rsquo;y opposent, le tribunal comp\u00e9tent sera le tribunal de l&rsquo;arrondissement o\u00f9 Bayck est \u00e9tabli.<\/li>\n<\/ol>\n<p>Article 13 \u2013 Dispositions finales<\/p>\n<ol>\n<li>Bayck est en droit de modifier les pr\u00e9sentes conditions g\u00e9n\u00e9rales.<\/li>\n<li>Les modifications apport\u00e9es \u00e0 ces termes et conditions ne sont effectives qu\u2019apr\u00e8s avoir \u00e9t\u00e9 publi\u00e9es de mani\u00e8re appropri\u00e9e. Finlandweg 10a<\/li>\n<\/ol>\t\t\t\t\t\t\t\t<\/div>\n\t\t\t\t<\/div>\n\t\t\t\t\t<\/div>\n\t\t<\/div>\n\t\t\t\t\t<\/div>\n\t\t<\/section>\n\t\t\t\t<section class=\"elementor-section elementor-top-section elementor-element elementor-element-b50ac23 elementor-section-boxed elementor-section-height-default elementor-section-height-default\" data-id=\"b50ac23\" data-element_type=\"section\" data-e-type=\"section\">\n\t\t\t\t\t\t<div class=\"elementor-container elementor-column-gap-default\">\n\t\t\t\t\t<div class=\"elementor-column elementor-col-100 elementor-top-column elementor-element elementor-element-e99aa5f\" data-id=\"e99aa5f\" data-element_type=\"column\" data-e-type=\"column\">\n\t\t\t<div class=\"elementor-widget-wrap elementor-element-populated\">\n\t\t\t\t\t\t<div class=\"elementor-element elementor-element-61613a7 elementor-widget elementor-widget-text-editor\" data-id=\"61613a7\" data-element_type=\"widget\" data-e-type=\"widget\" data-widget_type=\"text-editor.default\">\n\t\t\t\t<div class=\"elementor-widget-container\">\n\t\t\t\t\t\t\t\t\t<p>T\u00e9l\u00e9charger les conditions g\u00e9n\u00e9rales<a href=\"https:\/\/acc.bayck.com\/wp-content\/uploads\/2020\/11\/algemene-voorwaarden-Bayck-.pdf\">ici<\/a> <\/p>\n\t\t\t\t\t\t\t\t<\/div>\n\t\t\t\t<\/div>\n\t\t\t\t\t<\/div>\n\t\t<\/div>\n\t\t\t\t\t<\/div>\n\t\t<\/section>\n\t\t\t\t<\/div>\n\t\t","protected":false},"excerpt":{"rendered":"<p>CONDITIONS G\u00c9N\u00c9RALES BAYCKB.V. Article 1 \u2013 D\u00e9finitions Dans ces termes et conditions, les d\u00e9finitions suivantes s&rsquo;appliquent : Consommateur : toute personne physique qui n&rsquo;agit pas \u00e0 des fins li\u00e9es \u00e0 son activit\u00e9 commerciale, artisanale ou lib\u00e9rale ; Contrat hors \u00e9tablissement : tout contrat entre Bayck et le consommateur qui est conclu en un lieu autre [&hellip;]<\/p>\n","protected":false},"author":1,"featured_media":0,"parent":0,"menu_order":0,"comment_status":"closed","ping_status":"closed","template":"","meta":{"_acf_changed":false,"footnotes":""},"class_list":["post-12596","page","type-page","status-publish","hentry"],"acf":[],"_links":{"self":[{"href":"https:\/\/bayck.com\/fr\/wp-json\/wp\/v2\/pages\/12596","targetHints":{"allow":["GET"]}}],"collection":[{"href":"https:\/\/bayck.com\/fr\/wp-json\/wp\/v2\/pages"}],"about":[{"href":"https:\/\/bayck.com\/fr\/wp-json\/wp\/v2\/types\/page"}],"author":[{"embeddable":true,"href":"https:\/\/bayck.com\/fr\/wp-json\/wp\/v2\/users\/1"}],"replies":[{"embeddable":true,"href":"https:\/\/bayck.com\/fr\/wp-json\/wp\/v2\/comments?post=12596"}],"version-history":[{"count":3,"href":"https:\/\/bayck.com\/fr\/wp-json\/wp\/v2\/pages\/12596\/revisions"}],"predecessor-version":[{"id":13173,"href":"https:\/\/bayck.com\/fr\/wp-json\/wp\/v2\/pages\/12596\/revisions\/13173"}],"wp:attachment":[{"href":"https:\/\/bayck.com\/fr\/wp-json\/wp\/v2\/media?parent=12596"}],"curies":[{"name":"wp","href":"https:\/\/api.w.org\/{rel}","templated":true}]}}