{"id":12926,"date":"2023-06-07T19:56:37","date_gmt":"2023-06-07T19:56:37","guid":{"rendered":"https:\/\/bayck.com\/le-bayck\/moteur"},"modified":"2023-09-12T08:38:27","modified_gmt":"2023-09-12T08:38:27","slug":"moteur","status":"publish","type":"page","link":"https:\/\/bayck.com\/fr\/le-bayck\/moteur","title":{"rendered":"moteur"},"content":{"rendered":"\t\t<div data-elementor-type=\"wp-page\" data-elementor-id=\"12926\" class=\"elementor elementor-12926 elementor-159\" data-elementor-post-type=\"page\">\n\t\t\t\t\t\t<section class=\"elementor-section elementor-top-section elementor-element elementor-element-38f16e2b elementor-section-boxed elementor-section-height-default elementor-section-height-default\" data-id=\"38f16e2b\" data-element_type=\"section\" data-e-type=\"section\">\n\t\t\t\t\t\t<div class=\"elementor-container elementor-column-gap-default\">\n\t\t\t\t\t<div class=\"elementor-column elementor-col-100 elementor-top-column elementor-element elementor-element-1f42efa7\" data-id=\"1f42efa7\" data-element_type=\"column\" data-e-type=\"column\">\n\t\t\t<div class=\"elementor-widget-wrap elementor-element-populated\">\n\t\t\t\t\t\t<div class=\"elementor-element elementor-element-71ff5b4c elementor-widget elementor-widget-breadcrumbs\" data-id=\"71ff5b4c\" data-element_type=\"widget\" data-e-type=\"widget\" data-widget_type=\"breadcrumbs.default\">\n\t\t\t\t<div class=\"elementor-widget-container\">\n\t\t\t\t\t<p id=\"breadcrumbs\"><span><span><a href=\"https:\/\/bayck.com\/fr\">Home<\/a><\/span><\/span><\/p>\t\t\t\t<\/div>\n\t\t\t\t<\/div>\n\t\t\t\t\t<\/div>\n\t\t<\/div>\n\t\t\t\t\t<\/div>\n\t\t<\/section>\n\t\t\t\t<section class=\"elementor-section elementor-top-section elementor-element elementor-element-238fd9b elementor-section-boxed elementor-section-height-default elementor-section-height-default\" data-id=\"238fd9b\" data-element_type=\"section\" data-e-type=\"section\">\n\t\t\t\t\t\t<div class=\"elementor-container elementor-column-gap-default\">\n\t\t\t\t\t<div class=\"elementor-column elementor-col-100 elementor-top-column elementor-element elementor-element-4b86136\" data-id=\"4b86136\" data-element_type=\"column\" data-e-type=\"column\">\n\t\t\t<div class=\"elementor-widget-wrap elementor-element-populated\">\n\t\t\t\t\t\t<div class=\"elementor-element elementor-element-6409ae6 elementor-widget elementor-widget-heading\" data-id=\"6409ae6\" data-element_type=\"widget\" data-e-type=\"widget\" data-widget_type=\"heading.default\">\n\t\t\t\t<div class=\"elementor-widget-container\">\n\t\t\t\t\t<h1 class=\"elementor-heading-title elementor-size-default\">Moteur<\/h1>\t\t\t\t<\/div>\n\t\t\t\t<\/div>\n\t\t\t\t\t<\/div>\n\t\t<\/div>\n\t\t\t\t\t<\/div>\n\t\t<\/section>\n\t\t\t\t<section class=\"elementor-section elementor-top-section elementor-element elementor-element-85738e9 elementor-section-boxed elementor-section-height-default elementor-section-height-default\" data-id=\"85738e9\" data-element_type=\"section\" data-e-type=\"section\">\n\t\t\t\t\t\t<div class=\"elementor-container elementor-column-gap-default\">\n\t\t\t\t\t<div class=\"elementor-column elementor-col-100 elementor-top-column elementor-element elementor-element-b59a821\" data-id=\"b59a821\" data-element_type=\"column\" data-e-type=\"column\">\n\t\t\t<div class=\"elementor-widget-wrap elementor-element-populated\">\n\t\t\t\t\t\t<div class=\"elementor-element elementor-element-b8b3831 elementor-widget elementor-widget-text-editor\" data-id=\"b8b3831\" data-element_type=\"widget\" data-e-type=\"widget\" data-widget_type=\"text-editor.default\">\n\t\t\t\t<div class=\"elementor-widget-container\">\n\t\t\t\t\t\t\t\t\t<p><span style=\"font-weight: 400;\">Tous les v\u00e9los \u00e9lectriques Bayck sont \u00e9quip\u00e9s d\u2019une roue avant ou d\u2019un moteur central.  <\/span><\/p>\n<p><span style=\"font-weight: 400;\">Le style de conduite est typique d\u2019un moteur de roue avant. Le support commence apr\u00e8s que vous ayez d\u00e9j\u00e0 donn\u00e9 un coup de pied une fois. Le v\u00e9lo entre en jeu, pour ainsi dire. Une fois que vous y allez, vous n\u2019avez pas \u00e0 y mettre beaucoup d\u2019efforts vous-m\u00eame. Un avantage d\u2019un moteur central est qu\u2019il roule comme un v\u00e9lo ordinaire sans support.<\/span><\/p>\n<p><span style=\"font-weight: 400;\">  Le moteur central est \u00e9quip\u00e9 d\u2019un capteur de force de p\u00e9dale, donne une sensation de conduite plus naturelle.<\/span><\/p>\n\t\t\t\t\t\t\t\t<\/div>\n\t\t\t\t<\/div>\n\t\t\t\t\t<\/div>\n\t\t<\/div>\n\t\t\t\t\t<\/div>\n\t\t<\/section>\n\t\t\t\t<section class=\"elementor-section elementor-top-section elementor-element elementor-element-5960d8b elementor-section-boxed elementor-section-height-default elementor-section-height-default\" data-id=\"5960d8b\" data-element_type=\"section\" data-e-type=\"section\">\n\t\t\t\t\t\t<div class=\"elementor-container elementor-column-gap-default\">\n\t\t\t\t\t<div class=\"elementor-column elementor-col-100 elementor-top-column elementor-element elementor-element-db8c7c4\" data-id=\"db8c7c4\" data-element_type=\"column\" data-e-type=\"column\">\n\t\t\t<div class=\"elementor-widget-wrap elementor-element-populated\">\n\t\t\t\t\t\t<div class=\"elementor-element elementor-element-4d98879 elementor-widget elementor-widget-heading\" data-id=\"4d98879\" data-element_type=\"widget\" data-e-type=\"widget\" data-widget_type=\"heading.default\">\n\t\t\t\t<div class=\"elementor-widget-container\">\n\t\t\t\t\t<h2 class=\"elementor-heading-title elementor-size-default\">Quelle est la puissance du moteur ?<\/h2>\t\t\t\t<\/div>\n\t\t\t\t<\/div>\n\t\t\t\t\t<\/div>\n\t\t<\/div>\n\t\t\t\t\t<\/div>\n\t\t<\/section>\n\t\t\t\t<section class=\"elementor-section elementor-top-section elementor-element elementor-element-387a958 elementor-section-boxed elementor-section-height-default elementor-section-height-default\" data-id=\"387a958\" data-element_type=\"section\" data-e-type=\"section\">\n\t\t\t\t\t\t<div class=\"elementor-container elementor-column-gap-default\">\n\t\t\t\t\t<div class=\"elementor-column elementor-col-100 elementor-top-column elementor-element elementor-element-8097263\" data-id=\"8097263\" data-element_type=\"column\" data-e-type=\"column\">\n\t\t\t<div class=\"elementor-widget-wrap elementor-element-populated\">\n\t\t\t\t\t\t<div class=\"elementor-element elementor-element-87b2607 elementor-widget elementor-widget-text-editor\" data-id=\"87b2607\" data-element_type=\"widget\" data-e-type=\"widget\" data-widget_type=\"text-editor.default\">\n\t\t\t\t<div class=\"elementor-widget-container\">\n\t\t\t\t\t\t\t\t\t<p>Le Bayck est \u00e9quip\u00e9 d\u2019un moteur de roue avant d\u2019une puissance de 40Nm. Le moteur central a une puissance de 80Nm.<\/p>\n<p><\/p>\t\t\t\t\t\t\t\t<\/div>\n\t\t\t\t<\/div>\n\t\t\t\t\t<\/div>\n\t\t<\/div>\n\t\t\t\t\t<\/div>\n\t\t<\/section>\n\t\t\t\t<section class=\"elementor-section elementor-top-section elementor-element elementor-element-31464f6 elementor-section-boxed elementor-section-height-default elementor-section-height-default\" data-id=\"31464f6\" data-element_type=\"section\" data-e-type=\"section\">\n\t\t\t\t\t\t<div class=\"elementor-container elementor-column-gap-default\">\n\t\t\t\t\t<div class=\"elementor-column elementor-col-100 elementor-top-column elementor-element elementor-element-aa0a340\" data-id=\"aa0a340\" data-element_type=\"column\" data-e-type=\"column\">\n\t\t\t<div class=\"elementor-widget-wrap elementor-element-populated\">\n\t\t\t\t\t\t<div class=\"elementor-element elementor-element-ede7c2e elementor-widget elementor-widget-heading\" data-id=\"ede7c2e\" data-element_type=\"widget\" data-e-type=\"widget\" data-widget_type=\"heading.default\">\n\t\t\t\t<div class=\"elementor-widget-container\">\n\t\t\t\t\t<h2 class=\"elementor-heading-title elementor-size-default\">Quels sont les avantages d\u2019une roue avant et d\u2019un moteur central ?<\/h2>\t\t\t\t<\/div>\n\t\t\t\t<\/div>\n\t\t\t\t\t<\/div>\n\t\t<\/div>\n\t\t\t\t\t<\/div>\n\t\t<\/section>\n\t\t\t\t<section class=\"elementor-section elementor-top-section elementor-element elementor-element-d3c55c0 elementor-section-boxed elementor-section-height-default elementor-section-height-default\" data-id=\"d3c55c0\" data-element_type=\"section\" data-e-type=\"section\">\n\t\t\t\t\t\t<div class=\"elementor-container elementor-column-gap-default\">\n\t\t\t\t\t<div class=\"elementor-column elementor-col-100 elementor-top-column elementor-element elementor-element-d3f8661\" data-id=\"d3f8661\" data-element_type=\"column\" data-e-type=\"column\">\n\t\t\t<div class=\"elementor-widget-wrap elementor-element-populated\">\n\t\t\t\t\t\t<div class=\"elementor-element elementor-element-fd0ff9f elementor-widget elementor-widget-text-editor\" data-id=\"fd0ff9f\" data-element_type=\"widget\" data-e-type=\"widget\" data-widget_type=\"text-editor.default\">\n\t\t\t\t<div class=\"elementor-widget-container\">\n\t\t\t\t\t\t\t\t\t<ul>\n<li style=\"font-weight: 400;\"><span style=\"font-weight: 400;\">moteur roue avant<\/span><\/li>\n<li style=\"font-weight: 400;\"><span style=\"font-weight: 400;\">La moto garde un style de conduite sportif<\/span><\/li>\n<li style=\"font-weight: 400;\"><span style=\"font-weight: 400;\">Il est possible de faire du v\u00e9lo sans support<\/span><\/li>\n<li style=\"font-weight: 400;\"><span style=\"font-weight: 400;\">Il est moins cher que tout autre type de moteur<\/span><\/li>\n<li style=\"font-weight: 400;\"><span style=\"font-weight: 400;\"><span style=\"font-weight: 400;\">N\u00e9cessite peu d&rsquo;entretien<\/span><\/span>\n<p><\/p>\n<\/li>\n<li style=\"font-weight: 400;\"><span style=\"font-weight: 400;\">Moteur central<\/span><\/li><li style=\"font-weight: 400;\"><span style=\"font-weight: 400;\">Le v\u00e9lo a une sensation de conduite naturelle<\/span><\/li><li style=\"font-weight: 400;\">En raison de la position centrale du moteur central et de la batterie, le centre de gravit\u00e9 du Bayck est \u00e9galement au milieu. Cela rend ce mod\u00e8le Bayck encore plus confortable<\/li><li style=\"font-weight: 400;\">Puissance suppl\u00e9mentaire pour les terrains vallonn\u00e9s et montagneux&nbsp; &nbsp;<\/li>\n<\/ul>\t\t\t\t\t\t\t\t<\/div>\n\t\t\t\t<\/div>\n\t\t\t\t\t<\/div>\n\t\t<\/div>\n\t\t\t\t\t<\/div>\n\t\t<\/section>\n\t\t\t\t<section class=\"elementor-section elementor-top-section elementor-element elementor-element-a639cd0 elementor-section-boxed elementor-section-height-default elementor-section-height-default\" data-id=\"a639cd0\" data-element_type=\"section\" data-e-type=\"section\">\n\t\t\t\t\t\t<div class=\"elementor-container elementor-column-gap-default\">\n\t\t\t\t\t<div class=\"elementor-column elementor-col-100 elementor-top-column elementor-element elementor-element-2aaad1a\" data-id=\"2aaad1a\" data-element_type=\"column\" data-e-type=\"column\">\n\t\t\t<div class=\"elementor-widget-wrap elementor-element-populated\">\n\t\t\t\t\t\t<div class=\"elementor-element elementor-element-75b2a5f elementor-widget elementor-widget-heading\" data-id=\"75b2a5f\" data-element_type=\"widget\" data-e-type=\"widget\" data-widget_type=\"heading.default\">\n\t\t\t\t<div class=\"elementor-widget-container\">\n\t\t\t\t\t<h2 class=\"elementor-heading-title elementor-size-default\">Un v\u00e9lo \u00e9lectrique avec moteur de roue avant est-il s\u00fbr?<\/h2>\t\t\t\t<\/div>\n\t\t\t\t<\/div>\n\t\t\t\t\t<\/div>\n\t\t<\/div>\n\t\t\t\t\t<\/div>\n\t\t<\/section>\n\t\t\t\t<section class=\"elementor-section elementor-top-section elementor-element elementor-element-65bad1f elementor-section-boxed elementor-section-height-default elementor-section-height-default\" data-id=\"65bad1f\" data-element_type=\"section\" data-e-type=\"section\">\n\t\t\t\t\t\t<div class=\"elementor-container elementor-column-gap-default\">\n\t\t\t\t\t<div class=\"elementor-column elementor-col-100 elementor-top-column elementor-element elementor-element-c869f51\" data-id=\"c869f51\" data-element_type=\"column\" data-e-type=\"column\">\n\t\t\t<div class=\"elementor-widget-wrap elementor-element-populated\">\n\t\t\t\t\t\t<div class=\"elementor-element elementor-element-de2944e elementor-widget elementor-widget-text-editor\" data-id=\"de2944e\" data-element_type=\"widget\" data-e-type=\"widget\" data-widget_type=\"text-editor.default\">\n\t\t\t\t<div class=\"elementor-widget-container\">\n\t\t\t\t\t\t\t\t\t<p><span style=\"font-weight: 400;\">Un v\u00e9lo \u00e9lectrique avec un moteur de roue avant est-il s\u00fbr ? Parce que l\u2019entra\u00eenement est dans la roue avant, il est important d\u2019arr\u00eater de p\u00e9daler t\u00f4t avant le virage et de r\u00e9duire la vitesse. Ne recommencez \u00e0 p\u00e9daler qu\u2019apr\u00e8s le virage.<\/span><\/p>\n\t\t\t\t\t\t\t\t<\/div>\n\t\t\t\t<\/div>\n\t\t\t\t\t<\/div>\n\t\t<\/div>\n\t\t\t\t\t<\/div>\n\t\t<\/section>\n\t\t\t\t<\/div>\n\t\t","protected":false},"excerpt":{"rendered":"<p>Moteur Tous les v\u00e9los \u00e9lectriques Bayck sont \u00e9quip\u00e9s d\u2019une roue avant ou d\u2019un moteur central. Le style de conduite est typique d\u2019un moteur de roue avant. Le support commence apr\u00e8s que vous ayez d\u00e9j\u00e0 donn\u00e9 un coup de pied une fois. Le v\u00e9lo entre en jeu, pour ainsi dire. Une fois que vous y allez, [&hellip;]<\/p>\n","protected":false},"author":1,"featured_media":0,"parent":12606,"menu_order":0,"comment_status":"closed","ping_status":"closed","template":"elementor_header_footer","meta":{"_acf_changed":false,"footnotes":""},"class_list":["post-12926","page","type-page","status-publish","hentry"],"acf":[],"_links":{"self":[{"href":"https:\/\/bayck.com\/fr\/wp-json\/wp\/v2\/pages\/12926","targetHints":{"allow":["GET"]}}],"collection":[{"href":"https:\/\/bayck.com\/fr\/wp-json\/wp\/v2\/pages"}],"about":[{"href":"https:\/\/bayck.com\/fr\/wp-json\/wp\/v2\/types\/page"}],"author":[{"embeddable":true,"href":"https:\/\/bayck.com\/fr\/wp-json\/wp\/v2\/users\/1"}],"replies":[{"embeddable":true,"href":"https:\/\/bayck.com\/fr\/wp-json\/wp\/v2\/comments?post=12926"}],"version-history":[{"count":3,"href":"https:\/\/bayck.com\/fr\/wp-json\/wp\/v2\/pages\/12926\/revisions"}],"predecessor-version":[{"id":15694,"href":"https:\/\/bayck.com\/fr\/wp-json\/wp\/v2\/pages\/12926\/revisions\/15694"}],"up":[{"embeddable":true,"href":"https:\/\/bayck.com\/fr\/wp-json\/wp\/v2\/pages\/12606"}],"wp:attachment":[{"href":"https:\/\/bayck.com\/fr\/wp-json\/wp\/v2\/media?parent=12926"}],"curies":[{"name":"wp","href":"https:\/\/api.w.org\/{rel}","templated":true}]}}