{"id":12932,"date":"2023-06-07T19:56:38","date_gmt":"2023-06-07T19:56:38","guid":{"rendered":"https:\/\/bayck.com\/politique-de-confidentialite"},"modified":"2023-06-07T19:56:51","modified_gmt":"2023-06-07T19:56:51","slug":"politique-de-confidentialite","status":"publish","type":"page","link":"https:\/\/bayck.com\/fr\/politique-de-confidentialite","title":{"rendered":"Politique de confidentialit\u00e9"},"content":{"rendered":"\t\t<div data-elementor-type=\"wp-page\" data-elementor-id=\"12932\" class=\"elementor elementor-12932 elementor-54\" data-elementor-post-type=\"page\">\n\t\t\t\t\t\t<section class=\"elementor-section elementor-top-section elementor-element elementor-element-72281e8 elementor-section-boxed elementor-section-height-default elementor-section-height-default\" data-id=\"72281e8\" data-element_type=\"section\" data-e-type=\"section\">\n\t\t\t\t\t\t<div class=\"elementor-container elementor-column-gap-default\">\n\t\t\t\t\t<div class=\"elementor-column elementor-col-100 elementor-top-column elementor-element elementor-element-faf9c1a\" data-id=\"faf9c1a\" data-element_type=\"column\" data-e-type=\"column\">\n\t\t\t<div class=\"elementor-widget-wrap elementor-element-populated\">\n\t\t\t\t\t\t<div class=\"elementor-element elementor-element-514ae3b elementor-widget elementor-widget-heading\" data-id=\"514ae3b\" data-element_type=\"widget\" data-e-type=\"widget\" data-widget_type=\"heading.default\">\n\t\t\t\t<div class=\"elementor-widget-container\">\n\t\t\t\t\t<h2 class=\"elementor-heading-title elementor-size-default\">Politique de confidentialit\u00e9<\/h2>\t\t\t\t<\/div>\n\t\t\t\t<\/div>\n\t\t\t\t\t<\/div>\n\t\t<\/div>\n\t\t\t\t\t<\/div>\n\t\t<\/section>\n\t\t\t\t<section class=\"elementor-section elementor-top-section elementor-element elementor-element-7ec490ef elementor-section-boxed elementor-section-height-default elementor-section-height-default\" data-id=\"7ec490ef\" data-element_type=\"section\" data-e-type=\"section\">\n\t\t\t\t\t\t<div class=\"elementor-container elementor-column-gap-default\">\n\t\t\t\t\t<div class=\"elementor-column elementor-col-100 elementor-top-column elementor-element elementor-element-4298354c\" data-id=\"4298354c\" data-element_type=\"column\" data-e-type=\"column\">\n\t\t\t<div class=\"elementor-widget-wrap elementor-element-populated\">\n\t\t\t\t\t\t<div class=\"elementor-element elementor-element-767950ec elementor-widget elementor-widget-text-editor\" data-id=\"767950ec\" data-element_type=\"widget\" data-e-type=\"widget\" data-widget_type=\"text-editor.default\">\n\t\t\t\t<div class=\"elementor-widget-container\">\n\t\t\t\t\t\t\t\t\t<p><\/p>\n<p><span style=\"font-weight: 400;\">Bayck B.V., dont le si\u00e8ge social est situ\u00e9 Finlandweg 10a, 4532 BL Terneuzen, est responsable du traitement des donn\u00e9es personnelles comme indiqu\u00e9 dans la pr\u00e9sente d\u00e9claration de confidentialit\u00e9.<\/span><\/p>\n<p><span style=\"font-weight: 400;\">D\u00e9tails du contact:<\/span><\/p>\n<p><a href=\"https:\/\/www.bayck.com\"><span style=\"font-weight: 400;\">https:\/\/www.bayck.com<\/span><\/a><\/p>\n<p><span style=\"font-weight: 400;\">Stationsstraat 55 4551 EL Sas van Gent<\/span><\/p>\n<p><span style=\"font-weight: 400;\">0115-785413<\/span><\/p>\n<p><span style=\"font-weight: 400;\">Angelo Jansen est le d\u00e9l\u00e9gu\u00e9 \u00e0 la protection des donn\u00e9es de Bayck B.V. Il est joignable via <a href=\"mailto:service@bayck.com\">service@bayck.com<\/a><\/span><\/p>\n<h2><span style=\"font-weight: 400;\">Donn\u00e9es personnelles que nous traitons<\/span><\/h2>\n<p><span style=\"font-weight: 400;\">Bayck B.V. traite vos donn\u00e9es personnelles parce que vous utilisez nos services et\/ou parce que vous nous fournissez vous-m\u00eame ces donn\u00e9es. Vous trouverez ci-dessous un aper\u00e7u des donn\u00e9es personnelles que nous traitons :<\/span><\/p>\n<ul>\n<li><span style=\"font-weight: 400;\">Nom et pr\u00e9nom<\/span><\/li>\n<li><span style=\"font-weight: 400;\">D\u00e9tails de l&rsquo;adresse<\/span><\/li>\n<li><span style=\"font-weight: 400;\">num\u00e9ro de t\u00e9l\u00e9phone<\/span><\/li>\n<li><span style=\"font-weight: 400;\">Adresse e-mail<\/span><\/li>\n<li><span style=\"font-weight: 400;\">Donn\u00e9es de localisation<\/span><\/li>\n<li><span style=\"font-weight: 400;\">Informations sur vos activit\u00e9s sur notre site<\/span><\/li>\n<li><span style=\"font-weight: 400;\">Donn\u00e9es sur votre comportement de navigation sur diff\u00e9rents sites Web (par exemple parce que cette soci\u00e9t\u00e9 fait partie d&rsquo;un r\u00e9seau publicitaire)<\/span><\/li>\n<li><span style=\"font-weight: 400;\">Navigateur Internet et type d&rsquo;appareil<\/span><\/li>\n<\/ul>\n<h2><span style=\"font-weight: 400;\">Donn\u00e9es personnelles sp\u00e9ciales et\/ou sensibles que nous traitons<\/span><\/h2>\n<p><span style=\"font-weight: 400;\">Notre site Web et\/ou service n&rsquo;a pas l&rsquo;intention de collecter des donn\u00e9es sur les visiteurs du site Web \u00e2g\u00e9s de moins de 16 ans. Sauf s&rsquo;ils ont l&rsquo;autorisation parentale ou du tuteur. Cependant, nous ne pouvons pas v\u00e9rifier si un visiteur a plus de 16 ans. Nous conseillons donc aux parents de s&rsquo;impliquer dans les activit\u00e9s en ligne de leurs enfants, afin d&rsquo;\u00e9viter que des donn\u00e9es sur les enfants soient collect\u00e9es sans le consentement parental. Si vous \u00eates convaincu que nous avons collect\u00e9 des informations personnelles sur un mineur sans cette autorisation, veuillez nous contacter \u00e0 <a href=\"mailto:service@bayck.com\">service@bayck.com<\/a> et nous supprimerons ces informations.<\/span><\/p>\n<h2><span style=\"font-weight: 400;\">Dans quel but et sur quelle base traitons-nous les donn\u00e9es personnelles<\/span><\/h2>\n<p><span style=\"font-weight: 400;\">Bayck B.V. traite vos donn\u00e9es personnelles aux fins suivantes :<\/span><\/p>\n<ul>\n<li><span style=\"font-weight: 400;\">Traitement de votre paiement<\/span><\/li>\n<li><span style=\"font-weight: 400;\">Envoi de notre newsletter et\/ou plaquette publicitaire<\/span><\/li>\n<li><span style=\"font-weight: 400;\">Pour pouvoir vous appeler ou vous envoyer un e-mail si cela est n\u00e9cessaire pour pouvoir ex\u00e9cuter nos services<\/span><\/li>\n<li><span style=\"font-weight: 400;\">Pour vous informer des modifications apport\u00e9es \u00e0 nos services et produits<\/span><\/li>\n<li><span style=\"font-weight: 400;\">Pour vous livrer des biens et des services<\/span><\/li>\n<li><span style=\"font-weight: 400;\">Bayck B.V. analyse votre comportement sur le site Web afin d&rsquo;am\u00e9liorer le site Web et d&rsquo;adapter la gamme de produits et services \u00e0 vos pr\u00e9f\u00e9rences.<\/span><\/li>\n<li><span style=\"font-weight: 400;\">Bayck B.V. suit votre comportement de navigation sur diff\u00e9rents sites Web avec lesquels nous adaptons nos produits et services \u00e0 vos besoins.<\/span><\/li>\n<li><span style=\"font-weight: 400;\">Bayck B.V. traite \u00e9galement des donn\u00e9es personnelles si nous sommes l\u00e9galement tenus de le faire, telles que les donn\u00e9es dont nous avons besoin pour notre d\u00e9claration de revenus.<\/span><\/li>\n<\/ul>\n<h2><span style=\"font-weight: 400;\">Prise de d\u00e9cision automatis\u00e9e<\/span><\/h2>\n<p><span style=\"font-weight: 400;\">Bayck B.V. ne prend pas de d\u00e9cisions bas\u00e9es sur un traitement automatis\u00e9 sur des sujets pouvant avoir des cons\u00e9quences (significatives) pour les personnes. Ce sont des d\u00e9cisions prises par des programmes ou des syst\u00e8mes informatiques, sans impliquer une personne (par exemple un employ\u00e9 de Bayck B.V.). Bayck B.V. utilise les programmes ou syst\u00e8mes informatiques suivants :<\/span><\/p>\n<h2><span style=\"font-weight: 400;\">Combien de temps conservons-nous les donn\u00e9es personnelles<\/span><\/h2>\n<p><span style=\"font-weight: 400;\">Bayck B.V. ne conserve pas vos donn\u00e9es personnelles plus longtemps que strictement n\u00e9cessaire pour r\u00e9aliser les finalit\u00e9s pour lesquelles vos donn\u00e9es sont collect\u00e9es. Nous utilisons les dur\u00e9es de conservation suivantes pour les (cat\u00e9gories) de donn\u00e9es personnelles suivantes : <\/span><span style=\"font-weight: 400;\"><br><\/span><span style=\"font-weight: 400;\">3 ann\u00e9es.<\/span><\/p>\n<h2><span style=\"font-weight: 400;\">Partage de donn\u00e9es personnelles avec des tiers<\/span><\/h2>\n<p><span style=\"font-weight: 400;\">Bayck B.V. ne vend pas vos donn\u00e9es \u00e0 des tiers et ne les fournira que si cela est n\u00e9cessaire pour l&rsquo;ex\u00e9cution de notre accord avec vous ou pour se conformer \u00e0 une obligation l\u00e9gale. Nous concluons un accord de sous-traitance avec les entreprises qui traitent vos donn\u00e9es pour notre compte afin de garantir le m\u00eame niveau de s\u00e9curit\u00e9 et de confidentialit\u00e9 de vos donn\u00e9es. Bayck B.V. reste responsable de ces traitements.<\/span><\/p>\n<h2><span style=\"font-weight: 400;\">Cookies, ou techniques similaires, que nous utilisons<\/span><\/h2>\n<p><span style=\"font-weight: 400;\">Bayck B.V. n&rsquo;utilise pas de cookies ou de techniques similaires.<\/span><\/p>\n<h2><span style=\"font-weight: 400;\">Afficher, modifier ou supprimer des donn\u00e9es<\/span><\/h2>\n<p><span style=\"font-weight: 400;\">Vous avez le droit de consulter, de corriger ou de supprimer vos donn\u00e9es personnelles. En outre, vous avez le droit de retirer votre consentement au traitement des donn\u00e9es ou de vous opposer au traitement de vos donn\u00e9es personnelles par Bayck B.V. et vous avez le droit \u00e0 la portabilit\u00e9 des donn\u00e9es. Cela signifie que vous pouvez nous soumettre une demande pour envoyer les donn\u00e9es personnelles que nous avons sur vous dans un fichier informatique \u00e0 vous ou \u00e0 une autre organisation que vous avez mentionn\u00e9e. Vous pouvez envoyer une demande d&rsquo;acc\u00e8s, de rectification, de suppression, de transfert de vos donn\u00e9es personnelles ou une demande de retrait de votre consentement ou d&rsquo;opposition au traitement de vos donn\u00e9es personnelles \u00e0 perry.boogaard@bayck.com. Pour vous assurer que la demande d&rsquo;acc\u00e8s a bien \u00e9t\u00e9 faite par vous, nous vous demandons d&rsquo;envoyer une copie de votre pi\u00e8ce d&rsquo;identit\u00e9 avec la demande. Faites votre photo de passeport, MRZ (zone lisible par machine, la bande avec des chiffres au bas du passeport), num\u00e9ro de passeport et num\u00e9ro de service citoyen (BSN) en noir dans cette copie. C&rsquo;est pour prot\u00e9ger votre vie priv\u00e9e. Nous r\u00e9pondrons \u00e0 votre demande d\u00e8s que possible, mais dans un d\u00e9lai de quatre semaines. Bayck B.V. voudriez-vous \u00e9galement souligner que vous avez la possibilit\u00e9 de d\u00e9poser une plainte aupr\u00e8s de l&rsquo;autorit\u00e9 de contr\u00f4le nationale, l&rsquo;autorit\u00e9 n\u00e9erlandaise de protection des donn\u00e9es. Vous pouvez le faire via le lien suivant : https:\/\/autoriteitpersoonsgegevens.nl\/nl\/contact-met-de-autoriteit-persoonsgegevens\/tip-ons<\/span><\/p>\n<h2><span style=\"font-weight: 400;\">Comment nous prot\u00e9geons les donn\u00e9es personnelles<\/span><\/h2>\n<p><span style=\"font-weight: 400;\">Bayck B.V. prend la protection de vos donn\u00e9es au s\u00e9rieux et prend les mesures appropri\u00e9es pour emp\u00eacher l&rsquo;utilisation abusive, la perte, l&rsquo;acc\u00e8s non autoris\u00e9, la divulgation non d\u00e9sir\u00e9e et la modification non autoris\u00e9e. Si vous pensez que vos donn\u00e9es ne sont pas correctement s\u00e9curis\u00e9es ou s&rsquo;il y a des indications d&rsquo;utilisation abusive, veuillez contacter notre service client ou via perry.boogaard@bayck.com<\/span><\/p>\n<p><\/p>\n<p><\/p>\t\t\t\t\t\t\t\t<\/div>\n\t\t\t\t<\/div>\n\t\t\t\t\t<\/div>\n\t\t<\/div>\n\t\t\t\t\t<\/div>\n\t\t<\/section>\n\t\t\t\t<\/div>\n\t\t","protected":false},"excerpt":{"rendered":"<p>Politique de confidentialit\u00e9 Bayck B.V., dont le si\u00e8ge social est situ\u00e9 Finlandweg 10a, 4532 BL Terneuzen, est responsable du traitement des donn\u00e9es personnelles comme indiqu\u00e9 dans la pr\u00e9sente d\u00e9claration de confidentialit\u00e9. D\u00e9tails du contact: https:\/\/www.bayck.com Stationsstraat 55 4551 EL Sas van Gent 0115-785413 Angelo Jansen est le d\u00e9l\u00e9gu\u00e9 \u00e0 la protection des donn\u00e9es de Bayck [&hellip;]<\/p>\n","protected":false},"author":1,"featured_media":0,"parent":0,"menu_order":0,"comment_status":"closed","ping_status":"closed","template":"elementor_header_footer","meta":{"_acf_changed":false,"footnotes":""},"class_list":["post-12932","page","type-page","status-publish","hentry"],"acf":[],"_links":{"self":[{"href":"https:\/\/bayck.com\/fr\/wp-json\/wp\/v2\/pages\/12932","targetHints":{"allow":["GET"]}}],"collection":[{"href":"https:\/\/bayck.com\/fr\/wp-json\/wp\/v2\/pages"}],"about":[{"href":"https:\/\/bayck.com\/fr\/wp-json\/wp\/v2\/types\/page"}],"author":[{"embeddable":true,"href":"https:\/\/bayck.com\/fr\/wp-json\/wp\/v2\/users\/1"}],"replies":[{"embeddable":true,"href":"https:\/\/bayck.com\/fr\/wp-json\/wp\/v2\/comments?post=12932"}],"version-history":[{"count":10,"href":"https:\/\/bayck.com\/fr\/wp-json\/wp\/v2\/pages\/12932\/revisions"}],"predecessor-version":[{"id":12975,"href":"https:\/\/bayck.com\/fr\/wp-json\/wp\/v2\/pages\/12932\/revisions\/12975"}],"wp:attachment":[{"href":"https:\/\/bayck.com\/fr\/wp-json\/wp\/v2\/media?parent=12932"}],"curies":[{"name":"wp","href":"https:\/\/api.w.org\/{rel}","templated":true}]}}