{"id":12943,"date":"2023-06-07T19:56:39","date_gmt":"2023-06-07T19:56:39","guid":{"rendered":"https:\/\/bayck.com\/le-bayck\/acceleration-et-freinage"},"modified":"2023-06-07T19:56:42","modified_gmt":"2023-06-07T19:56:42","slug":"acceleration-et-freinage","status":"publish","type":"page","link":"https:\/\/bayck.com\/fr\/le-bayck\/acceleration-et-freinage","title":{"rendered":"Acc\u00e9l\u00e9ration et freinage"},"content":{"rendered":"\t\t<div data-elementor-type=\"wp-page\" data-elementor-id=\"12943\" class=\"elementor elementor-12943 elementor-148\" data-elementor-post-type=\"page\">\n\t\t\t\t\t\t<section class=\"elementor-section elementor-top-section elementor-element elementor-element-41645230 elementor-section-boxed elementor-section-height-default elementor-section-height-default\" data-id=\"41645230\" data-element_type=\"section\" data-e-type=\"section\">\n\t\t\t\t\t\t<div class=\"elementor-container elementor-column-gap-default\">\n\t\t\t\t\t<div class=\"elementor-column elementor-col-100 elementor-top-column elementor-element elementor-element-129e77a0\" data-id=\"129e77a0\" data-element_type=\"column\" data-e-type=\"column\">\n\t\t\t<div class=\"elementor-widget-wrap elementor-element-populated\">\n\t\t\t\t\t\t<div class=\"elementor-element elementor-element-665fd756 elementor-widget elementor-widget-breadcrumbs\" data-id=\"665fd756\" data-element_type=\"widget\" data-e-type=\"widget\" data-widget_type=\"breadcrumbs.default\">\n\t\t\t\t<div class=\"elementor-widget-container\">\n\t\t\t\t\t<p id=\"breadcrumbs\"><span><span><a href=\"https:\/\/bayck.com\/fr\">Home<\/a><\/span><\/span><\/p>\t\t\t\t<\/div>\n\t\t\t\t<\/div>\n\t\t\t\t\t<\/div>\n\t\t<\/div>\n\t\t\t\t\t<\/div>\n\t\t<\/section>\n\t\t\t\t<section class=\"elementor-section elementor-top-section elementor-element elementor-element-2cf86cd elementor-section-boxed elementor-section-height-default elementor-section-height-default\" data-id=\"2cf86cd\" data-element_type=\"section\" data-e-type=\"section\">\n\t\t\t\t\t\t<div class=\"elementor-container elementor-column-gap-default\">\n\t\t\t\t\t<div class=\"elementor-column elementor-col-100 elementor-top-column elementor-element elementor-element-b960f2f\" data-id=\"b960f2f\" data-element_type=\"column\" data-e-type=\"column\">\n\t\t\t<div class=\"elementor-widget-wrap elementor-element-populated\">\n\t\t\t\t\t\t<div class=\"elementor-element elementor-element-53d89d8 elementor-widget elementor-widget-heading\" data-id=\"53d89d8\" data-element_type=\"widget\" data-e-type=\"widget\" data-widget_type=\"heading.default\">\n\t\t\t\t<div class=\"elementor-widget-container\">\n\t\t\t\t\t<h1 class=\"elementor-heading-title elementor-size-default\">Acc\u00e9l\u00e9ration et freinage<\/h1>\t\t\t\t<\/div>\n\t\t\t\t<\/div>\n\t\t\t\t\t<\/div>\n\t\t<\/div>\n\t\t\t\t\t<\/div>\n\t\t<\/section>\n\t\t\t\t<section class=\"elementor-section elementor-top-section elementor-element elementor-element-172bd56 elementor-section-boxed elementor-section-height-default elementor-section-height-default\" data-id=\"172bd56\" data-element_type=\"section\" data-e-type=\"section\">\n\t\t\t\t\t\t<div class=\"elementor-container elementor-column-gap-default\">\n\t\t\t\t\t<div class=\"elementor-column elementor-col-100 elementor-top-column elementor-element elementor-element-6272636\" data-id=\"6272636\" data-element_type=\"column\" data-e-type=\"column\">\n\t\t\t<div class=\"elementor-widget-wrap elementor-element-populated\">\n\t\t\t\t\t\t<div class=\"elementor-element elementor-element-a402c5a elementor-widget elementor-widget-text-editor\" data-id=\"a402c5a\" data-element_type=\"widget\" data-e-type=\"widget\" data-widget_type=\"text-editor.default\">\n\t\t\t\t<div class=\"elementor-widget-container\">\n\t\t\t\t\t\t\t\t\t<p><span style=\"font-weight: 400;\">Les v\u00e9los \u00e9lectriques Bayck sont \u00e9quip\u00e9s de moyeux Shimano Nexus \u00e0 7 vitesses et de puissants freins \u00e0 disque hydrauliques \u00e0 l\u2019avant et \u00e0 l\u2019arri\u00e8re. Shimano est un partenaire reconnu et fiable dans l\u2019industrie du v\u00e9lo.<\/span><\/p>\n\t\t\t\t\t\t\t\t<\/div>\n\t\t\t\t<\/div>\n\t\t\t\t\t<\/div>\n\t\t<\/div>\n\t\t\t\t\t<\/div>\n\t\t<\/section>\n\t\t\t\t<section class=\"elementor-section elementor-top-section elementor-element elementor-element-5b62512 elementor-section-boxed elementor-section-height-default elementor-section-height-default\" data-id=\"5b62512\" data-element_type=\"section\" data-e-type=\"section\">\n\t\t\t\t\t\t<div class=\"elementor-container elementor-column-gap-default\">\n\t\t\t\t\t<div class=\"elementor-column elementor-col-100 elementor-top-column elementor-element elementor-element-81f3911\" data-id=\"81f3911\" data-element_type=\"column\" data-e-type=\"column\">\n\t\t\t<div class=\"elementor-widget-wrap elementor-element-populated\">\n\t\t\t\t\t\t<div class=\"elementor-element elementor-element-dac9760 elementor-widget elementor-widget-heading\" data-id=\"dac9760\" data-element_type=\"widget\" data-e-type=\"widget\" data-widget_type=\"heading.default\">\n\t\t\t\t<div class=\"elementor-widget-container\">\n\t\t\t\t\t<h2 class=\"elementor-heading-title elementor-size-default\">Combien d\u2019engrenages un Bayck poss\u00e8de-t-il?<\/h2>\t\t\t\t<\/div>\n\t\t\t\t<\/div>\n\t\t\t\t\t<\/div>\n\t\t<\/div>\n\t\t\t\t\t<\/div>\n\t\t<\/section>\n\t\t\t\t<section class=\"elementor-section elementor-top-section elementor-element elementor-element-8692c08 elementor-section-boxed elementor-section-height-default elementor-section-height-default\" data-id=\"8692c08\" data-element_type=\"section\" data-e-type=\"section\">\n\t\t\t\t\t\t<div class=\"elementor-container elementor-column-gap-default\">\n\t\t\t\t\t<div class=\"elementor-column elementor-col-100 elementor-top-column elementor-element elementor-element-3108536\" data-id=\"3108536\" data-element_type=\"column\" data-e-type=\"column\">\n\t\t\t<div class=\"elementor-widget-wrap elementor-element-populated\">\n\t\t\t\t\t\t<div class=\"elementor-element elementor-element-cddaa2f elementor-widget elementor-widget-text-editor\" data-id=\"cddaa2f\" data-element_type=\"widget\" data-e-type=\"widget\" data-widget_type=\"text-editor.default\">\n\t\t\t\t<div class=\"elementor-widget-container\">\n\t\t\t\t\t\t\t\t\t<p><span style=\"font-weight: 400;\">Lors de l\u2019assemblage de votre v\u00e9lo \u00e9lectrique dans le configurateur, vous choisissez si vous voulez un Bayck avec une roue avant ou un moteur central. Pour les deux choix, ces Baycks avec  <\/span><strong style=\"background-color: transparent; color: var( --e-global-color-text ); font-family: var( --e-global-typography-text-font-family ), Sans-serif;\">Shimano 7 vitesses <\/strong><span style=\"background-color: transparent; color: var( --e-global-color-text ); font-family: var( --e-global-typography-text-font-family ), Sans-serif;\">ont \u00e9t\u00e9 mis en \u0153uvre. Les engrenages de moyeu Shimano Nexus 7 n\u00e9cessitent peu d\u2019entretien et conviennent aux longues distances et\/ou aux paysages plus vallonn\u00e9s  <\/span><\/p>\n\t\t\t\t\t\t\t\t<\/div>\n\t\t\t\t<\/div>\n\t\t\t\t\t<\/div>\n\t\t<\/div>\n\t\t\t\t\t<\/div>\n\t\t<\/section>\n\t\t\t\t<section class=\"elementor-section elementor-top-section elementor-element elementor-element-89b288a elementor-section-boxed elementor-section-height-default elementor-section-height-default\" data-id=\"89b288a\" data-element_type=\"section\" data-e-type=\"section\">\n\t\t\t\t\t\t<div class=\"elementor-container elementor-column-gap-default\">\n\t\t\t\t\t<div class=\"elementor-column elementor-col-100 elementor-top-column elementor-element elementor-element-74d1492\" data-id=\"74d1492\" data-element_type=\"column\" data-e-type=\"column\">\n\t\t\t<div class=\"elementor-widget-wrap elementor-element-populated\">\n\t\t\t\t\t\t<div class=\"elementor-element elementor-element-5122b15 elementor-widget elementor-widget-heading\" data-id=\"5122b15\" data-element_type=\"widget\" data-e-type=\"widget\" data-widget_type=\"heading.default\">\n\t\t\t\t<div class=\"elementor-widget-container\">\n\t\t\t\t\t<h2 class=\"elementor-heading-title elementor-size-default\">Quel type d\u2019\u00e9quipement poss\u00e8de un Bayck ?<\/h2>\t\t\t\t<\/div>\n\t\t\t\t<\/div>\n\t\t\t\t\t<\/div>\n\t\t<\/div>\n\t\t\t\t\t<\/div>\n\t\t<\/section>\n\t\t\t\t<section class=\"elementor-section elementor-top-section elementor-element elementor-element-b5e7b1a elementor-section-boxed elementor-section-height-default elementor-section-height-default\" data-id=\"b5e7b1a\" data-element_type=\"section\" data-e-type=\"section\">\n\t\t\t\t\t\t<div class=\"elementor-container elementor-column-gap-default\">\n\t\t\t\t\t<div class=\"elementor-column elementor-col-100 elementor-top-column elementor-element elementor-element-a45ec2b\" data-id=\"a45ec2b\" data-element_type=\"column\" data-e-type=\"column\">\n\t\t\t<div class=\"elementor-widget-wrap elementor-element-populated\">\n\t\t\t\t\t\t<div class=\"elementor-element elementor-element-103e980 elementor-widget elementor-widget-text-editor\" data-id=\"103e980\" data-element_type=\"widget\" data-e-type=\"widget\" data-widget_type=\"text-editor.default\">\n\t\t\t\t<div class=\"elementor-widget-container\">\n\t\t\t\t\t\t\t\t\t<p><span style=\"font-weight: 400;\">Le Bayck est \u00e9quip\u00e9 d\u2019un engrenage de moyeu. Les caract\u00e9ristiques d&rsquo;un moyeu sont :<\/span><span style=\"font-weight: 400;\"><br \/><\/span><\/p>\n<ul>\n<li><span style=\"font-weight: 400;\">Le m\u00e9canisme de changement de vitesse est soigneusement dissimul\u00e9 dans un manchon en aluminium dans votre roue arri\u00e8re et donc pratiquement sans entretien<\/span><\/li>\n<li><span style=\"font-weight: 400;\">Changement de vitesse au moyen d\u2019une poign\u00e9e rotative sur le volant<\/span><\/li>\n<\/ul>\n\t\t\t\t\t\t\t\t<\/div>\n\t\t\t\t<\/div>\n\t\t\t\t\t<\/div>\n\t\t<\/div>\n\t\t\t\t\t<\/div>\n\t\t<\/section>\n\t\t\t\t<section class=\"elementor-section elementor-top-section elementor-element elementor-element-f9a8f85 elementor-section-boxed elementor-section-height-default elementor-section-height-default\" data-id=\"f9a8f85\" data-element_type=\"section\" data-e-type=\"section\">\n\t\t\t\t\t\t<div class=\"elementor-container elementor-column-gap-default\">\n\t\t\t\t\t<div class=\"elementor-column elementor-col-100 elementor-top-column elementor-element elementor-element-f98b8c3\" data-id=\"f98b8c3\" data-element_type=\"column\" data-e-type=\"column\">\n\t\t\t<div class=\"elementor-widget-wrap elementor-element-populated\">\n\t\t\t\t\t\t<div class=\"elementor-element elementor-element-7f44bef elementor-widget elementor-widget-heading\" data-id=\"7f44bef\" data-element_type=\"widget\" data-e-type=\"widget\" data-widget_type=\"heading.default\">\n\t\t\t\t<div class=\"elementor-widget-container\">\n\t\t\t\t\t<h2 class=\"elementor-heading-title elementor-size-default\">Quels sont les avantages d'un engrenage \u00e0 moyeu?<\/h2>\t\t\t\t<\/div>\n\t\t\t\t<\/div>\n\t\t\t\t\t<\/div>\n\t\t<\/div>\n\t\t\t\t\t<\/div>\n\t\t<\/section>\n\t\t\t\t<section class=\"elementor-section elementor-top-section elementor-element elementor-element-181d0a2 elementor-section-boxed elementor-section-height-default elementor-section-height-default\" data-id=\"181d0a2\" data-element_type=\"section\" data-e-type=\"section\">\n\t\t\t\t\t\t<div class=\"elementor-container elementor-column-gap-default\">\n\t\t\t\t\t<div class=\"elementor-column elementor-col-100 elementor-top-column elementor-element elementor-element-833611f\" data-id=\"833611f\" data-element_type=\"column\" data-e-type=\"column\">\n\t\t\t<div class=\"elementor-widget-wrap elementor-element-populated\">\n\t\t\t\t\t\t<div class=\"elementor-element elementor-element-949af81 elementor-widget elementor-widget-text-editor\" data-id=\"949af81\" data-element_type=\"widget\" data-e-type=\"widget\" data-widget_type=\"text-editor.default\">\n\t\t\t\t<div class=\"elementor-widget-container\">\n\t\t\t\t\t\t\t\t\t<ul><li style=\"font-weight: 400;\"><span style=\"font-weight: 400;\">Facile \u00e0 r\u00e9gler<\/span><\/li><li style=\"font-weight: 400;\">En combinaison avec la cha\u00eene antirouille et le p\u00e9dalier en aluminium tr\u00e8s facile \u00e0 entretenir<\/li>\n<li style=\"font-weight: 400;\"><span style=\"font-weight: 400;\">La commutation est possible lorsque vous \u00eates immobile<\/span><\/li>\n<\/ul>\t\t\t\t\t\t\t\t<\/div>\n\t\t\t\t<\/div>\n\t\t\t\t\t<\/div>\n\t\t<\/div>\n\t\t\t\t\t<\/div>\n\t\t<\/section>\n\t\t\t\t<\/div>\n\t\t","protected":false},"excerpt":{"rendered":"<p>Acc\u00e9l\u00e9ration et freinage Les v\u00e9los \u00e9lectriques Bayck sont \u00e9quip\u00e9s de moyeux Shimano Nexus \u00e0 7 vitesses et de puissants freins \u00e0 disque hydrauliques \u00e0 l\u2019avant et \u00e0 l\u2019arri\u00e8re. Shimano est un partenaire reconnu et fiable dans l\u2019industrie du v\u00e9lo. Combien d\u2019engrenages un Bayck poss\u00e8de-t-il? Lors de l\u2019assemblage de votre v\u00e9lo \u00e9lectrique dans le configurateur, vous [&hellip;]<\/p>\n","protected":false},"author":1,"featured_media":0,"parent":12606,"menu_order":0,"comment_status":"closed","ping_status":"closed","template":"elementor_header_footer","meta":{"_acf_changed":false,"footnotes":""},"class_list":["post-12943","page","type-page","status-publish","hentry"],"acf":[],"_links":{"self":[{"href":"https:\/\/bayck.com\/fr\/wp-json\/wp\/v2\/pages\/12943","targetHints":{"allow":["GET"]}}],"collection":[{"href":"https:\/\/bayck.com\/fr\/wp-json\/wp\/v2\/pages"}],"about":[{"href":"https:\/\/bayck.com\/fr\/wp-json\/wp\/v2\/types\/page"}],"author":[{"embeddable":true,"href":"https:\/\/bayck.com\/fr\/wp-json\/wp\/v2\/users\/1"}],"replies":[{"embeddable":true,"href":"https:\/\/bayck.com\/fr\/wp-json\/wp\/v2\/comments?post=12943"}],"version-history":[{"count":2,"href":"https:\/\/bayck.com\/fr\/wp-json\/wp\/v2\/pages\/12943\/revisions"}],"predecessor-version":[{"id":12951,"href":"https:\/\/bayck.com\/fr\/wp-json\/wp\/v2\/pages\/12943\/revisions\/12951"}],"up":[{"embeddable":true,"href":"https:\/\/bayck.com\/fr\/wp-json\/wp\/v2\/pages\/12606"}],"wp:attachment":[{"href":"https:\/\/bayck.com\/fr\/wp-json\/wp\/v2\/media?parent=12943"}],"curies":[{"name":"wp","href":"https:\/\/api.w.org\/{rel}","templated":true}]}}