{"id":12957,"date":"2023-06-07T19:56:42","date_gmt":"2023-06-07T19:56:42","guid":{"rendered":"https:\/\/bayck.com\/entretien-et-reparation"},"modified":"2023-06-07T19:56:42","modified_gmt":"2023-06-07T19:56:42","slug":"entretien-et-reparation","status":"publish","type":"page","link":"https:\/\/bayck.com\/fr\/entretien-et-reparation","title":{"rendered":"Entretien et r\u00e9paration"},"content":{"rendered":"\t\t<div data-elementor-type=\"wp-page\" data-elementor-id=\"12957\" class=\"elementor elementor-12957 elementor-131\" data-elementor-post-type=\"page\">\n\t\t\t\t\t\t<section class=\"elementor-section elementor-top-section elementor-element elementor-element-e6e6792 elementor-section-boxed elementor-section-height-default elementor-section-height-default\" data-id=\"e6e6792\" data-element_type=\"section\" data-e-type=\"section\">\n\t\t\t\t\t\t<div class=\"elementor-container elementor-column-gap-default\">\n\t\t\t\t\t<div class=\"elementor-column elementor-col-100 elementor-top-column elementor-element elementor-element-9848a0b\" data-id=\"9848a0b\" data-element_type=\"column\" data-e-type=\"column\">\n\t\t\t<div class=\"elementor-widget-wrap elementor-element-populated\">\n\t\t\t\t\t\t<div class=\"elementor-element elementor-element-adfa29a elementor-widget elementor-widget-heading\" data-id=\"adfa29a\" data-element_type=\"widget\" data-e-type=\"widget\" data-widget_type=\"heading.default\">\n\t\t\t\t<div class=\"elementor-widget-container\">\n\t\t\t\t\t<h2 class=\"elementor-heading-title elementor-size-default\">Entretien et r\u00e9paration<\/h2>\t\t\t\t<\/div>\n\t\t\t\t<\/div>\n\t\t\t\t\t<\/div>\n\t\t<\/div>\n\t\t\t\t\t<\/div>\n\t\t<\/section>\n\t\t\t\t<section class=\"elementor-section elementor-top-section elementor-element elementor-element-31125c4 elementor-section-boxed elementor-section-height-default elementor-section-height-default\" data-id=\"31125c4\" data-element_type=\"section\" data-e-type=\"section\">\n\t\t\t\t\t\t<div class=\"elementor-container elementor-column-gap-default\">\n\t\t\t\t\t<div class=\"elementor-column elementor-col-100 elementor-top-column elementor-element elementor-element-57a4f4f\" data-id=\"57a4f4f\" data-element_type=\"column\" data-e-type=\"column\">\n\t\t\t<div class=\"elementor-widget-wrap elementor-element-populated\">\n\t\t\t\t\t\t<div class=\"elementor-element elementor-element-66acd20 elementor-widget elementor-widget-text-editor\" data-id=\"66acd20\" data-element_type=\"widget\" data-e-type=\"widget\" data-widget_type=\"text-editor.default\">\n\t\t\t\t<div class=\"elementor-widget-container\">\n\t\t\t\t\t\t\t\t\t<p><span style=\"font-weight: 400;\">Selon l\u2019utilisation de votre Bayck, un entretien p\u00e9riodique est important pour la dur\u00e9e de vie de votre v\u00e9lo.  <\/span><\/p>\n<p><span style=\"font-weight: 400;\">Un technicien Bayck Service Point peut, si vous le souhaitez, effectuer la maintenance suivante :<\/span><\/p>\n<ul>\n<li style=\"font-weight: 400;\"><span style=\"font-weight: 400;\"><span style=\"font-weight: 400;\">V\u00e9rification des pneus et de la pression des pneus<\/span><\/span>\n<\/p>\n<\/li>\n<li style=\"font-weight: 400;\"><span style=\"font-weight: 400;\"><span style=\"font-weight: 400;\">Lubrification et r\u00e9glage des engrenages<\/span><\/span>\n<\/p>\n<\/li>\n<li style=\"font-weight: 400;\"><span style=\"font-weight: 400;\"><span style=\"font-weight: 400;\">V\u00e9rification et r\u00e9glage de la tension des rayons<\/span><\/span>\n<\/p>\n<\/li>\n<li style=\"font-weight: 400;\"><span style=\"font-weight: 400;\"><span style=\"font-weight: 400;\">Lubrification et tension de la cha\u00eene<\/span><\/span>\n<\/p>\n<\/li>\n<li style=\"font-weight: 400;\"><span style=\"font-weight: 400;\"><span style=\"font-weight: 400;\">V\u00e9rification de l&rsquo;\u00e9clairage<\/span><\/span>\n<\/p>\n<\/li>\n<li style=\"font-weight: 400;\"><span style=\"font-weight: 400;\"><span style=\"font-weight: 400;\">Lubrifier la serrure<\/span><\/span>\n<\/p>\n<\/li>\n<li style=\"font-weight: 400;\"><span style=\"font-weight: 400;\"><span style=\"font-weight: 400;\">V\u00e9rification et r\u00e9glage des roulements<\/span><\/span>\n<\/p>\n<\/li>\n<li style=\"font-weight: 400;\"><span style=\"font-weight: 400;\"><span style=\"font-weight: 400;\">V\u00e9rification et r\u00e9glage des roulements<\/span><\/span>\n<\/p>\n<\/li>\n<li style=\"font-weight: 400;\"><span style=\"font-weight: 400;\"><span style=\"font-weight: 400;\">\u00c9talonner<\/span><\/span>\n<\/p>\n<\/li>\n<li style=\"font-weight: 400;\"><span style=\"font-weight: 400;\"><span style=\"font-weight: 400;\">Ajuster la prise en charge<\/span><\/span><\/li>\n<\/ul>\n\t\t\t\t\t\t\t\t<\/div>\n\t\t\t\t<\/div>\n\t\t\t\t\t<\/div>\n\t\t<\/div>\n\t\t\t\t\t<\/div>\n\t\t<\/section>\n\t\t\t\t<section class=\"elementor-section elementor-top-section elementor-element elementor-element-2346f4d elementor-section-boxed elementor-section-height-default elementor-section-height-default\" data-id=\"2346f4d\" data-element_type=\"section\" data-e-type=\"section\">\n\t\t\t\t\t\t<div class=\"elementor-container elementor-column-gap-default\">\n\t\t\t\t\t<div class=\"elementor-column elementor-col-100 elementor-top-column elementor-element elementor-element-962dca5\" data-id=\"962dca5\" data-element_type=\"column\" data-e-type=\"column\">\n\t\t\t<div class=\"elementor-widget-wrap elementor-element-populated\">\n\t\t\t\t\t\t<div class=\"elementor-element elementor-element-d93df3f elementor-widget elementor-widget-heading\" data-id=\"d93df3f\" data-element_type=\"widget\" data-e-type=\"widget\" data-widget_type=\"heading.default\">\n\t\t\t\t<div class=\"elementor-widget-container\">\n\t\t\t\t\t<h2 class=\"elementor-heading-title elementor-size-default\">Combien co\u00fbte un contrat de maintenance ?<\/h2>\t\t\t\t<\/div>\n\t\t\t\t<\/div>\n\t\t\t\t\t<\/div>\n\t\t<\/div>\n\t\t\t\t\t<\/div>\n\t\t<\/section>\n\t\t\t\t<section class=\"elementor-section elementor-top-section elementor-element elementor-element-7d6ba84 elementor-section-boxed elementor-section-height-default elementor-section-height-default\" data-id=\"7d6ba84\" data-element_type=\"section\" data-e-type=\"section\">\n\t\t\t\t\t\t<div class=\"elementor-container elementor-column-gap-default\">\n\t\t\t\t\t<div class=\"elementor-column elementor-col-100 elementor-top-column elementor-element elementor-element-1705fb8\" data-id=\"1705fb8\" data-element_type=\"column\" data-e-type=\"column\">\n\t\t\t<div class=\"elementor-widget-wrap elementor-element-populated\">\n\t\t\t\t\t\t<div class=\"elementor-element elementor-element-3e4c46a elementor-widget elementor-widget-text-editor\" data-id=\"3e4c46a\" data-element_type=\"widget\" data-e-type=\"widget\" data-widget_type=\"text-editor.default\">\n\t\t\t\t<div class=\"elementor-widget-container\">\n\t\t\t\t\t\t\t\t\t<p>Chez Bayck, vous pouvez conclure un contrat de maintenance pour une dur\u00e9e de 1 ou 3 ans.<\/p>\n<ul>\n<li><span style=\"font-weight: 400;\"><span style=\"font-weight: 400;\">Contrat 1 an : 100 \u20ac,<\/span><\/span>\n<\/p>\n<\/li>\n<li><span style=\"font-weight: 400;\">Contrat de 3 ans : 250 \u20ac,- . Vous \u00e9conomisez \u20ac 50,-<\/span><\/li>\n<\/ul>\n\t\t\t\t\t\t\t\t<\/div>\n\t\t\t\t<\/div>\n\t\t\t\t\t<\/div>\n\t\t<\/div>\n\t\t\t\t\t<\/div>\n\t\t<\/section>\n\t\t\t\t<section class=\"elementor-section elementor-top-section elementor-element elementor-element-c4d0c99 elementor-section-boxed elementor-section-height-default elementor-section-height-default\" data-id=\"c4d0c99\" data-element_type=\"section\" data-e-type=\"section\">\n\t\t\t\t\t\t<div class=\"elementor-container elementor-column-gap-default\">\n\t\t\t\t\t<div class=\"elementor-column elementor-col-100 elementor-top-column elementor-element elementor-element-41e4e7e\" data-id=\"41e4e7e\" data-element_type=\"column\" data-e-type=\"column\">\n\t\t\t<div class=\"elementor-widget-wrap elementor-element-populated\">\n\t\t\t\t\t\t<div class=\"elementor-element elementor-element-c282108 elementor-widget elementor-widget-heading\" data-id=\"c282108\" data-element_type=\"widget\" data-e-type=\"widget\" data-widget_type=\"heading.default\">\n\t\t\t\t<div class=\"elementor-widget-container\">\n\t\t\t\t\t<h2 class=\"elementor-heading-title elementor-size-default\">O\u00f9 puis-je m'adresser pour l'entretien de mon v\u00e9lo ?<\/h2>\t\t\t\t<\/div>\n\t\t\t\t<\/div>\n\t\t\t\t\t<\/div>\n\t\t<\/div>\n\t\t\t\t\t<\/div>\n\t\t<\/section>\n\t\t\t\t<section class=\"elementor-section elementor-top-section elementor-element elementor-element-aaf9484 elementor-section-boxed elementor-section-height-default elementor-section-height-default\" data-id=\"aaf9484\" data-element_type=\"section\" data-e-type=\"section\">\n\t\t\t\t\t\t<div class=\"elementor-container elementor-column-gap-default\">\n\t\t\t\t\t<div class=\"elementor-column elementor-col-100 elementor-top-column elementor-element elementor-element-9c62473\" data-id=\"9c62473\" data-element_type=\"column\" data-e-type=\"column\">\n\t\t\t<div class=\"elementor-widget-wrap elementor-element-populated\">\n\t\t\t\t\t\t<div class=\"elementor-element elementor-element-3a561a1 elementor-widget elementor-widget-text-editor\" data-id=\"3a561a1\" data-element_type=\"widget\" data-e-type=\"widget\" data-widget_type=\"text-editor.default\">\n\t\t\t\t<div class=\"elementor-widget-container\">\n\t\t\t\t\t\t\t\t\t<p>En plus de Bayck qui assure le service et l\u2019entretien lui-m\u00eame, Bayck dispose de divers points de service Bayck o\u00f9 vous pouvez vous rendre pour l\u2019entretien annuel de votre v\u00e9lo ou s\u2019il y a un d\u00e9faut inattendu dans le v\u00e9lo \u00e9lectrique.<\/p>\n<p>Cherchez ici un point de service Bayck pr\u00e8s de chez vous :<\/p>\n<table dir=\"ltr\" border=\"1\" cellspacing=\"0\" cellpadding=\"0\">\n<colgroup>\n<col width=\"215\">\n<col width=\"195\">\n<col width=\"98\">\n<col width=\"90\">\n<col width=\"132\">\n<col width=\"502\"><\/colgroup>\n<tbody>\n<tr>\n<td data-sheets-value=\"{\"1\":2,\"2\":\"Filiaal\"}\">branche<\/td>\n<td data-sheets-value=\"{\"1\":2,\"2\":\"Adres\"}\">Adresse<\/td>\n<td data-sheets-value=\"{\"1\":2,\"2\":\"Postcode \"}\">Code postal<\/td>\n<td data-sheets-value=\"{\"1\":2,\"2\":\"Plaats\"}\">Endroit<\/td>\n<td data-sheets-value=\"{\"1\":2,\"2\":\"Telefoon\"}\">T\u00e9l\u00e9phone<\/td>\n<td data-sheets-value=\"{\"1\":2,\"2\":\"Openingstijden\"}\">Horaires d&rsquo;ouvertures<\/td>\n<\/tr>\n<tr>\n<td data-sheets-value=\"{\"1\":2,\"2\":\"Bayck Hoofdkantoor\"}\">Si\u00e8ge social de Bayck<\/td>\n<td data-sheets-value=\"{\"1\":2,\"2\":\"Oostkade 31\"}\">Finlandweg 10a<\/td>\n<td data-sheets-value=\"{\"1\":2,\"2\":\"4551 CM\"}\">4532 juin<\/td>\n<td data-sheets-value=\"{\"1\":2,\"2\":\"Sas van Gent\"}\">Terneuzen<\/td>\n<td data-sheets-value=\"{\"1\":2,\"2\":\"0115-785431\"}\">0115-785431<\/td>\n<td data-sheets-value=\"{\"1\":2,\"2\":\"Alleen op afspraak\"}\">Sur rendez-vous uniquement<\/td>\n<\/tr>\n<tr>\n<td data-sheets-value=\"{\"1\":2,\"2\":\"Halfords Delft\"}\">Halfords Delft<\/td>\n<td data-sheets-value=\"{\"1\":2,\"2\":\"Wijnhaven 17\"}\">Wijnhaven 17<\/td>\n<td data-sheets-value=\"{\"1\":2,\"2\":\"2611 CS\"}\">2611 CS<\/td>\n<td data-sheets-value=\"{\"1\":2,\"2\":\"Delft\"}\">Delft<\/td>\n<td data-sheets-value=\"{\"1\":2,\"2\":\"015-2138558\"}\">015-2138558<\/td>\n<td data-sheets-value=\"{\"1\":2,\"2\":\"ma. 11.00-18.00 uur, di-za 9.30-18.00 uur, zondag 12.00-17.00 uur\"}\">Lu. 11h-18h, mar-sam 9h30-18h, dimanche 12h-17h<\/td>\n<\/tr>\n<tr>\n<td data-sheets-value=\"{\"1\":2,\"2\":\"Halfords Amsterdam Superstore\"}\">Halfords Amsterdam Superstore<\/td>\n<td data-sheets-value=\"{\"1\":2,\"2\":\"Klimopweg 35\"}\">Klimopweg 35<\/td>\n<td data-sheets-value=\"{\"1\":2,\"2\":\"1032 HZ\"}\">1032 HZ<\/td>\n<td data-sheets-value=\"{\"1\":2,\"2\":\"Amsterdam\"}\">Amsterdam<\/td>\n<td data-sheets-value=\"{\"1\":2,\"2\":\"020-6360825\"}\">020-6360825<\/td>\n<td data-sheets-value=\"{\"1\":2,\"2\":\"ma-vr 9.30-1800 uur, za 9.00-17.00 uur, zondag 12.00-17.00 uur\"}\">Lun-ven 9h30-18h, sam 9h-17h, dimanche 12h-17h<\/td>\n<\/tr>\n<tr>\n<td data-sheets-value=\"{\"1\":2,\"2\":\"Halfords Apeldoorn\"}\">Halfords Apeldoorn<\/td>\n<td data-sheets-value=\"{\"1\":2,\"2\":\"Europaweg 166\"}\">Route 166 pour l\u2019Europe<\/td>\n<td data-sheets-value=\"{\"1\":2,\"2\":\"7336 AR\"}\">7336 AR<\/td>\n<td data-sheets-value=\"{\"1\":2,\"2\":\"Apeldoorn\"}\">Apeldoorn<\/td>\n<td data-sheets-value=\"{\"1\":2,\"2\":\"055-5330314\"}\">055-5330314<\/td>\n<td data-sheets-value=\"{\"1\":2,\"2\":\"ma-vr 9.30-18.00 uur za 9.30-17.00 uur. Zondag gesloten\"}\">Lun-ven 9h30-18h sam 9h30-17h. Ferm\u00e9 le dimanche<\/td>\n<\/tr>\n<tr>\n<td data-sheets-value=\"{\"1\":2,\"2\":\"Halfords Eindhoven\"}\">Halfords Eindhoven<\/td>\n<td data-sheets-value=\"{\"1\":2,\"2\":\"Winkelcentrum Woensel 84b\"}\">Centre commercial Woensel 84b<\/td>\n<td data-sheets-value=\"{\"1\":2,\"2\":\"5625 AE \"}\">5625 AE<\/td>\n<td data-sheets-value=\"{\"1\":2,\"2\":\"Eindhoven\"}\">Eindhoven<\/td>\n<td data-sheets-value=\"{\"1\":2,\"2\":\"040-2484144\"}\">040-2484144<\/td>\n<td data-sheets-value=\"{\"1\":2,\"2\":\"ma-vr 9.30-18.00 uur za 9.30-17.00 uur. Zondag gesloten\"}\">Lun-ven 9h30-18h sam 9h30-17h. Ferm\u00e9 le dimanche<\/td>\n<\/tr>\n<tr>\n<td data-sheets-value=\"{\"1\":2,\"2\":\"Halfords Hilversum\"}\">Halfords Hilversum<\/td>\n<td data-sheets-value=\"{\"1\":2,\"2\":\"Groest 96\"}\">Groest 96<\/td>\n<td data-sheets-value=\"{\"1\":2,\"2\":\"1211 EE\"}\">1211 EE<\/td>\n<td data-sheets-value=\"{\"1\":2,\"2\":\"Hilversum\"}\">Hilversum<\/td>\n<td data-sheets-value=\"{\"1\":2,\"2\":\"035-6242116\"}\">035-6242116<\/td>\n<td data-sheets-value=\"{\"1\":2,\"2\":\"ma 11.00-18.00 uur, di-vr 9.30-18.00 uur, za 9.30-17.00 uur. Zondag gesloten\"}\">lun 11h-18h, mar-ven 9h30-18h, sam 9h30-17h. Ferm\u00e9 le dimanche<\/td>\n<\/tr>\n<tr>\n<td data-sheets-value=\"{\"1\":2,\"2\":\"Halfords Almere\"}\">Halfords Almere<\/td>\n<td data-sheets-value=\"{\"1\":2,\"2\":\"Stadhuisstraat 3\"}\">Stadhuisstraat 3<\/td>\n<td data-sheets-value=\"{\"1\":2,\"2\":\"1315 HA\"}\">1315 HA<\/td>\n<td data-sheets-value=\"{\"1\":2,\"2\":\"Almere\"}\">New York<\/td>\n<td data-sheets-value=\"{\"1\":2,\"2\":\"036-5254964\"}\">036-5254964<\/td>\n<td data-sheets-value=\"{\"1\":2,\"2\":\"ma-vr 9.30-18.00 uur za 9.30-17.00 uur. Zondag gesloten\"}\">Lun-ven 9h30-18h sam 9h30-17h. Ferm\u00e9 le dimanche<\/td>\n<\/tr>\n<tr>\n<td data-sheets-value=\"{\"1\":2,\"2\":\"Decathlon Gent\"}\"><br><\/td><td data-sheets-value=\"{\"1\":2,\"2\":\"Vliegtuiglaan 8\"}\"><\/td><td data-sheets-value=\"{\"1\":3,\"3\":9000}\"><\/td><td data-sheets-value=\"{\"1\":2,\"2\":\"Gent\"}\"><\/td><td data-sheets-value=\"{\"1\":2,\"2\":\"+32 92509900\",\"6\":1}\"><\/td><td data-sheets-value=\"{\"1\":2,\"2\":\"ma-za 11.00-19.00 uur\"}\"><br><\/td>\n<\/tr>\n<\/tbody>\n<\/table>\t\t\t\t\t\t\t\t<\/div>\n\t\t\t\t<\/div>\n\t\t\t\t\t<\/div>\n\t\t<\/div>\n\t\t\t\t\t<\/div>\n\t\t<\/section>\n\t\t\t\t<\/div>\n\t\t","protected":false},"excerpt":{"rendered":"<p>Entretien et r\u00e9paration Selon l\u2019utilisation de votre Bayck, un entretien p\u00e9riodique est important pour la dur\u00e9e de vie de votre v\u00e9lo. Un technicien Bayck Service Point peut, si vous le souhaitez, effectuer la maintenance suivante : V\u00e9rification des pneus et de la pression des pneus Lubrification et r\u00e9glage des engrenages V\u00e9rification et r\u00e9glage de la [&hellip;]<\/p>\n","protected":false},"author":1,"featured_media":0,"parent":0,"menu_order":0,"comment_status":"closed","ping_status":"closed","template":"elementor_header_footer","meta":{"_acf_changed":false,"footnotes":""},"class_list":["post-12957","page","type-page","status-publish","hentry"],"acf":[],"_links":{"self":[{"href":"https:\/\/bayck.com\/fr\/wp-json\/wp\/v2\/pages\/12957","targetHints":{"allow":["GET"]}}],"collection":[{"href":"https:\/\/bayck.com\/fr\/wp-json\/wp\/v2\/pages"}],"about":[{"href":"https:\/\/bayck.com\/fr\/wp-json\/wp\/v2\/types\/page"}],"author":[{"embeddable":true,"href":"https:\/\/bayck.com\/fr\/wp-json\/wp\/v2\/users\/1"}],"replies":[{"embeddable":true,"href":"https:\/\/bayck.com\/fr\/wp-json\/wp\/v2\/comments?post=12957"}],"version-history":[{"count":2,"href":"https:\/\/bayck.com\/fr\/wp-json\/wp\/v2\/pages\/12957\/revisions"}],"predecessor-version":[{"id":12962,"href":"https:\/\/bayck.com\/fr\/wp-json\/wp\/v2\/pages\/12957\/revisions\/12962"}],"wp:attachment":[{"href":"https:\/\/bayck.com\/fr\/wp-json\/wp\/v2\/media?parent=12957"}],"curies":[{"name":"wp","href":"https:\/\/api.w.org\/{rel}","templated":true}]}}