{"id":12968,"date":"2023-06-07T19:56:44","date_gmt":"2023-06-07T19:56:44","guid":{"rendered":"https:\/\/bayck.com\/le-bayck\/controler-laffichage-et-lapplication"},"modified":"2023-06-07T19:56:45","modified_gmt":"2023-06-07T19:56:45","slug":"controler-laffichage-et-lapplication","status":"publish","type":"page","link":"https:\/\/bayck.com\/fr\/le-bayck\/controler-laffichage-et-lapplication","title":{"rendered":"Contr\u00f4ler l\u2019affichage et l\u2019application"},"content":{"rendered":"\t\t<div data-elementor-type=\"wp-page\" data-elementor-id=\"12968\" class=\"elementor elementor-12968 elementor-120\" data-elementor-post-type=\"page\">\n\t\t\t\t\t\t<section class=\"elementor-section elementor-top-section elementor-element elementor-element-14f33fba elementor-section-boxed elementor-section-height-default elementor-section-height-default\" data-id=\"14f33fba\" data-element_type=\"section\" data-e-type=\"section\">\n\t\t\t\t\t\t<div class=\"elementor-container elementor-column-gap-default\">\n\t\t\t\t\t<div class=\"elementor-column elementor-col-100 elementor-top-column elementor-element elementor-element-386f85d4\" data-id=\"386f85d4\" data-element_type=\"column\" data-e-type=\"column\">\n\t\t\t<div class=\"elementor-widget-wrap elementor-element-populated\">\n\t\t\t\t\t\t<div class=\"elementor-element elementor-element-46cb3787 elementor-widget elementor-widget-breadcrumbs\" data-id=\"46cb3787\" data-element_type=\"widget\" data-e-type=\"widget\" data-widget_type=\"breadcrumbs.default\">\n\t\t\t\t<div class=\"elementor-widget-container\">\n\t\t\t\t\t<p id=\"breadcrumbs\"><span><span><a href=\"https:\/\/bayck.com\/fr\">Home<\/a><\/span><\/span><\/p>\t\t\t\t<\/div>\n\t\t\t\t<\/div>\n\t\t\t\t\t<\/div>\n\t\t<\/div>\n\t\t\t\t\t<\/div>\n\t\t<\/section>\n\t\t\t\t<section class=\"elementor-section elementor-top-section elementor-element elementor-element-2742bc9 elementor-section-boxed elementor-section-height-default elementor-section-height-default\" data-id=\"2742bc9\" data-element_type=\"section\" data-e-type=\"section\">\n\t\t\t\t\t\t<div class=\"elementor-container elementor-column-gap-default\">\n\t\t\t\t\t<div class=\"elementor-column elementor-col-100 elementor-top-column elementor-element elementor-element-b7f9fe1\" data-id=\"b7f9fe1\" data-element_type=\"column\" data-e-type=\"column\">\n\t\t\t<div class=\"elementor-widget-wrap elementor-element-populated\">\n\t\t\t\t\t\t<div class=\"elementor-element elementor-element-fa9d68d elementor-widget elementor-widget-heading\" data-id=\"fa9d68d\" data-element_type=\"widget\" data-e-type=\"widget\" data-widget_type=\"heading.default\">\n\t\t\t\t<div class=\"elementor-widget-container\">\n\t\t\t\t\t<h1 class=\"elementor-heading-title elementor-size-default\">Contr\u00f4lez le v\u00e9lo \u00e9lectrique avec un \u00e9cran et une application de secours<\/h1>\t\t\t\t<\/div>\n\t\t\t\t<\/div>\n\t\t\t\t\t<\/div>\n\t\t<\/div>\n\t\t\t\t\t<\/div>\n\t\t<\/section>\n\t\t\t\t<section class=\"elementor-section elementor-top-section elementor-element elementor-element-89b6e10 elementor-section-boxed elementor-section-height-default elementor-section-height-default\" data-id=\"89b6e10\" data-element_type=\"section\" data-e-type=\"section\">\n\t\t\t\t\t\t<div class=\"elementor-container elementor-column-gap-default\">\n\t\t\t\t\t<div class=\"elementor-column elementor-col-100 elementor-top-column elementor-element elementor-element-c49a7aa\" data-id=\"c49a7aa\" data-element_type=\"column\" data-e-type=\"column\">\n\t\t\t<div class=\"elementor-widget-wrap elementor-element-populated\">\n\t\t\t\t\t\t<div class=\"elementor-element elementor-element-7ce9b06 elementor-widget elementor-widget-text-editor\" data-id=\"7ce9b06\" data-element_type=\"widget\" data-e-type=\"widget\" data-widget_type=\"text-editor.default\">\n\t\t\t\t<div class=\"elementor-widget-container\">\n\t\t\t\t\t\t\t\t\t<p><span style=\"font-weight: 400;\">Avec votre \u00e9cran, vous pouvez contr\u00f4ler, entre autres, le support pendant le cyclisme. Dans le cas peu probable o\u00f9 votre \u00e9cran est cass\u00e9, vous avez toujours l\u2019application My e-bike sur votre t\u00e9l\u00e9phone portable comme sauvegarde.<\/span><\/p>\n<p><\/p>\t\t\t\t\t\t\t\t<\/div>\n\t\t\t\t<\/div>\n\t\t\t\t\t<\/div>\n\t\t<\/div>\n\t\t\t\t\t<\/div>\n\t\t<\/section>\n\t\t\t\t<section class=\"elementor-section elementor-top-section elementor-element elementor-element-68ba4b5 elementor-section-boxed elementor-section-height-default elementor-section-height-default\" data-id=\"68ba4b5\" data-element_type=\"section\" data-e-type=\"section\">\n\t\t\t\t\t\t<div class=\"elementor-container elementor-column-gap-default\">\n\t\t\t\t\t<div class=\"elementor-column elementor-col-100 elementor-top-column elementor-element elementor-element-7b1d14d\" data-id=\"7b1d14d\" data-element_type=\"column\" data-e-type=\"column\">\n\t\t\t<div class=\"elementor-widget-wrap elementor-element-populated\">\n\t\t\t\t\t\t<div class=\"elementor-element elementor-element-0b7f4f5 elementor-widget elementor-widget-heading\" data-id=\"0b7f4f5\" data-element_type=\"widget\" data-e-type=\"widget\" data-widget_type=\"heading.default\">\n\t\t\t\t<div class=\"elementor-widget-container\">\n\t\t\t\t\t<h2 class=\"elementor-heading-title elementor-size-default\">Pourquoi une application en tant que sauvegarde ?<\/h2>\t\t\t\t<\/div>\n\t\t\t\t<\/div>\n\t\t\t\t\t<\/div>\n\t\t<\/div>\n\t\t\t\t\t<\/div>\n\t\t<\/section>\n\t\t\t\t<section class=\"elementor-section elementor-top-section elementor-element elementor-element-5917d05 elementor-section-boxed elementor-section-height-default elementor-section-height-default\" data-id=\"5917d05\" data-element_type=\"section\" data-e-type=\"section\">\n\t\t\t\t\t\t<div class=\"elementor-container elementor-column-gap-default\">\n\t\t\t\t\t<div class=\"elementor-column elementor-col-100 elementor-top-column elementor-element elementor-element-facdf1d\" data-id=\"facdf1d\" data-element_type=\"column\" data-e-type=\"column\">\n\t\t\t<div class=\"elementor-widget-wrap elementor-element-populated\">\n\t\t\t\t\t\t<div class=\"elementor-element elementor-element-2626ff0 elementor-widget elementor-widget-text-editor\" data-id=\"2626ff0\" data-element_type=\"widget\" data-e-type=\"widget\" data-widget_type=\"text-editor.default\">\n\t\t\t\t<div class=\"elementor-widget-container\">\n\t\t\t\t\t\t\t\t\t<p><span style=\"font-weight: 400;\">Votre Bayck dispose d\u2019un \u00e9cran avec environ 15 fonctions. M\u00eame si vous \u00eates toujours aussi prudent avec votre Bayck, il peut arriver que votre \u00e9cran soit endommag\u00e9 parce que votre Bayck est tomb\u00e9. Ensuite, il est utile d\u2019avoir l\u2019application Bayck comme sauvegarde. L\u2019application remplace ensuite votre \u00e9cran standard qui se trouve sur le guidon d\u2019un v\u00e9lo \u00e9lectrique. De nos jours, tout le monde a toujours son smartphone avec lui et vous pouvez toujours utiliser votre Bayck! Vous pouvez facilement t\u00e9l\u00e9charger l\u2019application sur votre smartphone.  <\/span><span style=\"color: var( --e-global-color-text ); font-family: var( --e-global-typography-text-font-family ), Sans-serif; font-size: var( --e-global-typography-text-font-size );\">L\u2019utilisation de l\u2019application rend le v\u00e9lo \u00e9lectrique \u00e0 l\u2019\u00e9preuve du vandalisme.<\/span><\/p>\n<p><span style=\"font-weight: 400;\"> <\/span><\/p>\n\t\t\t\t\t\t\t\t<\/div>\n\t\t\t\t<\/div>\n\t\t\t\t\t<\/div>\n\t\t<\/div>\n\t\t\t\t\t<\/div>\n\t\t<\/section>\n\t\t\t\t<section class=\"elementor-section elementor-top-section elementor-element elementor-element-5fbfaba elementor-section-boxed elementor-section-height-default elementor-section-height-default\" data-id=\"5fbfaba\" data-element_type=\"section\" data-e-type=\"section\">\n\t\t\t\t\t\t<div class=\"elementor-container elementor-column-gap-default\">\n\t\t\t\t\t<div class=\"elementor-column elementor-col-100 elementor-top-column elementor-element elementor-element-bdc4880\" data-id=\"bdc4880\" data-element_type=\"column\" data-e-type=\"column\">\n\t\t\t<div class=\"elementor-widget-wrap elementor-element-populated\">\n\t\t\t\t\t\t<div class=\"elementor-element elementor-element-12a269e elementor-widget elementor-widget-heading\" data-id=\"12a269e\" data-element_type=\"widget\" data-e-type=\"widget\" data-widget_type=\"heading.default\">\n\t\t\t\t<div class=\"elementor-widget-container\">\n\t\t\t\t\t<h2 class=\"elementor-heading-title elementor-size-default\">Comment puis-je utiliser mon \u00e9cran lorsque je fais du v\u00e9lo ?<\/h2>\t\t\t\t<\/div>\n\t\t\t\t<\/div>\n\t\t\t\t\t<\/div>\n\t\t<\/div>\n\t\t\t\t\t<\/div>\n\t\t<\/section>\n\t\t\t\t<section class=\"elementor-section elementor-top-section elementor-element elementor-element-9ca863b elementor-section-boxed elementor-section-height-default elementor-section-height-default\" data-id=\"9ca863b\" data-element_type=\"section\" data-e-type=\"section\">\n\t\t\t\t\t\t<div class=\"elementor-container elementor-column-gap-default\">\n\t\t\t\t\t<div class=\"elementor-column elementor-col-100 elementor-top-column elementor-element elementor-element-9e13ba2\" data-id=\"9e13ba2\" data-element_type=\"column\" data-e-type=\"column\">\n\t\t\t<div class=\"elementor-widget-wrap elementor-element-populated\">\n\t\t\t\t\t\t<div class=\"elementor-element elementor-element-9b17393 elementor-widget elementor-widget-text-editor\" data-id=\"9b17393\" data-element_type=\"widget\" data-e-type=\"widget\" data-widget_type=\"text-editor.default\">\n\t\t\t\t<div class=\"elementor-widget-container\">\n\t\t\t\t\t\t\t\t\t<p><span style=\"font-weight: 400;\">Votre \u00e9cran se trouve sur le c\u00f4t\u00e9 gauche de votre guidon, pr\u00e8s de votre poign\u00e9e gauche. Il est facile \u00e0 utiliser. M\u00eame si vous avez un \u00e9cran au milieu de votre guidon, il est toujours facile \u00e0 utiliser par la \u00ab&nbsp;t\u00e9l\u00e9commande&nbsp;\u00bb pr\u00e8s de votre poign\u00e9e gauche. Utilisez-vous votre  <\/span><span style=\"font-weight: 400;\">Smartphone pour naviguer, placez un support de t\u00e9l\u00e9phone sur le guidon. Le support de t\u00e9l\u00e9phone peut \u00eatre command\u00e9 comme accessoire dans la boutique en ligne.  <\/span><\/p>\n\t\t\t\t\t\t\t\t<\/div>\n\t\t\t\t<\/div>\n\t\t\t\t\t<\/div>\n\t\t<\/div>\n\t\t\t\t\t<\/div>\n\t\t<\/section>\n\t\t\t\t<section class=\"elementor-section elementor-top-section elementor-element elementor-element-f7f846d elementor-section-boxed elementor-section-height-default elementor-section-height-default\" data-id=\"f7f846d\" data-element_type=\"section\" data-e-type=\"section\">\n\t\t\t\t\t\t<div class=\"elementor-container elementor-column-gap-default\">\n\t\t\t\t\t<div class=\"elementor-column elementor-col-100 elementor-top-column elementor-element elementor-element-aa2e428\" data-id=\"aa2e428\" data-element_type=\"column\" data-e-type=\"column\">\n\t\t\t<div class=\"elementor-widget-wrap elementor-element-populated\">\n\t\t\t\t\t\t<div class=\"elementor-element elementor-element-921acf9 elementor-widget elementor-widget-heading\" data-id=\"921acf9\" data-element_type=\"widget\" data-e-type=\"widget\" data-widget_type=\"heading.default\">\n\t\t\t\t<div class=\"elementor-widget-container\">\n\t\t\t\t\t<h2 class=\"elementor-heading-title elementor-size-default\">Quelles sont les fonctionnalit\u00e9s de votre \u00e9cran ?<\/h2>\t\t\t\t<\/div>\n\t\t\t\t<\/div>\n\t\t\t\t\t<\/div>\n\t\t<\/div>\n\t\t\t\t\t<\/div>\n\t\t<\/section>\n\t\t\t\t<section class=\"elementor-section elementor-top-section elementor-element elementor-element-6115e4f elementor-section-boxed elementor-section-height-default elementor-section-height-default\" data-id=\"6115e4f\" data-element_type=\"section\" data-e-type=\"section\">\n\t\t\t\t\t\t<div class=\"elementor-container elementor-column-gap-default\">\n\t\t\t\t\t<div class=\"elementor-column elementor-col-100 elementor-top-column elementor-element elementor-element-9c78898\" data-id=\"9c78898\" data-element_type=\"column\" data-e-type=\"column\">\n\t\t\t<div class=\"elementor-widget-wrap elementor-element-populated\">\n\t\t\t\t\t\t<div class=\"elementor-element elementor-element-e5e8963 elementor-widget elementor-widget-text-editor\" data-id=\"e5e8963\" data-element_type=\"widget\" data-e-type=\"widget\" data-widget_type=\"text-editor.default\">\n\t\t\t\t<div class=\"elementor-widget-container\">\n\t\t\t\t\t\t\t\t\t<p><span style=\"font-weight: 400;\">Votre \u00e9cran est votre connexion \u00e0 votre v\u00e9lo \u00e9lectrique et r<\/span><span style=\"background-color: transparent; color: var( --e-global-color-text ); font-family: var( --e-global-typography-text-font-family ), Sans-serif;\">h\u00e9rissons le support de votre v\u00e9lo. En outre:<\/span><span style=\"font-weight: 400;\"><br \/><\/span><\/p>\n<ul>\n<li style=\"font-weight: 400;\"><span style=\"font-weight: 400;\">Est-ce que cela indique votre vitesse<\/span><\/li>\n<li style=\"font-weight: 400;\"><span style=\"font-weight: 400;\">Indique les kilom\u00e8tres parcourus<\/span><\/li>\n<li style=\"font-weight: 400;\"><span style=\"font-weight: 400;\">Indique la dur\u00e9e de vie restante de la batterie<\/span><\/li>\n<li style=\"font-weight: 400;\">Et bien d\u2019autres fonctionnalit\u00e9s<\/li>\n<\/ul>\n\t\t\t\t\t\t\t\t<\/div>\n\t\t\t\t<\/div>\n\t\t\t\t\t<\/div>\n\t\t<\/div>\n\t\t\t\t\t<\/div>\n\t\t<\/section>\n\t\t\t\t<section class=\"elementor-section elementor-top-section elementor-element elementor-element-a7503d4 elementor-section-boxed elementor-section-height-default elementor-section-height-default\" data-id=\"a7503d4\" data-element_type=\"section\" data-e-type=\"section\">\n\t\t\t\t\t\t<div class=\"elementor-container elementor-column-gap-default\">\n\t\t\t\t\t<div class=\"elementor-column elementor-col-100 elementor-top-column elementor-element elementor-element-bc7fd41\" data-id=\"bc7fd41\" data-element_type=\"column\" data-e-type=\"column\">\n\t\t\t<div class=\"elementor-widget-wrap elementor-element-populated\">\n\t\t\t\t\t\t<div class=\"elementor-element elementor-element-37873a5 elementor-widget elementor-widget-heading\" data-id=\"37873a5\" data-element_type=\"widget\" data-e-type=\"widget\" data-widget_type=\"heading.default\">\n\t\t\t\t<div class=\"elementor-widget-container\">\n\t\t\t\t\t<h2 class=\"elementor-heading-title elementor-size-default\">Comment t\u00e9l\u00e9charger et installer l\u2019application lorsque mon \u00e9cran ne fonctionne plus ?<\/h2>\t\t\t\t<\/div>\n\t\t\t\t<\/div>\n\t\t\t\t\t<\/div>\n\t\t<\/div>\n\t\t\t\t\t<\/div>\n\t\t<\/section>\n\t\t\t\t<section class=\"elementor-section elementor-top-section elementor-element elementor-element-4a09efd elementor-section-boxed elementor-section-height-default elementor-section-height-default\" data-id=\"4a09efd\" data-element_type=\"section\" data-e-type=\"section\">\n\t\t\t\t\t\t<div class=\"elementor-container elementor-column-gap-default\">\n\t\t\t\t\t<div class=\"elementor-column elementor-col-100 elementor-top-column elementor-element elementor-element-ccc46fb\" data-id=\"ccc46fb\" data-element_type=\"column\" data-e-type=\"column\">\n\t\t\t<div class=\"elementor-widget-wrap elementor-element-populated\">\n\t\t\t\t\t\t<div class=\"elementor-element elementor-element-f6dd0ae elementor-widget elementor-widget-text-editor\" data-id=\"f6dd0ae\" data-element_type=\"widget\" data-e-type=\"widget\" data-widget_type=\"text-editor.default\">\n\t\t\t\t<div class=\"elementor-widget-container\">\n\t\t\t\t\t\t\t\t\t<p><span style=\"font-weight: 400;\">Regardez la vid\u00e9o ci-dessous ou suivez ces \u00e9tapes :<\/span><\/p>\n<ol>\n<li><span style=\"font-weight: 400;\">T\u00e9l\u00e9chargez l\u2019application \u00ab My E-bike \u00bb dans l\u2019App Store d\u2019Apple ou pour Android dans le Playstore.<br \/><\/span><\/li>\n<li><span style=\"font-weight: 400;\"><span style=\"font-weight: 400;\">Activez le Bluetooth sur votre t\u00e9l\u00e9phone. Vous le faites dans vos param\u00e8tres.<\/span><\/span><\/li>\n<li style=\"font-weight: 400;\"><span style=\"font-weight: 400;\"><span style=\"font-weight: 400;\">Cliquez sur l\u2019ic\u00f4ne pour ouvrir l\u2019application.<\/span><\/span><\/li>\n<li style=\"font-weight: 400;\"><span style=\"font-weight: 400;\">Allumez la batterie\/batterie. Appuyez sur le bouton situ\u00e9 sur le dessus de la batterie.<br \/><\/span><\/li>\n<li style=\"font-weight: 400;\"><span style=\"font-weight: 400;\"><span style=\"font-weight: 400;\">Dans l\u2019application, cliquez sur l\u2019ic\u00f4ne bluetooth en haut \u00e0 droite, puis sur le bouton bleu \u00ab&nbsp;Scan&nbsp;\u00bb.<\/span><\/span><\/li>\n<li style=\"font-weight: 400;\"><span style=\"font-weight: 400;\"><span style=\"font-weight: 400;\">Votre num\u00e9ro de v\u00e9lo \u00e9lectrique appara\u00eetra \u00e0 l\u2019\u00e9cran. S\u00e9lectionnez ce num\u00e9ro et appuyez sur connecter.<\/span><\/span><\/li>\n<li style=\"font-weight: 400;\"><span style=\"font-weight: 400;\"><span style=\"font-weight: 400;\">L\u2019application demande un code. Le code standard du v\u00e9lo \u00e9lectrique est 120117.<\/span><\/span><\/li>\n<li style=\"font-weight: 400;\"><span style=\"font-weight: 400;\">Le v\u00e9lo \u00e9lectrique est connect\u00e9 lorsque l\u2019ic\u00f4ne bluetooth est bleue et vous pouvez r\u00e9gler le support dans le menu principal avec le plus ou le moins.<\/span><\/li>\n<\/ol>\n<div> <\/div>\n\t\t\t\t\t\t\t\t<\/div>\n\t\t\t\t<\/div>\n\t\t\t\t\t<\/div>\n\t\t<\/div>\n\t\t\t\t\t<\/div>\n\t\t<\/section>\n\t\t\t\t<section class=\"elementor-section elementor-top-section elementor-element elementor-element-acc06ff elementor-section-boxed elementor-section-height-default elementor-section-height-default\" data-id=\"acc06ff\" data-element_type=\"section\" data-e-type=\"section\">\n\t\t\t\t\t\t<div class=\"elementor-container elementor-column-gap-default\">\n\t\t\t\t\t<div class=\"elementor-column elementor-col-100 elementor-top-column elementor-element elementor-element-d5eb5c9\" data-id=\"d5eb5c9\" data-element_type=\"column\" data-e-type=\"column\">\n\t\t\t<div class=\"elementor-widget-wrap elementor-element-populated\">\n\t\t\t\t\t\t<div class=\"elementor-element elementor-element-714c421 elementor-widget elementor-widget-heading\" data-id=\"714c421\" data-element_type=\"widget\" data-e-type=\"widget\" data-widget_type=\"heading.default\">\n\t\t\t\t<div class=\"elementor-widget-container\">\n\t\t\t\t\t<h2 class=\"elementor-heading-title elementor-size-default\">Comment changer le nom de mon v\u00e9lo \u00e9lectrique ?<\/h2>\t\t\t\t<\/div>\n\t\t\t\t<\/div>\n\t\t\t\t\t<\/div>\n\t\t<\/div>\n\t\t\t\t\t<\/div>\n\t\t<\/section>\n\t\t\t\t<section class=\"elementor-section elementor-top-section elementor-element elementor-element-fceca2d elementor-section-boxed elementor-section-height-default elementor-section-height-default\" data-id=\"fceca2d\" data-element_type=\"section\" data-e-type=\"section\">\n\t\t\t\t\t\t<div class=\"elementor-container elementor-column-gap-default\">\n\t\t\t\t\t<div class=\"elementor-column elementor-col-100 elementor-top-column elementor-element elementor-element-aecede1\" data-id=\"aecede1\" data-element_type=\"column\" data-e-type=\"column\">\n\t\t\t<div class=\"elementor-widget-wrap elementor-element-populated\">\n\t\t\t\t\t\t<div class=\"elementor-element elementor-element-f409f74 elementor-widget elementor-widget-text-editor\" data-id=\"f409f74\" data-element_type=\"widget\" data-e-type=\"widget\" data-widget_type=\"text-editor.default\">\n\t\t\t\t<div class=\"elementor-widget-container\">\n\t\t\t\t\t\t\t\t\t<p><span style=\"font-weight: 400;\">Vous donnez \u00e0 l\u2019e-bike son propre nom dans l\u2019application sous la rubrique param\u00e8tres:<\/span><\/p>\n<ul>\n<li style=\"font-weight: 400;\"><span style=\"font-weight: 400;\">Cliquez sur l&rsquo;ic\u00f4ne d&rsquo;engrenage en haut \u00e0 gauche de l&rsquo;application<\/span><\/li>\n<li style=\"font-weight: 400;\"><span style=\"font-weight: 400;\">Choisissez l\u2019option des param\u00e8tres<\/span><\/li>\n<li style=\"font-weight: 400;\"><span style=\"font-weight: 400;\">Appuyez sur \u00ab\u00a0Nom\u00a0\u00bb et modifiez le nom\n<p><\/span><\/li>\n<\/ul>\n\t\t\t\t\t\t\t\t<\/div>\n\t\t\t\t<\/div>\n\t\t\t\t\t<\/div>\n\t\t<\/div>\n\t\t\t\t\t<\/div>\n\t\t<\/section>\n\t\t\t\t<section class=\"elementor-section elementor-top-section elementor-element elementor-element-7ae8316 elementor-section-boxed elementor-section-height-default elementor-section-height-default\" data-id=\"7ae8316\" data-element_type=\"section\" data-e-type=\"section\">\n\t\t\t\t\t\t<div class=\"elementor-container elementor-column-gap-default\">\n\t\t\t\t\t<div class=\"elementor-column elementor-col-100 elementor-top-column elementor-element elementor-element-c95a31b\" data-id=\"c95a31b\" data-element_type=\"column\" data-e-type=\"column\">\n\t\t\t<div class=\"elementor-widget-wrap elementor-element-populated\">\n\t\t\t\t\t\t<div class=\"elementor-element elementor-element-77bb778 elementor-widget elementor-widget-heading\" data-id=\"77bb778\" data-element_type=\"widget\" data-e-type=\"widget\" data-widget_type=\"heading.default\">\n\t\t\t\t<div class=\"elementor-widget-container\">\n\t\t\t\t\t<h2 class=\"elementor-heading-title elementor-size-default\">Comment attribuer un code personnel \u00e0 mon v\u00e9lo \u00e9lectrique ?<\/h2>\t\t\t\t<\/div>\n\t\t\t\t<\/div>\n\t\t\t\t\t<\/div>\n\t\t<\/div>\n\t\t\t\t\t<\/div>\n\t\t<\/section>\n\t\t\t\t<section class=\"elementor-section elementor-top-section elementor-element elementor-element-3b0dfc1 elementor-section-boxed elementor-section-height-default elementor-section-height-default\" data-id=\"3b0dfc1\" data-element_type=\"section\" data-e-type=\"section\">\n\t\t\t\t\t\t<div class=\"elementor-container elementor-column-gap-default\">\n\t\t\t\t\t<div class=\"elementor-column elementor-col-100 elementor-top-column elementor-element elementor-element-7562707\" data-id=\"7562707\" data-element_type=\"column\" data-e-type=\"column\">\n\t\t\t<div class=\"elementor-widget-wrap elementor-element-populated\">\n\t\t\t\t\t\t<div class=\"elementor-element elementor-element-a57af9d elementor-widget elementor-widget-text-editor\" data-id=\"a57af9d\" data-element_type=\"widget\" data-e-type=\"widget\" data-widget_type=\"text-editor.default\">\n\t\t\t\t<div class=\"elementor-widget-container\">\n\t\t\t\t\t\t\t\t\t<p><span style=\"font-weight: 400;\">Le v\u00e9lo \u00e9lectrique a le code standard: 120117. Vous pouvez le remplacer par un code personnel dans l\u2019application sous la rubrique Param\u00e8tres :<\/span><\/p>\n<ul>\n<li style=\"font-weight: 400;\"><span style=\"font-weight: 400;\">Cliquez sur l&rsquo;ic\u00f4ne d&rsquo;engrenage en haut \u00e0 gauche de l&rsquo;application<\/span><\/li>\n<li style=\"font-weight: 400;\"><span style=\"font-weight: 400;\">Choisissez l\u2019option des param\u00e8tres<\/span><\/li>\n<li style=\"font-weight: 400;\"><span style=\"font-weight: 400;\">Appuyez sur \u00ab&nbsp;D\u00e9finir le mot de passe&nbsp;\u00bb et choisissez un code \u00e0 6 chiffres\n<p><\/span><\/li>\n<\/ul>\n\t\t\t\t\t\t\t\t<\/div>\n\t\t\t\t<\/div>\n\t\t\t\t\t<\/div>\n\t\t<\/div>\n\t\t\t\t\t<\/div>\n\t\t<\/section>\n\t\t\t\t<section class=\"elementor-section elementor-top-section elementor-element elementor-element-452186d elementor-section-boxed elementor-section-height-default elementor-section-height-default\" data-id=\"452186d\" data-element_type=\"section\" data-e-type=\"section\">\n\t\t\t\t\t\t<div class=\"elementor-container elementor-column-gap-default\">\n\t\t\t\t\t<div class=\"elementor-column elementor-col-100 elementor-top-column elementor-element elementor-element-53f78a1\" data-id=\"53f78a1\" data-element_type=\"column\" data-e-type=\"column\">\n\t\t\t<div class=\"elementor-widget-wrap elementor-element-populated\">\n\t\t\t\t\t\t<div class=\"elementor-element elementor-element-812de72 elementor-widget elementor-widget-heading\" data-id=\"812de72\" data-element_type=\"widget\" data-e-type=\"widget\" data-widget_type=\"heading.default\">\n\t\t\t\t<div class=\"elementor-widget-container\">\n\t\t\t\t\t<h2 class=\"elementor-heading-title elementor-size-default\">D\u00e9couvrez ici le fonctionnement de l\u2019application \u00ab My e-bike \u00bb<\/h2>\t\t\t\t<\/div>\n\t\t\t\t<\/div>\n\t\t\t\t\t<\/div>\n\t\t<\/div>\n\t\t\t\t\t<\/div>\n\t\t<\/section>\n\t\t\t\t<section class=\"elementor-section elementor-top-section elementor-element elementor-element-6969197 elementor-section-boxed elementor-section-height-default elementor-section-height-default\" data-id=\"6969197\" data-element_type=\"section\" data-e-type=\"section\">\n\t\t\t\t\t\t<div class=\"elementor-container elementor-column-gap-default\">\n\t\t\t\t\t<div class=\"elementor-column elementor-col-100 elementor-top-column elementor-element elementor-element-3757cc3\" data-id=\"3757cc3\" data-element_type=\"column\" data-e-type=\"column\">\n\t\t\t<div class=\"elementor-widget-wrap elementor-element-populated\">\n\t\t\t\t\t\t<div class=\"elementor-element elementor-element-e89d336 elementor-widget elementor-widget-video\" data-id=\"e89d336\" data-element_type=\"widget\" data-e-type=\"widget\" data-settings=\"{&quot;youtube_url&quot;:&quot;https:\\\/\\\/youtu.be\\\/vGMIqOXhzkk&quot;,&quot;video_type&quot;:&quot;youtube&quot;,&quot;controls&quot;:&quot;yes&quot;}\" data-widget_type=\"video.default\">\n\t\t\t\t<div class=\"elementor-widget-container\">\n\t\t\t\t\t\t\t<div class=\"elementor-wrapper elementor-open-inline\">\n\t\t\t<div class=\"elementor-video\"><\/div>\t\t<\/div>\n\t\t\t\t\t\t<\/div>\n\t\t\t\t<\/div>\n\t\t\t\t\t<\/div>\n\t\t<\/div>\n\t\t\t\t\t<\/div>\n\t\t<\/section>\n\t\t\t\t<\/div>\n\t\t","protected":false},"excerpt":{"rendered":"<p>Contr\u00f4lez le v\u00e9lo \u00e9lectrique avec un \u00e9cran et une application de secours Avec votre \u00e9cran, vous pouvez contr\u00f4ler, entre autres, le support pendant le cyclisme. Dans le cas peu probable o\u00f9 votre \u00e9cran est cass\u00e9, vous avez toujours l\u2019application My e-bike sur votre t\u00e9l\u00e9phone portable comme sauvegarde. Pourquoi une application en tant que sauvegarde ? [&hellip;]<\/p>\n","protected":false},"author":1,"featured_media":0,"parent":12606,"menu_order":0,"comment_status":"closed","ping_status":"closed","template":"elementor_header_footer","meta":{"_acf_changed":false,"footnotes":""},"class_list":["post-12968","page","type-page","status-publish","hentry"],"acf":[],"_links":{"self":[{"href":"https:\/\/bayck.com\/fr\/wp-json\/wp\/v2\/pages\/12968","targetHints":{"allow":["GET"]}}],"collection":[{"href":"https:\/\/bayck.com\/fr\/wp-json\/wp\/v2\/pages"}],"about":[{"href":"https:\/\/bayck.com\/fr\/wp-json\/wp\/v2\/types\/page"}],"author":[{"embeddable":true,"href":"https:\/\/bayck.com\/fr\/wp-json\/wp\/v2\/users\/1"}],"replies":[{"embeddable":true,"href":"https:\/\/bayck.com\/fr\/wp-json\/wp\/v2\/comments?post=12968"}],"version-history":[{"count":2,"href":"https:\/\/bayck.com\/fr\/wp-json\/wp\/v2\/pages\/12968\/revisions"}],"predecessor-version":[{"id":12970,"href":"https:\/\/bayck.com\/fr\/wp-json\/wp\/v2\/pages\/12968\/revisions\/12970"}],"up":[{"embeddable":true,"href":"https:\/\/bayck.com\/fr\/wp-json\/wp\/v2\/pages\/12606"}],"wp:attachment":[{"href":"https:\/\/bayck.com\/fr\/wp-json\/wp\/v2\/media?parent=12968"}],"curies":[{"name":"wp","href":"https:\/\/api.w.org\/{rel}","templated":true}]}}