{"id":12675,"date":"2023-05-28T19:24:52","date_gmt":"2023-05-28T19:24:52","guid":{"rendered":"https:\/\/bayck.com\/product\/megapole-bayck"},"modified":"2024-02-23T08:54:37","modified_gmt":"2024-02-23T08:54:37","slug":"megapole-bayck","status":"publish","type":"product","link":"https:\/\/bayck.com\/fr\/product\/megapole-bayck","title":{"rendered":"M\u00e9gapole Bayck"},"content":{"rendered":"<p>D\u00e9couvrez le v\u00e9lo \u00e9lectrique Bayck Megacity &#8211; la combinaison parfaite de puret\u00e9, de l\u00e9g\u00e8ret\u00e9 et de conduite n\u00e9cessitant peu d\u2019entretien. Avec un frein \u00e0 disque hydraulique avant et arri\u00e8re et un moyeu Shimano Nexus \u00e0 7 vitesses, ce v\u00e9lo offre un contr\u00f4le et une agilit\u00e9 ultimes. Avec une autonomie de 80 km, vous pouvez explorer la ville sans aucun souci. Que vous alliez au travail ou que vous profitiez simplement d\u2019une balade \u00e0 v\u00e9lo le week-end, le v\u00e9lo \u00e9lectrique Bayck vous emm\u00e8nera partout avec confort et style. Commandez d\u00e8s aujourd\u2019hui et d\u00e9couvrez la libert\u00e9 du v\u00e9lo \u00e9lectrique \u00e0 son meilleur!<\/p>\n","protected":false},"excerpt":{"rendered":"<p><strong>V\u00e9lo \u00e9lectrique sportif, l\u00e9ger, n\u00e9cessitant peu d\u2019entretien, enti\u00e8rement \u00e9quip\u00e9, 80 ou 125 km<\/strong><\/p>\n<ul id=\"usp-top\" style=\"list-style-type: none;\">\n<li><i class=\"fas fa-check\" style=\"margin-right: 10px; color: #229300;\" aria-hidden=\"true\"><\/i>10 ans de garantie sur le cadre, 2 ans de garantie sur les autres pi\u00e8ces*<\/li>\n<li><i class=\"fas fa-check\" style=\"margin-right: 10px; color: #229300;\" aria-hidden=\"true\"><\/i>100% assembl\u00e9, livr\u00e9 personnellement \u00e0 votre domicile<\/li>\n<li><i class=\"fas fa-check\" style=\"margin-right: 10px; color: #229300;\" aria-hidden=\"true\"><\/i>Disponible en 15 couleurs<\/li>\n<li><i class=\"fas fa-check\" style=\"margin-right: 10px; color: #229300;\" aria-hidden=\"true\"><\/i>Pr\u00eat pour le suivi et la tra\u00e7abilit\u00e9<\/li>\n<\/ul>\n<p>&nbsp;<\/p>\n<p>&nbsp;<\/p>\n","protected":false},"featured_media":13915,"comment_status":"closed","ping_status":"closed","template":"","meta":{"_acf_changed":false},"product_brand":[],"product_cat":[724],"product_tag":[],"class_list":{"0":"post-12675","1":"product","2":"type-product","3":"status-publish","4":"has-post-thumbnail","6":"product_cat-meilleures-ventes","8":"first","9":"instock","10":"taxable","11":"shipping-taxable","12":"purchasable","13":"product-type-simple"},"composite_layout":"","composite_add_to_cart_form_location":"","composite_editable_in_cart":false,"composite_sold_individually_context":"","composite_shop_price_calc":"","composite_components":[],"composite_scenarios":[],"acf":[],"_links":{"self":[{"href":"https:\/\/bayck.com\/fr\/wp-json\/wp\/v2\/product\/12675","targetHints":{"allow":["GET"]}}],"collection":[{"href":"https:\/\/bayck.com\/fr\/wp-json\/wp\/v2\/product"}],"about":[{"href":"https:\/\/bayck.com\/fr\/wp-json\/wp\/v2\/types\/product"}],"replies":[{"embeddable":true,"href":"https:\/\/bayck.com\/fr\/wp-json\/wp\/v2\/comments?post=12675"}],"wp:featuredmedia":[{"embeddable":true,"href":"https:\/\/bayck.com\/fr\/wp-json\/wp\/v2\/media\/13915"}],"wp:attachment":[{"href":"https:\/\/bayck.com\/fr\/wp-json\/wp\/v2\/media?parent=12675"}],"wp:term":[{"taxonomy":"product_brand","embeddable":true,"href":"https:\/\/bayck.com\/fr\/wp-json\/wp\/v2\/product_brand?post=12675"},{"taxonomy":"product_cat","embeddable":true,"href":"https:\/\/bayck.com\/fr\/wp-json\/wp\/v2\/product_cat?post=12675"},{"taxonomy":"product_tag","embeddable":true,"href":"https:\/\/bayck.com\/fr\/wp-json\/wp\/v2\/product_tag?post=12675"}],"curies":[{"name":"wp","href":"https:\/\/api.w.org\/{rel}","templated":true}]}}