{"id":12697,"date":"2023-05-28T19:25:48","date_gmt":"2023-05-28T19:25:48","guid":{"rendered":"https:\/\/bayck.com\/product\/votre-bayck-avec-moteur-central-de-80-nm"},"modified":"2023-09-12T10:59:06","modified_gmt":"2023-09-12T10:59:06","slug":"votre-bayck-avec-moteur-central-de-80-nm","status":"publish","type":"product","link":"https:\/\/bayck.com\/fr\/product\/votre-bayck-avec-moteur-central-de-80-nm","title":{"rendered":"Votre Bayck avec moteur central de 80 Nm"},"content":{"rendered":"<p>D\u00e9couvrez le v\u00e9lo \u00e9lectrique Bayck \u2013 le choix parfait pour les cyclistes \u00e9l\u00e9gants et \u00e9nergiques! Avec une gamme d\u2019options personnalisables, vous pouvez enti\u00e8rement adapter le v\u00e9lo \u00e9lectrique Bayck \u00e0 vos pr\u00e9f\u00e9rences personnelles. Choisissez parmi une vari\u00e9t\u00e9 de couleurs pour personnaliser votre v\u00e9lo et profitez de la commodit\u00e9 de 7 vitesses pour un changement de vitesse en douceur. Que vous soyez un banlieusard actif ou que vous souhaitiez simplement prendre l\u2019air, le v\u00e9lo \u00e9lectrique Bayck offre une autonomie impressionnante de 80 ou 125 kilom\u00e8tres, selon votre choix. Et avec un moteur avant ou central puissant, le cyclisme devient un jeu d\u2019enfant. Choisissez le v\u00e9lo \u00e9lectrique Bayck et d\u00e9couvrez la libert\u00e9 d\u2019une toute nouvelle fa\u00e7on de faire du v\u00e9lo!<\/p>\n","protected":false},"excerpt":{"rendered":"<p><strong>De s\u00e9rie sur tous les v\u00e9los \u00e9lectriques  <\/strong><\/p>\n<ul id=\"usp-top\" style=\"list-style-type: none;\">\n<li><i class=\"fas fa-check\" style=\"margin-right: 10px; color: #229300;\" aria-hidden=\"true\"><\/i>Batterie d\u00e9tachable et cloche de v\u00e9lo<\/li>\n<li><i class=\"fas fa-check\" style=\"margin-right: 10px; color: #229300;\" aria-hidden=\"true\"><\/i>Prise en charge jusqu\u2019\u00e0 25 km\/h<\/li>\n<li><i class=\"fas fa-check\" style=\"margin-right: 10px; color: #229300;\" aria-hidden=\"true\"><\/i>Feux avant et arri\u00e8re<\/li>\n<li><i class=\"fas fa-check\" style=\"margin-right: 10px; color: #229300;\" aria-hidden=\"true\"><\/i>Engrenages et frein \u00e0 disque<\/li>\n<li><i class=\"fas fa-check\" style=\"margin-right: 10px; color: #229300;\" aria-hidden=\"true\"><\/i>Contr\u00f4le via l\u2019affichage (application comme sauvegarde)<\/li>\n<\/ul>\n<p>&nbsp;<\/p>\n","protected":false},"featured_media":0,"comment_status":"closed","ping_status":"closed","template":"","meta":{"_acf_changed":false},"product_brand":[],"product_cat":[725],"product_tag":[],"class_list":{"0":"post-12697","1":"product","2":"type-product","3":"status-publish","5":"product_cat-uncategorized-fr","7":"first","8":"outofstock","9":"virtual","10":"taxable","11":"purchasable","12":"product-type-composite"},"composite_layout":"single","composite_add_to_cart_form_location":"default","composite_editable_in_cart":false,"composite_sold_individually_context":"product","composite_shop_price_calc":"min_max","composite_components":[],"composite_scenarios":[],"acf":[],"_links":{"self":[{"href":"https:\/\/bayck.com\/fr\/wp-json\/wp\/v2\/product\/12697","targetHints":{"allow":["GET"]}}],"collection":[{"href":"https:\/\/bayck.com\/fr\/wp-json\/wp\/v2\/product"}],"about":[{"href":"https:\/\/bayck.com\/fr\/wp-json\/wp\/v2\/types\/product"}],"replies":[{"embeddable":true,"href":"https:\/\/bayck.com\/fr\/wp-json\/wp\/v2\/comments?post=12697"}],"wp:attachment":[{"href":"https:\/\/bayck.com\/fr\/wp-json\/wp\/v2\/media?parent=12697"}],"wp:term":[{"taxonomy":"product_brand","embeddable":true,"href":"https:\/\/bayck.com\/fr\/wp-json\/wp\/v2\/product_brand?post=12697"},{"taxonomy":"product_cat","embeddable":true,"href":"https:\/\/bayck.com\/fr\/wp-json\/wp\/v2\/product_cat?post=12697"},{"taxonomy":"product_tag","embeddable":true,"href":"https:\/\/bayck.com\/fr\/wp-json\/wp\/v2\/product_tag?post=12697"}],"curies":[{"name":"wp","href":"https:\/\/api.w.org\/{rel}","templated":true}]}}