{"id":12704,"date":"2023-05-28T19:25:50","date_gmt":"2023-05-28T19:25:50","guid":{"rendered":"https:\/\/bayck.com\/product\/bayck-urban-basic"},"modified":"2023-12-11T18:16:13","modified_gmt":"2023-12-11T18:16:13","slug":"bayck-urban-basic","status":"publish","type":"product","link":"https:\/\/bayck.com\/fr\/product\/bayck-urban-basic","title":{"rendered":"V\u00e9lo \u00e9lectrique Bayck Urban Basic"},"content":{"rendered":"<p><strong>D\u00e9couvrez le v\u00e9lo \u00e9lectrique Bayck Urban Basic<\/strong><\/p>\n<p>La combinaison parfaite de puret\u00e9, de l\u00e9g\u00e8ret\u00e9 et de conduite n\u00e9cessitant peu d\u2019entretien. Avec un puissant frein \u00e0 disque hydraulique avant et arri\u00e8re et un moyeu Shimano Nexus \u00e0 7 vitesses, ce v\u00e9lo offre un contr\u00f4le et une agilit\u00e9 ultimes. Avec une autonomie de 80 ou 125 km, vous pouvez explorer la ville sans aucun souci. Que vous alliez au travail ou que vous profitiez simplement d\u2019une balade \u00e0 v\u00e9lo le week-end, le v\u00e9lo \u00e9lectrique Bayck vous emm\u00e8nera partout avec confort et style. Commandez d\u00e8s aujourd\u2019hui et d\u00e9couvrez la libert\u00e9 du v\u00e9lo \u00e9lectrique \u00e0 son meilleur!<\/p>\n<p><strong>Qu\u2019est-ce qui distingue Bayck des autres v\u00e9los \u00e9lectriques ?<\/strong><\/p>\n<p>Le Bayck a 4 \u00e0 5 niveaux de soutien, de sorte que les vents contraires et les zones vallonn\u00e9es ne n\u00e9cessitent pas de force musculaire suppl\u00e9mentaire. Le support est contr\u00f4l\u00e9 via un \u00e9cran. Pour un confort de conduite optimal, le v\u00e9lo est \u00e9quip\u00e9 de pneus extra \u00e9pais de 28 pouces. Les pneus absorbent les irr\u00e9gularit\u00e9s de la route et assurent une tenue de route stable. Le cadre en aluminium l\u00e9ger de 28 pouces vous permet de rouler sans support. La tige de selle facilement r\u00e9glable en hauteur et le guidon surdimensionn\u00e9 rendent le v\u00e9lo adapt\u00e9 aux cyclistes de 1,50 m \u00e0 1,90 m (max. 120 kg). La batterie est amovible et \u00e9quip\u00e9e d\u2019un port USB afin que vous puissiez charger le t\u00e9l\u00e9phone pendant le cyclisme. La batterie est compl\u00e8tement charg\u00e9e en 4 heures. La recharge, lorsque la batterie n\u2019est pas compl\u00e8tement vide, n\u2019est pas un probl\u00e8me. Le v\u00e9lo est livr\u00e9 en standard avec une housse blanche, mais est \u00e9galement disponible dans d\u2019autres couleurs pour un co\u00fbt suppl\u00e9mentaire.<\/p>\n<p>Les v\u00e9los \u00e9lectriques Bayck sont livr\u00e9s de s\u00e9rie avec:<br \/>\n&#8211; Batterie d\u2019\u00e9clairage avant et arri\u00e8re<\/p>\n<p>Un extra pratique pour le volant est un support de smartphone. Ceci n\u2019est pas inclus par d\u00e9faut.<\/p>\n<div style=\"width: 640px;\" class=\"wp-video\"><video class=\"wp-video-shortcode\" id=\"video-12704-1\" width=\"640\" height=\"360\" preload=\"metadata\" controls=\"controls\"><source type=\"video\/mp4\" src=\"https:\/\/www.bayck.com\/wp-content\/uploads\/feed\/Bayck%20Promo.mp4?_=1\" \/><a href=\"https:\/\/www.bayck.com\/wp-content\/uploads\/feed\/Bayck%20Promo.mp4\">https:\/\/www.bayck.com\/wp-content\/uploads\/feed\/Bayck%20Promo.mp4<\/a><\/video><\/div>\n","protected":false},"excerpt":{"rendered":"<p><strong>V\u00e9lo \u00e9lectrique sportif, l\u00e9ger, n\u00e9cessitant peu d\u2019entretien, enti\u00e8rement \u00e9quip\u00e9, 80 ou 125 km<\/strong><\/p>\n<ul id=\"usp-top\" style=\"list-style-type: none;\">\n<li><i class=\"fas fa-check\" style=\"margin-right: 10px; color: #229300;\" aria-hidden=\"true\"><\/i>10 ans de garantie sur le cadre, 2 ans de garantie sur les autres pi\u00e8ces*<\/li>\n<li><i class=\"fas fa-check\" style=\"margin-right: 10px; color: #229300;\" aria-hidden=\"true\"><\/i>100% assembl\u00e9, livr\u00e9 personnellement \u00e0 votre domicile<\/li>\n<li><i class=\"fas fa-check\" style=\"margin-right: 10px; color: #229300;\" aria-hidden=\"true\"><\/i>Disponible en 15 couleurs<\/li>\n<li><i class=\"fas fa-check\" style=\"margin-right: 10px; color: #229300;\" aria-hidden=\"true\"><\/i>Pr\u00eat pour le suivi et la tra\u00e7abilit\u00e9<\/li>\n<\/ul>\n<p>&nbsp;<\/p>\n<p>&nbsp;<\/p>\n","protected":false},"featured_media":16498,"comment_status":"closed","ping_status":"closed","template":"","meta":{"_acf_changed":false},"product_brand":[],"product_cat":[724],"product_tag":[],"class_list":{"0":"post-12704","1":"product","2":"type-product","3":"status-publish","4":"has-post-thumbnail","6":"product_cat-meilleures-ventes","8":"first","9":"outofstock","10":"taxable","11":"shipping-taxable","12":"purchasable","13":"product-type-variable"},"composite_layout":"","composite_add_to_cart_form_location":"","composite_editable_in_cart":false,"composite_sold_individually_context":"","composite_shop_price_calc":"","composite_components":[],"composite_scenarios":[],"acf":[],"_links":{"self":[{"href":"https:\/\/bayck.com\/fr\/wp-json\/wp\/v2\/product\/12704","targetHints":{"allow":["GET"]}}],"collection":[{"href":"https:\/\/bayck.com\/fr\/wp-json\/wp\/v2\/product"}],"about":[{"href":"https:\/\/bayck.com\/fr\/wp-json\/wp\/v2\/types\/product"}],"replies":[{"embeddable":true,"href":"https:\/\/bayck.com\/fr\/wp-json\/wp\/v2\/comments?post=12704"}],"wp:featuredmedia":[{"embeddable":true,"href":"https:\/\/bayck.com\/fr\/wp-json\/wp\/v2\/media\/16498"}],"wp:attachment":[{"href":"https:\/\/bayck.com\/fr\/wp-json\/wp\/v2\/media?parent=12704"}],"wp:term":[{"taxonomy":"product_brand","embeddable":true,"href":"https:\/\/bayck.com\/fr\/wp-json\/wp\/v2\/product_brand?post=12704"},{"taxonomy":"product_cat","embeddable":true,"href":"https:\/\/bayck.com\/fr\/wp-json\/wp\/v2\/product_cat?post=12704"},{"taxonomy":"product_tag","embeddable":true,"href":"https:\/\/bayck.com\/fr\/wp-json\/wp\/v2\/product_tag?post=12704"}],"curies":[{"name":"wp","href":"https:\/\/api.w.org\/{rel}","templated":true}]}}