{"id":12712,"date":"2023-05-28T19:25:52","date_gmt":"2023-05-28T19:25:52","guid":{"rendered":"https:\/\/bayck.com\/product\/collier-axa-plug-in"},"modified":"2023-09-14T09:17:52","modified_gmt":"2023-09-14T09:17:52","slug":"collier-axa-plug-in","status":"publish","type":"product","link":"https:\/\/bayck.com\/fr\/product\/collier-axa-plug-in","title":{"rendered":"Collier Axa Plug-in"},"content":{"rendered":"<p>Collier Axa Plug-in<\/p>\n","protected":false},"excerpt":{"rendered":"<p>Cha\u00eene porte-c\u00e2bles AXA, compatible avec le cadenas \u00e0 anneau AXA<\/p>\n<p>Approuv\u00e9 pour les assurances v\u00e9lo n\u00e9erlandaises<\/p>\n","protected":false},"featured_media":9387,"comment_status":"closed","ping_status":"closed","template":"","meta":{"_acf_changed":false},"product_brand":[],"product_cat":[730,725],"product_tag":[],"class_list":{"0":"post-12712","1":"product","2":"type-product","3":"status-publish","4":"has-post-thumbnail","6":"product_cat-accessoires-fr","7":"product_cat-uncategorized-fr","8":"product_shipping_class-frais-de-port-inferieurs-a-900-euros","10":"first","11":"instock","12":"taxable","13":"shipping-taxable","14":"purchasable","15":"product-type-simple"},"composite_layout":"","composite_add_to_cart_form_location":"","composite_editable_in_cart":false,"composite_sold_individually_context":"","composite_shop_price_calc":"","composite_components":[],"composite_scenarios":[],"acf":[],"_links":{"self":[{"href":"https:\/\/bayck.com\/fr\/wp-json\/wp\/v2\/product\/12712","targetHints":{"allow":["GET"]}}],"collection":[{"href":"https:\/\/bayck.com\/fr\/wp-json\/wp\/v2\/product"}],"about":[{"href":"https:\/\/bayck.com\/fr\/wp-json\/wp\/v2\/types\/product"}],"replies":[{"embeddable":true,"href":"https:\/\/bayck.com\/fr\/wp-json\/wp\/v2\/comments?post=12712"}],"wp:featuredmedia":[{"embeddable":true,"href":"https:\/\/bayck.com\/fr\/wp-json\/wp\/v2\/media\/9387"}],"wp:attachment":[{"href":"https:\/\/bayck.com\/fr\/wp-json\/wp\/v2\/media?parent=12712"}],"wp:term":[{"taxonomy":"product_brand","embeddable":true,"href":"https:\/\/bayck.com\/fr\/wp-json\/wp\/v2\/product_brand?post=12712"},{"taxonomy":"product_cat","embeddable":true,"href":"https:\/\/bayck.com\/fr\/wp-json\/wp\/v2\/product_cat?post=12712"},{"taxonomy":"product_tag","embeddable":true,"href":"https:\/\/bayck.com\/fr\/wp-json\/wp\/v2\/product_tag?post=12712"}],"curies":[{"name":"wp","href":"https:\/\/api.w.org\/{rel}","templated":true}]}}