{"id":12744,"date":"2023-05-28T19:26:02","date_gmt":"2023-05-28T19:26:02","guid":{"rendered":"https:\/\/bayck.com\/product\/votre-bayck"},"modified":"2023-09-12T08:51:53","modified_gmt":"2023-09-12T08:51:53","slug":"votre-bayck","status":"publish","type":"product","link":"https:\/\/bayck.com\/fr\/product\/votre-bayck","title":{"rendered":"votre Bayck"},"content":{"rendered":"","protected":false},"excerpt":{"rendered":"<p><strong>De s\u00e9rie sur tous les v\u00e9los \u00e9lectriques <\/strong><\/p>\n<ul id=\"usp-top\" style=\"list-style-type: none;\">\n<li><i class=\"fas fa-check\" style=\"margin-right: 10px; color: #229300;\" aria-hidden=\"true\"><\/i>Batterie amovible et sonnette de v\u00e9lo<\/li>\n<li><i class=\"fas fa-check\" style=\"margin-right: 10px; color: #229300;\" aria-hidden=\"true\"><\/i>Assistance jusqu&rsquo;\u00e0 25 km\/h<\/li>\n<li><i class=\"fas fa-check\" style=\"margin-right: 10px; color: #229300;\" aria-hidden=\"true\"><\/i>Feu avant et arri\u00e8re<\/li>\n<li><i class=\"fas fa-check\" style=\"margin-right: 10px; color: #229300;\" aria-hidden=\"true\"><\/i>Engrenages et frein \u00e0 disque<\/li>\n<li><i class=\"fas fa-check\" style=\"margin-right: 10px; color: #229300;\" aria-hidden=\"true\"><\/i>Contr\u00f4le via l\u2019affichage (application comme sauvegarde)<\/li>\n<\/ul>\n<p>&nbsp;<\/p>\n","protected":false},"featured_media":0,"comment_status":"closed","ping_status":"closed","template":"","meta":{"_acf_changed":false},"product_brand":[],"product_cat":[729],"product_tag":[734],"class_list":{"0":"post-12744","1":"product","2":"type-product","3":"status-publish","5":"product_cat-configurateur","6":"product_tag-configurateur","8":"first","9":"instock","10":"virtual","11":"taxable","12":"purchasable","13":"product-type-composite"},"composite_layout":"single","composite_add_to_cart_form_location":"default","composite_editable_in_cart":false,"composite_sold_individually_context":"product","composite_shop_price_calc":"min_max","composite_components":[],"composite_scenarios":[],"acf":[],"_links":{"self":[{"href":"https:\/\/bayck.com\/fr\/wp-json\/wp\/v2\/product\/12744","targetHints":{"allow":["GET"]}}],"collection":[{"href":"https:\/\/bayck.com\/fr\/wp-json\/wp\/v2\/product"}],"about":[{"href":"https:\/\/bayck.com\/fr\/wp-json\/wp\/v2\/types\/product"}],"replies":[{"embeddable":true,"href":"https:\/\/bayck.com\/fr\/wp-json\/wp\/v2\/comments?post=12744"}],"wp:attachment":[{"href":"https:\/\/bayck.com\/fr\/wp-json\/wp\/v2\/media?parent=12744"}],"wp:term":[{"taxonomy":"product_brand","embeddable":true,"href":"https:\/\/bayck.com\/fr\/wp-json\/wp\/v2\/product_brand?post=12744"},{"taxonomy":"product_cat","embeddable":true,"href":"https:\/\/bayck.com\/fr\/wp-json\/wp\/v2\/product_cat?post=12744"},{"taxonomy":"product_tag","embeddable":true,"href":"https:\/\/bayck.com\/fr\/wp-json\/wp\/v2\/product_tag?post=12744"}],"curies":[{"name":"wp","href":"https:\/\/api.w.org\/{rel}","templated":true}]}}