{"id":12751,"date":"2023-05-28T19:26:06","date_gmt":"2023-05-28T19:26:06","guid":{"rendered":"https:\/\/bayck.com\/product\/siege-enfant-yepp-mini"},"modified":"2023-09-12T08:52:01","modified_gmt":"2023-09-12T08:52:01","slug":"siege-enfant-yepp-mini","status":"publish","type":"product","link":"https:\/\/bayck.com\/fr\/product\/siege-enfant-yepp-mini","title":{"rendered":"Si\u00e8ge enfant avant"},"content":{"rendered":"<p>Si\u00e8ge de v\u00e9lo avant<\/p>\n","protected":false},"excerpt":{"rendered":"<p class=\"paragraph text-color--gray80 mb-5 col-lg-6 offset-lg-3\">Le si\u00e8ge de v\u00e9lo \u00e0 montage avant offre confort et style pour les promenades quotidiennes.<\/p>\n<div class=\"mb-5 col-lg-6 offset-lg-3\">\n<h5 class=\"heading5 mb-4\">Design embl\u00e9matique et couleurs inspirantes<\/h5>\n<p class=\"paragraph mb-7\">Con\u00e7u pour les trajets quotidiens, ce si\u00e8ge de v\u00e9lo pour enfant embl\u00e9matique est polyvalent et magnifique avec des couleurs assorties. Le si\u00e8ge a \u00e9t\u00e9 renouvel\u00e9 tout en conservant le design classique avec des accents de design moderne pour les nouvelles g\u00e9n\u00e9rations, La palette de couleurs renouvel\u00e9e refl\u00e8te un style de vie urbain moderne &#8211; \u00e9l\u00e9gant, inspirant et actif.<\/p>\n<\/div>\n<p><strong>Toutes les fonctionnalit\u00e9s :<\/strong><\/p>\n<div class=\"d-flex feature-wrapper mb-lg-8\">\n<div class=\"mb-8 feature-text-content\"><span class=\"paragraph\" data-original=\"Zacht zitje met schokabsorberend schuim waarin uw kind comfortabel kan reizen\" data-withplaceholders=\"\">Si\u00e8ge moelleux avec mousse absorbant les chocs dans lequel votre enfant peut voyager confortablement<\/span><\/div>\n<\/div>\n<div class=\"d-flex feature-wrapper mb-lg-8\">\n<div class=\"image-container me-lg-8 \"><\/div>\n<div class=\"mb-8 feature-text-content\"><span class=\"paragraph\" data-original=\"Verstelbare voetsteunen en voetbanden zorgen voor een perfecte pasvorm naarmate uw kind groeit  \" data-withplaceholders=\"\">Les repose-pieds et les sangles r\u00e9glables assurent un ajustement parfait \u00e0 mesure que votre enfant grandit  <\/span><\/div>\n<\/div>\n<div class=\"d-flex feature-wrapper mb-lg-8\">\n<div class=\"image-container me-lg-8 \"><\/div>\n<div class=\"mb-8 feature-text-content\"><span class=\"paragraph\" data-original=\"Verkrijgbaar in versies voor bevestiging op het frame, op de bagagedrager en aan de voorkant\" data-withplaceholders=\"\">Disponible en versions cadre, porte-bagages et montage avant<\/span><\/div>\n<\/div>\n<div class=\"d-flex feature-wrapper mb-lg-8\">\n<div class=\"image-container me-lg-8 has-image\"><\/div>\n<div class=\"mb-8 feature-text-content\"><span class=\"paragraph\" data-original=\"Eenvoudige montage van het fietskinderzitje op uw fiets - compatibel met de meeste fietsmodellen\" data-withplaceholders=\"\">Montage facile du si\u00e8ge de v\u00e9lo pour enfant sur votre v\u00e9lo &#8211; compatible avec la plupart des mod\u00e8les de v\u00e9los<\/span><\/div>\n<\/div>\n<div class=\"d-flex feature-wrapper mb-lg-8\">\n<div class=\"image-container me-lg-8 \"><\/div>\n<div class=\"mb-8 feature-text-content\"><span class=\"paragraph\" data-original=\"Kindveilige veiligheidsgesp om uw kind snel en gemakkelijk vast te zetten\" data-withplaceholders=\"\">Boucle de s\u00e9curit\u00e9 \u00e0 l\u2019\u00e9preuve des enfants pour s\u00e9curiser votre enfant rapidement et facilement<\/span><\/div>\n<\/div>\n<div class=\"d-flex feature-wrapper mb-lg-8\">\n<div class=\"image-container me-lg-8 \"><\/div>\n<div class=\"mb-8 feature-text-content\"><span class=\"paragraph\" data-original=\"Verstelbare gewatteerde 5-punts veiligheidsgordel voor een veilige, persoonlijke pasvorm en maximaal kindercomfort\" data-withplaceholders=\"\">Ceinture de s\u00e9curit\u00e9 rembourr\u00e9e r\u00e9glable \u00e0 5 points pour un ajustement s\u00fbr et personnalis\u00e9 et un confort maximal pour les enfants<\/span><\/div>\n<\/div>\n<div class=\"d-flex feature-wrapper mb-lg-8\">\n<div class=\"image-container me-lg-8 \"><\/div>\n<div class=\"mb-8 feature-text-content\"><span class=\"paragraph\" data-original=\"Comfortabel stuur voor de handen van uw kind tijdens de rit\" data-withplaceholders=\"\">Guidon confortable pour les mains de votre enfant pendant le trajet<\/span><\/div>\n<\/div>\n<div class=\"d-flex feature-wrapper mb-lg-8\">\n<div class=\"image-container me-lg-8 \"><\/div>\n<div class=\"mb-8 feature-text-content\"><span class=\"paragraph\" data-original=\"Waterafstotende materialen maken de stoel gemakkelijk schoon te maken en droog te houden  \" data-withplaceholders=\"\">Les mat\u00e9riaux hydrofuges rendent la chaise facile \u00e0 nettoyer et \u00e0 garder s\u00e8che  <\/span><\/div>\n<\/div>\n<div class=\"d-flex feature-wrapper mb-lg-8\">\n<div class=\"image-container me-lg-8 \"><\/div>\n<div class=\"mb-8 feature-text-content\"><span class=\"paragraph\" data-original=\"Inclusief hoogwaardig metalen slot dat het kinderfietsstoeltje aan uw fiets bevestigt\" data-withplaceholders=\"\">Comprend un verrou m\u00e9tallique de haute qualit\u00e9 qui fixe le si\u00e8ge de v\u00e9lo pour enfant \u00e0 votre v\u00e9lo<\/span><\/div>\n<\/div>\n<div class=\"d-flex feature-wrapper mb-lg-8\">\n<div class=\"image-container me-lg-8 \"><\/div>\n<div class=\"mb-8 feature-text-content\"><span class=\"paragraph\" data-original=\"Ontworpen en getest voor kinderen van 9 maanden* tot 3 jaar oud, tot maximaal 15 kg. (*Raadpleeg een kinderarts als het kind jonger dan 1 jaar is.)\" data-withplaceholders=\"\">Con\u00e7u et test\u00e9 pour les enfants de 9 mois* \u00e0 3 ans, jusqu\u2019\u00e0 15 kg. (*Consulter un p\u00e9diatre si l\u2019enfant a moins de 1 an.)<\/span><\/div>\n<\/div>\n<p>&nbsp;<\/p>\n","protected":false},"featured_media":11352,"comment_status":"closed","ping_status":"closed","template":"","meta":{"_acf_changed":false},"product_brand":[],"product_cat":[730,729],"product_tag":[],"class_list":{"0":"post-12751","1":"product","2":"type-product","3":"status-publish","4":"has-post-thumbnail","6":"product_cat-accessoires-fr","7":"product_cat-configurateur","8":"product_shipping_class-frais-de-port-inferieurs-a-900-euros","10":"first","11":"instock","12":"sold-individually","13":"purchasable","14":"product-type-simple"},"composite_layout":"","composite_add_to_cart_form_location":"","composite_editable_in_cart":false,"composite_sold_individually_context":"","composite_shop_price_calc":"","composite_components":[],"composite_scenarios":[],"acf":[],"_links":{"self":[{"href":"https:\/\/bayck.com\/fr\/wp-json\/wp\/v2\/product\/12751","targetHints":{"allow":["GET"]}}],"collection":[{"href":"https:\/\/bayck.com\/fr\/wp-json\/wp\/v2\/product"}],"about":[{"href":"https:\/\/bayck.com\/fr\/wp-json\/wp\/v2\/types\/product"}],"replies":[{"embeddable":true,"href":"https:\/\/bayck.com\/fr\/wp-json\/wp\/v2\/comments?post=12751"}],"wp:featuredmedia":[{"embeddable":true,"href":"https:\/\/bayck.com\/fr\/wp-json\/wp\/v2\/media\/11352"}],"wp:attachment":[{"href":"https:\/\/bayck.com\/fr\/wp-json\/wp\/v2\/media?parent=12751"}],"wp:term":[{"taxonomy":"product_brand","embeddable":true,"href":"https:\/\/bayck.com\/fr\/wp-json\/wp\/v2\/product_brand?post=12751"},{"taxonomy":"product_cat","embeddable":true,"href":"https:\/\/bayck.com\/fr\/wp-json\/wp\/v2\/product_cat?post=12751"},{"taxonomy":"product_tag","embeddable":true,"href":"https:\/\/bayck.com\/fr\/wp-json\/wp\/v2\/product_tag?post=12751"}],"curies":[{"name":"wp","href":"https:\/\/api.w.org\/{rel}","templated":true}]}}