{"id":12765,"date":"2023-05-28T19:26:10","date_gmt":"2023-05-28T19:26:10","guid":{"rendered":"https:\/\/bayck.com\/product\/caisse-a-velo-basil-m"},"modified":"2023-09-12T08:51:48","modified_gmt":"2023-09-12T08:51:48","slug":"caisse-a-velo-basil-m","status":"publish","type":"product","link":"https:\/\/bayck.com\/fr\/product\/caisse-a-velo-basil-m","title":{"rendered":"Caisse \u00e0 v\u00e9lo Basil M"},"content":{"rendered":"<p>La caisse de v\u00e9lo au basilic de taille M est une caisse de v\u00e9lo noire pour un v\u00e9lo pour femme ou homme. La caisse de v\u00e9lo est faite de mat\u00e9riaux durables et a une capacit\u00e9 de 40 litres.<\/p>\n<p>Dimensions: 40 x 33 x 24 cm <span class=\"font-xs\"><br \/>\n  <em>(Dimensions ext\u00e9rieures)<\/em><br \/>\n<\/span><\/p>\n<p>&nbsp;<\/p>\n","protected":false},"excerpt":{"rendered":"<p>La caisse de v\u00e9lo au basilic de taille M est une caisse de v\u00e9lo noire pour un v\u00e9lo pour femme ou homme. La caisse de v\u00e9lo est faite de mat\u00e9riaux durables et a une capacit\u00e9 de 40 litres.<\/p>\n<p>Dimensions: 40 x 33 x 24 cm <span class=\"font-xs\"><br \/>\n  <em>(Dimensions ext\u00e9rieures)<\/em><br \/>\n<\/span><\/p>\n<p>&nbsp;<\/p>\n","protected":false},"featured_media":9327,"comment_status":"closed","ping_status":"closed","template":"","meta":{"_acf_changed":false},"product_brand":[],"product_cat":[730,729],"product_tag":[],"class_list":{"0":"post-12765","1":"product","2":"type-product","3":"status-publish","4":"has-post-thumbnail","6":"product_cat-accessoires-fr","7":"product_cat-configurateur","8":"product_shipping_class-frais-de-port-inferieurs-a-900-euros","10":"first","11":"instock","12":"sold-individually","13":"purchasable","14":"product-type-simple"},"composite_layout":"","composite_add_to_cart_form_location":"","composite_editable_in_cart":false,"composite_sold_individually_context":"","composite_shop_price_calc":"","composite_components":[],"composite_scenarios":[],"acf":[],"_links":{"self":[{"href":"https:\/\/bayck.com\/fr\/wp-json\/wp\/v2\/product\/12765","targetHints":{"allow":["GET"]}}],"collection":[{"href":"https:\/\/bayck.com\/fr\/wp-json\/wp\/v2\/product"}],"about":[{"href":"https:\/\/bayck.com\/fr\/wp-json\/wp\/v2\/types\/product"}],"replies":[{"embeddable":true,"href":"https:\/\/bayck.com\/fr\/wp-json\/wp\/v2\/comments?post=12765"}],"wp:featuredmedia":[{"embeddable":true,"href":"https:\/\/bayck.com\/fr\/wp-json\/wp\/v2\/media\/9327"}],"wp:attachment":[{"href":"https:\/\/bayck.com\/fr\/wp-json\/wp\/v2\/media?parent=12765"}],"wp:term":[{"taxonomy":"product_brand","embeddable":true,"href":"https:\/\/bayck.com\/fr\/wp-json\/wp\/v2\/product_brand?post=12765"},{"taxonomy":"product_cat","embeddable":true,"href":"https:\/\/bayck.com\/fr\/wp-json\/wp\/v2\/product_cat?post=12765"},{"taxonomy":"product_tag","embeddable":true,"href":"https:\/\/bayck.com\/fr\/wp-json\/wp\/v2\/product_tag?post=12765"}],"curies":[{"name":"wp","href":"https:\/\/api.w.org\/{rel}","templated":true}]}}