{"id":12773,"date":"2023-05-28T19:26:11","date_gmt":"2023-05-28T19:26:11","guid":{"rendered":"https:\/\/bayck.com\/product\/siege-enfant-yepp"},"modified":"2023-09-12T08:51:52","modified_gmt":"2023-09-12T08:51:52","slug":"siege-enfant-yepp","status":"publish","type":"product","link":"https:\/\/bayck.com\/fr\/product\/siege-enfant-yepp","title":{"rendered":"Si\u00e8ge enfant arri\u00e8re"},"content":{"rendered":"<h5 class=\"heading5 mb-4\">Design embl\u00e9matique et couleurs inspirantes<\/h5>\n<p class=\"paragraph mb-7\">Con\u00e7u pour les trajets quotidiens, ce si\u00e8ge de v\u00e9lo pour enfant embl\u00e9matique est polyvalent et magnifique avec des couleurs assorties. Le si\u00e8ge a \u00e9t\u00e9 renouvel\u00e9 tout en conservant le design classique avec des accents de design moderne pour les nouvelles g\u00e9n\u00e9rations, La palette de couleurs renouvel\u00e9e refl\u00e8te un style de vie urbain moderne &#8211; \u00e9l\u00e9gant, inspirant et actif.<\/p>\n<p><strong>Toutes les fonctionnalit\u00e9s :<\/strong><\/p>\n<div class=\"d-flex feature-wrapper mb-lg-8\">\n<div class=\"mb-8 feature-text-content\"><span class=\"paragraph\" data-original=\"Zacht zitje met schokabsorberend schuim waarin uw kind comfortabel kan reizen\" data-withplaceholders=\"\">Si\u00e8ge moelleux avec mousse absorbant les chocs dans lequel votre enfant peut voyager confortablement<\/span><\/div>\n<\/div>\n<div class=\"d-flex feature-wrapper mb-lg-8\">\n<div class=\"image-container me-lg-8 \"><\/div>\n<div class=\"mb-8 feature-text-content\">\n<div class=\"small-divider mt-5 mb-4\"><\/div>\n<p><span class=\"paragraph\" data-original=\"Verstelbare voetsteunen en voetbanden zorgen voor een perfecte pasvorm naarmate uw kind groeit  \" data-withplaceholders=\"\">Les repose-pieds et les sangles r\u00e9glables assurent un ajustement parfait \u00e0 mesure que votre enfant grandit  <\/span><\/p>\n<\/div>\n<\/div>\n<div class=\"d-flex feature-wrapper mb-lg-8\">\n<div class=\"image-container me-lg-8 \"><\/div>\n<div class=\"mb-8 feature-text-content\">\n<div class=\"small-divider mt-5 mb-4\"><\/div>\n<p><span class=\"paragraph\" data-original=\"Verkrijgbaar in versies voor bevestiging op het frame, op de bagagedrager en aan de voorkant\" data-withplaceholders=\"\">Disponible en versions cadre, porte-bagages et montage avant<\/span><\/p>\n<\/div>\n<\/div>\n<div class=\"d-flex feature-wrapper mb-lg-8\">\n<div class=\"image-container me-lg-8 \"><\/div>\n<div class=\"mb-8 feature-text-content\">\n<div class=\"small-divider mt-5 mb-4\"><\/div>\n<p><span class=\"paragraph\" data-original=\"Het zitje kan in enkele seconden worden geplaatst en verwijderd dankzij de universele montagebeugel met snelkoppeling, waardoor het gemakkelijk op een andere fiets kan worden overgezet\" data-withplaceholders=\"\">Le si\u00e8ge peut \u00eatre plac\u00e9 et retir\u00e9 en quelques secondes gr\u00e2ce au support de montage universel \u00e0 d\u00e9gagement rapide, ce qui facilite le transfert vers un autre v\u00e9lo<\/span><\/p>\n<\/div>\n<\/div>\n<div class=\"d-flex feature-wrapper mb-lg-8\">\n<div class=\"image-container me-lg-8 \"><\/div>\n<div class=\"mb-8 feature-text-content\">\n<div class=\"small-divider mt-5 mb-4\"><\/div>\n<p><span class=\"paragraph\" data-original=\"Soepele, comfortabele rit voor uw kind dankzij het DualBeam-ophangsysteem dat schokken van de weg opvangt\" data-withplaceholders=\"\">Une conduite douce et confortable pour votre enfant gr\u00e2ce au syst\u00e8me de suspension DualBeam qui absorbe les chocs de la route<\/span><\/p>\n<\/div>\n<\/div>\n<div class=\"d-flex feature-wrapper mb-lg-8\">\n<div class=\"image-container me-lg-8 \"><\/div>\n<div class=\"mb-8 feature-text-content\">\n<div class=\"small-divider mt-5 mb-4\"><\/div>\n<p><span class=\"paragraph\" data-original=\"Ingebouwde reflector en bevestigingspunt voor veiligheidslicht voor betere zichtbaarheid\" data-withplaceholders=\"\">R\u00e9flecteur int\u00e9gr\u00e9 et point de fixation de l\u2019\u00e9clairage de s\u00e9curit\u00e9 pour une meilleure visibilit\u00e9<\/span><\/p>\n<\/div>\n<\/div>\n<div class=\"d-flex feature-wrapper mb-lg-8\">\n<div class=\"image-container me-lg-8 \"><\/div>\n<div class=\"mb-8 feature-text-content\">\n<div class=\"small-divider mt-5 mb-4\"><\/div>\n<p><span class=\"paragraph\" data-original=\"Kindveilige veiligheidsgesp om uw kind snel en gemakkelijk vast te zetten\" data-withplaceholders=\"\">Boucle de s\u00e9curit\u00e9 \u00e0 l\u2019\u00e9preuve des enfants pour s\u00e9curiser votre enfant rapidement et facilement<\/span><\/p>\n<\/div>\n<\/div>\n<p>&nbsp;<\/p>\n","protected":false},"excerpt":{"rendered":"<p class=\"paragraph text-color--gray80 mb-5 col-lg-6 offset-lg-3\">Si\u00e8ge arri\u00e8re du v\u00e9lo pour le confort et le style pour les sorties quotidiennes.<\/p>\n<div class=\"mb-5 col-lg-6 offset-lg-3\">\n<p class=\"paragraph mb-7\">\n<\/div>\n","protected":false},"featured_media":9354,"comment_status":"closed","ping_status":"closed","template":"","meta":{"_acf_changed":false},"product_brand":[],"product_cat":[730,729],"product_tag":[],"class_list":{"0":"post-12773","1":"product","2":"type-product","3":"status-publish","4":"has-post-thumbnail","6":"product_cat-accessoires-fr","7":"product_cat-configurateur","8":"product_shipping_class-frais-de-port-inferieurs-a-900-euros","10":"first","11":"instock","12":"sold-individually","13":"purchasable","14":"product-type-simple"},"composite_layout":"","composite_add_to_cart_form_location":"","composite_editable_in_cart":false,"composite_sold_individually_context":"","composite_shop_price_calc":"","composite_components":[],"composite_scenarios":[],"acf":[],"_links":{"self":[{"href":"https:\/\/bayck.com\/fr\/wp-json\/wp\/v2\/product\/12773","targetHints":{"allow":["GET"]}}],"collection":[{"href":"https:\/\/bayck.com\/fr\/wp-json\/wp\/v2\/product"}],"about":[{"href":"https:\/\/bayck.com\/fr\/wp-json\/wp\/v2\/types\/product"}],"replies":[{"embeddable":true,"href":"https:\/\/bayck.com\/fr\/wp-json\/wp\/v2\/comments?post=12773"}],"wp:featuredmedia":[{"embeddable":true,"href":"https:\/\/bayck.com\/fr\/wp-json\/wp\/v2\/media\/9354"}],"wp:attachment":[{"href":"https:\/\/bayck.com\/fr\/wp-json\/wp\/v2\/media?parent=12773"}],"wp:term":[{"taxonomy":"product_brand","embeddable":true,"href":"https:\/\/bayck.com\/fr\/wp-json\/wp\/v2\/product_brand?post=12773"},{"taxonomy":"product_cat","embeddable":true,"href":"https:\/\/bayck.com\/fr\/wp-json\/wp\/v2\/product_cat?post=12773"},{"taxonomy":"product_tag","embeddable":true,"href":"https:\/\/bayck.com\/fr\/wp-json\/wp\/v2\/product_tag?post=12773"}],"curies":[{"name":"wp","href":"https:\/\/api.w.org\/{rel}","templated":true}]}}