{"id":12792,"date":"2023-05-28T19:27:54","date_gmt":"2023-05-28T19:27:54","guid":{"rendered":"https:\/\/bayck.com\/product\/80km-pour-faire-du-velo-a-proximite-travail"},"modified":"2023-09-25T11:57:42","modified_gmt":"2023-09-25T11:57:42","slug":"80km-pour-faire-du-velo-a-proximite-travail","status":"publish","type":"product","link":"https:\/\/bayck.com\/fr\/product\/80km-pour-faire-du-velo-a-proximite-travail","title":{"rendered":"Batterie 80km Pour faire du v\u00e9lo \u00e0 proximit\u00e9 \/ travail"},"content":{"rendered":"","protected":false},"excerpt":{"rendered":"<p>Batterie 80 km<\/p>\n","protected":false},"featured_media":11346,"comment_status":"closed","ping_status":"closed","template":"","meta":{"_acf_changed":false},"product_brand":[],"product_cat":[730,729],"product_tag":[],"class_list":{"0":"post-12792","1":"product","2":"type-product","3":"status-publish","4":"has-post-thumbnail","6":"product_cat-accessoires-fr","7":"product_cat-configurateur","8":"product_shipping_class-frais-de-port-inferieurs-a-900-euros","10":"first","11":"instock","12":"taxable","13":"shipping-taxable","14":"purchasable","15":"product-type-simple"},"composite_layout":"","composite_add_to_cart_form_location":"","composite_editable_in_cart":false,"composite_sold_individually_context":"","composite_shop_price_calc":"","composite_components":[],"composite_scenarios":[],"acf":[],"_links":{"self":[{"href":"https:\/\/bayck.com\/fr\/wp-json\/wp\/v2\/product\/12792","targetHints":{"allow":["GET"]}}],"collection":[{"href":"https:\/\/bayck.com\/fr\/wp-json\/wp\/v2\/product"}],"about":[{"href":"https:\/\/bayck.com\/fr\/wp-json\/wp\/v2\/types\/product"}],"replies":[{"embeddable":true,"href":"https:\/\/bayck.com\/fr\/wp-json\/wp\/v2\/comments?post=12792"}],"wp:featuredmedia":[{"embeddable":true,"href":"https:\/\/bayck.com\/fr\/wp-json\/wp\/v2\/media\/11346"}],"wp:attachment":[{"href":"https:\/\/bayck.com\/fr\/wp-json\/wp\/v2\/media?parent=12792"}],"wp:term":[{"taxonomy":"product_brand","embeddable":true,"href":"https:\/\/bayck.com\/fr\/wp-json\/wp\/v2\/product_brand?post=12792"},{"taxonomy":"product_cat","embeddable":true,"href":"https:\/\/bayck.com\/fr\/wp-json\/wp\/v2\/product_cat?post=12792"},{"taxonomy":"product_tag","embeddable":true,"href":"https:\/\/bayck.com\/fr\/wp-json\/wp\/v2\/product_tag?post=12792"}],"curies":[{"name":"wp","href":"https:\/\/api.w.org\/{rel}","templated":true}]}}